{"id":67136,"date":"2023-03-10T09:03:55","date_gmt":"2023-03-10T09:03:55","guid":{"rendered":"https:\/\/business.roovi.com\/?post_type=product&#038;p=67136"},"modified":"2025-03-18T09:24:15","modified_gmt":"2025-03-18T09:24:15","slug":"puzzle-dutch-windmills-netherlands-puzzle-adulti-1000-piese-discover-europe","status":"publish","type":"product","link":"https:\/\/business.roovi.com\/ro\/puzzle-dutch-windmills-netherlands-puzzle-adulti-1000-piese-discover-europe\/p\/","title":{"rendered":"Puzzle Dutch Windmills, Netherlands \u2013 Puzzle adul\u021bi 1000 piese \u2013 Discover Europe"},"content":{"rendered":"<h3><span style=\"font-weight: 400;\">Dac\u0103 \u00ee\u021bi plac puzzle-urile complexe \u0219i apreciezi cultura Olandei, Puzzle 1000 Dutch Windmills va fi cu siguran\u021b\u0103 o provocare pl\u0103cut\u0103.<\/span><\/h3>\n<p><span style=\"font-weight: 400;\">C\u00e2nd spui Olanda, primele 2 lucruri care \u00ee\u021bi vin \u00een minte sunt lalelele \u0219i morile de v\u00e2nt. Puzzle Dutch Windmills, Netherlands aduce \u00eentr-o imagine de excep\u021bie aceste 2 simboluri reprezentative pentru Olanda.\u00a0<\/span><\/p>\n<p><span style=\"font-weight: 400;\">Un c\u00e2mp infinit de lalele multicolore \u0219i c\u00e2teva mori de v\u00e2nt care se z\u0103resc \u00een dep\u0103rtare alc\u0103tuiesc peisajul pitoresc din Puzzle 1000 piese &#8211; Mori de V\u00e2nt, Olanda.<\/span><\/p>\n<p><span style=\"font-weight: 400;\">Rezolvarea acestui puzzle necesit\u0103 r\u0103bdare, concentrare \u0219i aten\u021bie la detalii. Designul complex \u0219i num\u0103rul mare de piese, fac din puzzle 1000 &#8211; Mori de V\u00e2nt o provocare ce necesit\u0103 un timp \u00eendelungat de rezolvare. Dar sentimentul de \u00eemplinire odat\u0103 ce pui ultima pies\u0103, este nepre\u021buit.<\/span><\/p>\n<h3><span style=\"font-weight: 400;\">De ce s\u0103 alegi Puzzle 1000 &#8211; Mori de v\u00e2nt, Olanda<\/span><\/h3>\n<p><span style=\"font-weight: 400;\">Ob\u021bii un tablou plin de culoare, cu dimensiunile de <\/span><b>68 x 47 cm<\/b><span style=\"font-weight: 400;\">, care va da un aspect pl\u0103cut oric\u0103rui loc \u00een care \u00eel vei expune.<\/span><\/p>\n<p><span style=\"font-weight: 400;\">Piesele de puzzle 1000 sunt unice \u0219i rezistente \u00een timp, put\u00e2nd fi asamblate de nenum\u0103rate ori, f\u0103r\u0103 a se deteriora.<\/span><\/p>\n<p><span style=\"font-weight: 400;\">Finisajul semi-lucios \u0219i culorile vii scot \u00een eviden\u021b\u0103 frumuse\u021bea imaginii.<\/span><\/p>\n<p><span style=\"font-weight: 400;\">Este un produs bl\u00e2nd cu natura, fiind realizat din materiale sustenabile, reciclabile.<\/span><\/p>\n<p><span style=\"font-weight: 400;\">Antreneaz\u0103 aten\u021bia, concentrarea \u0219i perseveren\u021ba.<\/span><\/p>\n<p><span style=\"font-weight: 400;\">Un puzzle de 1000 de piese este o modalitate relaxant\u0103 de a petrece timpul liber.<\/span><\/p>\n<p><span style=\"font-weight: 400;\">Potrivit celor peste 14 ani, deci o bun\u0103 oportunitate de a petrece timpul liber al\u0103turi de adolescen\u021bi.<\/span><\/p>\n<h3><span style=\"font-weight: 400;\">\u0218tiai c\u0103\u2026<\/span><\/h3>\n<ul>\n<li style=\"font-weight: 400;\" aria-level=\"1\"><span style=\"font-weight: 400;\">Cele mai multe mori de v\u00e2nt tradi\u021bionale din Olanda &#8211; 19 la num\u0103r &#8211; se g\u0103sesc ast\u0103zi \u00een satul Kinderdijk, la 16 kilometri de Rotterdan.<\/span><\/li>\n<li style=\"font-weight: 400;\" aria-level=\"1\"><span style=\"font-weight: 400;\">\u201e<\/span><span style=\"font-weight: 400;\">Kinderdijk\u201d \u00eenseamn\u0103 \u201ebarajul copiilor\u201d. Se spune c\u0103 un copil a supravie\u021buit \u00eentr-un leag\u0103n plutitor \u00een 1421, \u00een timpul potopului Sfintei Elisabeta.<\/span><\/li>\n<li style=\"font-weight: 400;\" aria-level=\"1\"><span style=\"font-weight: 400;\">Aproape 80% din bulbii de flori din lume, inclusiv lalelele, provin din Olanda.<\/span><\/li>\n<li style=\"font-weight: 400;\" aria-level=\"1\"><span style=\"font-weight: 400;\">De\u0219i Olanda este \u021bara lalelelor, aceste flori au fost aduse aici din Turcia, \u00een secolul al XVI-lea.<\/span><\/li>\n<li style=\"font-weight: 400;\" aria-level=\"1\"><span style=\"font-weight: 400;\">Prima companie multina\u021bional\u0103 din lume este considerat\u0103 Compania Olandez\u0103 Indiilor de Est, care \u00een 1602 a emis \u0219i primele ac\u021biuni.<\/span><\/li>\n<\/ul>\n<h3><span style=\"font-weight: 400;\">Puzzle 1000 piese &#8211; Mori de V\u00e2nt, Olanda &#8211; o modalitate fascinant\u0103 de explorare \u0219i cunoa\u0219tere<\/span><\/h3>\n<p><span style=\"font-weight: 400;\">Dac\u0103 adori puzzle-urile complexe \u0219i \u00ee\u021bi dore\u0219ti s\u0103 le transmi\u021bi \u0219i copiilor pasiunea ta, Puzzle 1000 &#8211; Mori de V\u00e2nt este jocul potrivit pentru a-i atrage pe cei tineri. Culorile vii ce redau \u00een mod realist frumuse\u021bea peisajului induc o stare de relaxare \u0219i bun\u0103 dispozi\u021bie de care \u0219i copiii au nevoie.\u00a0\u00a0<\/span><\/p>\n<p><span style=\"font-weight: 400;\">\u00cen plus, Puzzle 1000 Dutch Watermills ofer\u0103 oportunit\u0103\u021bi de \u00eenv\u0103\u021bare despre cultura \u0219i istoria Olandei. Morile de v\u00e2nt au jucat un rol esen\u021bial \u00een societatea olandez\u0103 timp de secole, furniz\u00e2nd energie pentru orice, de la agricultur\u0103 la industrie.<\/span><\/p>\n<p><span style=\"font-weight: 400;\">Creeaz\u0103 tabloul din Puzzle 1000 Dutch Watermill al\u0103turi de copiii t\u0103i \u0219i bucura\u021bi-v\u0103 de mai mult\u0103 conectare \u0219i de un timp de calitate \u00eempreun\u0103.<\/span><\/p>\n","protected":false},"excerpt":{"rendered":"<p>Dac\u0103 \u00ee\u021bi plac puzzle-urile complexe \u0219i apreciezi cultura Olandei, Puzzle 1000 Dutch Windmills va fi cu siguran\u021b\u0103 o provocare pl\u0103cut\u0103.<\/p>\n","protected":false},"featured_media":67137,"template":"","meta":[],"product_brand":[],"product_cat":[1454,1488,1560],"product_tag":[2658,2646,2697],"class_list":{"0":"post-67136","1":"product","2":"type-product","3":"status-publish","4":"has-post-thumbnail","6":"product_cat-puzzle","7":"product_cat-puzzle-adulti","8":"product_cat-puzzle-adulti-1000","9":"product_tag-launched2023","10":"product_tag-puzzle1000","11":"product_tag-windmillspuzzle","13":"first","14":"instock","15":"taxable","16":"shipping-taxable","17":"product-type-simple"},"yoast_head":"<!-- This site is optimized with the Yoast SEO plugin v20.1 - https:\/\/yoast.com\/wordpress\/plugins\/seo\/ -->\n<title>Puzzle Dutch Windmills, Netherlands \u2013 Puzzle adul\u021bi 1000 piese \u2013 Discover Europe - Roovi B2B<\/title>\n<meta name=\"robots\" content=\"index, follow, max-snippet:-1, max-image-preview:large, max-video-preview:-1\" \/>\n<link rel=\"canonical\" href=\"https:\/\/business.roovi.com\/ro\/puzzle-dutch-windmills-netherlands-puzzle-adulti-1000-piese-discover-europe\/p\/\" \/>\n<meta property=\"og:locale\" content=\"ro_RO\" \/>\n<meta property=\"og:type\" content=\"article\" \/>\n<meta property=\"og:title\" content=\"Puzzle Dutch Windmills, Netherlands \u2013 Puzzle adul\u021bi 1000 piese \u2013 Discover Europe - Roovi B2B\" \/>\n<meta property=\"og:description\" content=\"Dac\u0103 \u00ee\u021bi plac puzzle-urile complexe \u0219i apreciezi cultura Olandei, Puzzle 1000 Dutch Windmills va fi cu siguran\u021b\u0103 o provocare pl\u0103cut\u0103.\" \/>\n<meta property=\"og:url\" content=\"https:\/\/business.roovi.com\/ro\/puzzle-dutch-windmills-netherlands-puzzle-adulti-1000-piese-discover-europe\/p\/\" \/>\n<meta property=\"og:site_name\" content=\"Roovi B2B\" \/>\n<meta property=\"article:publisher\" content=\"https:\/\/www.facebook.com\/wwwjucariero\" \/>\n<meta property=\"article:modified_time\" content=\"2025-03-18T09:24:15+00:00\" \/>\n<meta property=\"og:image\" content=\"https:\/\/business.roovi.com\/wp-content\/uploads\/2023\/03\/01_MAIN-9.jpg\" \/>\n\t<meta property=\"og:image:width\" content=\"1200\" \/>\n\t<meta property=\"og:image:height\" content=\"1200\" \/>\n\t<meta property=\"og:image:type\" content=\"image\/jpeg\" \/>\n<meta name=\"twitter:label1\" content=\"Timp estimat pentru citire\" \/>\n\t<meta name=\"twitter:data1\" content=\"3 minute\" \/>\n<script type=\"application\/ld+json\" class=\"yoast-schema-graph\">{\"@context\":\"https:\/\/schema.org\",\"@graph\":[{\"@type\":\"WebPage\",\"@id\":\"https:\/\/business.roovi.com\/ro\/puzzle-dutch-windmills-netherlands-puzzle-adulti-1000-piese-discover-europe\/p\/\",\"url\":\"https:\/\/business.roovi.com\/ro\/puzzle-dutch-windmills-netherlands-puzzle-adulti-1000-piese-discover-europe\/p\/\",\"name\":\"Puzzle Dutch Windmills, Netherlands \u2013 Puzzle adul\u021bi 1000 piese \u2013 Discover Europe - Roovi B2B\",\"isPartOf\":{\"@id\":\"https:\/\/business.roovi.com\/ro\/#website\"},\"datePublished\":\"2023-03-10T09:03:55+00:00\",\"dateModified\":\"2025-03-18T09:24:15+00:00\",\"breadcrumb\":{\"@id\":\"https:\/\/business.roovi.com\/ro\/puzzle-dutch-windmills-netherlands-puzzle-adulti-1000-piese-discover-europe\/p\/#breadcrumb\"},\"inLanguage\":\"ro-RO\",\"potentialAction\":[{\"@type\":\"ReadAction\",\"target\":[\"https:\/\/business.roovi.com\/ro\/puzzle-dutch-windmills-netherlands-puzzle-adulti-1000-piese-discover-europe\/p\/\"]}]},{\"@type\":\"BreadcrumbList\",\"@id\":\"https:\/\/business.roovi.com\/ro\/puzzle-dutch-windmills-netherlands-puzzle-adulti-1000-piese-discover-europe\/p\/#breadcrumb\",\"itemListElement\":[{\"@type\":\"ListItem\",\"position\":1,\"name\":\"Home\",\"item\":\"https:\/\/business.roovi.com\/ro\/\"},{\"@type\":\"ListItem\",\"position\":2,\"name\":\"Magazin\",\"item\":\"https:\/\/business.roovi.com\/ro\/magazin\/\"},{\"@type\":\"ListItem\",\"position\":3,\"name\":\"Puzzle Dutch Windmills, Netherlands \u2013 Puzzle adul\u021bi 1000 piese \u2013 Discover Europe\"}]},{\"@type\":\"WebSite\",\"@id\":\"https:\/\/business.roovi.com\/ro\/#website\",\"url\":\"https:\/\/business.roovi.com\/ro\/\",\"name\":\"Roovi B2B\",\"description\":\"Roovi Business Website\",\"potentialAction\":[{\"@type\":\"SearchAction\",\"target\":{\"@type\":\"EntryPoint\",\"urlTemplate\":\"https:\/\/business.roovi.com\/ro\/?s={search_term_string}\"},\"query-input\":\"required name=search_term_string\"}],\"inLanguage\":\"ro-RO\"}]}<\/script>\n<!-- \/ Yoast SEO plugin. -->","yoast_head_json":{"title":"Puzzle Dutch Windmills, Netherlands \u2013 Puzzle adul\u021bi 1000 piese \u2013 Discover Europe - Roovi B2B","robots":{"index":"index","follow":"follow","max-snippet":"max-snippet:-1","max-image-preview":"max-image-preview:large","max-video-preview":"max-video-preview:-1"},"canonical":"https:\/\/business.roovi.com\/ro\/puzzle-dutch-windmills-netherlands-puzzle-adulti-1000-piese-discover-europe\/p\/","og_locale":"ro_RO","og_type":"article","og_title":"Puzzle Dutch Windmills, Netherlands \u2013 Puzzle adul\u021bi 1000 piese \u2013 Discover Europe - Roovi B2B","og_description":"Dac\u0103 \u00ee\u021bi plac puzzle-urile complexe \u0219i apreciezi cultura Olandei, Puzzle 1000 Dutch Windmills va fi cu siguran\u021b\u0103 o provocare pl\u0103cut\u0103.","og_url":"https:\/\/business.roovi.com\/ro\/puzzle-dutch-windmills-netherlands-puzzle-adulti-1000-piese-discover-europe\/p\/","og_site_name":"Roovi B2B","article_publisher":"https:\/\/www.facebook.com\/wwwjucariero","article_modified_time":"2025-03-18T09:24:15+00:00","og_image":[{"width":1200,"height":1200,"url":"https:\/\/business.roovi.com\/wp-content\/uploads\/2023\/03\/01_MAIN-9.jpg","type":"image\/jpeg"}],"twitter_misc":{"Timp estimat pentru citire":"3 minute"},"schema":{"@context":"https:\/\/schema.org","@graph":[{"@type":"WebPage","@id":"https:\/\/business.roovi.com\/ro\/puzzle-dutch-windmills-netherlands-puzzle-adulti-1000-piese-discover-europe\/p\/","url":"https:\/\/business.roovi.com\/ro\/puzzle-dutch-windmills-netherlands-puzzle-adulti-1000-piese-discover-europe\/p\/","name":"Puzzle Dutch Windmills, Netherlands \u2013 Puzzle adul\u021bi 1000 piese \u2013 Discover Europe - Roovi B2B","isPartOf":{"@id":"https:\/\/business.roovi.com\/ro\/#website"},"datePublished":"2023-03-10T09:03:55+00:00","dateModified":"2025-03-18T09:24:15+00:00","breadcrumb":{"@id":"https:\/\/business.roovi.com\/ro\/puzzle-dutch-windmills-netherlands-puzzle-adulti-1000-piese-discover-europe\/p\/#breadcrumb"},"inLanguage":"ro-RO","potentialAction":[{"@type":"ReadAction","target":["https:\/\/business.roovi.com\/ro\/puzzle-dutch-windmills-netherlands-puzzle-adulti-1000-piese-discover-europe\/p\/"]}]},{"@type":"BreadcrumbList","@id":"https:\/\/business.roovi.com\/ro\/puzzle-dutch-windmills-netherlands-puzzle-adulti-1000-piese-discover-europe\/p\/#breadcrumb","itemListElement":[{"@type":"ListItem","position":1,"name":"Home","item":"https:\/\/business.roovi.com\/ro\/"},{"@type":"ListItem","position":2,"name":"Magazin","item":"https:\/\/business.roovi.com\/ro\/magazin\/"},{"@type":"ListItem","position":3,"name":"Puzzle Dutch Windmills, Netherlands \u2013 Puzzle adul\u021bi 1000 piese \u2013 Discover Europe"}]},{"@type":"WebSite","@id":"https:\/\/business.roovi.com\/ro\/#website","url":"https:\/\/business.roovi.com\/ro\/","name":"Roovi B2B","description":"Roovi Business Website","potentialAction":[{"@type":"SearchAction","target":{"@type":"EntryPoint","urlTemplate":"https:\/\/business.roovi.com\/ro\/?s={search_term_string}"},"query-input":"required name=search_term_string"}],"inLanguage":"ro-RO"}]}},"_links":{"self":[{"href":"https:\/\/business.roovi.com\/ro\/wp-json\/wp\/v2\/product\/67136","targetHints":{"allow":["GET"]}}],"collection":[{"href":"https:\/\/business.roovi.com\/ro\/wp-json\/wp\/v2\/product"}],"about":[{"href":"https:\/\/business.roovi.com\/ro\/wp-json\/wp\/v2\/types\/product"}],"version-history":[{"count":0,"href":"https:\/\/business.roovi.com\/ro\/wp-json\/wp\/v2\/product\/67136\/revisions"}],"wp:featuredmedia":[{"embeddable":true,"href":"https:\/\/business.roovi.com\/ro\/wp-json\/wp\/v2\/media\/67137"}],"wp:attachment":[{"href":"https:\/\/business.roovi.com\/ro\/wp-json\/wp\/v2\/media?parent=67136"}],"wp:term":[{"taxonomy":"product_brand","embeddable":true,"href":"https:\/\/business.roovi.com\/ro\/wp-json\/wp\/v2\/product_brand?post=67136"},{"taxonomy":"product_cat","embeddable":true,"href":"https:\/\/business.roovi.com\/ro\/wp-json\/wp\/v2\/product_cat?post=67136"},{"taxonomy":"product_tag","embeddable":true,"href":"https:\/\/business.roovi.com\/ro\/wp-json\/wp\/v2\/product_tag?post=67136"}],"curies":[{"name":"wp","href":"https:\/\/api.w.org\/{rel}","templated":true}]}}