{"id":67338,"date":"2023-03-10T09:24:31","date_gmt":"2023-03-10T09:24:31","guid":{"rendered":"https:\/\/business.roovi.com\/?post_type=product&#038;p=67338"},"modified":"2025-03-18T09:25:39","modified_gmt":"2025-03-18T09:25:39","slug":"puzzle-florence-italy-puzzle-adulti-1000-piese-discover-europe","status":"publish","type":"product","link":"https:\/\/business.roovi.com\/ro\/puzzle-florence-italy-puzzle-adulti-1000-piese-discover-europe\/p\/","title":{"rendered":"Puzzle Florence, Italy \u2013 Puzzle adul\u021bi 1000 piese \u2013 Discover Europe"},"content":{"rendered":"<h3><span style=\"font-weight: 400;\">E\u0219ti fascinat de cultura Italiei? De ora\u0219ele ei seduc\u0103toare, ce ad\u0103postesc cele mai faimoase capodopere renascentiste?<\/span><\/h3>\n<p><span style=\"font-weight: 400;\">Alege Puzzle 1000 piese &#8211; Floren\u021ba \u0219i descoper\u0103 \u00eentr-un mod inedit unul dintre cele mai seduc\u0103toare ora\u0219e din Italia \u0219i din lumea \u00eentreag\u0103.<\/span><\/p>\n<p><span style=\"font-weight: 400;\">Floren\u021ba este una dintre capitalele mondiale ale artei, rafinamentului \u0219i istoriei. Ora\u0219ul eman\u0103 \u00eenc\u0103 vibra\u021bia Rena\u0219terii, iar frumuse\u021bea \u0219i m\u0103re\u021bia capodoperelor artistice te \u00eent\u00e2mpin\u0103 la tot pasul.\u00a0\u00a0<\/span><\/p>\n<p><span style=\"font-weight: 400;\">Domul lui Brunelleschi, Palatul Rena\u0219terii Florentine, Clopotni\u021ba lui Giotto sau Galeriile Uffizi ce ad\u0103postesc faimoasele opere ale lui da Vinci,\u00a0 Michelangelo, Rafael, Tiziano, Botticelli \u0219i mul\u021bi al\u021bii sunt doar c\u00e2teva dintre atrac\u021biile impresionante ale Floren\u021bei.<\/span><\/p>\n<p><span style=\"font-weight: 400;\">Puzzle 1000 piese &#8211; Floren\u021ba, Italia \u00eenf\u0103\u021bi\u0219eaz\u0103 o imagine emblematic\u0103 a ora\u0219ului \u00een care se poate observa inclusiv celebrul pod medieval Ponte Vecchio care traverseaz\u0103 r\u00e2ul Arno. Fiecare pies\u0103 a puzzle-ului este unic\u0103, fiind realizat\u0103 din carton de cea mai bun\u0103 calitate. Tabloul final este compact, iar imaginea are o rezolu\u021bie foarte bun\u0103.<\/span><\/p>\n<p><span style=\"font-weight: 400;\">\u00cembin\u0103 piesele din Puzzle 1000 &#8211; Floren\u021ba \u0219i adu frumuse\u021bea \u0219i elegan\u021ba acestui ora\u0219 fascinant aproape de tine.<\/span><\/p>\n<h3><span style=\"font-weight: 400;\">De ce s\u0103 alegi puzzle 1000 piese &#8211; Floren\u021ba, Italia<\/span><\/h3>\n<ul>\n<li style=\"font-weight: 400;\" aria-level=\"1\"><span style=\"font-weight: 400;\">Este o modalitate pl\u0103cut\u0103 pentru a descoperi acest ora\u0219 emblematic pentru cultura \u0219i istoria Italiei.\u00a0<\/span><\/li>\n<li style=\"font-weight: 400;\" aria-level=\"1\"><span style=\"font-weight: 400;\">Este produs din carton gros, de calitatea superioar\u0103, care \u00eei asigur\u0103 rezisten\u021b\u0103 sporit\u0103 la asambl\u0103ri multiple.<\/span><\/li>\n<li style=\"font-weight: 400;\" aria-level=\"1\"><span style=\"font-weight: 400;\">Ob\u021bii un tablou impresionat cu dimensiuni generoase &#8211; <\/span><b>68 x 47 cm <\/b><span style=\"font-weight: 400;\">&#8211; care poate constitui o pies\u0103 decorativ\u0103 original\u0103 pentru casa ta.<\/span><\/li>\n<li style=\"font-weight: 400;\" aria-level=\"1\"><span style=\"font-weight: 400;\">Finisajul este semi-lucios, \u00een culori vii ce redau \u00een mod realist frumuse\u021bea unui ora\u0219 celebru \u00een lumea \u00eentreag\u0103.<\/span><\/li>\n<li style=\"font-weight: 400;\" aria-level=\"1\"><span style=\"font-weight: 400;\">Puzzle-ul are \u0219i o folie antireflex pentru ca asamblarea s\u0103 fie c\u00e2t mai u\u0219oar\u0103 \u0219i nederanjant\u0103 pentru ochi.<\/span><\/li>\n<li style=\"font-weight: 400;\" aria-level=\"1\"><span style=\"font-weight: 400;\">Este produs din materiale prietenoase cu mediul, reciclabile \u0219i sustenabile.<\/span><\/li>\n<li style=\"font-weight: 400;\" aria-level=\"1\"><span style=\"font-weight: 400;\">Este potrivit celor peste 14 ani \u0219i poate fi prilejul perfect pentru a petrece un timp de calitate \u00eempreun\u0103 cei dragi.<\/span><\/li>\n<\/ul>\n<h3><span style=\"font-weight: 400;\">Despre Floren\u021ba \u0219tiai c\u0103\u2026<\/span><\/h3>\n<ul>\n<li style=\"font-weight: 400;\" aria-level=\"1\"><span style=\"font-weight: 400;\">Este ora\u0219ul de unde a \u00eenceput Rena\u0219terea, cu inova\u021biile sale din art\u0103, literatur\u0103, cultur\u0103 \u0219i politic\u0103.<\/span><\/li>\n<li style=\"font-weight: 400;\" aria-level=\"1\"><span style=\"font-weight: 400;\">Este \u00eenfr\u0103\u021bit\u0103 cu alte 20 de ora\u0219e din lume, printre care: Bethlehem, Kyoto \u0219i Philadelphia.<\/span><\/li>\n<li style=\"font-weight: 400;\" aria-level=\"1\"><i><span style=\"font-weight: 400;\">Cattedrale di Santa Maria del Fiore<\/span><\/i><span style=\"font-weight: 400;\"> &#8211; Domul din Floren\u021ba are cea mai mare cupol\u0103 din c\u0103r\u0103mid\u0103 din lume.<\/span><\/li>\n<li style=\"font-weight: 400;\" aria-level=\"1\"><span style=\"font-weight: 400;\">Se crede c\u0103 Bernardo Buontalenti a inventat \u00eenghe\u021bata \u00een Floren\u021ba, \u00een secolul al XVI-lea.\u00a0<\/span><\/li>\n<li style=\"font-weight: 400;\" aria-level=\"1\"><span style=\"font-weight: 400;\">\u0218i tot \u00een Floren\u021ba a fost inventat pianul, \u00een jurul anului 1700.<\/span><\/li>\n<\/ul>\n<h3><span style=\"font-weight: 400;\">Puzzle 1000 piese &#8211; Floren\u021ba &#8211; o experien\u021b\u0103 meditativ\u0103 grozav\u0103<\/span><\/h3>\n<p><span style=\"font-weight: 400;\">Se \u0219tie c\u0103 puzzle-urile dezvolt\u0103 multiple abilit\u0103\u021bi, precum: aten\u021bia, concentrarea, memoria \u0219i coordonarea. Dar \u0219tiai c\u0103 activitatea de asamblare se aseam\u0103n\u0103 cu o sesiune de medita\u021bie?<\/span><\/p>\n<p><span style=\"font-weight: 400;\">C\u00e2nd pui fiecare pies\u0103 din Puzzle 1000 &#8211; Floren\u021ba, singurul t\u0103u g\u00e2nd este acela de a reface imaginea. Toate celelalte g\u00e2nduri care \u00ee\u021bi obosesc mintea \u00een restul zilei, trec pe un plan secund. Dintr-o dat\u0103 cape\u021bi claritate \u00een g\u00e2ndire, te relaxezi \u0219i \u00ee\u021bi prive\u0219ti via\u021ba dintr-o alt\u0103 perspectiv\u0103.<\/span><\/p>\n<p><span style=\"font-weight: 400;\">Bucur\u0103-te de toate aceste beneficii \u0219i de un timp de calitate cu tine \u00eensu\u021bi sau cu cei dragi prin intermediul puzzle-ului de 1000 de piese &#8211; Floren\u021ba, Italia. Iar dac\u0103 \u00ee\u021bi dore\u0219ti \u0219i mai multe provoc\u0103ri creative \u0219i imagini fascinante din locuri celebre, selecteazi \u0219i alte puzzle-uri 1000 \u0219i colec\u021bia Discover Europe de la ROOVI.<\/span><\/p>\n","protected":false},"excerpt":{"rendered":"<p>E\u0219ti fascinat de cultura Italiei? De ora\u0219ele ei seduc\u0103toare, ce ad\u0103postesc cele mai faimoase capodopere renascentiste? Alege Puzzle 1000 piese<\/p>\n","protected":false},"featured_media":67339,"template":"","meta":[],"product_brand":[],"product_cat":[1454,1488,1560],"product_tag":[2658,2646,2699,2700],"class_list":{"0":"post-67338","1":"product","2":"type-product","3":"status-publish","4":"has-post-thumbnail","6":"product_cat-puzzle","7":"product_cat-puzzle-adulti","8":"product_cat-puzzle-adulti-1000","9":"product_tag-launched2023","10":"product_tag-puzzle1000","11":"product_tag-puzzleflorence","12":"product_tag-puzzleitaly","14":"first","15":"instock","16":"taxable","17":"shipping-taxable","18":"product-type-simple"},"yoast_head":"<!-- This site is optimized with the Yoast SEO plugin v20.1 - https:\/\/yoast.com\/wordpress\/plugins\/seo\/ -->\n<title>Puzzle Florence, Italy \u2013 Puzzle adul\u021bi 1000 piese \u2013 Discover Europe - Roovi B2B<\/title>\n<meta name=\"robots\" content=\"index, follow, max-snippet:-1, max-image-preview:large, max-video-preview:-1\" \/>\n<link rel=\"canonical\" href=\"https:\/\/business.roovi.com\/ro\/puzzle-florence-italy-puzzle-adulti-1000-piese-discover-europe\/p\/\" \/>\n<meta property=\"og:locale\" content=\"ro_RO\" \/>\n<meta property=\"og:type\" content=\"article\" \/>\n<meta property=\"og:title\" content=\"Puzzle Florence, Italy \u2013 Puzzle adul\u021bi 1000 piese \u2013 Discover Europe - Roovi B2B\" \/>\n<meta property=\"og:description\" content=\"E\u0219ti fascinat de cultura Italiei? De ora\u0219ele ei seduc\u0103toare, ce ad\u0103postesc cele mai faimoase capodopere renascentiste? Alege Puzzle 1000 piese\" \/>\n<meta property=\"og:url\" content=\"https:\/\/business.roovi.com\/ro\/puzzle-florence-italy-puzzle-adulti-1000-piese-discover-europe\/p\/\" \/>\n<meta property=\"og:site_name\" content=\"Roovi B2B\" \/>\n<meta property=\"article:publisher\" content=\"https:\/\/www.facebook.com\/wwwjucariero\" \/>\n<meta property=\"article:modified_time\" content=\"2025-03-18T09:25:39+00:00\" \/>\n<meta property=\"og:image\" content=\"https:\/\/business.roovi.com\/wp-content\/uploads\/2023\/03\/01_MAIN-11.jpg\" \/>\n\t<meta property=\"og:image:width\" content=\"1200\" \/>\n\t<meta property=\"og:image:height\" content=\"1200\" \/>\n\t<meta property=\"og:image:type\" content=\"image\/jpeg\" \/>\n<meta name=\"twitter:label1\" content=\"Timp estimat pentru citire\" \/>\n\t<meta name=\"twitter:data1\" content=\"3 minute\" \/>\n<script type=\"application\/ld+json\" class=\"yoast-schema-graph\">{\"@context\":\"https:\/\/schema.org\",\"@graph\":[{\"@type\":\"WebPage\",\"@id\":\"https:\/\/business.roovi.com\/ro\/puzzle-florence-italy-puzzle-adulti-1000-piese-discover-europe\/p\/\",\"url\":\"https:\/\/business.roovi.com\/ro\/puzzle-florence-italy-puzzle-adulti-1000-piese-discover-europe\/p\/\",\"name\":\"Puzzle Florence, Italy \u2013 Puzzle adul\u021bi 1000 piese \u2013 Discover Europe - Roovi B2B\",\"isPartOf\":{\"@id\":\"https:\/\/business.roovi.com\/ro\/#website\"},\"datePublished\":\"2023-03-10T09:24:31+00:00\",\"dateModified\":\"2025-03-18T09:25:39+00:00\",\"breadcrumb\":{\"@id\":\"https:\/\/business.roovi.com\/ro\/puzzle-florence-italy-puzzle-adulti-1000-piese-discover-europe\/p\/#breadcrumb\"},\"inLanguage\":\"ro-RO\",\"potentialAction\":[{\"@type\":\"ReadAction\",\"target\":[\"https:\/\/business.roovi.com\/ro\/puzzle-florence-italy-puzzle-adulti-1000-piese-discover-europe\/p\/\"]}]},{\"@type\":\"BreadcrumbList\",\"@id\":\"https:\/\/business.roovi.com\/ro\/puzzle-florence-italy-puzzle-adulti-1000-piese-discover-europe\/p\/#breadcrumb\",\"itemListElement\":[{\"@type\":\"ListItem\",\"position\":1,\"name\":\"Home\",\"item\":\"https:\/\/business.roovi.com\/ro\/\"},{\"@type\":\"ListItem\",\"position\":2,\"name\":\"Magazin\",\"item\":\"https:\/\/business.roovi.com\/ro\/magazin\/\"},{\"@type\":\"ListItem\",\"position\":3,\"name\":\"Puzzle Florence, Italy \u2013 Puzzle adul\u021bi 1000 piese \u2013 Discover Europe\"}]},{\"@type\":\"WebSite\",\"@id\":\"https:\/\/business.roovi.com\/ro\/#website\",\"url\":\"https:\/\/business.roovi.com\/ro\/\",\"name\":\"Roovi B2B\",\"description\":\"Roovi Business Website\",\"potentialAction\":[{\"@type\":\"SearchAction\",\"target\":{\"@type\":\"EntryPoint\",\"urlTemplate\":\"https:\/\/business.roovi.com\/ro\/?s={search_term_string}\"},\"query-input\":\"required name=search_term_string\"}],\"inLanguage\":\"ro-RO\"}]}<\/script>\n<!-- \/ Yoast SEO plugin. -->","yoast_head_json":{"title":"Puzzle Florence, Italy \u2013 Puzzle adul\u021bi 1000 piese \u2013 Discover Europe - Roovi B2B","robots":{"index":"index","follow":"follow","max-snippet":"max-snippet:-1","max-image-preview":"max-image-preview:large","max-video-preview":"max-video-preview:-1"},"canonical":"https:\/\/business.roovi.com\/ro\/puzzle-florence-italy-puzzle-adulti-1000-piese-discover-europe\/p\/","og_locale":"ro_RO","og_type":"article","og_title":"Puzzle Florence, Italy \u2013 Puzzle adul\u021bi 1000 piese \u2013 Discover Europe - Roovi B2B","og_description":"E\u0219ti fascinat de cultura Italiei? De ora\u0219ele ei seduc\u0103toare, ce ad\u0103postesc cele mai faimoase capodopere renascentiste? Alege Puzzle 1000 piese","og_url":"https:\/\/business.roovi.com\/ro\/puzzle-florence-italy-puzzle-adulti-1000-piese-discover-europe\/p\/","og_site_name":"Roovi B2B","article_publisher":"https:\/\/www.facebook.com\/wwwjucariero","article_modified_time":"2025-03-18T09:25:39+00:00","og_image":[{"width":1200,"height":1200,"url":"https:\/\/business.roovi.com\/wp-content\/uploads\/2023\/03\/01_MAIN-11.jpg","type":"image\/jpeg"}],"twitter_misc":{"Timp estimat pentru citire":"3 minute"},"schema":{"@context":"https:\/\/schema.org","@graph":[{"@type":"WebPage","@id":"https:\/\/business.roovi.com\/ro\/puzzle-florence-italy-puzzle-adulti-1000-piese-discover-europe\/p\/","url":"https:\/\/business.roovi.com\/ro\/puzzle-florence-italy-puzzle-adulti-1000-piese-discover-europe\/p\/","name":"Puzzle Florence, Italy \u2013 Puzzle adul\u021bi 1000 piese \u2013 Discover Europe - Roovi B2B","isPartOf":{"@id":"https:\/\/business.roovi.com\/ro\/#website"},"datePublished":"2023-03-10T09:24:31+00:00","dateModified":"2025-03-18T09:25:39+00:00","breadcrumb":{"@id":"https:\/\/business.roovi.com\/ro\/puzzle-florence-italy-puzzle-adulti-1000-piese-discover-europe\/p\/#breadcrumb"},"inLanguage":"ro-RO","potentialAction":[{"@type":"ReadAction","target":["https:\/\/business.roovi.com\/ro\/puzzle-florence-italy-puzzle-adulti-1000-piese-discover-europe\/p\/"]}]},{"@type":"BreadcrumbList","@id":"https:\/\/business.roovi.com\/ro\/puzzle-florence-italy-puzzle-adulti-1000-piese-discover-europe\/p\/#breadcrumb","itemListElement":[{"@type":"ListItem","position":1,"name":"Home","item":"https:\/\/business.roovi.com\/ro\/"},{"@type":"ListItem","position":2,"name":"Magazin","item":"https:\/\/business.roovi.com\/ro\/magazin\/"},{"@type":"ListItem","position":3,"name":"Puzzle Florence, Italy \u2013 Puzzle adul\u021bi 1000 piese \u2013 Discover Europe"}]},{"@type":"WebSite","@id":"https:\/\/business.roovi.com\/ro\/#website","url":"https:\/\/business.roovi.com\/ro\/","name":"Roovi B2B","description":"Roovi Business Website","potentialAction":[{"@type":"SearchAction","target":{"@type":"EntryPoint","urlTemplate":"https:\/\/business.roovi.com\/ro\/?s={search_term_string}"},"query-input":"required name=search_term_string"}],"inLanguage":"ro-RO"}]}},"_links":{"self":[{"href":"https:\/\/business.roovi.com\/ro\/wp-json\/wp\/v2\/product\/67338","targetHints":{"allow":["GET"]}}],"collection":[{"href":"https:\/\/business.roovi.com\/ro\/wp-json\/wp\/v2\/product"}],"about":[{"href":"https:\/\/business.roovi.com\/ro\/wp-json\/wp\/v2\/types\/product"}],"version-history":[{"count":0,"href":"https:\/\/business.roovi.com\/ro\/wp-json\/wp\/v2\/product\/67338\/revisions"}],"wp:featuredmedia":[{"embeddable":true,"href":"https:\/\/business.roovi.com\/ro\/wp-json\/wp\/v2\/media\/67339"}],"wp:attachment":[{"href":"https:\/\/business.roovi.com\/ro\/wp-json\/wp\/v2\/media?parent=67338"}],"wp:term":[{"taxonomy":"product_brand","embeddable":true,"href":"https:\/\/business.roovi.com\/ro\/wp-json\/wp\/v2\/product_brand?post=67338"},{"taxonomy":"product_cat","embeddable":true,"href":"https:\/\/business.roovi.com\/ro\/wp-json\/wp\/v2\/product_cat?post=67338"},{"taxonomy":"product_tag","embeddable":true,"href":"https:\/\/business.roovi.com\/ro\/wp-json\/wp\/v2\/product_tag?post=67338"}],"curies":[{"name":"wp","href":"https:\/\/api.w.org\/{rel}","templated":true}]}}