{"id":67671,"date":"2023-03-11T09:04:45","date_gmt":"2023-03-11T09:04:45","guid":{"rendered":"https:\/\/business.roovi.com\/?post_type=product&#038;p=67671"},"modified":"2025-03-18T09:43:48","modified_gmt":"2025-03-18T09:43:48","slug":"puzzle-castelul-peles-puzzle-adulti-1000-piese-imagini-din-romania","status":"publish","type":"product","link":"https:\/\/business.roovi.com\/ro\/puzzle-castelul-peles-puzzle-adulti-1000-piese-imagini-din-romania\/p\/","title":{"rendered":"Puzzle Castelul Pele\u0219 \u2013 Puzzle adul\u021bi 1000 piese \u2013 Imagini din Rom\u00e2nia"},"content":{"rendered":"<h3><span style=\"font-weight: 400;\">Porne\u0219te \u00eentr-o c\u0103l\u0103torie regal\u0103 cu Puzzle 1000 Castelul Pele\u0219! Une\u0219te piesele \u0219i descoper\u0103 detaliile fine ale unui monument impresionant, renumit pentru elegan\u021ba sa arhitectural\u0103 \u00een lumea \u00eentreag\u0103.<\/span><\/h3>\n<p><span style=\"font-weight: 400;\">Surs\u0103 de inspira\u021bie nepre\u021buit\u0103 pentru arti\u0219ti, Castelul Pele\u0219 este un castel alpin grandios, ce aduce laolalt\u0103 mai multe stiluri arhitecturale clasice europene, oscil\u00e2nd \u00eentre elegan\u021ba italian\u0103 a stilului neo-renascentist \u0219i estetica german\u0103.<\/span><\/p>\n<p><span style=\"font-weight: 400;\">Regele Carol I a adus speciali\u0219ti din \u00eentreaga Europ\u0103 pentru a construi acest splendid castel ce avea s\u0103 devin\u0103 re\u0219edin\u021ba sa favorit\u0103. La sf\u00e2r\u0219itul secolului al XIX-lea, Pele\u0219ul era unul dintre cele mai moderne castele din Europa, av\u00e2nd electricitate, sistem de \u00eenc\u0103lzire central\u0103 \u0219i chiar un lift interior.<\/span><\/p>\n<p><span style=\"font-weight: 400;\">Creeaz\u0103 din Puzzle 1000 Piese &#8211; Castelul Pele\u0219 un tablou de colec\u021bie ce red\u0103 detalii impresionante din arhitectura impun\u0103toare a Castelului Pele\u0219, precum \u0219i peisajul idilic \u00een care este amplasat cel mai frumos castel din Rom\u00e2nia.\u00a0<\/span><\/p>\n<h3><span style=\"font-weight: 400;\">De ce s\u0103 alegi Puzzle 1000 piese &#8211; Castelul Pele\u0219<\/span><\/h3>\n<p><span style=\"font-weight: 400;\">Ob\u021bii un tablou cu dimensiuni generoase, de <\/span><b>68 x 47 cm<\/b><span style=\"font-weight: 400;\">, cu o imagine fascinant\u0103 a castelului impresionant, pe care \u00eel po\u021bi folosi ca obiect decorativ pentru casa ta.<\/span><\/p>\n<p><span style=\"font-weight: 400;\">Piesele sunt produse din carton de calitate superioar\u0103, cu grosime de 2 mm, foarte rezistente \u00een timp, care se pot asambla de nenum\u0103rate ori f\u0103r\u0103 a se deteriora.<\/span><\/p>\n<p><span style=\"font-weight: 400;\">Este un produs prietenos cu natura, fiind realizat din materiale sustenabile \u0219i reciclabile.<\/span><\/p>\n<p><span style=\"font-weight: 400;\">Finisajul este semi-lucios, \u00een culori vii ce redau \u00een mod realist frumuse\u021bea castelului \u0219i a loca\u021biei unde este amplasat.<\/span><\/p>\n<p><span style=\"font-weight: 400;\">Este potrivit persoanelor peste 14 ani \u0219i poate fi o activitate deconectant\u0103 pentru \u00eentreaga familie.<\/span><\/p>\n<h3><span style=\"font-weight: 400;\">\u0218tiai c\u0103\u2026<\/span><\/h3>\n<ul>\n<li><span style=\"font-weight: 400;\">La temelia Castelului Pele\u0219 au fost \u00eengropate primele monede din aur cu chipul regelui Carol I.<\/span><\/li>\n<li><span style=\"font-weight: 400;\">Castelul Pele\u0219 a fost primul castel complet electrificat din Europa, datorit\u0103 faptului c\u0103 de\u021bine propria uzin\u0103 electric\u0103 ce \u00eei asigura electricitatea necesar\u0103.<\/span><\/li>\n<li><span style=\"font-weight: 400;\">Mobilierul din Sala de Muzic\u0103 a castelului a fost primit \u00een dar de la maharajahul de Kapurthala.<\/span><\/li>\n<li><span style=\"font-weight: 400;\">Castelul Pele\u0219 are inclusiv o sal\u0103 de teatru, cu o scen\u0103 mic\u0103, 60 de locuri \u00een sal\u0103 plus loja regal\u0103.\u00a0<\/span><\/li>\n<\/ul>\n<h3><span style=\"font-weight: 400;\">Descoper\u0103 Rom\u00e2nia \u00een imagini, prin jocuri puzzle de 1000 de piese<\/span><\/h3>\n<p><span style=\"font-weight: 400;\">Ia o pauz\u0103 de la ritmul rapid \u00een care tr\u0103ie\u0219ti \u0219i descoper\u0103 frumuse\u021bile Rom\u00e2niei cu puzzle-urile ROOVI.\u00a0<\/span><\/p>\n<p><span style=\"font-weight: 400;\">Puzzle 1000 piese &#8211; Castelul Pele\u0219 face parte din colec\u021bia Imagini din Rom\u00e2nia, o serie ce cuprinde numeroase puzzle-uri pentru adul\u021bi cu imagini ale celor mai reprezentative obiective din \u021bara noastr\u0103.<\/span><\/p>\n<p><span style=\"font-weight: 400;\">\u00cembin\u0103 a\u0219adar cele 1000 de piese din Puzzle Castelul Pele\u0219 \u0219i construie\u0219te impozantul castel \u00een lini\u0219te \u0219i armonie, singur sau al\u0103turi de cei dragi. Puzzle Castelul Pele\u0219 este o activitate relaxant\u0103 \u0219i deconectant\u0103 care \u00ee\u021bi ofer\u0103 un sentiment de apartenen\u021b\u0103 \u0219i te reconecteaz\u0103 cu originile.<\/span><\/p>\n<p><span style=\"font-weight: 400;\">Fie c\u0103 \u00eel alegi pentru tine \u0219i familia ta sau \u00eel oferi \u00een dar prietenilor dragi, Puzzle 1000 piese &#8211; Castelul Pele\u0219 va fi cu siguran\u021b\u0103 o alegere inspirat\u0103 \u0219i o surpriz\u0103 pl\u0103cut\u0103.<\/span><\/p>\n","protected":false},"excerpt":{"rendered":"<p>Porne\u0219te \u00eentr-o c\u0103l\u0103torie regal\u0103 cu Puzzle 1000 Castelul Pele\u0219! Une\u0219te piesele \u0219i descoper\u0103 detaliile fine ale unui monument impresionant, renumit<\/p>\n","protected":false},"featured_media":67672,"template":"","meta":[],"product_brand":[],"product_cat":[1454,1488,1560],"product_tag":[2658,2680,2646,2681],"class_list":{"0":"post-67671","1":"product","2":"type-product","3":"status-publish","4":"has-post-thumbnail","6":"product_cat-puzzle","7":"product_cat-puzzle-adulti","8":"product_cat-puzzle-adulti-1000","9":"product_tag-launched2023","10":"product_tag-pelescastle","11":"product_tag-puzzle1000","12":"product_tag-worldfamouscastles","14":"first","15":"instock","16":"taxable","17":"shipping-taxable","18":"product-type-simple"},"yoast_head":"<!-- This site is optimized with the Yoast SEO plugin v20.1 - https:\/\/yoast.com\/wordpress\/plugins\/seo\/ -->\n<title>Puzzle Castelul Pele\u0219 \u2013 Puzzle adul\u021bi 1000 piese \u2013 Imagini din Rom\u00e2nia - Roovi B2B<\/title>\n<meta name=\"robots\" content=\"index, follow, max-snippet:-1, max-image-preview:large, max-video-preview:-1\" \/>\n<link rel=\"canonical\" href=\"https:\/\/business.roovi.com\/ro\/puzzle-castelul-peles-puzzle-adulti-1000-piese-imagini-din-romania\/p\/\" \/>\n<meta property=\"og:locale\" content=\"ro_RO\" \/>\n<meta property=\"og:type\" content=\"article\" \/>\n<meta property=\"og:title\" content=\"Puzzle Castelul Pele\u0219 \u2013 Puzzle adul\u021bi 1000 piese \u2013 Imagini din Rom\u00e2nia - Roovi B2B\" \/>\n<meta property=\"og:description\" content=\"Porne\u0219te \u00eentr-o c\u0103l\u0103torie regal\u0103 cu Puzzle 1000 Castelul Pele\u0219! Une\u0219te piesele \u0219i descoper\u0103 detaliile fine ale unui monument impresionant, renumit\" \/>\n<meta property=\"og:url\" content=\"https:\/\/business.roovi.com\/ro\/puzzle-castelul-peles-puzzle-adulti-1000-piese-imagini-din-romania\/p\/\" \/>\n<meta property=\"og:site_name\" content=\"Roovi B2B\" \/>\n<meta property=\"article:publisher\" content=\"https:\/\/www.facebook.com\/wwwjucariero\" \/>\n<meta property=\"article:modified_time\" content=\"2025-03-18T09:43:48+00:00\" \/>\n<meta property=\"og:image\" content=\"https:\/\/business.roovi.com\/wp-content\/uploads\/2023\/03\/01_MAIN-14.jpg\" \/>\n\t<meta property=\"og:image:width\" content=\"1200\" \/>\n\t<meta property=\"og:image:height\" content=\"1200\" \/>\n\t<meta property=\"og:image:type\" content=\"image\/jpeg\" \/>\n<meta name=\"twitter:label1\" content=\"Timp estimat pentru citire\" \/>\n\t<meta name=\"twitter:data1\" content=\"3 minute\" \/>\n<script type=\"application\/ld+json\" class=\"yoast-schema-graph\">{\"@context\":\"https:\/\/schema.org\",\"@graph\":[{\"@type\":\"WebPage\",\"@id\":\"https:\/\/business.roovi.com\/ro\/puzzle-castelul-peles-puzzle-adulti-1000-piese-imagini-din-romania\/p\/\",\"url\":\"https:\/\/business.roovi.com\/ro\/puzzle-castelul-peles-puzzle-adulti-1000-piese-imagini-din-romania\/p\/\",\"name\":\"Puzzle Castelul Pele\u0219 \u2013 Puzzle adul\u021bi 1000 piese \u2013 Imagini din Rom\u00e2nia - Roovi B2B\",\"isPartOf\":{\"@id\":\"https:\/\/business.roovi.com\/ro\/#website\"},\"datePublished\":\"2023-03-11T09:04:45+00:00\",\"dateModified\":\"2025-03-18T09:43:48+00:00\",\"breadcrumb\":{\"@id\":\"https:\/\/business.roovi.com\/ro\/puzzle-castelul-peles-puzzle-adulti-1000-piese-imagini-din-romania\/p\/#breadcrumb\"},\"inLanguage\":\"ro-RO\",\"potentialAction\":[{\"@type\":\"ReadAction\",\"target\":[\"https:\/\/business.roovi.com\/ro\/puzzle-castelul-peles-puzzle-adulti-1000-piese-imagini-din-romania\/p\/\"]}]},{\"@type\":\"BreadcrumbList\",\"@id\":\"https:\/\/business.roovi.com\/ro\/puzzle-castelul-peles-puzzle-adulti-1000-piese-imagini-din-romania\/p\/#breadcrumb\",\"itemListElement\":[{\"@type\":\"ListItem\",\"position\":1,\"name\":\"Home\",\"item\":\"https:\/\/business.roovi.com\/ro\/\"},{\"@type\":\"ListItem\",\"position\":2,\"name\":\"Magazin\",\"item\":\"https:\/\/business.roovi.com\/ro\/magazin\/\"},{\"@type\":\"ListItem\",\"position\":3,\"name\":\"Puzzle Castelul Pele\u0219 \u2013 Puzzle adul\u021bi 1000 piese \u2013 Imagini din Rom\u00e2nia\"}]},{\"@type\":\"WebSite\",\"@id\":\"https:\/\/business.roovi.com\/ro\/#website\",\"url\":\"https:\/\/business.roovi.com\/ro\/\",\"name\":\"Roovi B2B\",\"description\":\"Roovi Business Website\",\"potentialAction\":[{\"@type\":\"SearchAction\",\"target\":{\"@type\":\"EntryPoint\",\"urlTemplate\":\"https:\/\/business.roovi.com\/ro\/?s={search_term_string}\"},\"query-input\":\"required name=search_term_string\"}],\"inLanguage\":\"ro-RO\"}]}<\/script>\n<!-- \/ Yoast SEO plugin. -->","yoast_head_json":{"title":"Puzzle Castelul Pele\u0219 \u2013 Puzzle adul\u021bi 1000 piese \u2013 Imagini din Rom\u00e2nia - Roovi B2B","robots":{"index":"index","follow":"follow","max-snippet":"max-snippet:-1","max-image-preview":"max-image-preview:large","max-video-preview":"max-video-preview:-1"},"canonical":"https:\/\/business.roovi.com\/ro\/puzzle-castelul-peles-puzzle-adulti-1000-piese-imagini-din-romania\/p\/","og_locale":"ro_RO","og_type":"article","og_title":"Puzzle Castelul Pele\u0219 \u2013 Puzzle adul\u021bi 1000 piese \u2013 Imagini din Rom\u00e2nia - Roovi B2B","og_description":"Porne\u0219te \u00eentr-o c\u0103l\u0103torie regal\u0103 cu Puzzle 1000 Castelul Pele\u0219! Une\u0219te piesele \u0219i descoper\u0103 detaliile fine ale unui monument impresionant, renumit","og_url":"https:\/\/business.roovi.com\/ro\/puzzle-castelul-peles-puzzle-adulti-1000-piese-imagini-din-romania\/p\/","og_site_name":"Roovi B2B","article_publisher":"https:\/\/www.facebook.com\/wwwjucariero","article_modified_time":"2025-03-18T09:43:48+00:00","og_image":[{"width":1200,"height":1200,"url":"https:\/\/business.roovi.com\/wp-content\/uploads\/2023\/03\/01_MAIN-14.jpg","type":"image\/jpeg"}],"twitter_misc":{"Timp estimat pentru citire":"3 minute"},"schema":{"@context":"https:\/\/schema.org","@graph":[{"@type":"WebPage","@id":"https:\/\/business.roovi.com\/ro\/puzzle-castelul-peles-puzzle-adulti-1000-piese-imagini-din-romania\/p\/","url":"https:\/\/business.roovi.com\/ro\/puzzle-castelul-peles-puzzle-adulti-1000-piese-imagini-din-romania\/p\/","name":"Puzzle Castelul Pele\u0219 \u2013 Puzzle adul\u021bi 1000 piese \u2013 Imagini din Rom\u00e2nia - Roovi B2B","isPartOf":{"@id":"https:\/\/business.roovi.com\/ro\/#website"},"datePublished":"2023-03-11T09:04:45+00:00","dateModified":"2025-03-18T09:43:48+00:00","breadcrumb":{"@id":"https:\/\/business.roovi.com\/ro\/puzzle-castelul-peles-puzzle-adulti-1000-piese-imagini-din-romania\/p\/#breadcrumb"},"inLanguage":"ro-RO","potentialAction":[{"@type":"ReadAction","target":["https:\/\/business.roovi.com\/ro\/puzzle-castelul-peles-puzzle-adulti-1000-piese-imagini-din-romania\/p\/"]}]},{"@type":"BreadcrumbList","@id":"https:\/\/business.roovi.com\/ro\/puzzle-castelul-peles-puzzle-adulti-1000-piese-imagini-din-romania\/p\/#breadcrumb","itemListElement":[{"@type":"ListItem","position":1,"name":"Home","item":"https:\/\/business.roovi.com\/ro\/"},{"@type":"ListItem","position":2,"name":"Magazin","item":"https:\/\/business.roovi.com\/ro\/magazin\/"},{"@type":"ListItem","position":3,"name":"Puzzle Castelul Pele\u0219 \u2013 Puzzle adul\u021bi 1000 piese \u2013 Imagini din Rom\u00e2nia"}]},{"@type":"WebSite","@id":"https:\/\/business.roovi.com\/ro\/#website","url":"https:\/\/business.roovi.com\/ro\/","name":"Roovi B2B","description":"Roovi Business Website","potentialAction":[{"@type":"SearchAction","target":{"@type":"EntryPoint","urlTemplate":"https:\/\/business.roovi.com\/ro\/?s={search_term_string}"},"query-input":"required name=search_term_string"}],"inLanguage":"ro-RO"}]}},"_links":{"self":[{"href":"https:\/\/business.roovi.com\/ro\/wp-json\/wp\/v2\/product\/67671","targetHints":{"allow":["GET"]}}],"collection":[{"href":"https:\/\/business.roovi.com\/ro\/wp-json\/wp\/v2\/product"}],"about":[{"href":"https:\/\/business.roovi.com\/ro\/wp-json\/wp\/v2\/types\/product"}],"version-history":[{"count":0,"href":"https:\/\/business.roovi.com\/ro\/wp-json\/wp\/v2\/product\/67671\/revisions"}],"wp:featuredmedia":[{"embeddable":true,"href":"https:\/\/business.roovi.com\/ro\/wp-json\/wp\/v2\/media\/67672"}],"wp:attachment":[{"href":"https:\/\/business.roovi.com\/ro\/wp-json\/wp\/v2\/media?parent=67671"}],"wp:term":[{"taxonomy":"product_brand","embeddable":true,"href":"https:\/\/business.roovi.com\/ro\/wp-json\/wp\/v2\/product_brand?post=67671"},{"taxonomy":"product_cat","embeddable":true,"href":"https:\/\/business.roovi.com\/ro\/wp-json\/wp\/v2\/product_cat?post=67671"},{"taxonomy":"product_tag","embeddable":true,"href":"https:\/\/business.roovi.com\/ro\/wp-json\/wp\/v2\/product_tag?post=67671"}],"curies":[{"name":"wp","href":"https:\/\/api.w.org\/{rel}","templated":true}]}}