{"id":67710,"date":"2023-03-11T09:07:42","date_gmt":"2023-03-11T09:07:42","guid":{"rendered":"https:\/\/business.roovi.com\/?post_type=product&#038;p=67710"},"modified":"2025-03-18T09:44:47","modified_gmt":"2025-03-18T09:44:47","slug":"puzzle-castelul-corvinilor-puzzle-adulti-1000-piese-imagini-din-romania","status":"publish","type":"product","link":"https:\/\/business.roovi.com\/ro\/puzzle-castelul-corvinilor-puzzle-adulti-1000-piese-imagini-din-romania\/p\/","title":{"rendered":"Puzzle Castelul Corvinilor \u2013 Puzzle adul\u021bi 1000 piese \u2013 Imagini din Rom\u00e2nia"},"content":{"rendered":"<h3><span style=\"font-weight: 400;\">Descoper\u0103 Castelul Corvinilor \u00eentr-un mod inedit, prin intermediului jocului Puzzle 1000 piese de la ROOVI.\u00a0<\/span><\/h3>\n<p><span style=\"font-weight: 400;\">Pentru orice pasionat de jocuri puzzle, dar \u0219i de istorie Puzzle 1000 piese &#8211; Castelul Corvinilor este o provocare frumoas\u0103 \u0219i captivant\u0103.<\/span><\/p>\n<p><span style=\"font-weight: 400;\">Castelul Corvinilor este o construc\u021bie istoric\u0103 impun\u0103toare, situat\u0103 \u00een ora\u0219ul Hunedoara, Rom\u00e2nia. Construit \u00een secolul al XV-lea, castelul a trecut prin numeroase perioade de restaurare, ajung\u00e2nd \u00een zilele noastre s\u0103 devin\u0103 una dintre cele mai importante atrac\u021bii turistice din Rom\u00e2nia.<\/span><\/p>\n<p><span style=\"font-weight: 400;\">Cu fiecare pies\u0103 de puzzle care se \u00eembin\u0103 perfect, vei putea contura turnurile gotice impresionante, podul construit pe piloni, precum \u0219i cadrul natural multicolor din apropiere. Rezultatul final va fi o recompens\u0103 binemeritat\u0103 \u0219i o adev\u0103rat\u0103 capodoper\u0103 de art\u0103.<\/span><\/p>\n<h3><span style=\"font-weight: 400;\">De ce s\u0103 alegi Puzzle 1000 &#8211; Castelul Corvinilor<\/span><\/h3>\n<p><span style=\"font-weight: 400;\">Ob\u021bii un tablou cu dimensiuni generoase, de <\/span><b>68 x 47 cm<\/b><span style=\"font-weight: 400;\">, cu o imagine fascinant\u0103 a castelului impresionant, pe care \u00eel po\u021bi folosi ca obiect decorativ pentru casa ta.<\/span><\/p>\n<p><span style=\"font-weight: 400;\">Piesele sunt produse din carton de calitate superioar\u0103, cu grosime de 2 mm, foarte rezistente, care se pot asambla de nenum\u0103rate ori f\u0103r\u0103 a se deteriora.<\/span><\/p>\n<p><span style=\"font-weight: 400;\">Este un produs prietenos cu natura, fiind realizat din materiale sustenabile \u0219i reciclabile.<\/span><\/p>\n<p><span style=\"font-weight: 400;\">Finisajul este semi-lucios, \u00een culori vii ce redau \u00een mod realist frumuse\u021bea castelului \u0219i a loca\u021biei unde este amplasat.<\/span><\/p>\n<p><span style=\"font-weight: 400;\">Este potrivit persoanelor peste 14 ani \u0219i poate fi o activitate deconectant\u0103 pentru \u00eentreaga familie.<\/span><\/p>\n<h3><span style=\"font-weight: 400;\">Despre castelul Corvinilor \u0219tiai c\u0103\u2026<\/span><\/h3>\n<ul>\n<li><span style=\"font-weight: 400;\">Este considerat a fi cel mai mare monument medieval din sud-estul Europei \u0219i unul dintre cele mai importante monumente \u00een stil gotic din Rom\u00e2nia.\u00a0<\/span><\/li>\n<li><span style=\"font-weight: 400;\">Este considerat unul dintre cele mai frumoase castele din lume, afl\u00e2ndu-se \u00een top 10 al destina\u021biilor de basm din Europa.<\/span><\/li>\n<li><span style=\"font-weight: 400;\">La Castelul Corvinilor s-au filmat de-a lungul timpului numeroase\u00a0 reclame, emisiuni \u0219i filme rom\u00e2ne\u0219ti, precum: Mihai Viteazul, Vlad \u021aepes, Nostradamus, dar \u0219i produc\u021bii interna\u021bionale: Dragonheart 4, Ghost Rider 2 sau The Nun.<\/span><\/li>\n<\/ul>\n<h3><span style=\"font-weight: 400;\">Puzzle 1000, Castelul Corvinilor &#8211; pentru experien\u021be uimitoare de relaxare \u0219i cunoa\u0219tere<\/span><\/h3>\n<p><span style=\"font-weight: 400;\">Puzzle 1000 piese &#8211; Castelul Corvinilor face parte dintr-o colec\u021bie ampl\u0103 de jocuri puzzle cu imagini impresionante ale celor mai cunoscute obiective din Rom\u00e2nia.<\/span><\/p>\n<p><span style=\"font-weight: 400;\">Jocul puzzle este astfel nu doar o activitate relaxant\u0103, ci \u0219i o experien\u021b\u0103 de cunoa\u0219tere. Ai ocazia s\u0103 refaci pies\u0103 cu pies\u0103 o imagine a unui obiectiv emblematic ce scoate \u00een eviden\u021b\u0103 frumuse\u021bea zonei \u0219i complexitatea arhitectural\u0103 a Castelului Corvinilor.<\/span><\/p>\n<p><span style=\"font-weight: 400;\">Puzzle 1000 piese &#8211; Castelul Corvinilor poate fi un cadou perfect pentru anivers\u0103ri, s\u0103rb\u0103tori sau alte ocazii speciale pentru orice pasionat de jocuri puzzle, cu v\u00e2rsta peste 14 ani.<\/span><\/p>\n","protected":false},"excerpt":{"rendered":"<p>Descoper\u0103 Castelul Corvinilor \u00eentr-un mod inedit, prin intermediului jocului Puzzle 1000 piese de la ROOVI.\u00a0 Pentru orice pasionat de jocuri<\/p>\n","protected":false},"featured_media":67711,"template":"","meta":[],"product_brand":[],"product_cat":[1454,1488,1560],"product_tag":[2678,2658,2646,2679],"class_list":{"0":"post-67710","1":"product","2":"type-product","3":"status-publish","4":"has-post-thumbnail","6":"product_cat-puzzle","7":"product_cat-puzzle-adulti","8":"product_cat-puzzle-adulti-1000","9":"product_tag-corvincastle","10":"product_tag-launched2023","11":"product_tag-puzzle1000","12":"product_tag-romaniacastles","14":"first","15":"instock","16":"taxable","17":"shipping-taxable","18":"product-type-simple"},"yoast_head":"<!-- This site is optimized with the Yoast SEO plugin v20.1 - https:\/\/yoast.com\/wordpress\/plugins\/seo\/ -->\n<title>Puzzle Castelul Corvinilor \u2013 Puzzle adul\u021bi 1000 piese \u2013 Imagini din Rom\u00e2nia - Roovi B2B<\/title>\n<meta name=\"robots\" content=\"index, follow, max-snippet:-1, max-image-preview:large, max-video-preview:-1\" \/>\n<link rel=\"canonical\" href=\"https:\/\/business.roovi.com\/ro\/puzzle-castelul-corvinilor-puzzle-adulti-1000-piese-imagini-din-romania\/p\/\" \/>\n<meta property=\"og:locale\" content=\"ro_RO\" \/>\n<meta property=\"og:type\" content=\"article\" \/>\n<meta property=\"og:title\" content=\"Puzzle Castelul Corvinilor \u2013 Puzzle adul\u021bi 1000 piese \u2013 Imagini din Rom\u00e2nia - Roovi B2B\" \/>\n<meta property=\"og:description\" content=\"Descoper\u0103 Castelul Corvinilor \u00eentr-un mod inedit, prin intermediului jocului Puzzle 1000 piese de la ROOVI.\u00a0 Pentru orice pasionat de jocuri\" \/>\n<meta property=\"og:url\" content=\"https:\/\/business.roovi.com\/ro\/puzzle-castelul-corvinilor-puzzle-adulti-1000-piese-imagini-din-romania\/p\/\" \/>\n<meta property=\"og:site_name\" content=\"Roovi B2B\" \/>\n<meta property=\"article:publisher\" content=\"https:\/\/www.facebook.com\/wwwjucariero\" \/>\n<meta property=\"article:modified_time\" content=\"2025-03-18T09:44:47+00:00\" \/>\n<meta property=\"og:image\" content=\"https:\/\/business.roovi.com\/wp-content\/uploads\/2023\/03\/01_MAIN-15.jpg\" \/>\n\t<meta property=\"og:image:width\" content=\"1200\" \/>\n\t<meta property=\"og:image:height\" content=\"1200\" \/>\n\t<meta property=\"og:image:type\" content=\"image\/jpeg\" \/>\n<meta name=\"twitter:label1\" content=\"Timp estimat pentru citire\" \/>\n\t<meta name=\"twitter:data1\" content=\"2 minute\" \/>\n<script type=\"application\/ld+json\" class=\"yoast-schema-graph\">{\"@context\":\"https:\/\/schema.org\",\"@graph\":[{\"@type\":\"WebPage\",\"@id\":\"https:\/\/business.roovi.com\/ro\/puzzle-castelul-corvinilor-puzzle-adulti-1000-piese-imagini-din-romania\/p\/\",\"url\":\"https:\/\/business.roovi.com\/ro\/puzzle-castelul-corvinilor-puzzle-adulti-1000-piese-imagini-din-romania\/p\/\",\"name\":\"Puzzle Castelul Corvinilor \u2013 Puzzle adul\u021bi 1000 piese \u2013 Imagini din Rom\u00e2nia - Roovi B2B\",\"isPartOf\":{\"@id\":\"https:\/\/business.roovi.com\/ro\/#website\"},\"datePublished\":\"2023-03-11T09:07:42+00:00\",\"dateModified\":\"2025-03-18T09:44:47+00:00\",\"breadcrumb\":{\"@id\":\"https:\/\/business.roovi.com\/ro\/puzzle-castelul-corvinilor-puzzle-adulti-1000-piese-imagini-din-romania\/p\/#breadcrumb\"},\"inLanguage\":\"ro-RO\",\"potentialAction\":[{\"@type\":\"ReadAction\",\"target\":[\"https:\/\/business.roovi.com\/ro\/puzzle-castelul-corvinilor-puzzle-adulti-1000-piese-imagini-din-romania\/p\/\"]}]},{\"@type\":\"BreadcrumbList\",\"@id\":\"https:\/\/business.roovi.com\/ro\/puzzle-castelul-corvinilor-puzzle-adulti-1000-piese-imagini-din-romania\/p\/#breadcrumb\",\"itemListElement\":[{\"@type\":\"ListItem\",\"position\":1,\"name\":\"Home\",\"item\":\"https:\/\/business.roovi.com\/ro\/\"},{\"@type\":\"ListItem\",\"position\":2,\"name\":\"Magazin\",\"item\":\"https:\/\/business.roovi.com\/ro\/magazin\/\"},{\"@type\":\"ListItem\",\"position\":3,\"name\":\"Puzzle Castelul Corvinilor \u2013 Puzzle adul\u021bi 1000 piese \u2013 Imagini din Rom\u00e2nia\"}]},{\"@type\":\"WebSite\",\"@id\":\"https:\/\/business.roovi.com\/ro\/#website\",\"url\":\"https:\/\/business.roovi.com\/ro\/\",\"name\":\"Roovi B2B\",\"description\":\"Roovi Business Website\",\"potentialAction\":[{\"@type\":\"SearchAction\",\"target\":{\"@type\":\"EntryPoint\",\"urlTemplate\":\"https:\/\/business.roovi.com\/ro\/?s={search_term_string}\"},\"query-input\":\"required name=search_term_string\"}],\"inLanguage\":\"ro-RO\"}]}<\/script>\n<!-- \/ Yoast SEO plugin. -->","yoast_head_json":{"title":"Puzzle Castelul Corvinilor \u2013 Puzzle adul\u021bi 1000 piese \u2013 Imagini din Rom\u00e2nia - Roovi B2B","robots":{"index":"index","follow":"follow","max-snippet":"max-snippet:-1","max-image-preview":"max-image-preview:large","max-video-preview":"max-video-preview:-1"},"canonical":"https:\/\/business.roovi.com\/ro\/puzzle-castelul-corvinilor-puzzle-adulti-1000-piese-imagini-din-romania\/p\/","og_locale":"ro_RO","og_type":"article","og_title":"Puzzle Castelul Corvinilor \u2013 Puzzle adul\u021bi 1000 piese \u2013 Imagini din Rom\u00e2nia - Roovi B2B","og_description":"Descoper\u0103 Castelul Corvinilor \u00eentr-un mod inedit, prin intermediului jocului Puzzle 1000 piese de la ROOVI.\u00a0 Pentru orice pasionat de jocuri","og_url":"https:\/\/business.roovi.com\/ro\/puzzle-castelul-corvinilor-puzzle-adulti-1000-piese-imagini-din-romania\/p\/","og_site_name":"Roovi B2B","article_publisher":"https:\/\/www.facebook.com\/wwwjucariero","article_modified_time":"2025-03-18T09:44:47+00:00","og_image":[{"width":1200,"height":1200,"url":"https:\/\/business.roovi.com\/wp-content\/uploads\/2023\/03\/01_MAIN-15.jpg","type":"image\/jpeg"}],"twitter_misc":{"Timp estimat pentru citire":"2 minute"},"schema":{"@context":"https:\/\/schema.org","@graph":[{"@type":"WebPage","@id":"https:\/\/business.roovi.com\/ro\/puzzle-castelul-corvinilor-puzzle-adulti-1000-piese-imagini-din-romania\/p\/","url":"https:\/\/business.roovi.com\/ro\/puzzle-castelul-corvinilor-puzzle-adulti-1000-piese-imagini-din-romania\/p\/","name":"Puzzle Castelul Corvinilor \u2013 Puzzle adul\u021bi 1000 piese \u2013 Imagini din Rom\u00e2nia - Roovi B2B","isPartOf":{"@id":"https:\/\/business.roovi.com\/ro\/#website"},"datePublished":"2023-03-11T09:07:42+00:00","dateModified":"2025-03-18T09:44:47+00:00","breadcrumb":{"@id":"https:\/\/business.roovi.com\/ro\/puzzle-castelul-corvinilor-puzzle-adulti-1000-piese-imagini-din-romania\/p\/#breadcrumb"},"inLanguage":"ro-RO","potentialAction":[{"@type":"ReadAction","target":["https:\/\/business.roovi.com\/ro\/puzzle-castelul-corvinilor-puzzle-adulti-1000-piese-imagini-din-romania\/p\/"]}]},{"@type":"BreadcrumbList","@id":"https:\/\/business.roovi.com\/ro\/puzzle-castelul-corvinilor-puzzle-adulti-1000-piese-imagini-din-romania\/p\/#breadcrumb","itemListElement":[{"@type":"ListItem","position":1,"name":"Home","item":"https:\/\/business.roovi.com\/ro\/"},{"@type":"ListItem","position":2,"name":"Magazin","item":"https:\/\/business.roovi.com\/ro\/magazin\/"},{"@type":"ListItem","position":3,"name":"Puzzle Castelul Corvinilor \u2013 Puzzle adul\u021bi 1000 piese \u2013 Imagini din Rom\u00e2nia"}]},{"@type":"WebSite","@id":"https:\/\/business.roovi.com\/ro\/#website","url":"https:\/\/business.roovi.com\/ro\/","name":"Roovi B2B","description":"Roovi Business Website","potentialAction":[{"@type":"SearchAction","target":{"@type":"EntryPoint","urlTemplate":"https:\/\/business.roovi.com\/ro\/?s={search_term_string}"},"query-input":"required name=search_term_string"}],"inLanguage":"ro-RO"}]}},"_links":{"self":[{"href":"https:\/\/business.roovi.com\/ro\/wp-json\/wp\/v2\/product\/67710","targetHints":{"allow":["GET"]}}],"collection":[{"href":"https:\/\/business.roovi.com\/ro\/wp-json\/wp\/v2\/product"}],"about":[{"href":"https:\/\/business.roovi.com\/ro\/wp-json\/wp\/v2\/types\/product"}],"version-history":[{"count":0,"href":"https:\/\/business.roovi.com\/ro\/wp-json\/wp\/v2\/product\/67710\/revisions"}],"wp:featuredmedia":[{"embeddable":true,"href":"https:\/\/business.roovi.com\/ro\/wp-json\/wp\/v2\/media\/67711"}],"wp:attachment":[{"href":"https:\/\/business.roovi.com\/ro\/wp-json\/wp\/v2\/media?parent=67710"}],"wp:term":[{"taxonomy":"product_brand","embeddable":true,"href":"https:\/\/business.roovi.com\/ro\/wp-json\/wp\/v2\/product_brand?post=67710"},{"taxonomy":"product_cat","embeddable":true,"href":"https:\/\/business.roovi.com\/ro\/wp-json\/wp\/v2\/product_cat?post=67710"},{"taxonomy":"product_tag","embeddable":true,"href":"https:\/\/business.roovi.com\/ro\/wp-json\/wp\/v2\/product_tag?post=67710"}],"curies":[{"name":"wp","href":"https:\/\/api.w.org\/{rel}","templated":true}]}}