{"id":67749,"date":"2023-03-11T09:11:03","date_gmt":"2023-03-11T09:11:03","guid":{"rendered":"https:\/\/business.roovi.com\/?post_type=product&#038;p=67749"},"modified":"2025-03-18T09:45:26","modified_gmt":"2025-03-18T09:45:26","slug":"puzzle-arcul-de-triumf-puzzle-adulti-1000-piese-imagini-din-romania","status":"publish","type":"product","link":"https:\/\/business.roovi.com\/ro\/puzzle-arcul-de-triumf-puzzle-adulti-1000-piese-imagini-din-romania\/p\/","title":{"rendered":"Puzzle Arcul de Triumf \u2013 Puzzle adul\u021bi 1000 piese \u2013 Imagini din Rom\u00e2nia"},"content":{"rendered":"<h3><span style=\"font-weight: 400;\">Testeaz\u0103-\u021bi r\u0103bdarea \u0219i \u00eendem\u00e2narea cu Puzzle 1000 &#8211; Bucure\u0219ti, Arcul de Triumf . Descoper\u0103 un puzzle pentru adul\u021bi cu o imagine deosebit\u0103 care \u00ee\u021bi aduce aproape unul dintre obiectivele emblematice din capitala Rom\u00e2niei.\u00a0<\/span><\/h3>\n<p><span style=\"font-weight: 400;\">Arcul de Triumf din Bucure\u0219ti este un simbol al Bucure\u0219tiului \u0219i un important obiectiv turistic al ora\u0219ului. Amplasat la cap\u0103tul bulevardului Kiseleff, Arcul de Triumf a fost construit \u00eentre anii 1921-1922, pentru a celebra victoria Rom\u00e2niei \u00een Primul R\u0103zboi Mondial \u0219i unificarea tuturor provinciilor rom\u00e2ne\u0219ti.<\/span><\/p>\n<p><span style=\"font-weight: 400;\">Un puzzle 1000 cu imaginea Arcului de Triumf din Bucure\u0219ti poate fi astfel o experien\u021b\u0103 fascinant\u0103 pentru iubitorii de puzzle-uri \u0219i pentru cei pasiona\u021bi de istorie \u0219i arhitectur\u0103.<\/span><\/p>\n<p><span style=\"font-weight: 400;\">De asemenea, puzzle 1000 piese &#8211; Arcul de Triumf este un exerci\u021biu benefic pentru s\u0103n\u0103tatea creierului, precum \u0219i o bun\u0103 oportunitate de a-\u021bi dezvolta abilit\u0103\u021bi precum: memoria, aten\u021bia, capacitatea de a rezolva probleme \u0219i perseveren\u021ba.<\/span><\/p>\n<h3><span style=\"font-weight: 400;\">De ce s\u0103 alegi Puzzle 1000 &#8211; Bucure\u0219ti, Arcul de Triumf<\/span><\/h3>\n<p><span style=\"font-weight: 400;\">Ob\u021bii un tablou cu dimensiuni generoase, de <\/span><b>68 x 47 cm<\/b><span style=\"font-weight: 400;\">, cu o imagine reprezentativ\u0103 a Arcului de Triumf din Bucure\u0219ti, pe care \u00eel po\u021bi folosi ca obiect decorativ pentru casa ta.<\/span><\/p>\n<p><span style=\"font-weight: 400;\">Piesele sunt produse din carton de calitate superioar\u0103, cu grosime de 2 mm, foarte rezistente, care se pot asambla de nenum\u0103rate ori f\u0103r\u0103 a se deteriora.<\/span><\/p>\n<p><span style=\"font-weight: 400;\">Este un produs prietenos cu natura, fiind realizat din materiale sustenabile \u0219i reciclabile.<\/span><\/p>\n<p><span style=\"font-weight: 400;\">Finisajul este semi-lucios, \u00een culori vii ce redau \u00een mod realist frumuse\u021bea cl\u0103dirii \u0219i a loca\u021biei.<\/span><\/p>\n<p><span style=\"font-weight: 400;\">Este potrivit persoanelor peste 14 ani \u0219i poate fi o activitate deconectant\u0103 pentru \u00eentreaga familie.<\/span><\/p>\n<h3><span style=\"font-weight: 400;\">Despre Arcul de Triumf din Bucure\u0219ti \u0219tiai c\u0103\u2026<\/span><\/h3>\n<ul>\n<li><span style=\"font-weight: 400;\">Leag\u0103 \u00een mod simbolic Bucure\u0219tiul de Roma Antic\u0103 &#8211; care a impus arcul ca simbol al victoriei &#8211; \u0219i de Fran\u021ba, al c\u0103rei Arc de Triumf din Paris a fost model pentru acesta din Rom\u00e2nia.<\/span><\/li>\n<li><span style=\"font-weight: 400;\">Pe latura sa de vest st\u0103 scris textul: \u201cGlorie celor ce prin vitejia \u0219i prin jertfa lor de s\u00e2nge au \u00eenf\u0103ptuit unitatea na\u021bional\u0103\u201d.<\/span><\/li>\n<li><span style=\"font-weight: 400;\">\u00cen Bucure\u0219ti au mai fost ridicate \u0219i alte arcuri de triumf, cu existen\u021b\u0103 temporar\u0103, \u00eentre anii 1848 \u0219i 1918, dar dup\u0103 Primul R\u0103zboi Mondial s-a luat decizia construirii unui monument cu caracter permanent.<\/span><\/li>\n<li><span style=\"font-weight: 400;\">Arcul de Triumf ad\u0103poste\u0219te \u0219i un mic muzeu care este deschis spre vizitare.<\/span><\/li>\n<\/ul>\n<h3><span style=\"font-weight: 400;\">Puzzle 1000 piese &#8211; Arcul de Triumf &#8211; momente de relaxare \u0219i recuno\u0219tin\u021b\u0103 pentru momentul prezent<\/span><\/h3>\n<p><span style=\"font-weight: 400;\">Asamblarea puzzle-ului 1000 &#8211; Arcul de Triumf este o activitate relaxant\u0103 \u0219i un prilej de a practica recuno\u0219tin\u021ba. Un monument \u00eenchinat celor care au luptat pentru libertate \u0219i unire ne aduce aminte s\u0103 ne bucur\u0103m de momentul prezent, de pace, lini\u0219te \u0219i oamenii din jurul nostru.<\/span><\/p>\n<p><span style=\"font-weight: 400;\">De asemenea, Puzzle 1000 piese &#8211; Arcul de Triumf poate fi \u0219i o bun\u0103 oportunitate de a le vorbi copiilor mai mari despre istoria \u021b\u0103rii, despre valorile importante precum dreptatea, adev\u0103rul \u0219i libertatea.<\/span><\/p>\n<p><span style=\"font-weight: 400;\">Alege a\u0219adar Puzzle 1000 Piese &#8211; Arcul de Triumf \u0219i bucur\u0103-te de un timp de calitate petrecut cu sens, singur sau al\u0103turi de cei dragi.<\/span><\/p>\n","protected":false},"excerpt":{"rendered":"<p>Testeaz\u0103-\u021bi r\u0103bdarea \u0219i \u00eendem\u00e2narea cu Puzzle 1000 &#8211; Bucure\u0219ti, Arcul de Triumf . Descoper\u0103 un puzzle pentru adul\u021bi cu o<\/p>\n","protected":false},"featured_media":67750,"template":"","meta":[],"product_brand":[],"product_cat":[1454,1488,1560],"product_tag":[2676,2658,2646],"class_list":{"0":"post-67749","1":"product","2":"type-product","3":"status-publish","4":"has-post-thumbnail","6":"product_cat-puzzle","7":"product_cat-puzzle-adulti","8":"product_cat-puzzle-adulti-1000","9":"product_tag-archoftriumph","10":"product_tag-launched2023","11":"product_tag-puzzle1000","13":"first","14":"instock","15":"taxable","16":"shipping-taxable","17":"product-type-simple"},"yoast_head":"<!-- This site is optimized with the Yoast SEO plugin v20.1 - https:\/\/yoast.com\/wordpress\/plugins\/seo\/ -->\n<title>Puzzle Arcul de Triumf \u2013 Puzzle adul\u021bi 1000 piese \u2013 Imagini din Rom\u00e2nia - Roovi B2B<\/title>\n<meta name=\"robots\" content=\"index, follow, max-snippet:-1, max-image-preview:large, max-video-preview:-1\" \/>\n<link rel=\"canonical\" href=\"https:\/\/business.roovi.com\/ro\/puzzle-arcul-de-triumf-puzzle-adulti-1000-piese-imagini-din-romania\/p\/\" \/>\n<meta property=\"og:locale\" content=\"ro_RO\" \/>\n<meta property=\"og:type\" content=\"article\" \/>\n<meta property=\"og:title\" content=\"Puzzle Arcul de Triumf \u2013 Puzzle adul\u021bi 1000 piese \u2013 Imagini din Rom\u00e2nia - Roovi B2B\" \/>\n<meta property=\"og:description\" content=\"Testeaz\u0103-\u021bi r\u0103bdarea \u0219i \u00eendem\u00e2narea cu Puzzle 1000 &#8211; Bucure\u0219ti, Arcul de Triumf . Descoper\u0103 un puzzle pentru adul\u021bi cu o\" \/>\n<meta property=\"og:url\" content=\"https:\/\/business.roovi.com\/ro\/puzzle-arcul-de-triumf-puzzle-adulti-1000-piese-imagini-din-romania\/p\/\" \/>\n<meta property=\"og:site_name\" content=\"Roovi B2B\" \/>\n<meta property=\"article:publisher\" content=\"https:\/\/www.facebook.com\/wwwjucariero\" \/>\n<meta property=\"article:modified_time\" content=\"2025-03-18T09:45:26+00:00\" \/>\n<meta property=\"og:image\" content=\"https:\/\/business.roovi.com\/wp-content\/uploads\/2023\/03\/01_MAIN-16.jpg\" \/>\n\t<meta property=\"og:image:width\" content=\"1200\" \/>\n\t<meta property=\"og:image:height\" content=\"1200\" \/>\n\t<meta property=\"og:image:type\" content=\"image\/jpeg\" \/>\n<meta name=\"twitter:label1\" content=\"Timp estimat pentru citire\" \/>\n\t<meta name=\"twitter:data1\" content=\"3 minute\" \/>\n<script type=\"application\/ld+json\" class=\"yoast-schema-graph\">{\"@context\":\"https:\/\/schema.org\",\"@graph\":[{\"@type\":\"WebPage\",\"@id\":\"https:\/\/business.roovi.com\/ro\/puzzle-arcul-de-triumf-puzzle-adulti-1000-piese-imagini-din-romania\/p\/\",\"url\":\"https:\/\/business.roovi.com\/ro\/puzzle-arcul-de-triumf-puzzle-adulti-1000-piese-imagini-din-romania\/p\/\",\"name\":\"Puzzle Arcul de Triumf \u2013 Puzzle adul\u021bi 1000 piese \u2013 Imagini din Rom\u00e2nia - Roovi B2B\",\"isPartOf\":{\"@id\":\"https:\/\/business.roovi.com\/ro\/#website\"},\"datePublished\":\"2023-03-11T09:11:03+00:00\",\"dateModified\":\"2025-03-18T09:45:26+00:00\",\"breadcrumb\":{\"@id\":\"https:\/\/business.roovi.com\/ro\/puzzle-arcul-de-triumf-puzzle-adulti-1000-piese-imagini-din-romania\/p\/#breadcrumb\"},\"inLanguage\":\"ro-RO\",\"potentialAction\":[{\"@type\":\"ReadAction\",\"target\":[\"https:\/\/business.roovi.com\/ro\/puzzle-arcul-de-triumf-puzzle-adulti-1000-piese-imagini-din-romania\/p\/\"]}]},{\"@type\":\"BreadcrumbList\",\"@id\":\"https:\/\/business.roovi.com\/ro\/puzzle-arcul-de-triumf-puzzle-adulti-1000-piese-imagini-din-romania\/p\/#breadcrumb\",\"itemListElement\":[{\"@type\":\"ListItem\",\"position\":1,\"name\":\"Home\",\"item\":\"https:\/\/business.roovi.com\/ro\/\"},{\"@type\":\"ListItem\",\"position\":2,\"name\":\"Magazin\",\"item\":\"https:\/\/business.roovi.com\/ro\/magazin\/\"},{\"@type\":\"ListItem\",\"position\":3,\"name\":\"Puzzle Arcul de Triumf \u2013 Puzzle adul\u021bi 1000 piese \u2013 Imagini din Rom\u00e2nia\"}]},{\"@type\":\"WebSite\",\"@id\":\"https:\/\/business.roovi.com\/ro\/#website\",\"url\":\"https:\/\/business.roovi.com\/ro\/\",\"name\":\"Roovi B2B\",\"description\":\"Roovi Business Website\",\"potentialAction\":[{\"@type\":\"SearchAction\",\"target\":{\"@type\":\"EntryPoint\",\"urlTemplate\":\"https:\/\/business.roovi.com\/ro\/?s={search_term_string}\"},\"query-input\":\"required name=search_term_string\"}],\"inLanguage\":\"ro-RO\"}]}<\/script>\n<!-- \/ Yoast SEO plugin. -->","yoast_head_json":{"title":"Puzzle Arcul de Triumf \u2013 Puzzle adul\u021bi 1000 piese \u2013 Imagini din Rom\u00e2nia - Roovi B2B","robots":{"index":"index","follow":"follow","max-snippet":"max-snippet:-1","max-image-preview":"max-image-preview:large","max-video-preview":"max-video-preview:-1"},"canonical":"https:\/\/business.roovi.com\/ro\/puzzle-arcul-de-triumf-puzzle-adulti-1000-piese-imagini-din-romania\/p\/","og_locale":"ro_RO","og_type":"article","og_title":"Puzzle Arcul de Triumf \u2013 Puzzle adul\u021bi 1000 piese \u2013 Imagini din Rom\u00e2nia - Roovi B2B","og_description":"Testeaz\u0103-\u021bi r\u0103bdarea \u0219i \u00eendem\u00e2narea cu Puzzle 1000 &#8211; Bucure\u0219ti, Arcul de Triumf . Descoper\u0103 un puzzle pentru adul\u021bi cu o","og_url":"https:\/\/business.roovi.com\/ro\/puzzle-arcul-de-triumf-puzzle-adulti-1000-piese-imagini-din-romania\/p\/","og_site_name":"Roovi B2B","article_publisher":"https:\/\/www.facebook.com\/wwwjucariero","article_modified_time":"2025-03-18T09:45:26+00:00","og_image":[{"width":1200,"height":1200,"url":"https:\/\/business.roovi.com\/wp-content\/uploads\/2023\/03\/01_MAIN-16.jpg","type":"image\/jpeg"}],"twitter_misc":{"Timp estimat pentru citire":"3 minute"},"schema":{"@context":"https:\/\/schema.org","@graph":[{"@type":"WebPage","@id":"https:\/\/business.roovi.com\/ro\/puzzle-arcul-de-triumf-puzzle-adulti-1000-piese-imagini-din-romania\/p\/","url":"https:\/\/business.roovi.com\/ro\/puzzle-arcul-de-triumf-puzzle-adulti-1000-piese-imagini-din-romania\/p\/","name":"Puzzle Arcul de Triumf \u2013 Puzzle adul\u021bi 1000 piese \u2013 Imagini din Rom\u00e2nia - Roovi B2B","isPartOf":{"@id":"https:\/\/business.roovi.com\/ro\/#website"},"datePublished":"2023-03-11T09:11:03+00:00","dateModified":"2025-03-18T09:45:26+00:00","breadcrumb":{"@id":"https:\/\/business.roovi.com\/ro\/puzzle-arcul-de-triumf-puzzle-adulti-1000-piese-imagini-din-romania\/p\/#breadcrumb"},"inLanguage":"ro-RO","potentialAction":[{"@type":"ReadAction","target":["https:\/\/business.roovi.com\/ro\/puzzle-arcul-de-triumf-puzzle-adulti-1000-piese-imagini-din-romania\/p\/"]}]},{"@type":"BreadcrumbList","@id":"https:\/\/business.roovi.com\/ro\/puzzle-arcul-de-triumf-puzzle-adulti-1000-piese-imagini-din-romania\/p\/#breadcrumb","itemListElement":[{"@type":"ListItem","position":1,"name":"Home","item":"https:\/\/business.roovi.com\/ro\/"},{"@type":"ListItem","position":2,"name":"Magazin","item":"https:\/\/business.roovi.com\/ro\/magazin\/"},{"@type":"ListItem","position":3,"name":"Puzzle Arcul de Triumf \u2013 Puzzle adul\u021bi 1000 piese \u2013 Imagini din Rom\u00e2nia"}]},{"@type":"WebSite","@id":"https:\/\/business.roovi.com\/ro\/#website","url":"https:\/\/business.roovi.com\/ro\/","name":"Roovi B2B","description":"Roovi Business Website","potentialAction":[{"@type":"SearchAction","target":{"@type":"EntryPoint","urlTemplate":"https:\/\/business.roovi.com\/ro\/?s={search_term_string}"},"query-input":"required name=search_term_string"}],"inLanguage":"ro-RO"}]}},"_links":{"self":[{"href":"https:\/\/business.roovi.com\/ro\/wp-json\/wp\/v2\/product\/67749","targetHints":{"allow":["GET"]}}],"collection":[{"href":"https:\/\/business.roovi.com\/ro\/wp-json\/wp\/v2\/product"}],"about":[{"href":"https:\/\/business.roovi.com\/ro\/wp-json\/wp\/v2\/types\/product"}],"version-history":[{"count":0,"href":"https:\/\/business.roovi.com\/ro\/wp-json\/wp\/v2\/product\/67749\/revisions"}],"wp:featuredmedia":[{"embeddable":true,"href":"https:\/\/business.roovi.com\/ro\/wp-json\/wp\/v2\/media\/67750"}],"wp:attachment":[{"href":"https:\/\/business.roovi.com\/ro\/wp-json\/wp\/v2\/media?parent=67749"}],"wp:term":[{"taxonomy":"product_brand","embeddable":true,"href":"https:\/\/business.roovi.com\/ro\/wp-json\/wp\/v2\/product_brand?post=67749"},{"taxonomy":"product_cat","embeddable":true,"href":"https:\/\/business.roovi.com\/ro\/wp-json\/wp\/v2\/product_cat?post=67749"},{"taxonomy":"product_tag","embeddable":true,"href":"https:\/\/business.roovi.com\/ro\/wp-json\/wp\/v2\/product_tag?post=67749"}],"curies":[{"name":"wp","href":"https:\/\/api.w.org\/{rel}","templated":true}]}}