{"id":67827,"date":"2023-03-11T09:16:55","date_gmt":"2023-03-11T09:16:55","guid":{"rendered":"https:\/\/business.roovi.com\/?post_type=product&#038;p=67827"},"modified":"2025-03-18T09:46:43","modified_gmt":"2025-03-18T09:46:43","slug":"puzzle-delta-dunarii-puzzle-adulti-1000-piese-imagini-din-romania","status":"publish","type":"product","link":"https:\/\/business.roovi.com\/ro\/puzzle-delta-dunarii-puzzle-adulti-1000-piese-imagini-din-romania\/p\/","title":{"rendered":"Puzzle Delta Dunarii \u2013 Puzzle adul\u021bi 1000 piese \u2013 Imagini din Rom\u00e2nia"},"content":{"rendered":"<h3><span style=\"font-weight: 400;\">Exploreaz\u0103 una dintre cele mai frumoase zone naturale din Europa cu Puzzle 1000 piese &#8211; Delta Dun\u0103rii!<\/span><\/h3>\n<p><span style=\"font-weight: 400;\">Situat\u0103 \u00een sud-estul Rom\u00e2niei, Delta Dun\u0103rii este cea mai bine conservat\u0103 delt\u0103 din Europa. Se remarc\u0103 printr-o varietate deosebit\u0103 de specii de plante, animale s\u0103lbatice \u0219i p\u0103s\u0103ri rare care tr\u0103iesc doar aici.<\/span><\/p>\n<p><span style=\"font-weight: 400;\">Fiecare pies\u0103 din Puzzle 1000 &#8211; Delta Dun\u0103rii te duce parc\u0103 mai \u00een ad\u00e2ncul zonei s\u0103lbatice. Pe m\u0103sur\u0103 ce pui piesele \u00een ordine, prinde contur o imagine vie \u0219i luminoas\u0103 care transmite prin fiecare detaliu vibra\u021bia pozitiv\u0103 a locului.<\/span><\/p>\n<p><span style=\"font-weight: 400;\">Activitatea de asamblare este a\u0219adar o experien\u021b\u0103 senzorial\u0103 deosebit\u0103 \u0219i un prilej de introspec\u021bie \u0219i reg\u0103sire a sinelui.\u00a0<\/span><\/p>\n<h3><span style=\"font-weight: 400;\">De ce s\u0103 alegi Puzzle 1000 piese &#8211; Delta Dun\u0103rii<\/span><\/h3>\n<p><span style=\"font-weight: 400;\">Ob\u021bii un tablou cu dimensiuni generoase, de <\/span><b>68 x 47 cm<\/b><span style=\"font-weight: 400;\">, cu o imagine reprezentativ\u0103 a Deltei Dun\u0103rii, pe care \u00eel po\u021bi folosi ca obiect decorativ pentru casa ta.<\/span><\/p>\n<p><span style=\"font-weight: 400;\">Piesele sunt produse din carton de calitate superioar\u0103, cu grosime de 2 mm, foarte rezistente, care se pot asambla de nenum\u0103rate ori f\u0103r\u0103 a se deteriora.<\/span><\/p>\n<p><span style=\"font-weight: 400;\">Este un produs prietenos cu natura, fiind realizat din materiale sustenabile \u0219i reciclabile.<\/span><\/p>\n<p><span style=\"font-weight: 400;\">Finisajul este semi-lucios, \u00een culori vii ce redau \u00een mod realist frumuse\u021bea locului.<\/span><\/p>\n<p><span style=\"font-weight: 400;\">Este potrivit persoanelor peste 14 ani \u0219i poate fi o activitate deconectant\u0103 pentru \u00eentreaga familie.<\/span><\/p>\n<h3><span style=\"font-weight: 400;\">Despre Delta Dun\u0103rii \u0219tiai c\u0103\u2026<\/span><\/h3>\n<ul>\n<li><span style=\"font-weight: 400;\">Este una dintre cele mai importante zone de migra\u021bie a p\u0103s\u0103rilor din Europa, fiind o destina\u021bie preferat\u0103 de peste 300 de specii de p\u0103s\u0103ri, printre care \u0219i pelicanii, egretele \u0219i lebedele.<\/span><\/li>\n<li><span style=\"font-weight: 400;\">In Delta Dun\u0103rii se g\u0103se\u0219te cea mai compacta suprafa\u021b\u0103 de stuf\u0103ri\u0219 de pe glob.<\/span><\/li>\n<li><span style=\"font-weight: 400;\">\u00cen apele Deltei tr\u0103ie\u0219te \u0219i cel mai mare pe\u0219te din lume: morunul. \u00cen 1980, La Sf\u00e2ntu Gheorghe a fost capturat un exemplar gigantic de 882 kg.<\/span><\/li>\n<li><span style=\"font-weight: 400;\">\u201cBalaurul dobrogean\u201d este considerat specia cea mai agresiv\u0103 din Delt\u0103. Acesta este un \u0219arpe care poate atinge lungimea de 2 metri.<\/span><\/li>\n<li><span style=\"font-weight: 400;\">82% din suprafa\u021ba Deltei este pe teritoriul Rom\u00e2niei, restul fiind localizat\u0103 \u00een Ucraina.<\/span><\/li>\n<\/ul>\n<h3><span style=\"font-weight: 400;\">Puzzle 1000 piese &#8211; Delta Dun\u0103rii pentru momentele c\u00e2nd timpul are r\u0103bdare<\/span><\/h3>\n<p><span style=\"font-weight: 400;\">Dac\u0103 vrei s\u0103 \u00eencetine\u0219ti ritmul rapid \u00een care e\u0219ti ancorat, Puzzle 1000 piese &#8211; Delta Dun\u0103rii este alegerea cea mai bun\u0103. Te relaxeaz\u0103 total \u0219i te ajut\u0103 s\u0103 tr\u0103ie\u0219ti con\u0219tient fiecare clip\u0103 din prezent.<\/span><\/p>\n<p><span style=\"font-weight: 400;\">\u00cen plus, te ajut\u0103 s\u0103-\u021bi antrenezi abilit\u0103\u021bi \u0219i atitudini importante, precum:<\/span><\/p>\n<ul>\n<li style=\"font-weight: 400;\" aria-level=\"1\"><span style=\"font-weight: 400;\">Memoria pe termen scurt<\/span><\/li>\n<li style=\"font-weight: 400;\" aria-level=\"1\"><span style=\"font-weight: 400;\">Aten\u021bia \u0219i capacitatea de concentrare<\/span><\/li>\n<li style=\"font-weight: 400;\" aria-level=\"1\"><span style=\"font-weight: 400;\">G\u00e2ndirea logic\u0103 \u0219i creativitatea<\/span><\/li>\n<li style=\"font-weight: 400;\" aria-level=\"1\"><span style=\"font-weight: 400;\">Perseveren\u021ba \u0219i \u00eencrederea \u00een for\u021bele proprii.<\/span><\/li>\n<\/ul>\n<p><span style=\"font-weight: 400;\">Alege a\u0219adar Puzzle 1000 piese &#8211; Delta Dun\u0103rii pentru provocarea jocului, conectare cu cei dragi, relaxare \u0219i timp de calitate cu tine \u00eensu\u021bi sau cu ceilal\u021bi.<\/span><\/p>\n","protected":false},"excerpt":{"rendered":"<p>Exploreaz\u0103 una dintre cele mai frumoase zone naturale din Europa cu Puzzle 1000 piese &#8211; Delta Dun\u0103rii! Situat\u0103 \u00een sud-estul<\/p>\n","protected":false},"featured_media":67828,"template":"","meta":[],"product_brand":[],"product_cat":[1454,1488,1560],"product_tag":[2658,2646,2673,2674],"class_list":{"0":"post-67827","1":"product","2":"type-product","3":"status-publish","4":"has-post-thumbnail","6":"product_cat-puzzle","7":"product_cat-puzzle-adulti","8":"product_cat-puzzle-adulti-1000","9":"product_tag-launched2023","10":"product_tag-puzzle1000","11":"product_tag-puzzledanubedelta","12":"product_tag-romanialandscapes-ro","14":"first","15":"instock","16":"taxable","17":"shipping-taxable","18":"product-type-simple"},"yoast_head":"<!-- This site is optimized with the Yoast SEO plugin v20.1 - https:\/\/yoast.com\/wordpress\/plugins\/seo\/ -->\n<title>Puzzle Delta Dunarii \u2013 Puzzle adul\u021bi 1000 piese \u2013 Imagini din Rom\u00e2nia - Roovi B2B<\/title>\n<meta name=\"robots\" content=\"index, follow, max-snippet:-1, max-image-preview:large, max-video-preview:-1\" \/>\n<link rel=\"canonical\" href=\"https:\/\/business.roovi.com\/ro\/puzzle-delta-dunarii-puzzle-adulti-1000-piese-imagini-din-romania\/p\/\" \/>\n<meta property=\"og:locale\" content=\"ro_RO\" \/>\n<meta property=\"og:type\" content=\"article\" \/>\n<meta property=\"og:title\" content=\"Puzzle Delta Dunarii \u2013 Puzzle adul\u021bi 1000 piese \u2013 Imagini din Rom\u00e2nia - Roovi B2B\" \/>\n<meta property=\"og:description\" content=\"Exploreaz\u0103 una dintre cele mai frumoase zone naturale din Europa cu Puzzle 1000 piese &#8211; Delta Dun\u0103rii! Situat\u0103 \u00een sud-estul\" \/>\n<meta property=\"og:url\" content=\"https:\/\/business.roovi.com\/ro\/puzzle-delta-dunarii-puzzle-adulti-1000-piese-imagini-din-romania\/p\/\" \/>\n<meta property=\"og:site_name\" content=\"Roovi B2B\" \/>\n<meta property=\"article:publisher\" content=\"https:\/\/www.facebook.com\/wwwjucariero\" \/>\n<meta property=\"article:modified_time\" content=\"2025-03-18T09:46:43+00:00\" \/>\n<meta property=\"og:image\" content=\"https:\/\/business.roovi.com\/wp-content\/uploads\/2023\/03\/01_MAIN-18.jpg\" \/>\n\t<meta property=\"og:image:width\" content=\"1200\" \/>\n\t<meta property=\"og:image:height\" content=\"1200\" \/>\n\t<meta property=\"og:image:type\" content=\"image\/jpeg\" \/>\n<meta name=\"twitter:label1\" content=\"Timp estimat pentru citire\" \/>\n\t<meta name=\"twitter:data1\" content=\"2 minute\" \/>\n<script type=\"application\/ld+json\" class=\"yoast-schema-graph\">{\"@context\":\"https:\/\/schema.org\",\"@graph\":[{\"@type\":\"WebPage\",\"@id\":\"https:\/\/business.roovi.com\/ro\/puzzle-delta-dunarii-puzzle-adulti-1000-piese-imagini-din-romania\/p\/\",\"url\":\"https:\/\/business.roovi.com\/ro\/puzzle-delta-dunarii-puzzle-adulti-1000-piese-imagini-din-romania\/p\/\",\"name\":\"Puzzle Delta Dunarii \u2013 Puzzle adul\u021bi 1000 piese \u2013 Imagini din Rom\u00e2nia - Roovi B2B\",\"isPartOf\":{\"@id\":\"https:\/\/business.roovi.com\/ro\/#website\"},\"datePublished\":\"2023-03-11T09:16:55+00:00\",\"dateModified\":\"2025-03-18T09:46:43+00:00\",\"breadcrumb\":{\"@id\":\"https:\/\/business.roovi.com\/ro\/puzzle-delta-dunarii-puzzle-adulti-1000-piese-imagini-din-romania\/p\/#breadcrumb\"},\"inLanguage\":\"ro-RO\",\"potentialAction\":[{\"@type\":\"ReadAction\",\"target\":[\"https:\/\/business.roovi.com\/ro\/puzzle-delta-dunarii-puzzle-adulti-1000-piese-imagini-din-romania\/p\/\"]}]},{\"@type\":\"BreadcrumbList\",\"@id\":\"https:\/\/business.roovi.com\/ro\/puzzle-delta-dunarii-puzzle-adulti-1000-piese-imagini-din-romania\/p\/#breadcrumb\",\"itemListElement\":[{\"@type\":\"ListItem\",\"position\":1,\"name\":\"Home\",\"item\":\"https:\/\/business.roovi.com\/ro\/\"},{\"@type\":\"ListItem\",\"position\":2,\"name\":\"Magazin\",\"item\":\"https:\/\/business.roovi.com\/ro\/magazin\/\"},{\"@type\":\"ListItem\",\"position\":3,\"name\":\"Puzzle Delta Dunarii \u2013 Puzzle adul\u021bi 1000 piese \u2013 Imagini din Rom\u00e2nia\"}]},{\"@type\":\"WebSite\",\"@id\":\"https:\/\/business.roovi.com\/ro\/#website\",\"url\":\"https:\/\/business.roovi.com\/ro\/\",\"name\":\"Roovi B2B\",\"description\":\"Roovi Business Website\",\"potentialAction\":[{\"@type\":\"SearchAction\",\"target\":{\"@type\":\"EntryPoint\",\"urlTemplate\":\"https:\/\/business.roovi.com\/ro\/?s={search_term_string}\"},\"query-input\":\"required name=search_term_string\"}],\"inLanguage\":\"ro-RO\"}]}<\/script>\n<!-- \/ Yoast SEO plugin. -->","yoast_head_json":{"title":"Puzzle Delta Dunarii \u2013 Puzzle adul\u021bi 1000 piese \u2013 Imagini din Rom\u00e2nia - Roovi B2B","robots":{"index":"index","follow":"follow","max-snippet":"max-snippet:-1","max-image-preview":"max-image-preview:large","max-video-preview":"max-video-preview:-1"},"canonical":"https:\/\/business.roovi.com\/ro\/puzzle-delta-dunarii-puzzle-adulti-1000-piese-imagini-din-romania\/p\/","og_locale":"ro_RO","og_type":"article","og_title":"Puzzle Delta Dunarii \u2013 Puzzle adul\u021bi 1000 piese \u2013 Imagini din Rom\u00e2nia - Roovi B2B","og_description":"Exploreaz\u0103 una dintre cele mai frumoase zone naturale din Europa cu Puzzle 1000 piese &#8211; Delta Dun\u0103rii! Situat\u0103 \u00een sud-estul","og_url":"https:\/\/business.roovi.com\/ro\/puzzle-delta-dunarii-puzzle-adulti-1000-piese-imagini-din-romania\/p\/","og_site_name":"Roovi B2B","article_publisher":"https:\/\/www.facebook.com\/wwwjucariero","article_modified_time":"2025-03-18T09:46:43+00:00","og_image":[{"width":1200,"height":1200,"url":"https:\/\/business.roovi.com\/wp-content\/uploads\/2023\/03\/01_MAIN-18.jpg","type":"image\/jpeg"}],"twitter_misc":{"Timp estimat pentru citire":"2 minute"},"schema":{"@context":"https:\/\/schema.org","@graph":[{"@type":"WebPage","@id":"https:\/\/business.roovi.com\/ro\/puzzle-delta-dunarii-puzzle-adulti-1000-piese-imagini-din-romania\/p\/","url":"https:\/\/business.roovi.com\/ro\/puzzle-delta-dunarii-puzzle-adulti-1000-piese-imagini-din-romania\/p\/","name":"Puzzle Delta Dunarii \u2013 Puzzle adul\u021bi 1000 piese \u2013 Imagini din Rom\u00e2nia - Roovi B2B","isPartOf":{"@id":"https:\/\/business.roovi.com\/ro\/#website"},"datePublished":"2023-03-11T09:16:55+00:00","dateModified":"2025-03-18T09:46:43+00:00","breadcrumb":{"@id":"https:\/\/business.roovi.com\/ro\/puzzle-delta-dunarii-puzzle-adulti-1000-piese-imagini-din-romania\/p\/#breadcrumb"},"inLanguage":"ro-RO","potentialAction":[{"@type":"ReadAction","target":["https:\/\/business.roovi.com\/ro\/puzzle-delta-dunarii-puzzle-adulti-1000-piese-imagini-din-romania\/p\/"]}]},{"@type":"BreadcrumbList","@id":"https:\/\/business.roovi.com\/ro\/puzzle-delta-dunarii-puzzle-adulti-1000-piese-imagini-din-romania\/p\/#breadcrumb","itemListElement":[{"@type":"ListItem","position":1,"name":"Home","item":"https:\/\/business.roovi.com\/ro\/"},{"@type":"ListItem","position":2,"name":"Magazin","item":"https:\/\/business.roovi.com\/ro\/magazin\/"},{"@type":"ListItem","position":3,"name":"Puzzle Delta Dunarii \u2013 Puzzle adul\u021bi 1000 piese \u2013 Imagini din Rom\u00e2nia"}]},{"@type":"WebSite","@id":"https:\/\/business.roovi.com\/ro\/#website","url":"https:\/\/business.roovi.com\/ro\/","name":"Roovi B2B","description":"Roovi Business Website","potentialAction":[{"@type":"SearchAction","target":{"@type":"EntryPoint","urlTemplate":"https:\/\/business.roovi.com\/ro\/?s={search_term_string}"},"query-input":"required name=search_term_string"}],"inLanguage":"ro-RO"}]}},"_links":{"self":[{"href":"https:\/\/business.roovi.com\/ro\/wp-json\/wp\/v2\/product\/67827","targetHints":{"allow":["GET"]}}],"collection":[{"href":"https:\/\/business.roovi.com\/ro\/wp-json\/wp\/v2\/product"}],"about":[{"href":"https:\/\/business.roovi.com\/ro\/wp-json\/wp\/v2\/types\/product"}],"version-history":[{"count":0,"href":"https:\/\/business.roovi.com\/ro\/wp-json\/wp\/v2\/product\/67827\/revisions"}],"wp:featuredmedia":[{"embeddable":true,"href":"https:\/\/business.roovi.com\/ro\/wp-json\/wp\/v2\/media\/67828"}],"wp:attachment":[{"href":"https:\/\/business.roovi.com\/ro\/wp-json\/wp\/v2\/media?parent=67827"}],"wp:term":[{"taxonomy":"product_brand","embeddable":true,"href":"https:\/\/business.roovi.com\/ro\/wp-json\/wp\/v2\/product_brand?post=67827"},{"taxonomy":"product_cat","embeddable":true,"href":"https:\/\/business.roovi.com\/ro\/wp-json\/wp\/v2\/product_cat?post=67827"},{"taxonomy":"product_tag","embeddable":true,"href":"https:\/\/business.roovi.com\/ro\/wp-json\/wp\/v2\/product_tag?post=67827"}],"curies":[{"name":"wp","href":"https:\/\/api.w.org\/{rel}","templated":true}]}}