{"id":67866,"date":"2023-03-11T09:19:47","date_gmt":"2023-03-11T09:19:47","guid":{"rendered":"https:\/\/business.roovi.com\/?post_type=product&#038;p=67866"},"modified":"2025-03-18T09:47:22","modified_gmt":"2025-03-18T09:47:22","slug":"puzzle-manastirea-curtea-de-arges-puzzle-adulti-1000-piese-imagini-din-romania","status":"publish","type":"product","link":"https:\/\/business.roovi.com\/ro\/puzzle-manastirea-curtea-de-arges-puzzle-adulti-1000-piese-imagini-din-romania\/p\/","title":{"rendered":"Puzzle M\u0103n\u0103stirea Curtea de Arge\u0219 \u2013 Puzzle adul\u021bi 1000 piese \u2013 Imagini din Rom\u00e2nia"},"content":{"rendered":"<h3><span style=\"font-weight: 400;\">Alege Puzzle 1000 piese M\u0103n\u0103stirea Curtea de Arge\u0219 pentru relaxare \u0219i pentru a-\u021bi perfec\u021biona abilit\u0103\u021bile de asamblare.<\/span><\/h3>\n<p><span style=\"font-weight: 400;\">M\u0103n\u0103stirea Curtea de Arge\u0219 este una dintre cele mai renumite m\u0103n\u0103stiri ortodoxe din Rom\u00e2nia, fiind considerat\u0103 o capodoper\u0103 arhitectural\u0103 \u0219i istoric\u0103 de valoare inestimabil\u0103.\u00a0<\/span><\/p>\n<p><span style=\"font-weight: 400;\">\u00cen centrul imaginii din Puzzle 1000 piese &#8211; M\u0103n\u0103stirea Curtea de Arge\u0219 se afl\u0103 impozanta ctitorie a lui Neagoe Basarab. A\u0219az\u0103 pies\u0103 cu pies\u0103 \u0219i admir\u0103 \u00eendeaproape <\/span><span style=\"font-weight: 400;\">detaliile arhitecturale fascinante ale M\u0103n\u0103stirii Curtea de Arge\u0219, precum \u0219i parcul ce o \u00eencadreaz\u0103.<\/span><\/p>\n<h3><span style=\"font-weight: 400;\">De ce s\u0103 alegi Puzzle 1000 piese &#8211; M\u0103n\u0103stirea Curtea de Arge\u0219<\/span><\/h3>\n<p><span style=\"font-weight: 400;\">Ob\u021bii un tablou cu dimensiuni generoase, de <\/span><b>68 x 47 cm<\/b><span style=\"font-weight: 400;\">, cu o imagine impresionant\u0103 a M\u0103n\u0103stirii Curtea de Arge\u0219, pe care \u00eel po\u021bi folosi ca obiect decorativ pentru casa ta.<\/span><\/p>\n<p><span style=\"font-weight: 400;\">Piesele sunt produse din carton de calitate superioar\u0103, cu grosime de 2 mm, foarte rezistente, care se pot asambla de nenum\u0103rate ori f\u0103r\u0103 a se deteriora.<\/span><\/p>\n<p><span style=\"font-weight: 400;\">Este un produs prietenos cu natura, fiind realizat din materiale sustenabile \u0219i reciclabile.<\/span><\/p>\n<p><span style=\"font-weight: 400;\">Finisajul este semi-lucios, \u00een culori vii ce redau \u00een mod realist frumuse\u021bea monumentului.<\/span><\/p>\n<p><span style=\"font-weight: 400;\">Este potrivit persoanelor peste 14 ani \u0219i poate fi o activitate deconectant\u0103 pentru \u00eentreaga familie.<\/span><\/p>\n<h3><span style=\"font-weight: 400;\">Despre M\u0103n\u0103stirea Curtea de Arge\u0219 \u0219tiai c\u0103\u2026<\/span><\/h3>\n<ul>\n<li><span style=\"font-weight: 400;\">Ad\u0103poste\u0219te \u00een prezent necropola familiei Regale a Rom\u00e2niei, dar \u0219i moa\u0219tele mai multor sfin\u021bi.\u00a0<\/span><\/li>\n<li><span style=\"font-weight: 400;\">\u00cen interiorul m\u0103n\u0103stirii se afl\u0103 o Evanghelie scris\u0103 cu litere de aur chiar de c\u0103tre Regina Elisabeta a Rom\u00e2niei.\u00a0<\/span><\/li>\n<li><span style=\"font-weight: 400;\">Construc\u021bia m\u0103n\u0103stirii i-a fost \u00eencredin\u021bat\u0103 unui me\u0219ter iscusit, de amintirea c\u0103ruia se leag\u0103 una dintre cele mai cunoscute legende rom\u00e2ne\u0219ti \u2013 Legenda Me\u0219terului Manole.\u00a0<\/span><\/li>\n<li><span style=\"font-weight: 400;\">F\u00e2nt\u00e2na Me\u0219terului Manole, de l\u00e2ng\u0103 zidurile m\u0103n\u0103stirii, se spune c\u0103 a ap\u0103rut \u00een locul \u00een care Manole a murit, c\u0103z\u00e2nd de pe acoperi\u0219, dup\u0103 ce domnitorul a ordonat \u00eendep\u0103rtarea schelelor pentru ca me\u0219terii s\u0103 nu mai poat\u0103 zidi o construc\u021bie similar\u0103.<\/span><\/li>\n<\/ul>\n<h3><span style=\"font-weight: 400;\">Puzzle 1000 piese &#8211; M\u0103n\u0103stirea Curtea de Arge\u0219 &#8211; relaxare \u0219i reconectare cu originile<\/span><\/h3>\n<p><span style=\"font-weight: 400;\">Asamblarea puzzle-ului 1000 &#8211; M\u0103n\u0103stirea Curtea de Arge\u0219 este o activitate relaxant\u0103 \u0219i un prilej de reconectare cu originile. Implic\u0103-i \u0219i pe copii \u00een acest proces \u0219i face\u021bi \u00eempreun\u0103 o incursiune \u00een istoria \u0219i tradi\u021biile Rom\u00e2niei.<\/span><\/p>\n<p><span style=\"font-weight: 400;\">\u00cen plus, Puzzle 1000 &#8211; M\u0103n\u0103stirea Curtea de Arge\u0219 este o bun\u0103 oportunitate de a-i familiariza pe adolescen\u021bi cu arta \u0219i monumentele arhitecturale de o valoare inestimabil\u0103.\u00a0<\/span><\/p>\n<p><span style=\"font-weight: 400;\">Alege a\u0219adar Puzzle 1000 Piese &#8211; M\u0103n\u0103stirea Curtea de Arge\u0219 pentru ie\u0219irea din rutin\u0103, pentru cunoa\u0219tere \u0219i o stare de bun\u0103 dispozi\u021bie pentru tine \u0219i cei dragi.<\/span><\/p>\n","protected":false},"excerpt":{"rendered":"<p>Alege Puzzle 1000 piese M\u0103n\u0103stirea Curtea de Arge\u0219 pentru relaxare \u0219i pentru a-\u021bi perfec\u021biona abilit\u0103\u021bile de asamblare. M\u0103n\u0103stirea Curtea de<\/p>\n","protected":false},"featured_media":67867,"template":"","meta":[],"product_brand":[],"product_cat":[1454,1488,1560],"product_tag":[2671,2658,2646],"class_list":{"0":"post-67866","1":"product","2":"type-product","3":"status-publish","4":"has-post-thumbnail","6":"product_cat-puzzle","7":"product_cat-puzzle-adulti","8":"product_cat-puzzle-adulti-1000","9":"product_tag-curteadeargesmonastery","10":"product_tag-launched2023","11":"product_tag-puzzle1000","13":"first","14":"instock","15":"taxable","16":"shipping-taxable","17":"product-type-simple"},"yoast_head":"<!-- This site is optimized with the Yoast SEO plugin v20.1 - https:\/\/yoast.com\/wordpress\/plugins\/seo\/ -->\n<title>Puzzle M\u0103n\u0103stirea Curtea de Arge\u0219 \u2013 Puzzle adul\u021bi 1000 piese \u2013 Imagini din Rom\u00e2nia - Roovi B2B<\/title>\n<meta name=\"robots\" content=\"index, follow, max-snippet:-1, max-image-preview:large, max-video-preview:-1\" \/>\n<link rel=\"canonical\" href=\"https:\/\/business.roovi.com\/ro\/puzzle-manastirea-curtea-de-arges-puzzle-adulti-1000-piese-imagini-din-romania\/p\/\" \/>\n<meta property=\"og:locale\" content=\"ro_RO\" \/>\n<meta property=\"og:type\" content=\"article\" \/>\n<meta property=\"og:title\" content=\"Puzzle M\u0103n\u0103stirea Curtea de Arge\u0219 \u2013 Puzzle adul\u021bi 1000 piese \u2013 Imagini din Rom\u00e2nia - Roovi B2B\" \/>\n<meta property=\"og:description\" content=\"Alege Puzzle 1000 piese M\u0103n\u0103stirea Curtea de Arge\u0219 pentru relaxare \u0219i pentru a-\u021bi perfec\u021biona abilit\u0103\u021bile de asamblare. M\u0103n\u0103stirea Curtea de\" \/>\n<meta property=\"og:url\" content=\"https:\/\/business.roovi.com\/ro\/puzzle-manastirea-curtea-de-arges-puzzle-adulti-1000-piese-imagini-din-romania\/p\/\" \/>\n<meta property=\"og:site_name\" content=\"Roovi B2B\" \/>\n<meta property=\"article:publisher\" content=\"https:\/\/www.facebook.com\/wwwjucariero\" \/>\n<meta property=\"article:modified_time\" content=\"2025-03-18T09:47:22+00:00\" \/>\n<meta property=\"og:image\" content=\"https:\/\/business.roovi.com\/wp-content\/uploads\/2023\/03\/01_MAIN-19.jpg\" \/>\n\t<meta property=\"og:image:width\" content=\"1200\" \/>\n\t<meta property=\"og:image:height\" content=\"1200\" \/>\n\t<meta property=\"og:image:type\" content=\"image\/jpeg\" \/>\n<meta name=\"twitter:label1\" content=\"Timp estimat pentru citire\" \/>\n\t<meta name=\"twitter:data1\" content=\"2 minute\" \/>\n<script type=\"application\/ld+json\" class=\"yoast-schema-graph\">{\"@context\":\"https:\/\/schema.org\",\"@graph\":[{\"@type\":\"WebPage\",\"@id\":\"https:\/\/business.roovi.com\/ro\/puzzle-manastirea-curtea-de-arges-puzzle-adulti-1000-piese-imagini-din-romania\/p\/\",\"url\":\"https:\/\/business.roovi.com\/ro\/puzzle-manastirea-curtea-de-arges-puzzle-adulti-1000-piese-imagini-din-romania\/p\/\",\"name\":\"Puzzle M\u0103n\u0103stirea Curtea de Arge\u0219 \u2013 Puzzle adul\u021bi 1000 piese \u2013 Imagini din Rom\u00e2nia - Roovi B2B\",\"isPartOf\":{\"@id\":\"https:\/\/business.roovi.com\/ro\/#website\"},\"datePublished\":\"2023-03-11T09:19:47+00:00\",\"dateModified\":\"2025-03-18T09:47:22+00:00\",\"breadcrumb\":{\"@id\":\"https:\/\/business.roovi.com\/ro\/puzzle-manastirea-curtea-de-arges-puzzle-adulti-1000-piese-imagini-din-romania\/p\/#breadcrumb\"},\"inLanguage\":\"ro-RO\",\"potentialAction\":[{\"@type\":\"ReadAction\",\"target\":[\"https:\/\/business.roovi.com\/ro\/puzzle-manastirea-curtea-de-arges-puzzle-adulti-1000-piese-imagini-din-romania\/p\/\"]}]},{\"@type\":\"BreadcrumbList\",\"@id\":\"https:\/\/business.roovi.com\/ro\/puzzle-manastirea-curtea-de-arges-puzzle-adulti-1000-piese-imagini-din-romania\/p\/#breadcrumb\",\"itemListElement\":[{\"@type\":\"ListItem\",\"position\":1,\"name\":\"Home\",\"item\":\"https:\/\/business.roovi.com\/ro\/\"},{\"@type\":\"ListItem\",\"position\":2,\"name\":\"Magazin\",\"item\":\"https:\/\/business.roovi.com\/ro\/magazin\/\"},{\"@type\":\"ListItem\",\"position\":3,\"name\":\"Puzzle M\u0103n\u0103stirea Curtea de Arge\u0219 \u2013 Puzzle adul\u021bi 1000 piese \u2013 Imagini din Rom\u00e2nia\"}]},{\"@type\":\"WebSite\",\"@id\":\"https:\/\/business.roovi.com\/ro\/#website\",\"url\":\"https:\/\/business.roovi.com\/ro\/\",\"name\":\"Roovi B2B\",\"description\":\"Roovi Business Website\",\"potentialAction\":[{\"@type\":\"SearchAction\",\"target\":{\"@type\":\"EntryPoint\",\"urlTemplate\":\"https:\/\/business.roovi.com\/ro\/?s={search_term_string}\"},\"query-input\":\"required name=search_term_string\"}],\"inLanguage\":\"ro-RO\"}]}<\/script>\n<!-- \/ Yoast SEO plugin. -->","yoast_head_json":{"title":"Puzzle M\u0103n\u0103stirea Curtea de Arge\u0219 \u2013 Puzzle adul\u021bi 1000 piese \u2013 Imagini din Rom\u00e2nia - Roovi B2B","robots":{"index":"index","follow":"follow","max-snippet":"max-snippet:-1","max-image-preview":"max-image-preview:large","max-video-preview":"max-video-preview:-1"},"canonical":"https:\/\/business.roovi.com\/ro\/puzzle-manastirea-curtea-de-arges-puzzle-adulti-1000-piese-imagini-din-romania\/p\/","og_locale":"ro_RO","og_type":"article","og_title":"Puzzle M\u0103n\u0103stirea Curtea de Arge\u0219 \u2013 Puzzle adul\u021bi 1000 piese \u2013 Imagini din Rom\u00e2nia - Roovi B2B","og_description":"Alege Puzzle 1000 piese M\u0103n\u0103stirea Curtea de Arge\u0219 pentru relaxare \u0219i pentru a-\u021bi perfec\u021biona abilit\u0103\u021bile de asamblare. M\u0103n\u0103stirea Curtea de","og_url":"https:\/\/business.roovi.com\/ro\/puzzle-manastirea-curtea-de-arges-puzzle-adulti-1000-piese-imagini-din-romania\/p\/","og_site_name":"Roovi B2B","article_publisher":"https:\/\/www.facebook.com\/wwwjucariero","article_modified_time":"2025-03-18T09:47:22+00:00","og_image":[{"width":1200,"height":1200,"url":"https:\/\/business.roovi.com\/wp-content\/uploads\/2023\/03\/01_MAIN-19.jpg","type":"image\/jpeg"}],"twitter_misc":{"Timp estimat pentru citire":"2 minute"},"schema":{"@context":"https:\/\/schema.org","@graph":[{"@type":"WebPage","@id":"https:\/\/business.roovi.com\/ro\/puzzle-manastirea-curtea-de-arges-puzzle-adulti-1000-piese-imagini-din-romania\/p\/","url":"https:\/\/business.roovi.com\/ro\/puzzle-manastirea-curtea-de-arges-puzzle-adulti-1000-piese-imagini-din-romania\/p\/","name":"Puzzle M\u0103n\u0103stirea Curtea de Arge\u0219 \u2013 Puzzle adul\u021bi 1000 piese \u2013 Imagini din Rom\u00e2nia - Roovi B2B","isPartOf":{"@id":"https:\/\/business.roovi.com\/ro\/#website"},"datePublished":"2023-03-11T09:19:47+00:00","dateModified":"2025-03-18T09:47:22+00:00","breadcrumb":{"@id":"https:\/\/business.roovi.com\/ro\/puzzle-manastirea-curtea-de-arges-puzzle-adulti-1000-piese-imagini-din-romania\/p\/#breadcrumb"},"inLanguage":"ro-RO","potentialAction":[{"@type":"ReadAction","target":["https:\/\/business.roovi.com\/ro\/puzzle-manastirea-curtea-de-arges-puzzle-adulti-1000-piese-imagini-din-romania\/p\/"]}]},{"@type":"BreadcrumbList","@id":"https:\/\/business.roovi.com\/ro\/puzzle-manastirea-curtea-de-arges-puzzle-adulti-1000-piese-imagini-din-romania\/p\/#breadcrumb","itemListElement":[{"@type":"ListItem","position":1,"name":"Home","item":"https:\/\/business.roovi.com\/ro\/"},{"@type":"ListItem","position":2,"name":"Magazin","item":"https:\/\/business.roovi.com\/ro\/magazin\/"},{"@type":"ListItem","position":3,"name":"Puzzle M\u0103n\u0103stirea Curtea de Arge\u0219 \u2013 Puzzle adul\u021bi 1000 piese \u2013 Imagini din Rom\u00e2nia"}]},{"@type":"WebSite","@id":"https:\/\/business.roovi.com\/ro\/#website","url":"https:\/\/business.roovi.com\/ro\/","name":"Roovi B2B","description":"Roovi Business Website","potentialAction":[{"@type":"SearchAction","target":{"@type":"EntryPoint","urlTemplate":"https:\/\/business.roovi.com\/ro\/?s={search_term_string}"},"query-input":"required name=search_term_string"}],"inLanguage":"ro-RO"}]}},"_links":{"self":[{"href":"https:\/\/business.roovi.com\/ro\/wp-json\/wp\/v2\/product\/67866","targetHints":{"allow":["GET"]}}],"collection":[{"href":"https:\/\/business.roovi.com\/ro\/wp-json\/wp\/v2\/product"}],"about":[{"href":"https:\/\/business.roovi.com\/ro\/wp-json\/wp\/v2\/types\/product"}],"version-history":[{"count":0,"href":"https:\/\/business.roovi.com\/ro\/wp-json\/wp\/v2\/product\/67866\/revisions"}],"wp:featuredmedia":[{"embeddable":true,"href":"https:\/\/business.roovi.com\/ro\/wp-json\/wp\/v2\/media\/67867"}],"wp:attachment":[{"href":"https:\/\/business.roovi.com\/ro\/wp-json\/wp\/v2\/media?parent=67866"}],"wp:term":[{"taxonomy":"product_brand","embeddable":true,"href":"https:\/\/business.roovi.com\/ro\/wp-json\/wp\/v2\/product_brand?post=67866"},{"taxonomy":"product_cat","embeddable":true,"href":"https:\/\/business.roovi.com\/ro\/wp-json\/wp\/v2\/product_cat?post=67866"},{"taxonomy":"product_tag","embeddable":true,"href":"https:\/\/business.roovi.com\/ro\/wp-json\/wp\/v2\/product_tag?post=67866"}],"curies":[{"name":"wp","href":"https:\/\/api.w.org\/{rel}","templated":true}]}}