{"id":67905,"date":"2023-03-11T09:24:08","date_gmt":"2023-03-11T09:24:08","guid":{"rendered":"https:\/\/business.roovi.com\/?post_type=product&#038;p=67905"},"modified":"2025-03-18T09:48:01","modified_gmt":"2025-03-18T09:48:01","slug":"puzzle-manastirea-voronet-puzzle-adulti-1000-piese-imagini-din-romania","status":"publish","type":"product","link":"https:\/\/business.roovi.com\/ro\/puzzle-manastirea-voronet-puzzle-adulti-1000-piese-imagini-din-romania\/p\/","title":{"rendered":"Puzzle M\u0103n\u0103stirea Vorone\u021b \u2013 Puzzle adul\u021bi 1000 piese \u2013 Imagini din Rom\u00e2nia"},"content":{"rendered":"<h3><span style=\"font-weight: 400;\">M\u0103n\u0103stirea Vorone\u021b este primul nume care ne vine \u00een minte c\u00e2nd ne g\u00e2ndim la Bucovina. Descoper\u0103 acest obiectiv emblematic, pies\u0103 cu pies\u0103, prin Puzzle 1000 &#8211; M\u0103n\u0103stirea Vorone\u021b.<\/span><\/h3>\n<p><span style=\"font-weight: 400;\">Dac\u0103 \u00ee\u021bi dore\u0219ti o experien\u021b\u0103 de asamblare fascinant\u0103, dac\u0103 iube\u0219ti arta, istoria \u0219i jocul deopotriv\u0103, Puzzle 1000 de piese &#8211; M\u0103n\u0103stirea Vorone\u021b va fi cu siguran\u021b\u0103 o surpriz\u0103 pl\u0103cut\u0103.<\/span><\/p>\n<p><span style=\"font-weight: 400;\">Imaginea impresionant\u0103 a str\u0103vechii m\u0103n\u0103stiri din Bucovina are \u00een prim plan biserica ortodox\u0103 construit\u0103 \u00een secolul al XV-lea, cunoscut\u0103 pentru fresce sale deosebite. M\u0103n\u0103stirea Vorone\u021b are o importan\u021b\u0103 cultural\u0103 \u0219i istoric\u0103 deosebit\u0103 pentru poporul rom\u00e2n, fiind supranumit\u0103 \u201eCapela Sixtin\u0103 a Estului\u201d.<\/span><\/p>\n<p><span style=\"font-weight: 400;\">Cu Puzzle M\u0103n\u0103stirea Vorone\u021b ai ocazia s\u0103 descoperi detalii uimitoare \u0219i s\u0103 admiri frumuse\u021bea unei capodopere arhitecturale nepre\u021buite \u00een intimitatea casei tale.\u00a0 Fiecare pies\u0103 a puzzle-ului este o mic\u0103 bucat\u0103 dintr-un mozaic complex de culori \u0219i forme, care se \u00eembin\u0103 perfect \u00eentr-o imagine final\u0103 impresionant\u0103.<\/span><\/p>\n<h3><span style=\"font-weight: 400;\">De ce s\u0103 alegi Puzzle 1000 &#8211; M\u0103n\u0103stirea Vorone\u021b<\/span><\/h3>\n<p><span style=\"font-weight: 400;\">Ob\u021bii un tablou cu dimensiuni generoase, de <\/span><b>68 x 47 cm<\/b><span style=\"font-weight: 400;\">, cu o imagine impresionant\u0103 a M\u0103n\u0103stirii Vorone\u021b, pe care \u00eel po\u021bi folosi ca obiect decorativ pentru cas\u0103.<\/span><\/p>\n<p><span style=\"font-weight: 400;\">Piesele sunt produse din carton de calitate superioar\u0103, cu grosime de 2 mm, foarte rezistente, care se pot asambla de nenum\u0103rate ori f\u0103r\u0103 a se deteriora.<\/span><\/p>\n<p><span style=\"font-weight: 400;\">Este un produs prietenos cu natura, fiind realizat din materiale sustenabile \u0219i reciclabile.<\/span><\/p>\n<p><span style=\"font-weight: 400;\">Finisajul este semi-lucios, \u00een culori vii ce redau \u00een mod realist frumuse\u021bea monumentului.<\/span><\/p>\n<p><span style=\"font-weight: 400;\">Este potrivit persoanelor peste 14 ani \u0219i poate fi o activitate deconectant\u0103 pentru \u00eentreaga familie.<\/span><\/p>\n<h3><span style=\"font-weight: 400;\">Despre M\u0103n\u0103stirea Vorone\u021b \u0219tiai c\u0103\u2026<\/span><\/h3>\n<ul>\n<li style=\"font-weight: 400;\" aria-level=\"1\"><span style=\"font-weight: 400;\">Este una dintre cele mai valoroase ctitorii ale lui \u0218tefan cel Mare, fiind ridicat\u0103 \u00een anul 1488 \u00een doar 3 luni \u0219i 3 s\u0103pt\u0103m\u00e2ni, un timp record pentru acele vremuri.<\/span><\/li>\n<li style=\"font-weight: 400;\" aria-level=\"1\"><span style=\"font-weight: 400;\">Frescele sale impresionante sunt considerate un exemplu remarcabil de art\u0103 medieval\u0103, cu o simbolistic\u0103 bogat\u0103 \u0219i o tehnic\u0103 artistic\u0103 deosebit\u0103.<\/span><\/li>\n<li style=\"font-weight: 400;\" aria-level=\"1\"><span style=\"font-weight: 400;\">Frescele de la Vorone\u021b au fost realizate cu pigmen\u021bi naturali, care \u00eenc\u0103 rezist\u0103, la mai bine de 500 de ani de la construirea bisericii.<\/span><\/li>\n<li style=\"font-weight: 400;\" aria-level=\"1\"><span style=\"font-weight: 400;\">Pe l\u00e2ng\u0103 frumoasele fresce, M\u0103n\u0103stirea Vorone\u021b ad\u0103poste\u0219te o colec\u021bie impresionant\u0103 de obiecte de cult \u0219i artefacte, precum \u0219i o bibliotec\u0103 bogat\u0103 \u00een manuscrise rare \u0219i c\u0103r\u021bi vechi.<\/span><\/li>\n<\/ul>\n<h2><span style=\"font-weight: 400;\">Puzzle adul\u021bi 1000 piese &#8211; M\u0103n\u0103stirea Vorone\u021b pentru pasiona\u021bii de frumos<\/span><\/h2>\n<p><span style=\"font-weight: 400;\">Alege s\u0103 descoperi Rom\u00e2nia \u00eentr-un mod inedit, cu ajutorul unui puzzle de 1000 de piese, \u0219i recompune pies\u0103 cu pies\u0103 imaginea vestitei M\u0103n\u0103stiri Vorone\u021b.<\/span><\/p>\n<p><span style=\"font-weight: 400;\">Po\u021bi explora zona minunat\u0103 a Bucovinei al\u0103turi de copii sau prieteni, prin intermediul acestui puzzle fascinant. Puzzle 1000 piese M\u0103n\u0103stirea Vorone\u021b poate fi o bun\u0103 ocazie s\u0103 discuta\u021bi despre istorie, tradi\u021bii \u0219i regiunile emblematice ale \u021b\u0103rii.<\/span><\/p>\n<p><span style=\"font-weight: 400;\">\u00cen plus, asamblarea unui puzzle cu imaginea unei m\u0103n\u0103stiri renumite, \u00eenc\u0103rcat\u0103 de istorie \u0219i simboluri, este un bun prilej s\u0103 te reconectezi cu originile \u0219i s\u0103 practici ritualul recuno\u0219tin\u021bei pentru ceea ce e\u0219ti \u0219i pentru locurile \u00een care te-ai n\u0103scut.<\/span><\/p>\n","protected":false},"excerpt":{"rendered":"<p>M\u0103n\u0103stirea Vorone\u021b este primul nume care ne vine \u00een minte c\u00e2nd ne g\u00e2ndim la Bucovina. Descoper\u0103 acest obiectiv emblematic, pies\u0103<\/p>\n","protected":false},"featured_media":67906,"template":"","meta":[],"product_brand":[],"product_cat":[1454,1488,1560],"product_tag":[2662,2658,2669,2646],"class_list":{"0":"post-67905","1":"product","2":"type-product","3":"status-publish","4":"has-post-thumbnail","6":"product_cat-puzzle","7":"product_cat-puzzle-adulti","8":"product_cat-puzzle-adulti-1000","9":"product_tag-imaginidinromania","10":"product_tag-launched2023","11":"product_tag-manastireavoronet","12":"product_tag-puzzle1000","14":"first","15":"instock","16":"taxable","17":"shipping-taxable","18":"product-type-simple"},"yoast_head":"<!-- This site is optimized with the Yoast SEO plugin v20.1 - https:\/\/yoast.com\/wordpress\/plugins\/seo\/ -->\n<title>Puzzle M\u0103n\u0103stirea Vorone\u021b \u2013 Puzzle adul\u021bi 1000 piese \u2013 Imagini din Rom\u00e2nia - Roovi B2B<\/title>\n<meta name=\"robots\" content=\"index, follow, max-snippet:-1, max-image-preview:large, max-video-preview:-1\" \/>\n<link rel=\"canonical\" href=\"https:\/\/business.roovi.com\/ro\/puzzle-manastirea-voronet-puzzle-adulti-1000-piese-imagini-din-romania\/p\/\" \/>\n<meta property=\"og:locale\" content=\"ro_RO\" \/>\n<meta property=\"og:type\" content=\"article\" \/>\n<meta property=\"og:title\" content=\"Puzzle M\u0103n\u0103stirea Vorone\u021b \u2013 Puzzle adul\u021bi 1000 piese \u2013 Imagini din Rom\u00e2nia - Roovi B2B\" \/>\n<meta property=\"og:description\" content=\"M\u0103n\u0103stirea Vorone\u021b este primul nume care ne vine \u00een minte c\u00e2nd ne g\u00e2ndim la Bucovina. Descoper\u0103 acest obiectiv emblematic, pies\u0103\" \/>\n<meta property=\"og:url\" content=\"https:\/\/business.roovi.com\/ro\/puzzle-manastirea-voronet-puzzle-adulti-1000-piese-imagini-din-romania\/p\/\" \/>\n<meta property=\"og:site_name\" content=\"Roovi B2B\" \/>\n<meta property=\"article:publisher\" content=\"https:\/\/www.facebook.com\/wwwjucariero\" \/>\n<meta property=\"article:modified_time\" content=\"2025-03-18T09:48:01+00:00\" \/>\n<meta property=\"og:image\" content=\"https:\/\/business.roovi.com\/wp-content\/uploads\/2023\/03\/01_MAIN-20.jpg\" \/>\n\t<meta property=\"og:image:width\" content=\"1200\" \/>\n\t<meta property=\"og:image:height\" content=\"1200\" \/>\n\t<meta property=\"og:image:type\" content=\"image\/jpeg\" \/>\n<meta name=\"twitter:label1\" content=\"Timp estimat pentru citire\" \/>\n\t<meta name=\"twitter:data1\" content=\"3 minute\" \/>\n<script type=\"application\/ld+json\" class=\"yoast-schema-graph\">{\"@context\":\"https:\/\/schema.org\",\"@graph\":[{\"@type\":\"WebPage\",\"@id\":\"https:\/\/business.roovi.com\/ro\/puzzle-manastirea-voronet-puzzle-adulti-1000-piese-imagini-din-romania\/p\/\",\"url\":\"https:\/\/business.roovi.com\/ro\/puzzle-manastirea-voronet-puzzle-adulti-1000-piese-imagini-din-romania\/p\/\",\"name\":\"Puzzle M\u0103n\u0103stirea Vorone\u021b \u2013 Puzzle adul\u021bi 1000 piese \u2013 Imagini din Rom\u00e2nia - Roovi B2B\",\"isPartOf\":{\"@id\":\"https:\/\/business.roovi.com\/ro\/#website\"},\"datePublished\":\"2023-03-11T09:24:08+00:00\",\"dateModified\":\"2025-03-18T09:48:01+00:00\",\"breadcrumb\":{\"@id\":\"https:\/\/business.roovi.com\/ro\/puzzle-manastirea-voronet-puzzle-adulti-1000-piese-imagini-din-romania\/p\/#breadcrumb\"},\"inLanguage\":\"ro-RO\",\"potentialAction\":[{\"@type\":\"ReadAction\",\"target\":[\"https:\/\/business.roovi.com\/ro\/puzzle-manastirea-voronet-puzzle-adulti-1000-piese-imagini-din-romania\/p\/\"]}]},{\"@type\":\"BreadcrumbList\",\"@id\":\"https:\/\/business.roovi.com\/ro\/puzzle-manastirea-voronet-puzzle-adulti-1000-piese-imagini-din-romania\/p\/#breadcrumb\",\"itemListElement\":[{\"@type\":\"ListItem\",\"position\":1,\"name\":\"Home\",\"item\":\"https:\/\/business.roovi.com\/ro\/\"},{\"@type\":\"ListItem\",\"position\":2,\"name\":\"Magazin\",\"item\":\"https:\/\/business.roovi.com\/ro\/magazin\/\"},{\"@type\":\"ListItem\",\"position\":3,\"name\":\"Puzzle M\u0103n\u0103stirea Vorone\u021b \u2013 Puzzle adul\u021bi 1000 piese \u2013 Imagini din Rom\u00e2nia\"}]},{\"@type\":\"WebSite\",\"@id\":\"https:\/\/business.roovi.com\/ro\/#website\",\"url\":\"https:\/\/business.roovi.com\/ro\/\",\"name\":\"Roovi B2B\",\"description\":\"Roovi Business Website\",\"potentialAction\":[{\"@type\":\"SearchAction\",\"target\":{\"@type\":\"EntryPoint\",\"urlTemplate\":\"https:\/\/business.roovi.com\/ro\/?s={search_term_string}\"},\"query-input\":\"required name=search_term_string\"}],\"inLanguage\":\"ro-RO\"}]}<\/script>\n<!-- \/ Yoast SEO plugin. -->","yoast_head_json":{"title":"Puzzle M\u0103n\u0103stirea Vorone\u021b \u2013 Puzzle adul\u021bi 1000 piese \u2013 Imagini din Rom\u00e2nia - Roovi B2B","robots":{"index":"index","follow":"follow","max-snippet":"max-snippet:-1","max-image-preview":"max-image-preview:large","max-video-preview":"max-video-preview:-1"},"canonical":"https:\/\/business.roovi.com\/ro\/puzzle-manastirea-voronet-puzzle-adulti-1000-piese-imagini-din-romania\/p\/","og_locale":"ro_RO","og_type":"article","og_title":"Puzzle M\u0103n\u0103stirea Vorone\u021b \u2013 Puzzle adul\u021bi 1000 piese \u2013 Imagini din Rom\u00e2nia - Roovi B2B","og_description":"M\u0103n\u0103stirea Vorone\u021b este primul nume care ne vine \u00een minte c\u00e2nd ne g\u00e2ndim la Bucovina. Descoper\u0103 acest obiectiv emblematic, pies\u0103","og_url":"https:\/\/business.roovi.com\/ro\/puzzle-manastirea-voronet-puzzle-adulti-1000-piese-imagini-din-romania\/p\/","og_site_name":"Roovi B2B","article_publisher":"https:\/\/www.facebook.com\/wwwjucariero","article_modified_time":"2025-03-18T09:48:01+00:00","og_image":[{"width":1200,"height":1200,"url":"https:\/\/business.roovi.com\/wp-content\/uploads\/2023\/03\/01_MAIN-20.jpg","type":"image\/jpeg"}],"twitter_misc":{"Timp estimat pentru citire":"3 minute"},"schema":{"@context":"https:\/\/schema.org","@graph":[{"@type":"WebPage","@id":"https:\/\/business.roovi.com\/ro\/puzzle-manastirea-voronet-puzzle-adulti-1000-piese-imagini-din-romania\/p\/","url":"https:\/\/business.roovi.com\/ro\/puzzle-manastirea-voronet-puzzle-adulti-1000-piese-imagini-din-romania\/p\/","name":"Puzzle M\u0103n\u0103stirea Vorone\u021b \u2013 Puzzle adul\u021bi 1000 piese \u2013 Imagini din Rom\u00e2nia - Roovi B2B","isPartOf":{"@id":"https:\/\/business.roovi.com\/ro\/#website"},"datePublished":"2023-03-11T09:24:08+00:00","dateModified":"2025-03-18T09:48:01+00:00","breadcrumb":{"@id":"https:\/\/business.roovi.com\/ro\/puzzle-manastirea-voronet-puzzle-adulti-1000-piese-imagini-din-romania\/p\/#breadcrumb"},"inLanguage":"ro-RO","potentialAction":[{"@type":"ReadAction","target":["https:\/\/business.roovi.com\/ro\/puzzle-manastirea-voronet-puzzle-adulti-1000-piese-imagini-din-romania\/p\/"]}]},{"@type":"BreadcrumbList","@id":"https:\/\/business.roovi.com\/ro\/puzzle-manastirea-voronet-puzzle-adulti-1000-piese-imagini-din-romania\/p\/#breadcrumb","itemListElement":[{"@type":"ListItem","position":1,"name":"Home","item":"https:\/\/business.roovi.com\/ro\/"},{"@type":"ListItem","position":2,"name":"Magazin","item":"https:\/\/business.roovi.com\/ro\/magazin\/"},{"@type":"ListItem","position":3,"name":"Puzzle M\u0103n\u0103stirea Vorone\u021b \u2013 Puzzle adul\u021bi 1000 piese \u2013 Imagini din Rom\u00e2nia"}]},{"@type":"WebSite","@id":"https:\/\/business.roovi.com\/ro\/#website","url":"https:\/\/business.roovi.com\/ro\/","name":"Roovi B2B","description":"Roovi Business Website","potentialAction":[{"@type":"SearchAction","target":{"@type":"EntryPoint","urlTemplate":"https:\/\/business.roovi.com\/ro\/?s={search_term_string}"},"query-input":"required name=search_term_string"}],"inLanguage":"ro-RO"}]}},"_links":{"self":[{"href":"https:\/\/business.roovi.com\/ro\/wp-json\/wp\/v2\/product\/67905","targetHints":{"allow":["GET"]}}],"collection":[{"href":"https:\/\/business.roovi.com\/ro\/wp-json\/wp\/v2\/product"}],"about":[{"href":"https:\/\/business.roovi.com\/ro\/wp-json\/wp\/v2\/types\/product"}],"version-history":[{"count":0,"href":"https:\/\/business.roovi.com\/ro\/wp-json\/wp\/v2\/product\/67905\/revisions"}],"wp:featuredmedia":[{"embeddable":true,"href":"https:\/\/business.roovi.com\/ro\/wp-json\/wp\/v2\/media\/67906"}],"wp:attachment":[{"href":"https:\/\/business.roovi.com\/ro\/wp-json\/wp\/v2\/media?parent=67905"}],"wp:term":[{"taxonomy":"product_brand","embeddable":true,"href":"https:\/\/business.roovi.com\/ro\/wp-json\/wp\/v2\/product_brand?post=67905"},{"taxonomy":"product_cat","embeddable":true,"href":"https:\/\/business.roovi.com\/ro\/wp-json\/wp\/v2\/product_cat?post=67905"},{"taxonomy":"product_tag","embeddable":true,"href":"https:\/\/business.roovi.com\/ro\/wp-json\/wp\/v2\/product_tag?post=67905"}],"curies":[{"name":"wp","href":"https:\/\/api.w.org\/{rel}","templated":true}]}}