{"id":67988,"date":"2023-03-11T09:29:52","date_gmt":"2023-03-11T09:29:52","guid":{"rendered":"https:\/\/business.roovi.com\/?post_type=product&#038;p=67988"},"modified":"2025-03-18T09:49:25","modified_gmt":"2025-03-18T09:49:25","slug":"puzzle-piata-sfatului-brasov-puzzle-adulti-1000-piese-imagini-din-romania","status":"publish","type":"product","link":"https:\/\/business.roovi.com\/ro\/puzzle-piata-sfatului-brasov-puzzle-adulti-1000-piese-imagini-din-romania\/p\/","title":{"rendered":"Puzzle Pia\u021ba Sfatului, Bra\u0219ov \u2013 Puzzle adul\u021bi 1000 piese \u2013 Imagini din Rom\u00e2nia"},"content":{"rendered":"<h3><span style=\"font-weight: 400;\">Puzzle 1000 piese &#8211; Bra\u0219ov, Pia\u021ba Sfatului prezint\u0103 o imagine artistic\u0103 impresionant\u0103 a uneia dintre cele mai faimoase atrac\u021bii turistice din Rom\u00e2nia.\u00a0<\/span><\/h3>\n<p><span style=\"font-weight: 400;\">Pia\u021ba Sfatului se afl\u0103 \u00een centrul istoric al ora\u0219ului Bra\u0219ov \u0219i este o destina\u021bie turistic\u0103 popular\u0103 datorit\u0103 cl\u0103dirilor istorice impresionante, precum \u0219i a atmosferei efervescente specifice zonei.<\/span><\/p>\n<p><span style=\"font-weight: 400;\">Pune pies\u0103 l\u00e2ng\u0103 pies\u0103 \u0219i descoper\u0103 fiecare detaliu al imaginii. Pia\u021ba Sfatului din Bra\u0219ov este o loca\u021bie \u00eenc\u0103rcat\u0103 de istorie \u0219i cultur\u0103, fiecare cl\u0103dire din jur av\u00e2nd o arhitectur\u0103 deosebit\u0103 \u0219i propria poveste de spus.<\/span><\/p>\n<p><span style=\"font-weight: 400;\">\u00cemprejurimile sunt redate cu o precizie uimitoare \u00een Puzzle 1000 &#8211; Bra\u0219ov, Pia\u021ba Sfatului, astfel \u00eenc\u00e2t observi cu u\u0219urin\u021b\u0103 fiecare detaliu c\u00e2nd tabloul este gata.<\/span><\/p>\n<p><span style=\"font-weight: 400;\">Activitatea de asamblare a Puzzle-ului 1000 piese &#8211; Pia\u021ba Sfatului\u00a0 este o modalitate pl\u0103cut\u0103 de a-\u021bi petrece timpul liber, dar \u0219i un prilej de a-\u021bi dezvolta cultura general\u0103 \u0219i abilit\u0103\u021bile cognitive.<\/span><\/p>\n<h3><span style=\"font-weight: 400;\">De ce s\u0103 alegi Puzzle 1000 piese &#8211; Bra\u0219ov, Pia\u021ba Sfatului<\/span><\/h3>\n<p><span style=\"font-weight: 400;\">Ob\u021bii un tablou cu dimensiuni generoase, de <\/span><b>68 x 47 cm<\/b><span style=\"font-weight: 400;\">, cu o imagine impresionant\u0103 a Pie\u021bei Sfatului, pe care \u00eel po\u021bi folosi ca obiect decorativ pentru cas\u0103.<\/span><\/p>\n<p><span style=\"font-weight: 400;\">Piesele sunt produse din carton de calitate superioar\u0103, cu grosime de 2 mm, foarte rezistente, care se pot asambla de nenum\u0103rate ori f\u0103r\u0103 a se deteriora.<\/span><\/p>\n<p><span style=\"font-weight: 400;\">Este un produs prietenos cu natura, fiind realizat din materiale sustenabile \u0219i reciclabile.<\/span><\/p>\n<p><span style=\"font-weight: 400;\">Finisajul este semi-lucios, \u00een culori vii ce redau \u00een mod realist frumuse\u021bea loca\u021biei.<\/span><\/p>\n<p><span style=\"font-weight: 400;\">Este potrivit persoanelor peste 14 ani \u0219i poate fi o activitate deconectant\u0103 pentru \u00eentreaga familie.<\/span><\/p>\n<h3><span style=\"font-weight: 400;\">Despre Pia\u021ba Sfatului din Bra\u0219ov \u0219tiai c\u0103\u2026<\/span><\/h3>\n<ul>\n<li style=\"font-weight: 400;\" aria-level=\"1\"><span style=\"font-weight: 400;\">A fost men\u021bionat\u0103 pentru prima dat\u0103 \u00een documente istorice din secolul al XIII-lea, \u00eens\u0103 a devenit o loca\u021bie important\u0103 pentru ora\u0219 \u00een secolul al XV-lea, c\u00e2nd a fost amenajat\u0103 \u0219i extins\u0103.<\/span><\/li>\n<li style=\"font-weight: 400;\" aria-level=\"1\"><span style=\"font-weight: 400;\">Pia\u021ba Sfatului a fost locul unde se desf\u0103\u0219urau t\u00e2rgurile \u0219i negocierile comerciale din Bra\u0219ov \u00een Evul Mediu, fiind \u0219i ast\u0103zi un important centru comercial din ora\u0219.<\/span><\/li>\n<li style=\"font-weight: 400;\" aria-level=\"1\"><span style=\"font-weight: 400;\">Biserica Neagr\u0103, situat\u0103 la marginea pie\u021bei, este cea mai mare biseric\u0103 gotic\u0103 din sud-estul Europei \u0219i una dintre cele mai importante atrac\u021bii turistice din Bra\u0219ov.<\/span><\/li>\n<li style=\"font-weight: 400;\" aria-level=\"1\"><span style=\"font-weight: 400;\">Se spune c\u0103 \u00een Pia\u021ba Sfatului a fost pedepsit\u0103 Katarina, marea iubire a lui Vlad \u021aepe\u0219. Fata a fost tuns\u0103 \u00een public, iar aprigul domnitor ar fi vrut s\u0103 p\u00e2rjoleasc\u0103 Bra\u0219ov din cauza acestei \u00eent\u00e2mpl\u0103ri.<\/span><\/li>\n<\/ul>\n<h3><span style=\"font-weight: 400;\">Puzzle 1000 Bra\u0219ov, Pia\u021ba Sfatului &#8211; pentru experien\u021be uimitoare de relaxare \u0219i cunoa\u0219tere<\/span><\/h3>\n<p><span style=\"font-weight: 400;\">Puzzle 1000 piese Pia\u021ba Sfatului face parte dintr-o colec\u021bie ampl\u0103 de jocuri puzzle cu imagini impresionante ale celor mai cunoscute obiective din Rom\u00e2nia.<\/span><\/p>\n<p><span style=\"font-weight: 400;\">Jocul puzzle este astfel nu doar o activitate relaxant\u0103, ci \u0219i o experien\u021b\u0103 de cunoa\u0219tere. Ai ocazia s\u0103 refaci pies\u0103 cu pies\u0103 o imagine impresionant\u0103 care scoate \u00een eviden\u021b\u0103 frumuse\u021bea zonei \u0219i complexitatea arhitectural\u0103 a cl\u0103dirilor din centrul Bra\u0219ovului.<\/span><\/p>\n<p><span style=\"font-weight: 400;\">Puzzle 1000 piese &#8211; Bra\u0219ov, Pia\u021ba Sfatului poate fi un cadou perfect pentru anivers\u0103ri, s\u0103rb\u0103tori sau alte ocazii speciale pentru orice pasionat de jocuri puzzle, cu v\u00e2rsta peste 14 ani.<\/span><\/p>\n","protected":false},"excerpt":{"rendered":"<p>Puzzle 1000 piese &#8211; Bra\u0219ov, Pia\u021ba Sfatului prezint\u0103 o imagine artistic\u0103 impresionant\u0103 a uneia dintre cele mai faimoase atrac\u021bii turistice<\/p>\n","protected":false},"featured_media":67989,"template":"","meta":[],"product_brand":[],"product_cat":[1454,1488,1560],"product_tag":[2662,2658,2646,2661],"class_list":{"0":"post-67988","1":"product","2":"type-product","3":"status-publish","4":"has-post-thumbnail","6":"product_cat-puzzle","7":"product_cat-puzzle-adulti","8":"product_cat-puzzle-adulti-1000","9":"product_tag-imaginidinromania","10":"product_tag-launched2023","11":"product_tag-puzzle1000","12":"product_tag-puzzlepiatasfatului","14":"first","15":"instock","16":"taxable","17":"shipping-taxable","18":"product-type-simple"},"yoast_head":"<!-- This site is optimized with the Yoast SEO plugin v20.1 - https:\/\/yoast.com\/wordpress\/plugins\/seo\/ -->\n<title>Puzzle Pia\u021ba Sfatului, Bra\u0219ov \u2013 Puzzle adul\u021bi 1000 piese \u2013 Imagini din Rom\u00e2nia - Roovi B2B<\/title>\n<meta name=\"robots\" content=\"index, follow, max-snippet:-1, max-image-preview:large, max-video-preview:-1\" \/>\n<link rel=\"canonical\" href=\"https:\/\/business.roovi.com\/ro\/puzzle-piata-sfatului-brasov-puzzle-adulti-1000-piese-imagini-din-romania\/p\/\" \/>\n<meta property=\"og:locale\" content=\"ro_RO\" \/>\n<meta property=\"og:type\" content=\"article\" \/>\n<meta property=\"og:title\" content=\"Puzzle Pia\u021ba Sfatului, Bra\u0219ov \u2013 Puzzle adul\u021bi 1000 piese \u2013 Imagini din Rom\u00e2nia - Roovi B2B\" \/>\n<meta property=\"og:description\" content=\"Puzzle 1000 piese &#8211; Bra\u0219ov, Pia\u021ba Sfatului prezint\u0103 o imagine artistic\u0103 impresionant\u0103 a uneia dintre cele mai faimoase atrac\u021bii turistice\" \/>\n<meta property=\"og:url\" content=\"https:\/\/business.roovi.com\/ro\/puzzle-piata-sfatului-brasov-puzzle-adulti-1000-piese-imagini-din-romania\/p\/\" \/>\n<meta property=\"og:site_name\" content=\"Roovi B2B\" \/>\n<meta property=\"article:publisher\" content=\"https:\/\/www.facebook.com\/wwwjucariero\" \/>\n<meta property=\"article:modified_time\" content=\"2025-03-18T09:49:25+00:00\" \/>\n<meta property=\"og:image\" content=\"https:\/\/business.roovi.com\/wp-content\/uploads\/2023\/03\/01_MAIN-23.jpg\" \/>\n\t<meta property=\"og:image:width\" content=\"1200\" \/>\n\t<meta property=\"og:image:height\" content=\"1200\" \/>\n\t<meta property=\"og:image:type\" content=\"image\/jpeg\" \/>\n<meta name=\"twitter:label1\" content=\"Timp estimat pentru citire\" \/>\n\t<meta name=\"twitter:data1\" content=\"3 minute\" \/>\n<script type=\"application\/ld+json\" class=\"yoast-schema-graph\">{\"@context\":\"https:\/\/schema.org\",\"@graph\":[{\"@type\":\"WebPage\",\"@id\":\"https:\/\/business.roovi.com\/ro\/puzzle-piata-sfatului-brasov-puzzle-adulti-1000-piese-imagini-din-romania\/p\/\",\"url\":\"https:\/\/business.roovi.com\/ro\/puzzle-piata-sfatului-brasov-puzzle-adulti-1000-piese-imagini-din-romania\/p\/\",\"name\":\"Puzzle Pia\u021ba Sfatului, Bra\u0219ov \u2013 Puzzle adul\u021bi 1000 piese \u2013 Imagini din Rom\u00e2nia - Roovi B2B\",\"isPartOf\":{\"@id\":\"https:\/\/business.roovi.com\/ro\/#website\"},\"datePublished\":\"2023-03-11T09:29:52+00:00\",\"dateModified\":\"2025-03-18T09:49:25+00:00\",\"breadcrumb\":{\"@id\":\"https:\/\/business.roovi.com\/ro\/puzzle-piata-sfatului-brasov-puzzle-adulti-1000-piese-imagini-din-romania\/p\/#breadcrumb\"},\"inLanguage\":\"ro-RO\",\"potentialAction\":[{\"@type\":\"ReadAction\",\"target\":[\"https:\/\/business.roovi.com\/ro\/puzzle-piata-sfatului-brasov-puzzle-adulti-1000-piese-imagini-din-romania\/p\/\"]}]},{\"@type\":\"BreadcrumbList\",\"@id\":\"https:\/\/business.roovi.com\/ro\/puzzle-piata-sfatului-brasov-puzzle-adulti-1000-piese-imagini-din-romania\/p\/#breadcrumb\",\"itemListElement\":[{\"@type\":\"ListItem\",\"position\":1,\"name\":\"Home\",\"item\":\"https:\/\/business.roovi.com\/ro\/\"},{\"@type\":\"ListItem\",\"position\":2,\"name\":\"Magazin\",\"item\":\"https:\/\/business.roovi.com\/ro\/magazin\/\"},{\"@type\":\"ListItem\",\"position\":3,\"name\":\"Puzzle Pia\u021ba Sfatului, Bra\u0219ov \u2013 Puzzle adul\u021bi 1000 piese \u2013 Imagini din Rom\u00e2nia\"}]},{\"@type\":\"WebSite\",\"@id\":\"https:\/\/business.roovi.com\/ro\/#website\",\"url\":\"https:\/\/business.roovi.com\/ro\/\",\"name\":\"Roovi B2B\",\"description\":\"Roovi Business Website\",\"potentialAction\":[{\"@type\":\"SearchAction\",\"target\":{\"@type\":\"EntryPoint\",\"urlTemplate\":\"https:\/\/business.roovi.com\/ro\/?s={search_term_string}\"},\"query-input\":\"required name=search_term_string\"}],\"inLanguage\":\"ro-RO\"}]}<\/script>\n<!-- \/ Yoast SEO plugin. -->","yoast_head_json":{"title":"Puzzle Pia\u021ba Sfatului, Bra\u0219ov \u2013 Puzzle adul\u021bi 1000 piese \u2013 Imagini din Rom\u00e2nia - Roovi B2B","robots":{"index":"index","follow":"follow","max-snippet":"max-snippet:-1","max-image-preview":"max-image-preview:large","max-video-preview":"max-video-preview:-1"},"canonical":"https:\/\/business.roovi.com\/ro\/puzzle-piata-sfatului-brasov-puzzle-adulti-1000-piese-imagini-din-romania\/p\/","og_locale":"ro_RO","og_type":"article","og_title":"Puzzle Pia\u021ba Sfatului, Bra\u0219ov \u2013 Puzzle adul\u021bi 1000 piese \u2013 Imagini din Rom\u00e2nia - Roovi B2B","og_description":"Puzzle 1000 piese &#8211; Bra\u0219ov, Pia\u021ba Sfatului prezint\u0103 o imagine artistic\u0103 impresionant\u0103 a uneia dintre cele mai faimoase atrac\u021bii turistice","og_url":"https:\/\/business.roovi.com\/ro\/puzzle-piata-sfatului-brasov-puzzle-adulti-1000-piese-imagini-din-romania\/p\/","og_site_name":"Roovi B2B","article_publisher":"https:\/\/www.facebook.com\/wwwjucariero","article_modified_time":"2025-03-18T09:49:25+00:00","og_image":[{"width":1200,"height":1200,"url":"https:\/\/business.roovi.com\/wp-content\/uploads\/2023\/03\/01_MAIN-23.jpg","type":"image\/jpeg"}],"twitter_misc":{"Timp estimat pentru citire":"3 minute"},"schema":{"@context":"https:\/\/schema.org","@graph":[{"@type":"WebPage","@id":"https:\/\/business.roovi.com\/ro\/puzzle-piata-sfatului-brasov-puzzle-adulti-1000-piese-imagini-din-romania\/p\/","url":"https:\/\/business.roovi.com\/ro\/puzzle-piata-sfatului-brasov-puzzle-adulti-1000-piese-imagini-din-romania\/p\/","name":"Puzzle Pia\u021ba Sfatului, Bra\u0219ov \u2013 Puzzle adul\u021bi 1000 piese \u2013 Imagini din Rom\u00e2nia - Roovi B2B","isPartOf":{"@id":"https:\/\/business.roovi.com\/ro\/#website"},"datePublished":"2023-03-11T09:29:52+00:00","dateModified":"2025-03-18T09:49:25+00:00","breadcrumb":{"@id":"https:\/\/business.roovi.com\/ro\/puzzle-piata-sfatului-brasov-puzzle-adulti-1000-piese-imagini-din-romania\/p\/#breadcrumb"},"inLanguage":"ro-RO","potentialAction":[{"@type":"ReadAction","target":["https:\/\/business.roovi.com\/ro\/puzzle-piata-sfatului-brasov-puzzle-adulti-1000-piese-imagini-din-romania\/p\/"]}]},{"@type":"BreadcrumbList","@id":"https:\/\/business.roovi.com\/ro\/puzzle-piata-sfatului-brasov-puzzle-adulti-1000-piese-imagini-din-romania\/p\/#breadcrumb","itemListElement":[{"@type":"ListItem","position":1,"name":"Home","item":"https:\/\/business.roovi.com\/ro\/"},{"@type":"ListItem","position":2,"name":"Magazin","item":"https:\/\/business.roovi.com\/ro\/magazin\/"},{"@type":"ListItem","position":3,"name":"Puzzle Pia\u021ba Sfatului, Bra\u0219ov \u2013 Puzzle adul\u021bi 1000 piese \u2013 Imagini din Rom\u00e2nia"}]},{"@type":"WebSite","@id":"https:\/\/business.roovi.com\/ro\/#website","url":"https:\/\/business.roovi.com\/ro\/","name":"Roovi B2B","description":"Roovi Business Website","potentialAction":[{"@type":"SearchAction","target":{"@type":"EntryPoint","urlTemplate":"https:\/\/business.roovi.com\/ro\/?s={search_term_string}"},"query-input":"required name=search_term_string"}],"inLanguage":"ro-RO"}]}},"_links":{"self":[{"href":"https:\/\/business.roovi.com\/ro\/wp-json\/wp\/v2\/product\/67988","targetHints":{"allow":["GET"]}}],"collection":[{"href":"https:\/\/business.roovi.com\/ro\/wp-json\/wp\/v2\/product"}],"about":[{"href":"https:\/\/business.roovi.com\/ro\/wp-json\/wp\/v2\/types\/product"}],"version-history":[{"count":0,"href":"https:\/\/business.roovi.com\/ro\/wp-json\/wp\/v2\/product\/67988\/revisions"}],"wp:featuredmedia":[{"embeddable":true,"href":"https:\/\/business.roovi.com\/ro\/wp-json\/wp\/v2\/media\/67989"}],"wp:attachment":[{"href":"https:\/\/business.roovi.com\/ro\/wp-json\/wp\/v2\/media?parent=67988"}],"wp:term":[{"taxonomy":"product_brand","embeddable":true,"href":"https:\/\/business.roovi.com\/ro\/wp-json\/wp\/v2\/product_brand?post=67988"},{"taxonomy":"product_cat","embeddable":true,"href":"https:\/\/business.roovi.com\/ro\/wp-json\/wp\/v2\/product_cat?post=67988"},{"taxonomy":"product_tag","embeddable":true,"href":"https:\/\/business.roovi.com\/ro\/wp-json\/wp\/v2\/product_tag?post=67988"}],"curies":[{"name":"wp","href":"https:\/\/api.w.org\/{rel}","templated":true}]}}