{"id":71325,"date":"2023-09-18T06:28:18","date_gmt":"2023-09-18T06:28:18","guid":{"rendered":"https:\/\/business.roovi.com\/?post_type=product&#038;p=71325"},"modified":"2025-03-11T12:45:55","modified_gmt":"2025-03-11T12:45:55","slug":"carti-de-joc-scriitori-clasici-55-carti-de-joc-cu-scriitori-clasici-romani-celebri","status":"publish","type":"product","link":"https:\/\/business.roovi.com\/ro\/carti-de-joc-scriitori-clasici-55-carti-de-joc-cu-scriitori-clasici-romani-celebri\/p\/","title":{"rendered":"C\u0103r\u021bi de Joc &#8211; Scriitori Clasici (55 c\u0103r\u021bi de joc cu scriitori clasici rom\u00e2ni celebri)"},"content":{"rendered":"<h3 align=\"LEFT\"><span style=\"color: #00000a;\"><span style=\"font-family: Cambria, serif;\"><span style=\"font-size: medium;\"><b>C\u00e2t de multe (mai) \u0219tii despre opera \u0219i via\u021ba scriitorilor clasici rom\u00e2ni? Redescoper\u0103 literatura rom\u00e2n\u0103 printr-un joc de c\u0103r\u021bi super amuzant \u0219i educativ. <\/b><\/span><\/span><\/span><\/h3>\n<p align=\"LEFT\"><span style=\"color: #00000a;\"><span style=\"font-family: Calibri, serif;\"><span style=\"font-size: medium;\">Scriitori Clasici Rom\u00e2ni este un joc de c\u0103r\u021bi inedit ce \u00eembin\u0103 distrac\u021bia specific\u0103 jocului clasic de c\u0103r\u021bi cu informa\u021biile utile \u0219i interesante despre via\u021ba \u0219i opera marilor scriitorilor care au marcat literatura rom\u00e2n\u0103.<\/span><\/span><\/span><\/p>\n<p align=\"LEFT\"><span style=\"color: #00000a;\"><span style=\"font-family: Calibri, serif;\"><span style=\"font-size: medium;\">Pachetul con\u021bine <\/span><\/span><\/span><span style=\"color: #00000a;\"><span style=\"font-family: Calibri, serif;\"><span style=\"font-size: medium;\"><b>55 de c\u0103r\u021bi de joc<\/b><\/span><\/span><\/span><span style=\"color: #00000a;\"><span style=\"font-family: Calibri, serif;\"><span style=\"font-size: medium;\">, fiecare carte con\u021bine ilustra\u021bii originale cu portretele a unora dintre cei mai mari scriitori rom\u00e2ni. <\/span><\/span><\/span><\/p>\n<p align=\"LEFT\"><span style=\"color: #00000a;\"><span style=\"font-family: Calibri, serif;\"><span style=\"font-size: medium;\">Printre autori, \u00eei vei reg\u0103si pe Mihai Eminescu, Ion Creang\u0103, Ioan Slavici, Liviu Rebreanu \u0219i mul\u021bi al\u021bii. Designul elegant \u0219i sofisticat al c\u0103r\u021bilor de joc va atrage cu siguran\u021b\u0103 aten\u021bia oric\u0103rui iubitor de literatur\u0103.<\/span><\/span><\/span><\/p>\n<h3 align=\"LEFT\"><span style=\"color: #00000a;\"><span style=\"font-family: Calibri, serif;\"><span style=\"font-size: medium;\"><b>12 autori celebri sunt gata de joc. Tu crezi c\u0103 po\u021bi face fa\u021b\u0103 provoc\u0103rii?<\/b><\/span><\/span><\/span><\/h3>\n<p align=\"LEFT\"><span style=\"color: #00000a;\"><span style=\"font-family: Calibri, serif;\"><span style=\"font-size: medium;\">Pe c\u0103r\u021bile de joc sunt reprezenta\u021bi <\/span><\/span><\/span><span style=\"color: #00000a;\"><span style=\"font-family: Calibri, serif;\"><span style=\"font-size: medium;\"><b>12 autori rom\u00e2ni clasici<\/b><\/span><\/span><\/span><span style=\"color: #00000a;\"><span style=\"font-family: Calibri, serif;\"><span style=\"font-size: medium;\">, iar fiec\u0103ruia \u00eei corespund c\u00e2te 4 c\u0103r\u021bi. \u00cen joc mai sunt \u0219i <\/span><\/span><\/span><span style=\"color: #00000a;\"><span style=\"font-family: Calibri, serif;\"><span style=\"font-size: medium;\"><b>7 c\u0103r\u021bi speciale<\/b><\/span><\/span><\/span><span style=\"color: #00000a;\"><span style=\"font-family: Calibri, serif;\"><span style=\"font-size: medium;\"> care ajut\u0103 juc\u0103torii s\u0103-\u0219i creeze strategia c\u00e2\u0219tig\u0103toare. \u00cen plus, c\u0103r\u021bile speciale transform\u0103 fiecare rund\u0103 \u00eentr-un joc dinamic \u0219i super distractiv. Folose\u0219te-le inteligent \u0219i c\u00e2\u0219tig\u0103 jocul, de fiecare dat\u0103! <\/span><\/span><\/span><\/p>\n<h3 align=\"LEFT\"><span style=\"color: #00000a;\"><span style=\"font-family: Calibri, serif;\"><span style=\"font-size: medium;\"><b>De ce s\u0103 alegi jocul de c\u0103r\u021bi Scriitori Clasici Rom\u00e2ni?<\/b><\/span><\/span><\/span><\/h3>\n<p align=\"LEFT\"><span style=\"color: #00000a;\"><span style=\"font-family: Calibri, serif;\"><span style=\"font-size: medium;\">Este distractiv \u0219i relaxant, put\u00e2nd fi jucat cu to\u021bi membrii familiei sau cu ga\u0219ca de prieteni.<\/span><\/span><\/span><\/p>\n<p align=\"LEFT\"><span style=\"color: #00000a;\"><span style=\"font-family: Calibri, serif;\"><span style=\"font-size: medium;\">Are reguli simple \u0219i u\u0219or de re\u021binut, astfel c\u0103 se poate juca at\u00e2t de seniori, c\u00e2t \u0219i de copii mai mici, stimul\u00e2nd intens aten\u021bia, memoria \u0219i concentrarea la orice v\u00e2rst\u0103.<\/span><\/span><\/span><\/p>\n<p align=\"LEFT\"><span style=\"color: #00000a;\"><span style=\"font-family: Calibri, serif;\"><span style=\"font-size: medium;\">Este o bun\u0103 oportunitate de a-i familiariza pe copii cu cei mai mari scriitori rom\u00e2ni care au pus literatura noastr\u0103 pe harta literaturii europene.<\/span><\/span><\/span><\/p>\n<p align=\"LEFT\"><span style=\"color: #00000a;\"><span style=\"font-family: Calibri, serif;\"><span style=\"font-size: medium;\">Pe fiecare carte de joc sunt scrise c\u00e2te 4 opere de referin\u021b\u0103 ale scriitorului reprezentat, facilit\u00e2nd astfel \u00eenv\u0103\u021barea rapid\u0103 a unor informa\u021bii de baz\u0103 despre autori.<\/span><\/span><\/span><\/p>\n<p align=\"LEFT\"><span style=\"color: #00000a;\"><span style=\"font-family: Calibri, serif;\"><span style=\"font-size: medium;\">Jocul de c\u0103r\u021bi este realizat din materiale de calitate superioar\u0103, ce \u00eei confer\u0103 rezisten\u021b\u0103 sporit\u0103 pentru distrac\u021bie \u00eendelungat\u0103.<\/span><\/span><\/span><\/p>\n<p align=\"LEFT\"><span style=\"color: #00000a;\"><span style=\"font-family: Calibri, serif;\"><span style=\"font-size: medium;\">Pachetul mic \u0219i compact \u00ee\u0219i g\u0103se\u0219te loc oriunde, chiar \u0219i \u00een bagajul de vacan\u021b\u0103. Se poate juca \u00een orice loca\u021bie, f\u0103r\u0103 nicio restric\u021bie: \u00een camera de hotel, pe plaj\u0103, \u00een v\u00e2rf de munte sau \u00een gr\u0103dina bunicilor.<\/span><\/span><\/span><\/p>\n<p align=\"LEFT\"><span style=\"color: #00000a;\"><span style=\"font-family: Calibri, serif;\"><span style=\"font-size: medium;\">Fie c\u0103 \u00ee\u021bi dore\u0219ti un joc simplu, dar \u00een acela\u0219i timp educativ \u0219i distractive, o modalitate de a-i \u00eemprieteni pe elevi cu autorii canonici sau pur \u0219i simplu un cadou de impact pentru un prieten pasionat de literatur\u0103, jocul de c\u0103r\u021bi Autori Clasici Rom\u00e2ni este alegerea perfect\u0103.<\/span><\/span><\/span><\/p>\n<h3 align=\"LEFT\"><span style=\"color: #00000a;\"><span style=\"font-family: Calibri, serif;\"><span style=\"font-size: medium;\"><b>Jocul con\u021bine:<\/b><\/span><\/span><\/span><\/h3>\n<p align=\"LEFT\"><span style=\"color: #00000a;\"><span style=\"font-family: Calibri, serif;\"><span style=\"font-size: medium;\"><b>48x <\/b><\/span><\/span><\/span><span style=\"color: #00000a;\"><span style=\"font-family: Calibri, serif;\"><span style=\"font-size: medium;\">c\u0103r\u021bi de joc ilustrate cu portretele a 12 autori clasici rom\u00e2ni<\/span><\/span><\/span><\/p>\n<p align=\"LEFT\"><span style=\"color: #00000a;\"><span style=\"font-family: Calibri, serif;\"><span style=\"font-size: medium;\"><b>7x <\/b><\/span><\/span><\/span><span style=\"color: #00000a;\"><span style=\"font-family: Calibri, serif;\"><span style=\"font-size: medium;\">c\u0103r\u021bi de joc speciale.<\/span><\/span><\/span><\/p>\n<p align=\"LEFT\"><span style=\"color: #00000a;\"><span style=\"font-family: Calibri, serif;\"><span style=\"font-size: medium;\"><b>1x<\/b><\/span><\/span><\/span><span style=\"color: #00000a;\"><span style=\"font-family: Calibri, serif;\"><span style=\"font-size: medium;\"> regulament de joc<\/span><\/span><\/span><\/p>\n<p align=\"LEFT\"><span style=\"color: #00000a;\"><span style=\"font-family: Calibri, serif;\"><span style=\"font-size: medium;\"><b>Juc\u0103tori: 2 &#8211; 6 persoane<\/b><\/span><\/span><\/span><\/p>\n<p align=\"LEFT\"><span style=\"color: #00000a;\"><span style=\"font-family: Calibri, serif;\"><span style=\"font-size: medium;\"><b>V\u00e2rsta recomandat\u0103: 8+<\/b><\/span><\/span><\/span><\/p>\n","protected":false},"excerpt":{"rendered":"<p>C\u00e2t de multe (mai) \u0219tii despre opera \u0219i via\u021ba scriitorilor clasici rom\u00e2ni? Redescoper\u0103 literatura rom\u00e2n\u0103 printr-un joc de c\u0103r\u021bi super<\/p>\n","protected":false},"featured_media":71326,"template":"","meta":[],"product_brand":[],"product_cat":[1522,1501,1467,1471,1461],"product_tag":[],"class_list":{"0":"post-71325","1":"product","2":"type-product","3":"status-publish","4":"has-post-thumbnail","6":"product_cat-carti-de-joc","7":"product_cat-carti-educationale","8":"product_cat-jocuri-de-societate","9":"product_cat-jocuri-educative-si-stiintifice","10":"product_cat-jocuri-romanesti","11":"pa_filter_age-1315","12":"pa_filter_age-7_9","13":"pa_filter_age-9_14","15":"first","16":"instock","17":"taxable","18":"shipping-taxable","19":"product-type-simple"},"yoast_head":"<!-- This site is optimized with the Yoast SEO plugin v20.1 - https:\/\/yoast.com\/wordpress\/plugins\/seo\/ -->\n<title>C\u0103r\u021bi de Joc - Scriitori Clasici (55 c\u0103r\u021bi de joc cu scriitori clasici rom\u00e2ni celebri) - Roovi B2B<\/title>\n<meta name=\"robots\" content=\"index, follow, max-snippet:-1, max-image-preview:large, max-video-preview:-1\" \/>\n<link rel=\"canonical\" href=\"https:\/\/business.roovi.com\/ro\/carti-de-joc-scriitori-clasici-55-carti-de-joc-cu-scriitori-clasici-romani-celebri\/p\/\" \/>\n<meta property=\"og:locale\" content=\"ro_RO\" \/>\n<meta property=\"og:type\" content=\"article\" \/>\n<meta property=\"og:title\" content=\"C\u0103r\u021bi de Joc - Scriitori Clasici (55 c\u0103r\u021bi de joc cu scriitori clasici rom\u00e2ni celebri) - Roovi B2B\" \/>\n<meta property=\"og:description\" content=\"C\u00e2t de multe (mai) \u0219tii despre opera \u0219i via\u021ba scriitorilor clasici rom\u00e2ni? Redescoper\u0103 literatura rom\u00e2n\u0103 printr-un joc de c\u0103r\u021bi super\" \/>\n<meta property=\"og:url\" content=\"https:\/\/business.roovi.com\/ro\/carti-de-joc-scriitori-clasici-55-carti-de-joc-cu-scriitori-clasici-romani-celebri\/p\/\" \/>\n<meta property=\"og:site_name\" content=\"Roovi B2B\" \/>\n<meta property=\"article:publisher\" content=\"https:\/\/www.facebook.com\/wwwjucariero\" \/>\n<meta property=\"article:modified_time\" content=\"2025-03-11T12:45:55+00:00\" \/>\n<meta property=\"og:image\" content=\"https:\/\/business.roovi.com\/wp-content\/uploads\/2023\/09\/scriitori-clasici-RO-web.jpg\" \/>\n\t<meta property=\"og:image:width\" content=\"1200\" \/>\n\t<meta property=\"og:image:height\" content=\"1200\" \/>\n\t<meta property=\"og:image:type\" content=\"image\/jpeg\" \/>\n<meta name=\"twitter:label1\" content=\"Timp estimat pentru citire\" \/>\n\t<meta name=\"twitter:data1\" content=\"2 minute\" \/>\n<script type=\"application\/ld+json\" class=\"yoast-schema-graph\">{\"@context\":\"https:\/\/schema.org\",\"@graph\":[{\"@type\":\"WebPage\",\"@id\":\"https:\/\/business.roovi.com\/ro\/carti-de-joc-scriitori-clasici-55-carti-de-joc-cu-scriitori-clasici-romani-celebri\/p\/\",\"url\":\"https:\/\/business.roovi.com\/ro\/carti-de-joc-scriitori-clasici-55-carti-de-joc-cu-scriitori-clasici-romani-celebri\/p\/\",\"name\":\"C\u0103r\u021bi de Joc - Scriitori Clasici (55 c\u0103r\u021bi de joc cu scriitori clasici rom\u00e2ni celebri) - Roovi B2B\",\"isPartOf\":{\"@id\":\"https:\/\/business.roovi.com\/ro\/#website\"},\"datePublished\":\"2023-09-18T06:28:18+00:00\",\"dateModified\":\"2025-03-11T12:45:55+00:00\",\"breadcrumb\":{\"@id\":\"https:\/\/business.roovi.com\/ro\/carti-de-joc-scriitori-clasici-55-carti-de-joc-cu-scriitori-clasici-romani-celebri\/p\/#breadcrumb\"},\"inLanguage\":\"ro-RO\",\"potentialAction\":[{\"@type\":\"ReadAction\",\"target\":[\"https:\/\/business.roovi.com\/ro\/carti-de-joc-scriitori-clasici-55-carti-de-joc-cu-scriitori-clasici-romani-celebri\/p\/\"]}]},{\"@type\":\"BreadcrumbList\",\"@id\":\"https:\/\/business.roovi.com\/ro\/carti-de-joc-scriitori-clasici-55-carti-de-joc-cu-scriitori-clasici-romani-celebri\/p\/#breadcrumb\",\"itemListElement\":[{\"@type\":\"ListItem\",\"position\":1,\"name\":\"Home\",\"item\":\"https:\/\/business.roovi.com\/ro\/\"},{\"@type\":\"ListItem\",\"position\":2,\"name\":\"Magazin\",\"item\":\"https:\/\/business.roovi.com\/ro\/magazin\/\"},{\"@type\":\"ListItem\",\"position\":3,\"name\":\"C\u0103r\u021bi de Joc &#8211; Scriitori Clasici (55 c\u0103r\u021bi de joc cu scriitori clasici rom\u00e2ni celebri)\"}]},{\"@type\":\"WebSite\",\"@id\":\"https:\/\/business.roovi.com\/ro\/#website\",\"url\":\"https:\/\/business.roovi.com\/ro\/\",\"name\":\"Roovi B2B\",\"description\":\"Roovi Business Website\",\"potentialAction\":[{\"@type\":\"SearchAction\",\"target\":{\"@type\":\"EntryPoint\",\"urlTemplate\":\"https:\/\/business.roovi.com\/ro\/?s={search_term_string}\"},\"query-input\":\"required name=search_term_string\"}],\"inLanguage\":\"ro-RO\"}]}<\/script>\n<!-- \/ Yoast SEO plugin. -->","yoast_head_json":{"title":"C\u0103r\u021bi de Joc - Scriitori Clasici (55 c\u0103r\u021bi de joc cu scriitori clasici rom\u00e2ni celebri) - Roovi B2B","robots":{"index":"index","follow":"follow","max-snippet":"max-snippet:-1","max-image-preview":"max-image-preview:large","max-video-preview":"max-video-preview:-1"},"canonical":"https:\/\/business.roovi.com\/ro\/carti-de-joc-scriitori-clasici-55-carti-de-joc-cu-scriitori-clasici-romani-celebri\/p\/","og_locale":"ro_RO","og_type":"article","og_title":"C\u0103r\u021bi de Joc - Scriitori Clasici (55 c\u0103r\u021bi de joc cu scriitori clasici rom\u00e2ni celebri) - Roovi B2B","og_description":"C\u00e2t de multe (mai) \u0219tii despre opera \u0219i via\u021ba scriitorilor clasici rom\u00e2ni? Redescoper\u0103 literatura rom\u00e2n\u0103 printr-un joc de c\u0103r\u021bi super","og_url":"https:\/\/business.roovi.com\/ro\/carti-de-joc-scriitori-clasici-55-carti-de-joc-cu-scriitori-clasici-romani-celebri\/p\/","og_site_name":"Roovi B2B","article_publisher":"https:\/\/www.facebook.com\/wwwjucariero","article_modified_time":"2025-03-11T12:45:55+00:00","og_image":[{"width":1200,"height":1200,"url":"https:\/\/business.roovi.com\/wp-content\/uploads\/2023\/09\/scriitori-clasici-RO-web.jpg","type":"image\/jpeg"}],"twitter_misc":{"Timp estimat pentru citire":"2 minute"},"schema":{"@context":"https:\/\/schema.org","@graph":[{"@type":"WebPage","@id":"https:\/\/business.roovi.com\/ro\/carti-de-joc-scriitori-clasici-55-carti-de-joc-cu-scriitori-clasici-romani-celebri\/p\/","url":"https:\/\/business.roovi.com\/ro\/carti-de-joc-scriitori-clasici-55-carti-de-joc-cu-scriitori-clasici-romani-celebri\/p\/","name":"C\u0103r\u021bi de Joc - Scriitori Clasici (55 c\u0103r\u021bi de joc cu scriitori clasici rom\u00e2ni celebri) - Roovi B2B","isPartOf":{"@id":"https:\/\/business.roovi.com\/ro\/#website"},"datePublished":"2023-09-18T06:28:18+00:00","dateModified":"2025-03-11T12:45:55+00:00","breadcrumb":{"@id":"https:\/\/business.roovi.com\/ro\/carti-de-joc-scriitori-clasici-55-carti-de-joc-cu-scriitori-clasici-romani-celebri\/p\/#breadcrumb"},"inLanguage":"ro-RO","potentialAction":[{"@type":"ReadAction","target":["https:\/\/business.roovi.com\/ro\/carti-de-joc-scriitori-clasici-55-carti-de-joc-cu-scriitori-clasici-romani-celebri\/p\/"]}]},{"@type":"BreadcrumbList","@id":"https:\/\/business.roovi.com\/ro\/carti-de-joc-scriitori-clasici-55-carti-de-joc-cu-scriitori-clasici-romani-celebri\/p\/#breadcrumb","itemListElement":[{"@type":"ListItem","position":1,"name":"Home","item":"https:\/\/business.roovi.com\/ro\/"},{"@type":"ListItem","position":2,"name":"Magazin","item":"https:\/\/business.roovi.com\/ro\/magazin\/"},{"@type":"ListItem","position":3,"name":"C\u0103r\u021bi de Joc &#8211; Scriitori Clasici (55 c\u0103r\u021bi de joc cu scriitori clasici rom\u00e2ni celebri)"}]},{"@type":"WebSite","@id":"https:\/\/business.roovi.com\/ro\/#website","url":"https:\/\/business.roovi.com\/ro\/","name":"Roovi B2B","description":"Roovi Business Website","potentialAction":[{"@type":"SearchAction","target":{"@type":"EntryPoint","urlTemplate":"https:\/\/business.roovi.com\/ro\/?s={search_term_string}"},"query-input":"required name=search_term_string"}],"inLanguage":"ro-RO"}]}},"_links":{"self":[{"href":"https:\/\/business.roovi.com\/ro\/wp-json\/wp\/v2\/product\/71325","targetHints":{"allow":["GET"]}}],"collection":[{"href":"https:\/\/business.roovi.com\/ro\/wp-json\/wp\/v2\/product"}],"about":[{"href":"https:\/\/business.roovi.com\/ro\/wp-json\/wp\/v2\/types\/product"}],"version-history":[{"count":0,"href":"https:\/\/business.roovi.com\/ro\/wp-json\/wp\/v2\/product\/71325\/revisions"}],"wp:featuredmedia":[{"embeddable":true,"href":"https:\/\/business.roovi.com\/ro\/wp-json\/wp\/v2\/media\/71326"}],"wp:attachment":[{"href":"https:\/\/business.roovi.com\/ro\/wp-json\/wp\/v2\/media?parent=71325"}],"wp:term":[{"taxonomy":"product_brand","embeddable":true,"href":"https:\/\/business.roovi.com\/ro\/wp-json\/wp\/v2\/product_brand?post=71325"},{"taxonomy":"product_cat","embeddable":true,"href":"https:\/\/business.roovi.com\/ro\/wp-json\/wp\/v2\/product_cat?post=71325"},{"taxonomy":"product_tag","embeddable":true,"href":"https:\/\/business.roovi.com\/ro\/wp-json\/wp\/v2\/product_tag?post=71325"}],"curies":[{"name":"wp","href":"https:\/\/api.w.org\/{rel}","templated":true}]}}