{"id":71669,"date":"2023-10-06T09:24:30","date_gmt":"2023-10-06T09:24:30","guid":{"rendered":"https:\/\/business.roovi.com\/?post_type=product&#038;p=71669"},"modified":"2025-03-13T09:00:13","modified_gmt":"2025-03-13T09:00:13","slug":"colonizam-planeta-marte","status":"publish","type":"product","link":"https:\/\/business.roovi.com\/ro\/colonizam-planeta-marte\/p\/","title":{"rendered":"Coloniz\u0103m Planeta Marte &#8211; Kit experimental pentru pasiona\u021bii de \u0219tiin\u021b\u0103 \u0219i spa\u021biul cosmic"},"content":{"rendered":"<p><strong>Porne\u0219te \u00een cea mai grozav\u0103 c\u0103l\u0103torie exploratorie \u0219i construie\u0219te-\u021bi propria colonie spa\u021bial\u0103 cu setul experimental Coloniz\u0103m Planeta Marte!<\/strong><\/p>\n<p>Dac\u0103 vrei s\u0103 \u00eei dezvol\u021bi copilului t\u0103u pasiunea pentru \u0219tiin\u021b\u0103 \u0219i tehnologie, precum \u0219i g\u00e2ndirea creativ\u0103, tocmai ai g\u0103sit solu\u021bia perfect\u0103! Setul experimental Coloniz\u0103m Planeta Marte le ofer\u0103 micilor cercet\u0103tori pasiona\u021bi de spa\u021biul cosmic o experien\u021b\u0103 unic\u0103 de explorare \u0219i creare a propriei colonii spa\u021biale.<\/p>\n<p>Kitul de supravie\u021buire nu este o juc\u0103rie, ci este c\u00e2t se poate de real con\u021bin\u00e2nd ingrediente, recipiente, ustensile \u0219i indica\u021bii u\u0219or de \u00een\u021beles pentru ca pasiona\u021bii de \u0219tiin\u021b\u0103 s\u0103 experimenteze ca ni\u0219te oameni de \u0219tiin\u021b\u0103 adev\u0103ra\u021bi. Astfel, copiii se vor distra de minune \u0219i \u00een acela\u0219i timp vor reu\u0219i:<\/p>\n<ul>\n<li>S\u0103 creeze un sol artificial \u0219i s\u0103 cultive salate \u0219i plante comestibile;<\/li>\n<li>S\u0103 colecteze, s\u0103 topeasc\u0103 \u0219i s\u0103 ob\u021bin\u0103 ap\u0103 potabil\u0103 pe Marte;<\/li>\n<li>S\u0103 creeze aer respirabil care s\u0103 \u00eentre\u021bin\u0103 via\u021ba echipajului;<\/li>\n<li>S\u0103 detecteze radia\u021biile ultraviolete pe aceast\u0103 planet\u0103.<\/li>\n<\/ul>\n<p><strong>Coloniz\u0103m Planeta Marte: kitul perfect pentru explorare \u00een siguran\u021b\u0103 \u0219i \u00eenv\u0103\u021bare prin joac\u0103!<\/strong><\/p>\n<p>Setul Coloniz\u0103m Planeta Marte este alc\u0103tuit din materiale de calitatea premium ce asigur\u0103 nenum\u0103rate experien\u021be distractive, sigure pentru s\u0103n\u0103tatea copiilor.<\/p>\n<p>S\u0103 creezi un mediu propice de via\u021b\u0103 pe Marte este o mega-provocare pentru orice pasionat de \u0219tiin\u021b\u0103 \u0219i spa\u021biul cosmic. Dar c\u00e2nd ai la \u00eendem\u00e2n\u0103 un set complex precum kitul Coloniz\u0103m Planeta Marte, joaca devine un lung \u0219ir de experimente fabuloase \u0219i educative.<\/p>\n<p><strong>Te-ai \u00eentrebat vreodat\u0103 de ce nu e posibil s\u0103 existe combustibili fosili pe Marte? Experimenteaz\u0103 cu Coloniz\u0103m Planate Marte \u0219i afl\u0103 r\u0103spunsul la aceast\u0103 \u00eentrebare, precum \u0219i multe alte curiozit\u0103\u021bi interesante.<\/strong><\/p>\n<p><strong>Coloniz\u0103m Planeta Marte: un jos STEM captivant care stimuleaz\u0103 la maximum curiozitatea copiilor!<\/strong><\/p>\n<p>Jocurile STEM (acronimul de la Science, Technology, Engineering \u0219i Mathematics) reprezint\u0103 o modalitate captivant\u0103 \u0219i educativ\u0103 de a explora \u0219i experimenta lumea \u0219tiin\u021bei \u0219i tehnologiei. Aceste jocuri sunt concepute pentru a le dezvolta copiilor abilit\u0103\u021bi esen\u021biale, precum: g\u00e2ndirea critic\u0103, capacitatea de a rezolva probleme \u0219i creativitatea, fiind \u00een acela\u0219i timp, foarte distractive.<\/p>\n<p>Kitul Coloniz\u0103m Planeta Marte este conceput conform principiilor STEM \u0219i creeaz\u0103 un univers interactiv \u0219i atractiv \u00een care \u00eenv\u0103\u021barea prin experiment devine o aventur\u0103 captivant\u0103 pentru copii.<\/p>\n<p><strong>De ce s\u0103 alegi setul experimental Coloniz\u0103m Planeta Marte<\/strong><\/p>\n<ul>\n<li>Este o modalitate inedit\u0103 de a-l familiariza pe copil cu concepte \u0219i no\u021biuni \u0219tiin\u021bifice noi, f\u0103r\u0103 a sim\u021bi presiunea \u00eenv\u0103\u021b\u0103rii ca la \u0219coal\u0103.<\/li>\n<li>\u00cel ajut\u0103 pe micul cercet\u0103tor s\u0103 \u00ee\u0219i dezvolte abilit\u0103\u021bile tehnice \u0219i \u00eel stimuleaz\u0103 s\u0103 devin\u0103 tot mai curios \u0219i mai receptiv la studiul spa\u021biului cosmic.<\/li>\n<li>Setul ofer\u0103 ocazia unic\u0103 de a crea un ecosistem ca pe P\u0103m\u00e2nt, de a clona plante \u0219i de a vedea cum acestea creeaz\u0103 oxigen.<\/li>\n<li>Setul include o bro\u0219ur\u0103 cu ilustra\u021bii \u0219i indica\u021bii complete pentru ca experimentele s\u0103 se realizeze cu u\u0219urin\u021b\u0103.<\/li>\n<li>Dezvolt\u0103 abilit\u0103\u021bile de cooperare \u0219i munca \u00een echip\u0103 \u00eentruc\u00e2t majoritatea experimentelor se pot face \u00een colaborare cu prietenii sau cu p\u0103rin\u021bii.<\/li>\n<li>Este o modalitate practic\u0103 \u0219i distractiv\u0103 de a-l preg\u0103ti pe copil pentru oportunit\u0103\u021bile viitoare din domeniul de studiu al spa\u021biului.<\/li>\n<\/ul>\n<p><strong>Ofer\u0103-i a\u0219adar copilului t\u0103u setul experimental Coloniz\u0103m Planeta Marte \u0219i transform\u0103 \u00eenv\u0103\u021barea no\u021biunilor despre spa\u021biul cosmic \u00eentr-o aventur\u0103 fascinant\u0103!<\/strong><\/p>\n","protected":false},"excerpt":{"rendered":"<p>Porne\u0219te \u00een cea mai grozav\u0103 c\u0103l\u0103torie exploratorie \u0219i construie\u0219te-\u021bi propria colonie spa\u021bial\u0103 cu setul experimental Coloniz\u0103m Planeta Marte! Dac\u0103 vrei<\/p>\n","protected":false},"featured_media":71670,"template":"","meta":[],"product_brand":[],"product_cat":[1494,1471,1509],"product_tag":[],"class_list":{"0":"post-71669","1":"product","2":"type-product","3":"status-publish","4":"has-post-thumbnail","6":"product_cat-jocuri-didactice","7":"product_cat-jocuri-educative-si-stiintifice","8":"product_cat-jocuri-stiintifice","9":"pa_filter_age-1315","10":"pa_filter_age-7_9","11":"pa_filter_age-9_14","13":"first","14":"instock","15":"taxable","16":"shipping-taxable","17":"product-type-simple"},"yoast_head":"<!-- This site is optimized with the Yoast SEO plugin v20.1 - https:\/\/yoast.com\/wordpress\/plugins\/seo\/ -->\n<title>Coloniz\u0103m Planeta Marte - Kit experimental pentru pasiona\u021bii de \u0219tiin\u021b\u0103 \u0219i spa\u021biul cosmic - Roovi B2B<\/title>\n<meta name=\"robots\" content=\"index, follow, max-snippet:-1, max-image-preview:large, max-video-preview:-1\" \/>\n<link rel=\"canonical\" href=\"https:\/\/business.roovi.com\/ro\/colonizam-planeta-marte\/p\/\" \/>\n<meta property=\"og:locale\" content=\"ro_RO\" \/>\n<meta property=\"og:type\" content=\"article\" \/>\n<meta property=\"og:title\" content=\"Coloniz\u0103m Planeta Marte - Kit experimental pentru pasiona\u021bii de \u0219tiin\u021b\u0103 \u0219i spa\u021biul cosmic - Roovi B2B\" \/>\n<meta property=\"og:description\" content=\"Porne\u0219te \u00een cea mai grozav\u0103 c\u0103l\u0103torie exploratorie \u0219i construie\u0219te-\u021bi propria colonie spa\u021bial\u0103 cu setul experimental Coloniz\u0103m Planeta Marte! Dac\u0103 vrei\" \/>\n<meta property=\"og:url\" content=\"https:\/\/business.roovi.com\/ro\/colonizam-planeta-marte\/p\/\" \/>\n<meta property=\"og:site_name\" content=\"Roovi B2B\" \/>\n<meta property=\"article:publisher\" content=\"https:\/\/www.facebook.com\/wwwjucariero\" \/>\n<meta property=\"article:modified_time\" content=\"2025-03-13T09:00:13+00:00\" \/>\n<meta property=\"og:image\" content=\"https:\/\/business.roovi.com\/wp-content\/uploads\/2023\/10\/COLONIZAM-PLANETA-MARTE_80769_FATA.jpg\" \/>\n\t<meta property=\"og:image:width\" content=\"1200\" \/>\n\t<meta property=\"og:image:height\" content=\"1200\" \/>\n\t<meta property=\"og:image:type\" content=\"image\/jpeg\" \/>\n<meta name=\"twitter:label1\" content=\"Timp estimat pentru citire\" \/>\n\t<meta name=\"twitter:data1\" content=\"3 minute\" \/>\n<script type=\"application\/ld+json\" class=\"yoast-schema-graph\">{\"@context\":\"https:\/\/schema.org\",\"@graph\":[{\"@type\":\"WebPage\",\"@id\":\"https:\/\/business.roovi.com\/ro\/colonizam-planeta-marte\/p\/\",\"url\":\"https:\/\/business.roovi.com\/ro\/colonizam-planeta-marte\/p\/\",\"name\":\"Coloniz\u0103m Planeta Marte - Kit experimental pentru pasiona\u021bii de \u0219tiin\u021b\u0103 \u0219i spa\u021biul cosmic - Roovi B2B\",\"isPartOf\":{\"@id\":\"https:\/\/business.roovi.com\/ro\/#website\"},\"datePublished\":\"2023-10-06T09:24:30+00:00\",\"dateModified\":\"2025-03-13T09:00:13+00:00\",\"breadcrumb\":{\"@id\":\"https:\/\/business.roovi.com\/ro\/colonizam-planeta-marte\/p\/#breadcrumb\"},\"inLanguage\":\"ro-RO\",\"potentialAction\":[{\"@type\":\"ReadAction\",\"target\":[\"https:\/\/business.roovi.com\/ro\/colonizam-planeta-marte\/p\/\"]}]},{\"@type\":\"BreadcrumbList\",\"@id\":\"https:\/\/business.roovi.com\/ro\/colonizam-planeta-marte\/p\/#breadcrumb\",\"itemListElement\":[{\"@type\":\"ListItem\",\"position\":1,\"name\":\"Home\",\"item\":\"https:\/\/business.roovi.com\/ro\/\"},{\"@type\":\"ListItem\",\"position\":2,\"name\":\"Magazin\",\"item\":\"https:\/\/business.roovi.com\/ro\/magazin\/\"},{\"@type\":\"ListItem\",\"position\":3,\"name\":\"Coloniz\u0103m Planeta Marte &#8211; Kit experimental pentru pasiona\u021bii de \u0219tiin\u021b\u0103 \u0219i spa\u021biul cosmic\"}]},{\"@type\":\"WebSite\",\"@id\":\"https:\/\/business.roovi.com\/ro\/#website\",\"url\":\"https:\/\/business.roovi.com\/ro\/\",\"name\":\"Roovi B2B\",\"description\":\"Roovi Business Website\",\"potentialAction\":[{\"@type\":\"SearchAction\",\"target\":{\"@type\":\"EntryPoint\",\"urlTemplate\":\"https:\/\/business.roovi.com\/ro\/?s={search_term_string}\"},\"query-input\":\"required name=search_term_string\"}],\"inLanguage\":\"ro-RO\"}]}<\/script>\n<!-- \/ Yoast SEO plugin. -->","yoast_head_json":{"title":"Coloniz\u0103m Planeta Marte - Kit experimental pentru pasiona\u021bii de \u0219tiin\u021b\u0103 \u0219i spa\u021biul cosmic - Roovi B2B","robots":{"index":"index","follow":"follow","max-snippet":"max-snippet:-1","max-image-preview":"max-image-preview:large","max-video-preview":"max-video-preview:-1"},"canonical":"https:\/\/business.roovi.com\/ro\/colonizam-planeta-marte\/p\/","og_locale":"ro_RO","og_type":"article","og_title":"Coloniz\u0103m Planeta Marte - Kit experimental pentru pasiona\u021bii de \u0219tiin\u021b\u0103 \u0219i spa\u021biul cosmic - Roovi B2B","og_description":"Porne\u0219te \u00een cea mai grozav\u0103 c\u0103l\u0103torie exploratorie \u0219i construie\u0219te-\u021bi propria colonie spa\u021bial\u0103 cu setul experimental Coloniz\u0103m Planeta Marte! Dac\u0103 vrei","og_url":"https:\/\/business.roovi.com\/ro\/colonizam-planeta-marte\/p\/","og_site_name":"Roovi B2B","article_publisher":"https:\/\/www.facebook.com\/wwwjucariero","article_modified_time":"2025-03-13T09:00:13+00:00","og_image":[{"width":1200,"height":1200,"url":"https:\/\/business.roovi.com\/wp-content\/uploads\/2023\/10\/COLONIZAM-PLANETA-MARTE_80769_FATA.jpg","type":"image\/jpeg"}],"twitter_misc":{"Timp estimat pentru citire":"3 minute"},"schema":{"@context":"https:\/\/schema.org","@graph":[{"@type":"WebPage","@id":"https:\/\/business.roovi.com\/ro\/colonizam-planeta-marte\/p\/","url":"https:\/\/business.roovi.com\/ro\/colonizam-planeta-marte\/p\/","name":"Coloniz\u0103m Planeta Marte - Kit experimental pentru pasiona\u021bii de \u0219tiin\u021b\u0103 \u0219i spa\u021biul cosmic - Roovi B2B","isPartOf":{"@id":"https:\/\/business.roovi.com\/ro\/#website"},"datePublished":"2023-10-06T09:24:30+00:00","dateModified":"2025-03-13T09:00:13+00:00","breadcrumb":{"@id":"https:\/\/business.roovi.com\/ro\/colonizam-planeta-marte\/p\/#breadcrumb"},"inLanguage":"ro-RO","potentialAction":[{"@type":"ReadAction","target":["https:\/\/business.roovi.com\/ro\/colonizam-planeta-marte\/p\/"]}]},{"@type":"BreadcrumbList","@id":"https:\/\/business.roovi.com\/ro\/colonizam-planeta-marte\/p\/#breadcrumb","itemListElement":[{"@type":"ListItem","position":1,"name":"Home","item":"https:\/\/business.roovi.com\/ro\/"},{"@type":"ListItem","position":2,"name":"Magazin","item":"https:\/\/business.roovi.com\/ro\/magazin\/"},{"@type":"ListItem","position":3,"name":"Coloniz\u0103m Planeta Marte &#8211; Kit experimental pentru pasiona\u021bii de \u0219tiin\u021b\u0103 \u0219i spa\u021biul cosmic"}]},{"@type":"WebSite","@id":"https:\/\/business.roovi.com\/ro\/#website","url":"https:\/\/business.roovi.com\/ro\/","name":"Roovi B2B","description":"Roovi Business Website","potentialAction":[{"@type":"SearchAction","target":{"@type":"EntryPoint","urlTemplate":"https:\/\/business.roovi.com\/ro\/?s={search_term_string}"},"query-input":"required name=search_term_string"}],"inLanguage":"ro-RO"}]}},"_links":{"self":[{"href":"https:\/\/business.roovi.com\/ro\/wp-json\/wp\/v2\/product\/71669","targetHints":{"allow":["GET"]}}],"collection":[{"href":"https:\/\/business.roovi.com\/ro\/wp-json\/wp\/v2\/product"}],"about":[{"href":"https:\/\/business.roovi.com\/ro\/wp-json\/wp\/v2\/types\/product"}],"version-history":[{"count":0,"href":"https:\/\/business.roovi.com\/ro\/wp-json\/wp\/v2\/product\/71669\/revisions"}],"wp:featuredmedia":[{"embeddable":true,"href":"https:\/\/business.roovi.com\/ro\/wp-json\/wp\/v2\/media\/71670"}],"wp:attachment":[{"href":"https:\/\/business.roovi.com\/ro\/wp-json\/wp\/v2\/media?parent=71669"}],"wp:term":[{"taxonomy":"product_brand","embeddable":true,"href":"https:\/\/business.roovi.com\/ro\/wp-json\/wp\/v2\/product_brand?post=71669"},{"taxonomy":"product_cat","embeddable":true,"href":"https:\/\/business.roovi.com\/ro\/wp-json\/wp\/v2\/product_cat?post=71669"},{"taxonomy":"product_tag","embeddable":true,"href":"https:\/\/business.roovi.com\/ro\/wp-json\/wp\/v2\/product_tag?post=71669"}],"curies":[{"name":"wp","href":"https:\/\/api.w.org\/{rel}","templated":true}]}}