{"id":71681,"date":"2023-10-06T09:32:45","date_gmt":"2023-10-06T09:32:45","guid":{"rendered":"https:\/\/business.roovi.com\/?post_type=product&#038;p=71681"},"modified":"2025-03-13T09:01:53","modified_gmt":"2025-03-13T09:01:53","slug":"boom-experimente-explozive","status":"publish","type":"product","link":"https:\/\/business.roovi.com\/ro\/boom-experimente-explozive\/p\/","title":{"rendered":"BOOM &#8211; Experimente Explozive"},"content":{"rendered":"<p align=\"LEFT\"><span style=\"color: #4f81bd;\"><span style=\"font-family: Cambria, serif;\"><span style=\"font-size: medium;\"><i><span style=\"color: #00000a;\"><span lang=\"ro-RO\"><b>Cau\u021bi o modalitate interesant\u0103 de a sus\u021bine curiozitatea copilului t\u0103u \u0219i de a-l \u021bine departe de ecrane un timp \u00eendelungat? Tocmai ai g\u0103sit jocul ideal ce \u00eembin\u0103 perfect bucuria jocului cu activit\u0103\u021bile educative: BOOM &#8211; Experimente explozive! <\/b><\/span><\/span><\/i><\/span><\/span><\/span><\/p>\n<p><span lang=\"ro-RO\">Chimia \u0219i \u0219tiin\u021bele se \u00eenva\u021b\u0103 acum mult mai u\u0219or dac\u0103 ai \u00een cas\u0103 propriul laborator de experimente&#8230; explozive. Nu te speria, BOOM &#8211; Experimente explozive nu e deloc periculos, ci doar super antrenant \u0219i distractiv. \u00cen plus, \u00eei ajut\u0103 pe copii s\u0103 descopere lumea explor\u00e2nd \u00een modul lor propriu, combin\u00e2nd substan\u021be chimice precum cercet\u0103torii adev\u0103ra\u021bi.<\/span><\/p>\n<p><span lang=\"ro-RO\">BOOM Experimente explozive este un kit complet \u0219i sigur pentru copiii pasiona\u021bi de \u0219tiin\u021b\u0103 \u0219i nu numai. Combin\u00e2nd substan\u021bele disponibile \u00een set, micii cercet\u0103tori au oportunitatea s\u0103 experimenteze \u0219i s\u0103 \u00eenve\u021be despre:<\/span><\/p>\n<ul>\n<li><span lang=\"ro-RO\"><b>Erup\u021biile vulcanice<\/b><\/span><\/li>\n<li><span lang=\"ro-RO\"><b>Reac\u021biile dintre acizi \u0219i baze <\/b><\/span><\/li>\n<li><span lang=\"ro-RO\"><b>Gaze, foc \u0219i presiunea aerului.<\/b><\/span><\/li>\n<\/ul>\n<p align=\"LEFT\"><span style=\"color: #4f81bd;\"><span style=\"font-family: Cambria, serif;\"><span style=\"font-size: medium;\"><span style=\"color: #00000a;\"><span lang=\"ro-RO\"><b>BOOM &#8211; Experimente explozive: trusa \u0219tiin\u021bific\u0103 perfect\u0103 pentru \u00eenv\u0103\u021bare prin joac\u0103<\/b><\/span><\/span><\/span><\/span><\/span><\/p>\n<p>Realizarea unor erup\u021bii vulcanice folosind reac\u021bii acid-baz\u0103, explorarea chimiei fl\u0103c\u0103rii unei lum\u00e2n\u0103ri, stingerea focului cu gaze invizibile sunt doar c\u00e2teva dintre experimentele grozave pe care copiii le pot realiza cu ajutorul acestui super set exploziv.<\/p>\n<p>BOOM \u2013 Experimente explozive este mai mult dec\u00e2t un set \u0219tiin\u021bific experimental. Este o modalitatea uimitoare prin care copiii \u0219i adolescen\u021bii experimenteaz\u0103 \u0219i \u00een\u021beleg no\u021biuni generale despre chimie \u0219i \u0219tiin\u021b\u0103.<\/p>\n<p><span style=\"font-family: Cambria, serif;\"><span style=\"font-size: medium;\"><span lang=\"ro-RO\"><b>BOOM &#8211; Experimente explozive: un joc STEM fascinant pentru o doz\u0103 maxim\u0103 de distrac\u021bie <\/b><\/span><\/span><\/span><\/p>\n<p>Jocurile STEM (acronimul de la <i>Science, Technology, Engineering \u0219i Mathematics<\/i>) reprezint\u0103 o modalitate captivant\u0103 \u0219i educativ\u0103 de a explora \u0219i experimenta lumea \u0219tiin\u021bei \u0219i tehnologiei. Aceste jocuri sunt concepute pentru a le dezvolta copiilor abilit\u0103\u021bi esen\u021biale, precum: g\u00e2ndirea critic\u0103, capacitatea de a rezolva probleme \u0219i creativitatea, fiind \u00een acela\u0219i timp, foarte distractive.<\/p>\n<p>BOOM \u2013 Experimente explozive este conceput conform principiilor STEM \u0219i creeaz\u0103 un univers interactiv \u0219i atractiv \u00een care \u00eenv\u0103\u021barea prin experiment devine o aventur\u0103 captivant\u0103 pentru copii.<\/p>\n<p><span style=\"font-family: Cambria, serif;\"><span style=\"font-size: medium;\"><span lang=\"ro-RO\"><b>De ce s\u0103 alegi BOOM \u2013 Experimente captivante pentru copilul t\u0103u<\/b><\/span><\/span><\/span><\/p>\n<ul>\n<li>Este o modalitate inedit\u0103 de <b>a-l familiariza pe copil cu concepte \u0219i no\u021biuni \u0219tiin\u021bifice noi<\/b>, f\u0103r\u0103 a sim\u021bi presiunea \u00eenv\u0103\u021b\u0103rii ca la \u0219coal\u0103.<\/li>\n<li>\u00cel ajut\u0103 pe micul cercet\u0103tor s\u0103 \u00ee\u0219i <b>dezvolte abilit\u0103\u021bile tehnice \u0219i \u00eel stimuleaz\u0103 s\u0103 devin\u0103 tot mai curios<\/b> \u0219i mai receptiv la domeniul \u0219tiin\u021bific.<\/li>\n<li><b>Copilul are ocazia s\u0103 \u00eenve\u021be despre reac\u021biile chimice<\/b> \u0219i procesele care stau la baza exploziilor. Experimentele \u00eei vor permite s\u0103 observe schimb\u0103rile chimice \u0219i s\u0103 \u00een\u021beleag\u0103 cum func\u021bioneaz\u0103 diverse substan\u021be.<\/li>\n<li>Setul include <b>o gam\u0103 variat\u0103 de accesorii \u0219i substan\u021be cu care se pot face numeroase experimente<\/b>. Fiecare dintre aceste vine cu instruc\u021biuni clare \u0219i u\u0219or de urmat.<\/li>\n<li><b>Dezvolt\u0103 abilit\u0103\u021bile de cooperare \u0219i munca \u00een echip\u0103<\/b> \u00eentruc\u00e2t majoritatea experimentelor presupun colaborarea cu alte persoane pentru ob\u021binerea rezultatelor dorite.<\/li>\n<li>Este o modalitate practic\u0103 \u0219i distractiv\u0103 de a-l <b>preg\u0103ti pe copil pentru oportunit\u0103\u021bile viitoare<\/b> din domeniul chimiei \u0219i \u0219tiin\u021bei.<\/li>\n<\/ul>\n<p><b>Ofer\u0103-i a\u0219adar copilului t\u0103u BOOM &#8211; Experimente Explozive \u0219i transform\u0103 \u00eenv\u0103\u021barea \u00eentr-o aventur\u0103 magic\u0103, plin\u0103 de descoperiri fascinante!<\/b><\/p>\n","protected":false},"excerpt":{"rendered":"<p>Cau\u021bi o modalitate interesant\u0103 de a sus\u021bine curiozitatea copilului t\u0103u \u0219i de a-l \u021bine departe de ecrane un timp \u00eendelungat?<\/p>\n","protected":false},"featured_media":71682,"template":"","meta":[],"product_brand":[],"product_cat":[1494,1471,1509],"product_tag":[],"class_list":{"0":"post-71681","1":"product","2":"type-product","3":"status-publish","4":"has-post-thumbnail","6":"product_cat-jocuri-didactice","7":"product_cat-jocuri-educative-si-stiintifice","8":"product_cat-jocuri-stiintifice","9":"pa_filter_age-1315","10":"pa_filter_age-7_9","11":"pa_filter_age-9_14","13":"first","14":"instock","15":"taxable","16":"shipping-taxable","17":"product-type-simple"},"yoast_head":"<!-- This site is optimized with the Yoast SEO plugin v20.1 - https:\/\/yoast.com\/wordpress\/plugins\/seo\/ -->\n<title>BOOM - Experimente Explozive - Roovi B2B<\/title>\n<meta name=\"robots\" content=\"index, follow, max-snippet:-1, max-image-preview:large, max-video-preview:-1\" \/>\n<link rel=\"canonical\" href=\"https:\/\/business.roovi.com\/ro\/boom-experimente-explozive\/p\/\" \/>\n<meta property=\"og:locale\" content=\"ro_RO\" \/>\n<meta property=\"og:type\" content=\"article\" \/>\n<meta property=\"og:title\" content=\"BOOM - Experimente Explozive - Roovi B2B\" \/>\n<meta property=\"og:description\" content=\"Cau\u021bi o modalitate interesant\u0103 de a sus\u021bine curiozitatea copilului t\u0103u \u0219i de a-l \u021bine departe de ecrane un timp \u00eendelungat?\" \/>\n<meta property=\"og:url\" content=\"https:\/\/business.roovi.com\/ro\/boom-experimente-explozive\/p\/\" \/>\n<meta property=\"og:site_name\" content=\"Roovi B2B\" \/>\n<meta property=\"article:publisher\" content=\"https:\/\/www.facebook.com\/wwwjucariero\" \/>\n<meta property=\"article:modified_time\" content=\"2025-03-13T09:01:53+00:00\" \/>\n<meta property=\"og:image\" content=\"https:\/\/business.roovi.com\/wp-content\/uploads\/2023\/10\/BOOM-EXPERIMENTE-EXPLOZIVE_80776_FATA.jpg\" \/>\n\t<meta property=\"og:image:width\" content=\"1200\" \/>\n\t<meta property=\"og:image:height\" content=\"1200\" \/>\n\t<meta property=\"og:image:type\" content=\"image\/jpeg\" \/>\n<meta name=\"twitter:label1\" content=\"Timp estimat pentru citire\" \/>\n\t<meta name=\"twitter:data1\" content=\"3 minute\" \/>\n<script type=\"application\/ld+json\" class=\"yoast-schema-graph\">{\"@context\":\"https:\/\/schema.org\",\"@graph\":[{\"@type\":\"WebPage\",\"@id\":\"https:\/\/business.roovi.com\/ro\/boom-experimente-explozive\/p\/\",\"url\":\"https:\/\/business.roovi.com\/ro\/boom-experimente-explozive\/p\/\",\"name\":\"BOOM - Experimente Explozive - Roovi B2B\",\"isPartOf\":{\"@id\":\"https:\/\/business.roovi.com\/ro\/#website\"},\"datePublished\":\"2023-10-06T09:32:45+00:00\",\"dateModified\":\"2025-03-13T09:01:53+00:00\",\"breadcrumb\":{\"@id\":\"https:\/\/business.roovi.com\/ro\/boom-experimente-explozive\/p\/#breadcrumb\"},\"inLanguage\":\"ro-RO\",\"potentialAction\":[{\"@type\":\"ReadAction\",\"target\":[\"https:\/\/business.roovi.com\/ro\/boom-experimente-explozive\/p\/\"]}]},{\"@type\":\"BreadcrumbList\",\"@id\":\"https:\/\/business.roovi.com\/ro\/boom-experimente-explozive\/p\/#breadcrumb\",\"itemListElement\":[{\"@type\":\"ListItem\",\"position\":1,\"name\":\"Home\",\"item\":\"https:\/\/business.roovi.com\/ro\/\"},{\"@type\":\"ListItem\",\"position\":2,\"name\":\"Magazin\",\"item\":\"https:\/\/business.roovi.com\/ro\/magazin\/\"},{\"@type\":\"ListItem\",\"position\":3,\"name\":\"BOOM &#8211; Experimente Explozive\"}]},{\"@type\":\"WebSite\",\"@id\":\"https:\/\/business.roovi.com\/ro\/#website\",\"url\":\"https:\/\/business.roovi.com\/ro\/\",\"name\":\"Roovi B2B\",\"description\":\"Roovi Business Website\",\"potentialAction\":[{\"@type\":\"SearchAction\",\"target\":{\"@type\":\"EntryPoint\",\"urlTemplate\":\"https:\/\/business.roovi.com\/ro\/?s={search_term_string}\"},\"query-input\":\"required name=search_term_string\"}],\"inLanguage\":\"ro-RO\"}]}<\/script>\n<!-- \/ Yoast SEO plugin. -->","yoast_head_json":{"title":"BOOM - Experimente Explozive - Roovi B2B","robots":{"index":"index","follow":"follow","max-snippet":"max-snippet:-1","max-image-preview":"max-image-preview:large","max-video-preview":"max-video-preview:-1"},"canonical":"https:\/\/business.roovi.com\/ro\/boom-experimente-explozive\/p\/","og_locale":"ro_RO","og_type":"article","og_title":"BOOM - Experimente Explozive - Roovi B2B","og_description":"Cau\u021bi o modalitate interesant\u0103 de a sus\u021bine curiozitatea copilului t\u0103u \u0219i de a-l \u021bine departe de ecrane un timp \u00eendelungat?","og_url":"https:\/\/business.roovi.com\/ro\/boom-experimente-explozive\/p\/","og_site_name":"Roovi B2B","article_publisher":"https:\/\/www.facebook.com\/wwwjucariero","article_modified_time":"2025-03-13T09:01:53+00:00","og_image":[{"width":1200,"height":1200,"url":"https:\/\/business.roovi.com\/wp-content\/uploads\/2023\/10\/BOOM-EXPERIMENTE-EXPLOZIVE_80776_FATA.jpg","type":"image\/jpeg"}],"twitter_misc":{"Timp estimat pentru citire":"3 minute"},"schema":{"@context":"https:\/\/schema.org","@graph":[{"@type":"WebPage","@id":"https:\/\/business.roovi.com\/ro\/boom-experimente-explozive\/p\/","url":"https:\/\/business.roovi.com\/ro\/boom-experimente-explozive\/p\/","name":"BOOM - Experimente Explozive - Roovi B2B","isPartOf":{"@id":"https:\/\/business.roovi.com\/ro\/#website"},"datePublished":"2023-10-06T09:32:45+00:00","dateModified":"2025-03-13T09:01:53+00:00","breadcrumb":{"@id":"https:\/\/business.roovi.com\/ro\/boom-experimente-explozive\/p\/#breadcrumb"},"inLanguage":"ro-RO","potentialAction":[{"@type":"ReadAction","target":["https:\/\/business.roovi.com\/ro\/boom-experimente-explozive\/p\/"]}]},{"@type":"BreadcrumbList","@id":"https:\/\/business.roovi.com\/ro\/boom-experimente-explozive\/p\/#breadcrumb","itemListElement":[{"@type":"ListItem","position":1,"name":"Home","item":"https:\/\/business.roovi.com\/ro\/"},{"@type":"ListItem","position":2,"name":"Magazin","item":"https:\/\/business.roovi.com\/ro\/magazin\/"},{"@type":"ListItem","position":3,"name":"BOOM &#8211; Experimente Explozive"}]},{"@type":"WebSite","@id":"https:\/\/business.roovi.com\/ro\/#website","url":"https:\/\/business.roovi.com\/ro\/","name":"Roovi B2B","description":"Roovi Business Website","potentialAction":[{"@type":"SearchAction","target":{"@type":"EntryPoint","urlTemplate":"https:\/\/business.roovi.com\/ro\/?s={search_term_string}"},"query-input":"required name=search_term_string"}],"inLanguage":"ro-RO"}]}},"_links":{"self":[{"href":"https:\/\/business.roovi.com\/ro\/wp-json\/wp\/v2\/product\/71681","targetHints":{"allow":["GET"]}}],"collection":[{"href":"https:\/\/business.roovi.com\/ro\/wp-json\/wp\/v2\/product"}],"about":[{"href":"https:\/\/business.roovi.com\/ro\/wp-json\/wp\/v2\/types\/product"}],"version-history":[{"count":0,"href":"https:\/\/business.roovi.com\/ro\/wp-json\/wp\/v2\/product\/71681\/revisions"}],"wp:featuredmedia":[{"embeddable":true,"href":"https:\/\/business.roovi.com\/ro\/wp-json\/wp\/v2\/media\/71682"}],"wp:attachment":[{"href":"https:\/\/business.roovi.com\/ro\/wp-json\/wp\/v2\/media?parent=71681"}],"wp:term":[{"taxonomy":"product_brand","embeddable":true,"href":"https:\/\/business.roovi.com\/ro\/wp-json\/wp\/v2\/product_brand?post=71681"},{"taxonomy":"product_cat","embeddable":true,"href":"https:\/\/business.roovi.com\/ro\/wp-json\/wp\/v2\/product_cat?post=71681"},{"taxonomy":"product_tag","embeddable":true,"href":"https:\/\/business.roovi.com\/ro\/wp-json\/wp\/v2\/product_tag?post=71681"}],"curies":[{"name":"wp","href":"https:\/\/api.w.org\/{rel}","templated":true}]}}