{"id":71693,"date":"2023-10-06T09:39:38","date_gmt":"2023-10-06T09:39:38","guid":{"rendered":"https:\/\/business.roovi.com\/?post_type=product&#038;p=71693"},"modified":"2025-03-13T09:02:55","modified_gmt":"2025-03-13T09:02:55","slug":"jelicios-fabrica-de-jeleuri","status":"publish","type":"product","link":"https:\/\/business.roovi.com\/ro\/jelicios-fabrica-de-jeleuri\/p\/","title":{"rendered":"Jelicios &#8211; Set \u0219tiin\u021bific experimental de creat jeleuri aromate"},"content":{"rendered":"<p align=\"LEFT\"><em><span style=\"color: #4f81bd;\"><span style=\"font-family: Cambria, serif;\"><span style=\"font-size: medium;\"><span style=\"color: #00000a;\"><b>E\u0219ti preg\u0103tit s\u0103 explorezi lumea dulciurilor \u00een mod \u0219tiin\u021bific, ca un veritabil chef? Descoper\u0103 Jelicios \u2013 cel mai dulce, antrenant \u0219i educativ set experimental care transform\u0103 \u0219tiin\u021ba \u00eentr-o experien\u021b\u0103 delicioas\u0103!<\/b><\/span><\/span><\/span><\/span><\/em><\/p>\n<p><b>Jelicios<\/b> le ofer\u0103 copiilor oportunitatea unic\u0103 de a \u00eenv\u0103\u021ba, explora \u0219i crea jeleuri aromate \u00een timp ce se distreaz\u0103 de minune al\u0103turi de cei mai buni prieteni.<\/p>\n<p>Setul experimental con\u021bine ingredientele \u0219i accesoriile necesare pentru a face jeleuri cu 3 arome savuroase: cire\u0219e, l\u0103m\u00e2i \u0219i citrice.<\/p>\n<p><b>Jelicios <\/b>\u00eei ajut\u0103 pe copiii s\u0103 descopere secretele g\u0103titului, fiind o modalitate minunat\u0103 pentru a le dezvolta creativitatea, precum \u0219i abilit\u0103\u021bile practice. Cei mici au ocazia s\u0103 m\u0103soare \u0219i s\u0103 combine ingredientele, iar la final s\u0103 se bucure de un rezultat delicios: jeleuri gumate aromate f\u0103cute cu m\u00e2nu\u021bele lor.<\/p>\n<p><span lang=\"ro-RO\">Combin\u00e2nd ingredientele disponibile \u00een set, micii cercet\u0103tori au oportunitatea s\u0103 experimenteze \u0219i s\u0103 \u00eenve\u021be curiozit\u0103\u021bi despre:<\/span><\/p>\n<ul>\n<li><span lang=\"ro-RO\"><b>Polizaharide \u0219i gelifiere<\/b><\/span><\/li>\n<li><span lang=\"ro-RO\"><b>Molecule \u0219i difuzie<\/b><\/span><\/li>\n<li><span lang=\"ro-RO\"><b>Zah\u0103r \u0219i procesul de dizolvare<\/b><\/span><\/li>\n<\/ul>\n<h2 class=\"western\"><span style=\"color: #00000a;\">Jelicios \u2013 un joc STEM fascinant pentru \u00eenv\u0103\u021bare prin mega distrac\u021bie gumat\u0103 <\/span><\/h2>\n<p>Jocurile STEM (acronimul de la <i>Science, Technology, Engineering \u0219i Mathematics<\/i>) reprezint\u0103 o modalitate captivant\u0103 \u0219i educativ\u0103 de a explora \u0219i experimenta lumea \u0219tiin\u021bei \u0219i tehnologiei. Aceste jocuri sunt concepute pentru a le dezvolta copiilor abilit\u0103\u021bi esen\u021biale, precum: g\u00e2ndirea critic\u0103, capacitatea de a rezolva probleme \u0219i creativitatea, fiind \u00een acela\u0219i timp, foarte distractive.<\/p>\n<p>Setul <b>Jelicios<\/b> este conceput conform principiilor STEM \u0219i creeaz\u0103 un univers interactiv \u0219i atractiv \u00een care \u00eenv\u0103\u021barea prin experiment devine o aventur\u0103 captivant\u0103 pentru copii.<\/p>\n<p>\u00cen plus, acest set experimental \u0219i \u0219tiin\u021bific \u00eencurajeaz\u0103 copiii s\u0103 \u00ee\u0219i foloseasc\u0103 imagina\u021bia pentru a crea cele mai delicioase jeleuri aromate. Cei mici sunt liberi s\u0103 experimenteze \u0219i s\u0103 combine aromele pentru a ob\u021bine delicii dulci a\u0219a cum \u00ee\u0219i doresc.<\/p>\n<p><span style=\"font-family: Cambria, serif;\"><span style=\"font-size: medium;\"><b>De ce s\u0103 alegi setul Jelicios pentru copilul t\u0103u<\/b><\/span><\/span><\/p>\n<ul>\n<li>Este o bun\u0103 oportunitate pentru copii de a <b>experimenta \u0219tiin\u021ba plin\u0103 de gust<\/b>. Copiii nu doar preg\u0103tesc dulciurile preferate, ci \u0219i \u00eenva\u021b\u0103 no\u021biuni interesante despre chimie \u0219i procesele de gelificare.<\/li>\n<li>Setul con\u021bine <b>ingrediente sigure \u0219i non-toxice pentru s\u0103n\u0103tatea copiilor<\/b>, jeleurile ob\u021binute put\u00e2nd fi consumate cu \u00eencredere odat\u0103 ce au fost realizate.<\/li>\n<li>Con\u021bine <b>un ghid cu instruc\u021biuni u\u0219or de urmat<\/b>, precum \u0219i <b>multe re\u021bete de jeleuri<\/b> explicate pas cu pas.<\/li>\n<li><b>Dezvolt\u0103 abilit\u0103\u021bile de cooperare \u0219i munca \u00een echip\u0103<\/b> \u00eentruc\u00e2t majoritatea experimentelor presupun colaborarea cu alte persoane pentru ob\u021binerea rezultatelor dorite.<\/li>\n<\/ul>\n<p><b>Pentru timp de calitate \u00een buc\u0103t\u0103rie \u00eempreun\u0103 cu copilul t\u0103u, pentru conectare, distrac\u021bie \u0219i \u00eenv\u0103\u021bare prin joac\u0103 \u0219i experimente creative sau ca dar pentru ocazii de s\u0103rb\u0103toare, setul <\/b><i><b>Jelicios<\/b><\/i><b> este alegerea perfect\u0103.<\/b><\/p>\n","protected":false},"excerpt":{"rendered":"<p>E\u0219ti preg\u0103tit s\u0103 explorezi lumea dulciurilor \u00een mod \u0219tiin\u021bific, ca un veritabil chef? Descoper\u0103 Jelicios \u2013 cel mai dulce, antrenant<\/p>\n","protected":false},"featured_media":71694,"template":"","meta":[],"product_brand":[],"product_cat":[1494,1471,1509],"product_tag":[],"class_list":{"0":"post-71693","1":"product","2":"type-product","3":"status-publish","4":"has-post-thumbnail","6":"product_cat-jocuri-didactice","7":"product_cat-jocuri-educative-si-stiintifice","8":"product_cat-jocuri-stiintifice","9":"pa_filter_age-5_7","10":"pa_filter_age-7_9","11":"pa_filter_age-9_14","13":"first","14":"instock","15":"taxable","16":"shipping-taxable","17":"product-type-simple"},"yoast_head":"<!-- This site is optimized with the Yoast SEO plugin v20.1 - https:\/\/yoast.com\/wordpress\/plugins\/seo\/ -->\n<title>Jelicios - Set \u0219tiin\u021bific experimental de creat jeleuri aromate - Roovi B2B<\/title>\n<meta name=\"robots\" content=\"index, follow, max-snippet:-1, max-image-preview:large, max-video-preview:-1\" \/>\n<link rel=\"canonical\" href=\"https:\/\/business.roovi.com\/ro\/jelicios-fabrica-de-jeleuri\/p\/\" \/>\n<meta property=\"og:locale\" content=\"ro_RO\" \/>\n<meta property=\"og:type\" content=\"article\" \/>\n<meta property=\"og:title\" content=\"Jelicios - Set \u0219tiin\u021bific experimental de creat jeleuri aromate - Roovi B2B\" \/>\n<meta property=\"og:description\" content=\"E\u0219ti preg\u0103tit s\u0103 explorezi lumea dulciurilor \u00een mod \u0219tiin\u021bific, ca un veritabil chef? Descoper\u0103 Jelicios \u2013 cel mai dulce, antrenant\" \/>\n<meta property=\"og:url\" content=\"https:\/\/business.roovi.com\/ro\/jelicios-fabrica-de-jeleuri\/p\/\" \/>\n<meta property=\"og:site_name\" content=\"Roovi B2B\" \/>\n<meta property=\"article:publisher\" content=\"https:\/\/www.facebook.com\/wwwjucariero\" \/>\n<meta property=\"article:modified_time\" content=\"2025-03-13T09:02:55+00:00\" \/>\n<meta property=\"og:image\" content=\"https:\/\/business.roovi.com\/wp-content\/uploads\/2023\/10\/JELICIOS_80783_FATA.jpg\" \/>\n\t<meta property=\"og:image:width\" content=\"1200\" \/>\n\t<meta property=\"og:image:height\" content=\"1200\" \/>\n\t<meta property=\"og:image:type\" content=\"image\/jpeg\" \/>\n<meta name=\"twitter:label1\" content=\"Timp estimat pentru citire\" \/>\n\t<meta name=\"twitter:data1\" content=\"2 minute\" \/>\n<script type=\"application\/ld+json\" class=\"yoast-schema-graph\">{\"@context\":\"https:\/\/schema.org\",\"@graph\":[{\"@type\":\"WebPage\",\"@id\":\"https:\/\/business.roovi.com\/ro\/jelicios-fabrica-de-jeleuri\/p\/\",\"url\":\"https:\/\/business.roovi.com\/ro\/jelicios-fabrica-de-jeleuri\/p\/\",\"name\":\"Jelicios - Set \u0219tiin\u021bific experimental de creat jeleuri aromate - Roovi B2B\",\"isPartOf\":{\"@id\":\"https:\/\/business.roovi.com\/ro\/#website\"},\"datePublished\":\"2023-10-06T09:39:38+00:00\",\"dateModified\":\"2025-03-13T09:02:55+00:00\",\"breadcrumb\":{\"@id\":\"https:\/\/business.roovi.com\/ro\/jelicios-fabrica-de-jeleuri\/p\/#breadcrumb\"},\"inLanguage\":\"ro-RO\",\"potentialAction\":[{\"@type\":\"ReadAction\",\"target\":[\"https:\/\/business.roovi.com\/ro\/jelicios-fabrica-de-jeleuri\/p\/\"]}]},{\"@type\":\"BreadcrumbList\",\"@id\":\"https:\/\/business.roovi.com\/ro\/jelicios-fabrica-de-jeleuri\/p\/#breadcrumb\",\"itemListElement\":[{\"@type\":\"ListItem\",\"position\":1,\"name\":\"Home\",\"item\":\"https:\/\/business.roovi.com\/ro\/\"},{\"@type\":\"ListItem\",\"position\":2,\"name\":\"Magazin\",\"item\":\"https:\/\/business.roovi.com\/ro\/magazin\/\"},{\"@type\":\"ListItem\",\"position\":3,\"name\":\"Jelicios &#8211; Set \u0219tiin\u021bific experimental de creat jeleuri aromate\"}]},{\"@type\":\"WebSite\",\"@id\":\"https:\/\/business.roovi.com\/ro\/#website\",\"url\":\"https:\/\/business.roovi.com\/ro\/\",\"name\":\"Roovi B2B\",\"description\":\"Roovi Business Website\",\"potentialAction\":[{\"@type\":\"SearchAction\",\"target\":{\"@type\":\"EntryPoint\",\"urlTemplate\":\"https:\/\/business.roovi.com\/ro\/?s={search_term_string}\"},\"query-input\":\"required name=search_term_string\"}],\"inLanguage\":\"ro-RO\"}]}<\/script>\n<!-- \/ Yoast SEO plugin. -->","yoast_head_json":{"title":"Jelicios - Set \u0219tiin\u021bific experimental de creat jeleuri aromate - Roovi B2B","robots":{"index":"index","follow":"follow","max-snippet":"max-snippet:-1","max-image-preview":"max-image-preview:large","max-video-preview":"max-video-preview:-1"},"canonical":"https:\/\/business.roovi.com\/ro\/jelicios-fabrica-de-jeleuri\/p\/","og_locale":"ro_RO","og_type":"article","og_title":"Jelicios - Set \u0219tiin\u021bific experimental de creat jeleuri aromate - Roovi B2B","og_description":"E\u0219ti preg\u0103tit s\u0103 explorezi lumea dulciurilor \u00een mod \u0219tiin\u021bific, ca un veritabil chef? Descoper\u0103 Jelicios \u2013 cel mai dulce, antrenant","og_url":"https:\/\/business.roovi.com\/ro\/jelicios-fabrica-de-jeleuri\/p\/","og_site_name":"Roovi B2B","article_publisher":"https:\/\/www.facebook.com\/wwwjucariero","article_modified_time":"2025-03-13T09:02:55+00:00","og_image":[{"width":1200,"height":1200,"url":"https:\/\/business.roovi.com\/wp-content\/uploads\/2023\/10\/JELICIOS_80783_FATA.jpg","type":"image\/jpeg"}],"twitter_misc":{"Timp estimat pentru citire":"2 minute"},"schema":{"@context":"https:\/\/schema.org","@graph":[{"@type":"WebPage","@id":"https:\/\/business.roovi.com\/ro\/jelicios-fabrica-de-jeleuri\/p\/","url":"https:\/\/business.roovi.com\/ro\/jelicios-fabrica-de-jeleuri\/p\/","name":"Jelicios - Set \u0219tiin\u021bific experimental de creat jeleuri aromate - Roovi B2B","isPartOf":{"@id":"https:\/\/business.roovi.com\/ro\/#website"},"datePublished":"2023-10-06T09:39:38+00:00","dateModified":"2025-03-13T09:02:55+00:00","breadcrumb":{"@id":"https:\/\/business.roovi.com\/ro\/jelicios-fabrica-de-jeleuri\/p\/#breadcrumb"},"inLanguage":"ro-RO","potentialAction":[{"@type":"ReadAction","target":["https:\/\/business.roovi.com\/ro\/jelicios-fabrica-de-jeleuri\/p\/"]}]},{"@type":"BreadcrumbList","@id":"https:\/\/business.roovi.com\/ro\/jelicios-fabrica-de-jeleuri\/p\/#breadcrumb","itemListElement":[{"@type":"ListItem","position":1,"name":"Home","item":"https:\/\/business.roovi.com\/ro\/"},{"@type":"ListItem","position":2,"name":"Magazin","item":"https:\/\/business.roovi.com\/ro\/magazin\/"},{"@type":"ListItem","position":3,"name":"Jelicios &#8211; Set \u0219tiin\u021bific experimental de creat jeleuri aromate"}]},{"@type":"WebSite","@id":"https:\/\/business.roovi.com\/ro\/#website","url":"https:\/\/business.roovi.com\/ro\/","name":"Roovi B2B","description":"Roovi Business Website","potentialAction":[{"@type":"SearchAction","target":{"@type":"EntryPoint","urlTemplate":"https:\/\/business.roovi.com\/ro\/?s={search_term_string}"},"query-input":"required name=search_term_string"}],"inLanguage":"ro-RO"}]}},"_links":{"self":[{"href":"https:\/\/business.roovi.com\/ro\/wp-json\/wp\/v2\/product\/71693","targetHints":{"allow":["GET"]}}],"collection":[{"href":"https:\/\/business.roovi.com\/ro\/wp-json\/wp\/v2\/product"}],"about":[{"href":"https:\/\/business.roovi.com\/ro\/wp-json\/wp\/v2\/types\/product"}],"version-history":[{"count":0,"href":"https:\/\/business.roovi.com\/ro\/wp-json\/wp\/v2\/product\/71693\/revisions"}],"wp:featuredmedia":[{"embeddable":true,"href":"https:\/\/business.roovi.com\/ro\/wp-json\/wp\/v2\/media\/71694"}],"wp:attachment":[{"href":"https:\/\/business.roovi.com\/ro\/wp-json\/wp\/v2\/media?parent=71693"}],"wp:term":[{"taxonomy":"product_brand","embeddable":true,"href":"https:\/\/business.roovi.com\/ro\/wp-json\/wp\/v2\/product_brand?post=71693"},{"taxonomy":"product_cat","embeddable":true,"href":"https:\/\/business.roovi.com\/ro\/wp-json\/wp\/v2\/product_cat?post=71693"},{"taxonomy":"product_tag","embeddable":true,"href":"https:\/\/business.roovi.com\/ro\/wp-json\/wp\/v2\/product_tag?post=71693"}],"curies":[{"name":"wp","href":"https:\/\/api.w.org\/{rel}","templated":true}]}}