{"id":72010,"date":"2023-10-27T08:14:10","date_gmt":"2023-10-27T08:14:10","guid":{"rendered":"https:\/\/business.roovi.com\/?post_type=product&#038;p=72010"},"modified":"2025-03-11T12:40:19","modified_gmt":"2025-03-11T12:40:19","slug":"acasa-la-mos-craciun-joc-de-memorie-festiv-pentru-intreaga-familie","status":"publish","type":"product","link":"https:\/\/business.roovi.com\/ro\/acasa-la-mos-craciun-joc-de-memorie-festiv-pentru-intreaga-familie\/p\/","title":{"rendered":"Acas\u0103 la Mo\u0219 Cr\u0103ciun \u2013 joc de memorie festiv pentru \u00eentreaga familie"},"content":{"rendered":"<p><b><span data-contrast=\"auto\">D\u0103 startul distrac\u021biei de s\u0103rb\u0103tori \u0219i adu magia Cr\u0103ciunului \u00een s\u00e2nul familiei! <\/span><\/b><b><i><span data-contrast=\"auto\">Acas\u0103 la Mo\u0219 Cr\u0103ciun<\/span><\/i><\/b><b><span data-contrast=\"auto\"> este un joc de societate antrenant ce \u00eembin\u0103 atmosfera de s\u0103rb\u0103toare cu bucuria conect\u0103rii prin joc.\u00a0<\/span><\/b><span data-ccp-props=\"{&quot;201341983&quot;:0,&quot;335551550&quot;:1,&quot;335551620&quot;:1,&quot;335559685&quot;:0,&quot;335559731&quot;:0,&quot;335559737&quot;:0,&quot;335559738&quot;:0,&quot;335559739&quot;:200,&quot;335559740&quot;:276}\">\u00a0<\/span><\/p>\n<p><span data-contrast=\"auto\">Jocul presupune interac\u021biune \u00eentre participan\u021bi \u0219i \u00eei conecteaz\u0103 pe copii cu p\u0103rin\u021bii, bunicii sau oamenii dragi, cre\u00e2nd astfel momente frumoase \u0219i amintiri de neuitat, pentru o via\u021b\u0103.<\/span><span data-ccp-props=\"{&quot;201341983&quot;:0,&quot;335551550&quot;:1,&quot;335551620&quot;:1,&quot;335559685&quot;:0,&quot;335559731&quot;:0,&quot;335559737&quot;:0,&quot;335559738&quot;:0,&quot;335559739&quot;:200,&quot;335559740&quot;:276}\">\u00a0<\/span><\/p>\n<ul>\n<li data-leveltext=\"\u2022\" data-font=\"Calibri\" data-listid=\"3\" data-list-defn-props=\"{&quot;335552541&quot;:1,&quot;335559684&quot;:-2,&quot;469769242&quot;:[8226],&quot;469777804&quot;:&quot;\u2022&quot;}\" aria-setsize=\"-1\" data-aria-posinset=\"1\" data-aria-level=\"1\"><span data-contrast=\"auto\">Amestec\u0103 bine c\u0103r\u021bile, plaseaz\u0103-le pe tabla de joc \u0219i s\u0103 \u00eenceap\u0103 distrac\u021bia!<\/span><span data-ccp-props=\"{&quot;201341983&quot;:0,&quot;335551550&quot;:1,&quot;335551620&quot;:1,&quot;335559685&quot;:720,&quot;335559737&quot;:0,&quot;335559738&quot;:0,&quot;335559739&quot;:200,&quot;335559740&quot;:276,&quot;335559991&quot;:360}\">\u00a0<\/span><\/li>\n<li data-leveltext=\"\u2022\" data-font=\"Calibri\" data-listid=\"3\" data-list-defn-props=\"{&quot;335552541&quot;:1,&quot;335559684&quot;:-2,&quot;469769242&quot;:[8226],&quot;469777804&quot;:&quot;\u2022&quot;}\" aria-setsize=\"-1\" data-aria-posinset=\"2\" data-aria-level=\"1\"><span data-contrast=\"auto\">\u00centoarce c\u00e2te 2 c\u0103r\u021bi \u0219i descoper\u0103 cu rapiditate perechile.<\/span><span data-ccp-props=\"{&quot;201341983&quot;:0,&quot;335551550&quot;:1,&quot;335551620&quot;:1,&quot;335559685&quot;:720,&quot;335559737&quot;:0,&quot;335559738&quot;:0,&quot;335559739&quot;:200,&quot;335559740&quot;:276,&quot;335559991&quot;:360}\">\u00a0<\/span><\/li>\n<\/ul>\n<ul>\n<li data-leveltext=\"\u2022\" data-font=\"Calibri\" data-listid=\"3\" data-list-defn-props=\"{&quot;335552541&quot;:1,&quot;335559684&quot;:-2,&quot;469769242&quot;:[8226],&quot;469777804&quot;:&quot;\u2022&quot;}\" aria-setsize=\"-1\" data-aria-posinset=\"1\" data-aria-level=\"1\"><span data-contrast=\"auto\">Colecteaz\u0103 cele mai multe perechi \u0219i c\u00e2\u0219tig\u0103 jocul!<\/span><span data-ccp-props=\"{&quot;201341983&quot;:0,&quot;335551550&quot;:1,&quot;335551620&quot;:1,&quot;335559685&quot;:720,&quot;335559737&quot;:0,&quot;335559738&quot;:0,&quot;335559739&quot;:200,&quot;335559740&quot;:276,&quot;335559991&quot;:360}\">\u00a0<\/span><\/li>\n<\/ul>\n<p><b><span data-contrast=\"auto\">De ce s\u0103 alegi jocul <\/span><\/b><b><i><span data-contrast=\"auto\">Acas\u0103 la Mo\u0219 Cr\u0103ciun<\/span><\/i><\/b><span data-ccp-props=\"{&quot;134245418&quot;:true,&quot;134245529&quot;:true,&quot;201341983&quot;:0,&quot;335551550&quot;:1,&quot;335551620&quot;:1,&quot;335559685&quot;:0,&quot;335559731&quot;:0,&quot;335559737&quot;:0,&quot;335559738&quot;:200,&quot;335559739&quot;:0,&quot;335559740&quot;:276}\">\u00a0<\/span><\/p>\n<p><span data-contrast=\"auto\">Este o modalitate pl\u0103cut\u0103 \u0219i distractiv\u0103 de a te conecta cu copiii prin joc, bucur\u00e2ndu-v\u0103 \u00eempreun\u0103 de magia Cr\u0103ciunului.<\/span><span data-ccp-props=\"{&quot;201341983&quot;:0,&quot;335551550&quot;:1,&quot;335551620&quot;:1,&quot;335559685&quot;:0,&quot;335559731&quot;:0,&quot;335559737&quot;:0,&quot;335559738&quot;:0,&quot;335559739&quot;:200,&quot;335559740&quot;:276}\">\u00a0<\/span><\/p>\n<p><span data-contrast=\"auto\">Stimuleaz\u0103 aten\u021bia la detalii, capacitatea de concentrare \u0219i memoria la orice v\u00e2rst\u0103.<\/span><span data-ccp-props=\"{&quot;201341983&quot;:0,&quot;335551550&quot;:1,&quot;335551620&quot;:1,&quot;335559685&quot;:0,&quot;335559731&quot;:0,&quot;335559737&quot;:0,&quot;335559738&quot;:0,&quot;335559739&quot;:200,&quot;335559740&quot;:276}\">\u00a0<\/span><\/p>\n<p><span data-contrast=\"auto\">Este relaxant, foarte distractiv \u0219i deconectant, reduc\u00e2nd stresul \u0219i oboseala de peste zi.<\/span><span data-ccp-props=\"{&quot;201341983&quot;:0,&quot;335551550&quot;:1,&quot;335551620&quot;:1,&quot;335559685&quot;:0,&quot;335559731&quot;:0,&quot;335559737&quot;:0,&quot;335559738&quot;:0,&quot;335559739&quot;:200,&quot;335559740&quot;:276}\">\u00a0<\/span><\/p>\n<p><span data-contrast=\"auto\">At\u00e2t c\u0103r\u021bile, c\u00e2t \u0219i plan\u0219a de joc sunt realizate din carton de calitate superioar\u0103 ce rezist\u0103 \u00een timp \u0219i asigur\u0103 nenum\u0103rate experien\u021be minunate de joc.<\/span><span data-ccp-props=\"{&quot;201341983&quot;:0,&quot;335551550&quot;:1,&quot;335551620&quot;:1,&quot;335559685&quot;:0,&quot;335559731&quot;:0,&quot;335559737&quot;:0,&quot;335559738&quot;:0,&quot;335559739&quot;:200,&quot;335559740&quot;:276}\">\u00a0<\/span><\/p>\n<p><span data-contrast=\"auto\">Tematica de Cr\u0103ciun, ilustra\u021biile deosebite \u0219i regulile pe \u00een\u021belesul tuturor vor transforma rapid <\/span><b><span data-contrast=\"auto\">Acas\u0103 la Mo\u0219 Cr\u0103ciun<\/span><\/b><span data-contrast=\"auto\"> \u00een jocul preferat de s\u0103rb\u0103tori al \u00eentregii familii.<\/span><span data-ccp-props=\"{&quot;201341983&quot;:0,&quot;335551550&quot;:1,&quot;335551620&quot;:1,&quot;335559685&quot;:0,&quot;335559731&quot;:0,&quot;335559737&quot;:0,&quot;335559738&quot;:0,&quot;335559739&quot;:200,&quot;335559740&quot;:276}\">\u00a0<\/span><\/p>\n<p><b><span data-contrast=\"auto\">Acas\u0103 la Mo\u0219 Cr\u0103ciun \u2013 pentru conectare \u0219i momente pre\u021bioase de s\u0103rb\u0103tori<\/span><\/b><span data-ccp-props=\"{&quot;134245418&quot;:true,&quot;134245529&quot;:true,&quot;201341983&quot;:0,&quot;335551550&quot;:1,&quot;335551620&quot;:1,&quot;335559685&quot;:0,&quot;335559731&quot;:0,&quot;335559737&quot;:0,&quot;335559738&quot;:200,&quot;335559739&quot;:0,&quot;335559740&quot;:276}\">\u00a0<\/span><\/p>\n<p><span data-contrast=\"auto\">Vrei s\u0103 petreci un Cr\u0103ciun <\/span><i><span data-contrast=\"auto\">altfel<\/span><\/i><span data-contrast=\"auto\"> al\u0103turi de copii? S\u0103 fi\u021bi prezen\u021bi \u00een fiecare moment \u0219i s\u0103 v\u0103 bucura\u021bi de zilele de s\u0103rb\u0103toare prin conectare autentic\u0103, a\u0219a ca alt\u0103dat\u0103? Pune sub brad jocul Acas\u0103 la Mo\u0219 Cr\u0103ciun \u0219i tr\u0103ie\u0219te s\u0103rb\u0103tori de poveste \u00een compania celor dragi!<\/span><span data-ccp-props=\"{&quot;201341983&quot;:0,&quot;335551550&quot;:1,&quot;335551620&quot;:1,&quot;335559685&quot;:0,&quot;335559731&quot;:0,&quot;335559737&quot;:0,&quot;335559738&quot;:0,&quot;335559739&quot;:200,&quot;335559740&quot;:276}\">\u00a0<\/span><\/p>\n<p><b><span data-contrast=\"auto\">Jocul con\u021bine:<\/span><\/b><span data-ccp-props=\"{&quot;201341983&quot;:0,&quot;335551550&quot;:1,&quot;335551620&quot;:1,&quot;335559685&quot;:0,&quot;335559731&quot;:0,&quot;335559737&quot;:0,&quot;335559738&quot;:0,&quot;335559739&quot;:0,&quot;335559740&quot;:276}\">\u00a0<\/span><\/p>\n<p><b><span data-contrast=\"auto\">34x <\/span><\/b><span data-contrast=\"auto\">c\u0103r\u021bi de joc cu ilustra\u021bii de Cr\u0103ciun, care formeaz\u0103 17 perechi tematice<\/span><span data-ccp-props=\"{&quot;201341983&quot;:0,&quot;335551550&quot;:1,&quot;335551620&quot;:1,&quot;335559685&quot;:0,&quot;335559731&quot;:0,&quot;335559737&quot;:0,&quot;335559738&quot;:0,&quot;335559739&quot;:0,&quot;335559740&quot;:276}\">\u00a0<\/span><\/p>\n<p><b><span data-contrast=\"auto\">1x<\/span><\/b><span data-contrast=\"auto\"> cartea de joc special\u0103 a lui Mo\u0219 Cr\u0103ciun<\/span><span data-ccp-props=\"{&quot;201341983&quot;:0,&quot;335551550&quot;:1,&quot;335551620&quot;:1,&quot;335559685&quot;:0,&quot;335559731&quot;:0,&quot;335559737&quot;:0,&quot;335559738&quot;:0,&quot;335559739&quot;:0,&quot;335559740&quot;:276}\">\u00a0<\/span><\/p>\n<p><b><span data-contrast=\"auto\">1x<\/span><\/b><span data-contrast=\"auto\"> tabl\u0103 de joc<\/span><span data-ccp-props=\"{&quot;201341983&quot;:0,&quot;335551550&quot;:1,&quot;335551620&quot;:1,&quot;335559685&quot;:0,&quot;335559731&quot;:0,&quot;335559737&quot;:0,&quot;335559738&quot;:0,&quot;335559739&quot;:0,&quot;335559740&quot;:276}\">\u00a0<\/span><\/p>\n<p><b><span data-contrast=\"auto\">1x<\/span><\/b><span data-contrast=\"auto\"> ghid de joc<\/span><span data-ccp-props=\"{&quot;201341983&quot;:0,&quot;335551550&quot;:1,&quot;335551620&quot;:1,&quot;335559685&quot;:0,&quot;335559731&quot;:0,&quot;335559737&quot;:0,&quot;335559738&quot;:0,&quot;335559739&quot;:0,&quot;335559740&quot;:276}\">\u00a0<\/span><\/p>\n<p><b><span data-contrast=\"auto\">Juc\u0103tori: 1 &#8211; 4 persoane<\/span><\/b><span data-ccp-props=\"{&quot;201341983&quot;:0,&quot;335551550&quot;:1,&quot;335551620&quot;:1,&quot;335559685&quot;:0,&quot;335559731&quot;:0,&quot;335559737&quot;:0,&quot;335559738&quot;:0,&quot;335559739&quot;:0,&quot;335559740&quot;:240}\">\u00a0<\/span><\/p>\n<p><b><span data-contrast=\"auto\">V\u00e2rsta: 4+<\/span><\/b><span data-ccp-props=\"{&quot;201341983&quot;:0,&quot;335551550&quot;:1,&quot;335551620&quot;:1,&quot;335559685&quot;:0,&quot;335559731&quot;:0,&quot;335559737&quot;:0,&quot;335559738&quot;:0,&quot;335559739&quot;:0,&quot;335559740&quot;:240}\">\u00a0<\/span><\/p>\n","protected":false},"excerpt":{"rendered":"<p>D\u0103 startul distrac\u021biei de s\u0103rb\u0103tori \u0219i adu magia Cr\u0103ciunului \u00een s\u00e2nul familiei! Acas\u0103 la Mo\u0219 Cr\u0103ciun este un joc de<\/p>\n","protected":false},"featured_media":72011,"template":"","meta":[],"product_brand":[],"product_cat":[1502,1467],"product_tag":[],"class_list":{"0":"post-72010","1":"product","2":"type-product","3":"status-publish","4":"has-post-thumbnail","6":"product_cat-jocuri-de-familie","7":"product_cat-jocuri-de-societate","8":"pa_filter_age-1315","9":"pa_filter_age-3_5","10":"pa_filter_age-5_7","11":"pa_filter_age-7_9","12":"pa_filter_age-9_14","14":"first","15":"instock","16":"taxable","17":"shipping-taxable","18":"product-type-simple"},"yoast_head":"<!-- This site is optimized with the Yoast SEO plugin v20.1 - https:\/\/yoast.com\/wordpress\/plugins\/seo\/ -->\n<title>Acas\u0103 la Mo\u0219 Cr\u0103ciun \u2013 joc de memorie festiv pentru \u00eentreaga familie - Roovi B2B<\/title>\n<meta name=\"description\" content=\"Acas\u0103 la Mo\u0219 Cr\u0103ciun este un joc de societate antrenant ce \u00eembin\u0103 atmosfera de s\u0103rb\u0103toare cu bucuria conect\u0103rii prin joc.\u00a0\" \/>\n<meta name=\"robots\" content=\"index, follow, max-snippet:-1, max-image-preview:large, max-video-preview:-1\" \/>\n<link rel=\"canonical\" href=\"https:\/\/business.roovi.com\/ro\/acasa-la-mos-craciun-joc-de-memorie-festiv-pentru-intreaga-familie\/p\/\" \/>\n<meta property=\"og:locale\" content=\"ro_RO\" \/>\n<meta property=\"og:type\" content=\"article\" \/>\n<meta property=\"og:title\" content=\"Acas\u0103 la Mo\u0219 Cr\u0103ciun \u2013 joc de memorie festiv pentru \u00eentreaga familie - Roovi B2B\" \/>\n<meta property=\"og:description\" content=\"Acas\u0103 la Mo\u0219 Cr\u0103ciun este un joc de societate antrenant ce \u00eembin\u0103 atmosfera de s\u0103rb\u0103toare cu bucuria conect\u0103rii prin joc.\u00a0\" \/>\n<meta property=\"og:url\" content=\"https:\/\/business.roovi.com\/ro\/acasa-la-mos-craciun-joc-de-memorie-festiv-pentru-intreaga-familie\/p\/\" \/>\n<meta property=\"og:site_name\" content=\"Roovi B2B\" \/>\n<meta property=\"article:publisher\" content=\"https:\/\/www.facebook.com\/wwwjucariero\" \/>\n<meta property=\"article:modified_time\" content=\"2025-03-11T12:40:19+00:00\" \/>\n<meta property=\"og:image\" content=\"https:\/\/business.roovi.com\/wp-content\/uploads\/2023\/10\/ACASA-LA-MOS-CRACIUN-80073_FRONT.jpg\" \/>\n\t<meta property=\"og:image:width\" content=\"1200\" \/>\n\t<meta property=\"og:image:height\" content=\"1200\" \/>\n\t<meta property=\"og:image:type\" content=\"image\/jpeg\" \/>\n<meta name=\"twitter:label1\" content=\"Timp estimat pentru citire\" \/>\n\t<meta name=\"twitter:data1\" content=\"2 minute\" \/>\n<script type=\"application\/ld+json\" class=\"yoast-schema-graph\">{\"@context\":\"https:\/\/schema.org\",\"@graph\":[{\"@type\":\"WebPage\",\"@id\":\"https:\/\/business.roovi.com\/ro\/acasa-la-mos-craciun-joc-de-memorie-festiv-pentru-intreaga-familie\/p\/\",\"url\":\"https:\/\/business.roovi.com\/ro\/acasa-la-mos-craciun-joc-de-memorie-festiv-pentru-intreaga-familie\/p\/\",\"name\":\"Acas\u0103 la Mo\u0219 Cr\u0103ciun \u2013 joc de memorie festiv pentru \u00eentreaga familie - Roovi B2B\",\"isPartOf\":{\"@id\":\"https:\/\/business.roovi.com\/ro\/#website\"},\"datePublished\":\"2023-10-27T08:14:10+00:00\",\"dateModified\":\"2025-03-11T12:40:19+00:00\",\"description\":\"Acas\u0103 la Mo\u0219 Cr\u0103ciun este un joc de societate antrenant ce \u00eembin\u0103 atmosfera de s\u0103rb\u0103toare cu bucuria conect\u0103rii prin joc.\u00a0\",\"breadcrumb\":{\"@id\":\"https:\/\/business.roovi.com\/ro\/acasa-la-mos-craciun-joc-de-memorie-festiv-pentru-intreaga-familie\/p\/#breadcrumb\"},\"inLanguage\":\"ro-RO\",\"potentialAction\":[{\"@type\":\"ReadAction\",\"target\":[\"https:\/\/business.roovi.com\/ro\/acasa-la-mos-craciun-joc-de-memorie-festiv-pentru-intreaga-familie\/p\/\"]}]},{\"@type\":\"BreadcrumbList\",\"@id\":\"https:\/\/business.roovi.com\/ro\/acasa-la-mos-craciun-joc-de-memorie-festiv-pentru-intreaga-familie\/p\/#breadcrumb\",\"itemListElement\":[{\"@type\":\"ListItem\",\"position\":1,\"name\":\"Home\",\"item\":\"https:\/\/business.roovi.com\/ro\/\"},{\"@type\":\"ListItem\",\"position\":2,\"name\":\"Magazin\",\"item\":\"https:\/\/business.roovi.com\/ro\/magazin\/\"},{\"@type\":\"ListItem\",\"position\":3,\"name\":\"Acas\u0103 la Mo\u0219 Cr\u0103ciun \u2013 joc de memorie festiv pentru \u00eentreaga familie\"}]},{\"@type\":\"WebSite\",\"@id\":\"https:\/\/business.roovi.com\/ro\/#website\",\"url\":\"https:\/\/business.roovi.com\/ro\/\",\"name\":\"Roovi B2B\",\"description\":\"Roovi Business Website\",\"potentialAction\":[{\"@type\":\"SearchAction\",\"target\":{\"@type\":\"EntryPoint\",\"urlTemplate\":\"https:\/\/business.roovi.com\/ro\/?s={search_term_string}\"},\"query-input\":\"required name=search_term_string\"}],\"inLanguage\":\"ro-RO\"}]}<\/script>\n<!-- \/ Yoast SEO plugin. -->","yoast_head_json":{"title":"Acas\u0103 la Mo\u0219 Cr\u0103ciun \u2013 joc de memorie festiv pentru \u00eentreaga familie - Roovi B2B","description":"Acas\u0103 la Mo\u0219 Cr\u0103ciun este un joc de societate antrenant ce \u00eembin\u0103 atmosfera de s\u0103rb\u0103toare cu bucuria conect\u0103rii prin joc.\u00a0","robots":{"index":"index","follow":"follow","max-snippet":"max-snippet:-1","max-image-preview":"max-image-preview:large","max-video-preview":"max-video-preview:-1"},"canonical":"https:\/\/business.roovi.com\/ro\/acasa-la-mos-craciun-joc-de-memorie-festiv-pentru-intreaga-familie\/p\/","og_locale":"ro_RO","og_type":"article","og_title":"Acas\u0103 la Mo\u0219 Cr\u0103ciun \u2013 joc de memorie festiv pentru \u00eentreaga familie - Roovi B2B","og_description":"Acas\u0103 la Mo\u0219 Cr\u0103ciun este un joc de societate antrenant ce \u00eembin\u0103 atmosfera de s\u0103rb\u0103toare cu bucuria conect\u0103rii prin joc.\u00a0","og_url":"https:\/\/business.roovi.com\/ro\/acasa-la-mos-craciun-joc-de-memorie-festiv-pentru-intreaga-familie\/p\/","og_site_name":"Roovi B2B","article_publisher":"https:\/\/www.facebook.com\/wwwjucariero","article_modified_time":"2025-03-11T12:40:19+00:00","og_image":[{"width":1200,"height":1200,"url":"https:\/\/business.roovi.com\/wp-content\/uploads\/2023\/10\/ACASA-LA-MOS-CRACIUN-80073_FRONT.jpg","type":"image\/jpeg"}],"twitter_misc":{"Timp estimat pentru citire":"2 minute"},"schema":{"@context":"https:\/\/schema.org","@graph":[{"@type":"WebPage","@id":"https:\/\/business.roovi.com\/ro\/acasa-la-mos-craciun-joc-de-memorie-festiv-pentru-intreaga-familie\/p\/","url":"https:\/\/business.roovi.com\/ro\/acasa-la-mos-craciun-joc-de-memorie-festiv-pentru-intreaga-familie\/p\/","name":"Acas\u0103 la Mo\u0219 Cr\u0103ciun \u2013 joc de memorie festiv pentru \u00eentreaga familie - Roovi B2B","isPartOf":{"@id":"https:\/\/business.roovi.com\/ro\/#website"},"datePublished":"2023-10-27T08:14:10+00:00","dateModified":"2025-03-11T12:40:19+00:00","description":"Acas\u0103 la Mo\u0219 Cr\u0103ciun este un joc de societate antrenant ce \u00eembin\u0103 atmosfera de s\u0103rb\u0103toare cu bucuria conect\u0103rii prin joc.\u00a0","breadcrumb":{"@id":"https:\/\/business.roovi.com\/ro\/acasa-la-mos-craciun-joc-de-memorie-festiv-pentru-intreaga-familie\/p\/#breadcrumb"},"inLanguage":"ro-RO","potentialAction":[{"@type":"ReadAction","target":["https:\/\/business.roovi.com\/ro\/acasa-la-mos-craciun-joc-de-memorie-festiv-pentru-intreaga-familie\/p\/"]}]},{"@type":"BreadcrumbList","@id":"https:\/\/business.roovi.com\/ro\/acasa-la-mos-craciun-joc-de-memorie-festiv-pentru-intreaga-familie\/p\/#breadcrumb","itemListElement":[{"@type":"ListItem","position":1,"name":"Home","item":"https:\/\/business.roovi.com\/ro\/"},{"@type":"ListItem","position":2,"name":"Magazin","item":"https:\/\/business.roovi.com\/ro\/magazin\/"},{"@type":"ListItem","position":3,"name":"Acas\u0103 la Mo\u0219 Cr\u0103ciun \u2013 joc de memorie festiv pentru \u00eentreaga familie"}]},{"@type":"WebSite","@id":"https:\/\/business.roovi.com\/ro\/#website","url":"https:\/\/business.roovi.com\/ro\/","name":"Roovi B2B","description":"Roovi Business Website","potentialAction":[{"@type":"SearchAction","target":{"@type":"EntryPoint","urlTemplate":"https:\/\/business.roovi.com\/ro\/?s={search_term_string}"},"query-input":"required name=search_term_string"}],"inLanguage":"ro-RO"}]}},"_links":{"self":[{"href":"https:\/\/business.roovi.com\/ro\/wp-json\/wp\/v2\/product\/72010","targetHints":{"allow":["GET"]}}],"collection":[{"href":"https:\/\/business.roovi.com\/ro\/wp-json\/wp\/v2\/product"}],"about":[{"href":"https:\/\/business.roovi.com\/ro\/wp-json\/wp\/v2\/types\/product"}],"version-history":[{"count":0,"href":"https:\/\/business.roovi.com\/ro\/wp-json\/wp\/v2\/product\/72010\/revisions"}],"wp:featuredmedia":[{"embeddable":true,"href":"https:\/\/business.roovi.com\/ro\/wp-json\/wp\/v2\/media\/72011"}],"wp:attachment":[{"href":"https:\/\/business.roovi.com\/ro\/wp-json\/wp\/v2\/media?parent=72010"}],"wp:term":[{"taxonomy":"product_brand","embeddable":true,"href":"https:\/\/business.roovi.com\/ro\/wp-json\/wp\/v2\/product_brand?post=72010"},{"taxonomy":"product_cat","embeddable":true,"href":"https:\/\/business.roovi.com\/ro\/wp-json\/wp\/v2\/product_cat?post=72010"},{"taxonomy":"product_tag","embeddable":true,"href":"https:\/\/business.roovi.com\/ro\/wp-json\/wp\/v2\/product_tag?post=72010"}],"curies":[{"name":"wp","href":"https:\/\/api.w.org\/{rel}","templated":true}]}}