{"id":72162,"date":"2023-11-02T06:48:21","date_gmt":"2023-11-02T06:48:21","guid":{"rendered":"https:\/\/business.roovi.com\/?post_type=product&#038;p=72162"},"modified":"2025-03-13T11:49:09","modified_gmt":"2025-03-13T11:49:09","slug":"super-puzzle-cei-trei-purcelusi-puzzle-copii-160-piese","status":"publish","type":"product","link":"https:\/\/business.roovi.com\/ro\/super-puzzle-cei-trei-purcelusi-puzzle-copii-160-piese\/p\/","title":{"rendered":"Super Puzzle Cei trei purcelu\u0219i \u2013 Puzzle copii, 160 piese"},"content":{"rendered":"<h3>\u00cen c\u00e2t timp se construie\u0219te o c\u0103su\u021b\u0103? \u0218i din ce e mai bine oare s\u0103 o faci: din paie, din be\u021be de chibrituri sau din c\u0103r\u0103mid\u0103?<\/h3>\n<p>Multe \u00eentreb\u0103ri \u0219i r\u0103spunsuri de la care po\u021bi porni discu\u021bii cu t\u00e2lc pentru copii, alc\u0103tuind \u00een acela\u0219i timp scena amuzant\u0103 \u0219i colorat\u0103 din puzzle 160 piese inspirat din \u00eendr\u0103gitul basm al celor 3 Purcelu\u0219i.<\/p>\n<p>Super Puzzle 160 piese \u2013 Cei 3 Purcelu\u0219i deschide larg por\u021bile imagina\u021biei infinite. Scenarii de basm, \u00eenv\u0103\u021b\u0103minte potrivite copiilor sau inventarea altor pove\u0219ti sunt activit\u0103\u021bi ce completeaz\u0103 asamblarea \u0219i fac din aceast\u0103 activitate un timp cu sens \u0219i veselie.<\/p>\n<p>\u00cencurajeaz\u0103-i pe copii s\u0103 rescrie pove\u0219tile, pies\u0103 cu pies\u0103, a\u0219a cum \u00ee\u0219i doresc. Fii al\u0103turi de ei \u0219i bucur\u0103-te din nou de experien\u021ba jocului puzzle \u0219i a copil\u0103riei.<\/p>\n<h3>De ce s\u0103 alegi Super Puzzle Cei 3 Purcelu\u0219i \u2013 160 piese<\/h3>\n<ul>\n<li>\u00cei ajut\u0103 pe copii s\u0103-\u0219i dezvolte creativitatea.<\/li>\n<li>Stimuleaz\u0103 dezvoltarea \u00eendem\u00e2n\u0103rii, aten\u021biei la detalii \u0219i capacit\u0103\u021bii de concentrare.<\/li>\n<li>Antreneaz\u0103 ambele emisfere cerebrale \u0219i este un bun stimulator al memoriei.<\/li>\n<li>Este o metoda distractiv\u0103 de a rememora scene din povestea clasic\u0103 Cei 3 Purcelu\u0219i sau de a se familiariza cu lumea basmelor.<\/li>\n<li>Este relaxant \u0219i deconectant, av\u00e2nd mai multe beneficii fa\u021b\u0103 de un digital.<\/li>\n<li>Antreneaz\u0103 motricitatea \u0219i coordonarea m\u00e2n\u0103-ochi.<\/li>\n<li>Este produs din materiale de calitate superioar\u0103, iar piesele se \u00eembin\u0103 perfect, de fiecare dat\u0103.<\/li>\n<\/ul>\n<h3>Descoper\u0103 un Super puzzle minunat care \u00eei ajut\u0103 pe copii s\u0103 fie prezen\u021bi \u00een via\u021ba lor<\/h3>\n<p>La fel ca adul\u021bii, copiii sunt obi\u0219nui\u021bi s\u0103 tr\u0103iasc\u0103 pe repede \u00eenainte \u0219i s\u0103 fac\u0103 totul \u00een grab\u0103. Jocul puzzle asigur\u0103 acea relaxare profund\u0103 \u00een care sufletul se a\u0219az\u0103 la locul s\u0103u, iar mintea se gole\u0219te de g\u00e2nduri negative \u0219i planuri nenum\u0103rate.<\/p>\n<p>Copiii \u00eenva\u021b\u0103 astfel s\u0103 aib\u0103 r\u0103bdare cu ei \u00een\u0219i\u0219i, s\u0103 tr\u0103iasc\u0103 \u00een momentul prezent \u0219i s\u0103 se conecteze cu sinele lor printr-un super puzzle 160 piese.<\/p>\n<p>Dac\u0103 e\u0219ti \u00een c\u0103utarea unui joc care s\u0103 fie \u00een acela\u0219i timp creativ, activ, antrenant \u0219i distractiv, Super puzzle Cei 3 Purcelu\u0219i \u2013 160 piese este op\u021biunea cea mai potrivit\u0103.<\/p>\n","protected":false},"excerpt":{"rendered":"<p>\u00cen c\u00e2t timp se construie\u0219te o c\u0103su\u021b\u0103? \u0218i din ce e mai bine oare s\u0103 o faci: din paie, din<\/p>\n","protected":false},"featured_media":72163,"template":"","meta":[],"product_brand":[],"product_cat":[1454,1482,1561],"product_tag":[],"class_list":{"0":"post-72162","1":"product","2":"type-product","3":"status-publish","4":"has-post-thumbnail","6":"product_cat-puzzle","7":"product_cat-puzzle-copii","8":"product_cat-puzzle-copii-peste-100-piese","9":"pa_filter_age-7_9","10":"pa_filter_age-9_14","12":"first","13":"instock","14":"taxable","15":"shipping-taxable","16":"product-type-simple"},"yoast_head":"<!-- This site is optimized with the Yoast SEO plugin v20.1 - https:\/\/yoast.com\/wordpress\/plugins\/seo\/ -->\n<title>Super Puzzle Cei trei purcelu\u0219i \u2013 Puzzle copii, 160 piese - Roovi B2B<\/title>\n<meta name=\"robots\" content=\"index, follow, max-snippet:-1, max-image-preview:large, max-video-preview:-1\" \/>\n<link rel=\"canonical\" href=\"https:\/\/business.roovi.com\/ro\/super-puzzle-cei-trei-purcelusi-puzzle-copii-160-piese\/p\/\" \/>\n<meta property=\"og:locale\" content=\"ro_RO\" \/>\n<meta property=\"og:type\" content=\"article\" \/>\n<meta property=\"og:title\" content=\"Super Puzzle Cei trei purcelu\u0219i \u2013 Puzzle copii, 160 piese - Roovi B2B\" \/>\n<meta property=\"og:description\" content=\"\u00cen c\u00e2t timp se construie\u0219te o c\u0103su\u021b\u0103? \u0218i din ce e mai bine oare s\u0103 o faci: din paie, din\" \/>\n<meta property=\"og:url\" content=\"https:\/\/business.roovi.com\/ro\/super-puzzle-cei-trei-purcelusi-puzzle-copii-160-piese\/p\/\" \/>\n<meta property=\"og:site_name\" content=\"Roovi B2B\" \/>\n<meta property=\"article:publisher\" content=\"https:\/\/www.facebook.com\/wwwjucariero\" \/>\n<meta property=\"article:modified_time\" content=\"2025-03-13T11:49:09+00:00\" \/>\n<meta property=\"og:image\" content=\"https:\/\/business.roovi.com\/wp-content\/uploads\/2023\/11\/SP160-60495-PV-06-X.jpg\" \/>\n\t<meta property=\"og:image:width\" content=\"1200\" \/>\n\t<meta property=\"og:image:height\" content=\"1200\" \/>\n\t<meta property=\"og:image:type\" content=\"image\/jpeg\" \/>\n<meta name=\"twitter:label1\" content=\"Timp estimat pentru citire\" \/>\n\t<meta name=\"twitter:data1\" content=\"2 minute\" \/>\n<script type=\"application\/ld+json\" class=\"yoast-schema-graph\">{\"@context\":\"https:\/\/schema.org\",\"@graph\":[{\"@type\":\"WebPage\",\"@id\":\"https:\/\/business.roovi.com\/ro\/super-puzzle-cei-trei-purcelusi-puzzle-copii-160-piese\/p\/\",\"url\":\"https:\/\/business.roovi.com\/ro\/super-puzzle-cei-trei-purcelusi-puzzle-copii-160-piese\/p\/\",\"name\":\"Super Puzzle Cei trei purcelu\u0219i \u2013 Puzzle copii, 160 piese - Roovi B2B\",\"isPartOf\":{\"@id\":\"https:\/\/business.roovi.com\/ro\/#website\"},\"datePublished\":\"2023-11-02T06:48:21+00:00\",\"dateModified\":\"2025-03-13T11:49:09+00:00\",\"breadcrumb\":{\"@id\":\"https:\/\/business.roovi.com\/ro\/super-puzzle-cei-trei-purcelusi-puzzle-copii-160-piese\/p\/#breadcrumb\"},\"inLanguage\":\"ro-RO\",\"potentialAction\":[{\"@type\":\"ReadAction\",\"target\":[\"https:\/\/business.roovi.com\/ro\/super-puzzle-cei-trei-purcelusi-puzzle-copii-160-piese\/p\/\"]}]},{\"@type\":\"BreadcrumbList\",\"@id\":\"https:\/\/business.roovi.com\/ro\/super-puzzle-cei-trei-purcelusi-puzzle-copii-160-piese\/p\/#breadcrumb\",\"itemListElement\":[{\"@type\":\"ListItem\",\"position\":1,\"name\":\"Home\",\"item\":\"https:\/\/business.roovi.com\/ro\/\"},{\"@type\":\"ListItem\",\"position\":2,\"name\":\"Magazin\",\"item\":\"https:\/\/business.roovi.com\/ro\/magazin\/\"},{\"@type\":\"ListItem\",\"position\":3,\"name\":\"Super Puzzle Cei trei purcelu\u0219i \u2013 Puzzle copii, 160 piese\"}]},{\"@type\":\"WebSite\",\"@id\":\"https:\/\/business.roovi.com\/ro\/#website\",\"url\":\"https:\/\/business.roovi.com\/ro\/\",\"name\":\"Roovi B2B\",\"description\":\"Roovi Business Website\",\"potentialAction\":[{\"@type\":\"SearchAction\",\"target\":{\"@type\":\"EntryPoint\",\"urlTemplate\":\"https:\/\/business.roovi.com\/ro\/?s={search_term_string}\"},\"query-input\":\"required name=search_term_string\"}],\"inLanguage\":\"ro-RO\"}]}<\/script>\n<!-- \/ Yoast SEO plugin. -->","yoast_head_json":{"title":"Super Puzzle Cei trei purcelu\u0219i \u2013 Puzzle copii, 160 piese - Roovi B2B","robots":{"index":"index","follow":"follow","max-snippet":"max-snippet:-1","max-image-preview":"max-image-preview:large","max-video-preview":"max-video-preview:-1"},"canonical":"https:\/\/business.roovi.com\/ro\/super-puzzle-cei-trei-purcelusi-puzzle-copii-160-piese\/p\/","og_locale":"ro_RO","og_type":"article","og_title":"Super Puzzle Cei trei purcelu\u0219i \u2013 Puzzle copii, 160 piese - Roovi B2B","og_description":"\u00cen c\u00e2t timp se construie\u0219te o c\u0103su\u021b\u0103? \u0218i din ce e mai bine oare s\u0103 o faci: din paie, din","og_url":"https:\/\/business.roovi.com\/ro\/super-puzzle-cei-trei-purcelusi-puzzle-copii-160-piese\/p\/","og_site_name":"Roovi B2B","article_publisher":"https:\/\/www.facebook.com\/wwwjucariero","article_modified_time":"2025-03-13T11:49:09+00:00","og_image":[{"width":1200,"height":1200,"url":"https:\/\/business.roovi.com\/wp-content\/uploads\/2023\/11\/SP160-60495-PV-06-X.jpg","type":"image\/jpeg"}],"twitter_misc":{"Timp estimat pentru citire":"2 minute"},"schema":{"@context":"https:\/\/schema.org","@graph":[{"@type":"WebPage","@id":"https:\/\/business.roovi.com\/ro\/super-puzzle-cei-trei-purcelusi-puzzle-copii-160-piese\/p\/","url":"https:\/\/business.roovi.com\/ro\/super-puzzle-cei-trei-purcelusi-puzzle-copii-160-piese\/p\/","name":"Super Puzzle Cei trei purcelu\u0219i \u2013 Puzzle copii, 160 piese - Roovi B2B","isPartOf":{"@id":"https:\/\/business.roovi.com\/ro\/#website"},"datePublished":"2023-11-02T06:48:21+00:00","dateModified":"2025-03-13T11:49:09+00:00","breadcrumb":{"@id":"https:\/\/business.roovi.com\/ro\/super-puzzle-cei-trei-purcelusi-puzzle-copii-160-piese\/p\/#breadcrumb"},"inLanguage":"ro-RO","potentialAction":[{"@type":"ReadAction","target":["https:\/\/business.roovi.com\/ro\/super-puzzle-cei-trei-purcelusi-puzzle-copii-160-piese\/p\/"]}]},{"@type":"BreadcrumbList","@id":"https:\/\/business.roovi.com\/ro\/super-puzzle-cei-trei-purcelusi-puzzle-copii-160-piese\/p\/#breadcrumb","itemListElement":[{"@type":"ListItem","position":1,"name":"Home","item":"https:\/\/business.roovi.com\/ro\/"},{"@type":"ListItem","position":2,"name":"Magazin","item":"https:\/\/business.roovi.com\/ro\/magazin\/"},{"@type":"ListItem","position":3,"name":"Super Puzzle Cei trei purcelu\u0219i \u2013 Puzzle copii, 160 piese"}]},{"@type":"WebSite","@id":"https:\/\/business.roovi.com\/ro\/#website","url":"https:\/\/business.roovi.com\/ro\/","name":"Roovi B2B","description":"Roovi Business Website","potentialAction":[{"@type":"SearchAction","target":{"@type":"EntryPoint","urlTemplate":"https:\/\/business.roovi.com\/ro\/?s={search_term_string}"},"query-input":"required name=search_term_string"}],"inLanguage":"ro-RO"}]}},"_links":{"self":[{"href":"https:\/\/business.roovi.com\/ro\/wp-json\/wp\/v2\/product\/72162","targetHints":{"allow":["GET"]}}],"collection":[{"href":"https:\/\/business.roovi.com\/ro\/wp-json\/wp\/v2\/product"}],"about":[{"href":"https:\/\/business.roovi.com\/ro\/wp-json\/wp\/v2\/types\/product"}],"version-history":[{"count":0,"href":"https:\/\/business.roovi.com\/ro\/wp-json\/wp\/v2\/product\/72162\/revisions"}],"wp:featuredmedia":[{"embeddable":true,"href":"https:\/\/business.roovi.com\/ro\/wp-json\/wp\/v2\/media\/72163"}],"wp:attachment":[{"href":"https:\/\/business.roovi.com\/ro\/wp-json\/wp\/v2\/media?parent=72162"}],"wp:term":[{"taxonomy":"product_brand","embeddable":true,"href":"https:\/\/business.roovi.com\/ro\/wp-json\/wp\/v2\/product_brand?post=72162"},{"taxonomy":"product_cat","embeddable":true,"href":"https:\/\/business.roovi.com\/ro\/wp-json\/wp\/v2\/product_cat?post=72162"},{"taxonomy":"product_tag","embeddable":true,"href":"https:\/\/business.roovi.com\/ro\/wp-json\/wp\/v2\/product_tag?post=72162"}],"curies":[{"name":"wp","href":"https:\/\/api.w.org\/{rel}","templated":true}]}}