{"id":72323,"date":"2023-11-20T10:03:17","date_gmt":"2023-11-20T10:03:17","guid":{"rendered":"https:\/\/business.roovi.com\/?post_type=product&#038;p=72323"},"modified":"2025-03-11T10:46:44","modified_gmt":"2025-03-11T10:46:44","slug":"pantomime-animale-din-romania","status":"publish","type":"product","link":"https:\/\/business.roovi.com\/ro\/pantomime-animale-din-romania\/p\/","title":{"rendered":"Pantomime Animale din Rom\u00e2nia"},"content":{"rendered":"<p><strong>Te crezi bun la jocurile de mim\u0103? Joac\u0103 Pantomime Animale din Rom\u00e2nia \u0219i demonstreaz\u0103-le tuturor c\u0103 e\u0219ti cel mai talentat!<\/strong><\/p>\n<p>Dac\u0103 e\u0219ti \u00een c\u0103utarea unui joc interactiv, cu reguli simple \u0219i u\u0219or de \u00eenv\u0103\u021bat la orice v\u00e2rst\u0103, <strong>Pantomime Animale din Rom\u00e2nia<\/strong> este alegerea perfect\u0103. Jocul \u00eencurajeaz\u0103 interac\u021biunea \u00eentre participan\u021bi, stimuleaz\u0103 creativitatea \u0219i, \u00een plus, este super distractiv.<\/p>\n<p>S\u0103 mimezi un c\u0103\u021bel, o pisic\u0103 sau un urs poate fi at\u00e2t un joc amuzant, c\u00e2t \u0219i o bun\u0103 oportunitate de a-\u021bi descoperi talente ascunse, de artist sau performer.<\/p>\n<p><strong>Pantomime Animale din Rom\u00e2nia<\/strong> se joac\u0103 \u00een echipe \u0219i \u00eencurajeaz\u0103 astfel cooperarea \u0219i comunicarea. A\u0219adar, nu mai sta pe g\u00e2nduri, f\u0103 echip\u0103 cu cei dragi \u0219i d\u0103 startul distrac\u021biei!<br \/>\nDe ce s\u0103 alegi jocul Pantomime Animale din Rom\u00e2nia<\/p>\n<p>Are o grafic\u0103 de excep\u021bie, \u00een culori calde care le plac copiilor, fiind astfel o alegerea excelent\u0103 pentru un cadou de Cr\u0103ciun sau alte ocazii festive.<br \/>\nEste foarte relaxant \u0219i constituie un bun prilej de a petrece un timp de calitate cu copiii.<br \/>\nStimuleaz\u0103 munca \u00een echip\u0103 \u0219i le ofer\u0103 celor mici prilejul de a experimenta succesul al\u0103turi de ceilal\u021bi, precum \u0219i de a-\u0219i asuma e\u0219ecul \u00eempreun\u0103.<br \/>\nPentru copiii mai mici, este o bun\u0103 oportunitate de a \u00eenv\u0103\u021ba prin joac\u0103 ce animale tr\u0103iesc \u00een Rom\u00e2nia, precum \u0219i alte informa\u021bii interesante despre fauna \u021b\u0103rii.<br \/>\nJocul con\u021bine \u0219i o clepsidr\u0103 care \u00eei familiarizeaz\u0103 pe copii cu lucrul \u00eentr-o perioad\u0103 determinat\u0103 de timp, stimul\u00e2ndu-i s\u0103 \u00eendeplineasc\u0103 o sarcin\u0103 \u00eentr-un termen limit\u0103.<br \/>\nFavorizeaz\u0103 dezvoltarea comunic\u0103rii nonverbale, precum \u0219i \u00een\u021belegerea unui nou tip de limbaj prin intermediul gesturilor \u0219i a mimicii.<\/p>\n<p><strong>Pantomime Animale din Rom\u00e2nia<\/strong> este ideal pentru petrecerile de copii sau atelierele de joac\u0103 pentru cei mici \u00eentruc\u00e2t la joc pot participa chiar \u0219i 16 persoane. Fie c\u0103 \u00eel alegi pentru copilul t\u0103u sau ca dar pentru un alt n\u0103zdr\u0103van curios, jocul <strong>Pantomime Animale din Rom\u00e2nia<\/strong> va fi cu sigurn\u021b\u0103 o surpriz\u0103 pl\u0103cut\u0103.<\/p>\n<p><strong>Jocul con\u021bine:<\/strong> 1 tabl\u0103 de joc, 55 c\u0103r\u021bi de joc, 1 clepsidr\u0103, 4 pioni, 1 zar, regulament de joc.<\/p>\n<p><strong>V\u00e2rsta recomandat\u0103:<\/strong> 4+<\/p>\n<p><strong>Juc\u0103tori:<\/strong> 2 \u2013 16 persoane<\/p>\n","protected":false},"excerpt":{"rendered":"<p>Te crezi bun la jocurile de mim\u0103? Joac\u0103 Pantomime Animale din Rom\u00e2nia \u0219i demonstreaz\u0103-le tuturor c\u0103 e\u0219ti cel mai talentat!<\/p>\n","protected":false},"featured_media":72324,"template":"","meta":[],"product_brand":[],"product_cat":[1467,1496],"product_tag":[],"class_list":{"0":"post-72323","1":"product","2":"type-product","3":"status-publish","4":"has-post-thumbnail","6":"product_cat-jocuri-de-societate","7":"product_cat-jocuri-party","8":"pa_filter_age-1315","9":"pa_filter_age-3_5","10":"pa_filter_age-5_7","11":"pa_filter_age-7_9","12":"pa_filter_age-9_14","14":"first","15":"instock","16":"taxable","17":"shipping-taxable","18":"product-type-simple"},"yoast_head":"<!-- This site is optimized with the Yoast SEO plugin v20.1 - https:\/\/yoast.com\/wordpress\/plugins\/seo\/ -->\n<title>Pantomime Animale din Rom\u00e2nia - Roovi B2B<\/title>\n<meta name=\"robots\" content=\"index, follow, max-snippet:-1, max-image-preview:large, max-video-preview:-1\" \/>\n<link rel=\"canonical\" href=\"https:\/\/business.roovi.com\/ro\/pantomime-animale-din-romania\/p\/\" \/>\n<meta property=\"og:locale\" content=\"ro_RO\" \/>\n<meta property=\"og:type\" content=\"article\" \/>\n<meta property=\"og:title\" content=\"Pantomime Animale din Rom\u00e2nia - Roovi B2B\" \/>\n<meta property=\"og:description\" content=\"Te crezi bun la jocurile de mim\u0103? Joac\u0103 Pantomime Animale din Rom\u00e2nia \u0219i demonstreaz\u0103-le tuturor c\u0103 e\u0219ti cel mai talentat!\" \/>\n<meta property=\"og:url\" content=\"https:\/\/business.roovi.com\/ro\/pantomime-animale-din-romania\/p\/\" \/>\n<meta property=\"og:site_name\" content=\"Roovi B2B\" \/>\n<meta property=\"article:publisher\" content=\"https:\/\/www.facebook.com\/wwwjucariero\" \/>\n<meta property=\"article:modified_time\" content=\"2025-03-11T10:46:44+00:00\" \/>\n<meta property=\"og:image\" content=\"https:\/\/business.roovi.com\/wp-content\/uploads\/2023\/11\/Pantomime-Animale-din-Romania_80851_FATA.jpg\" \/>\n\t<meta property=\"og:image:width\" content=\"1200\" \/>\n\t<meta property=\"og:image:height\" content=\"1200\" \/>\n\t<meta property=\"og:image:type\" content=\"image\/jpeg\" \/>\n<meta name=\"twitter:label1\" content=\"Timp estimat pentru citire\" \/>\n\t<meta name=\"twitter:data1\" content=\"2 minute\" \/>\n<script type=\"application\/ld+json\" class=\"yoast-schema-graph\">{\"@context\":\"https:\/\/schema.org\",\"@graph\":[{\"@type\":\"WebPage\",\"@id\":\"https:\/\/business.roovi.com\/ro\/pantomime-animale-din-romania\/p\/\",\"url\":\"https:\/\/business.roovi.com\/ro\/pantomime-animale-din-romania\/p\/\",\"name\":\"Pantomime Animale din Rom\u00e2nia - Roovi B2B\",\"isPartOf\":{\"@id\":\"https:\/\/business.roovi.com\/ro\/#website\"},\"datePublished\":\"2023-11-20T10:03:17+00:00\",\"dateModified\":\"2025-03-11T10:46:44+00:00\",\"breadcrumb\":{\"@id\":\"https:\/\/business.roovi.com\/ro\/pantomime-animale-din-romania\/p\/#breadcrumb\"},\"inLanguage\":\"ro-RO\",\"potentialAction\":[{\"@type\":\"ReadAction\",\"target\":[\"https:\/\/business.roovi.com\/ro\/pantomime-animale-din-romania\/p\/\"]}]},{\"@type\":\"BreadcrumbList\",\"@id\":\"https:\/\/business.roovi.com\/ro\/pantomime-animale-din-romania\/p\/#breadcrumb\",\"itemListElement\":[{\"@type\":\"ListItem\",\"position\":1,\"name\":\"Home\",\"item\":\"https:\/\/business.roovi.com\/ro\/\"},{\"@type\":\"ListItem\",\"position\":2,\"name\":\"Magazin\",\"item\":\"https:\/\/business.roovi.com\/ro\/magazin\/\"},{\"@type\":\"ListItem\",\"position\":3,\"name\":\"Pantomime Animale din Rom\u00e2nia\"}]},{\"@type\":\"WebSite\",\"@id\":\"https:\/\/business.roovi.com\/ro\/#website\",\"url\":\"https:\/\/business.roovi.com\/ro\/\",\"name\":\"Roovi B2B\",\"description\":\"Roovi Business Website\",\"potentialAction\":[{\"@type\":\"SearchAction\",\"target\":{\"@type\":\"EntryPoint\",\"urlTemplate\":\"https:\/\/business.roovi.com\/ro\/?s={search_term_string}\"},\"query-input\":\"required name=search_term_string\"}],\"inLanguage\":\"ro-RO\"}]}<\/script>\n<!-- \/ Yoast SEO plugin. -->","yoast_head_json":{"title":"Pantomime Animale din Rom\u00e2nia - Roovi B2B","robots":{"index":"index","follow":"follow","max-snippet":"max-snippet:-1","max-image-preview":"max-image-preview:large","max-video-preview":"max-video-preview:-1"},"canonical":"https:\/\/business.roovi.com\/ro\/pantomime-animale-din-romania\/p\/","og_locale":"ro_RO","og_type":"article","og_title":"Pantomime Animale din Rom\u00e2nia - Roovi B2B","og_description":"Te crezi bun la jocurile de mim\u0103? Joac\u0103 Pantomime Animale din Rom\u00e2nia \u0219i demonstreaz\u0103-le tuturor c\u0103 e\u0219ti cel mai talentat!","og_url":"https:\/\/business.roovi.com\/ro\/pantomime-animale-din-romania\/p\/","og_site_name":"Roovi B2B","article_publisher":"https:\/\/www.facebook.com\/wwwjucariero","article_modified_time":"2025-03-11T10:46:44+00:00","og_image":[{"width":1200,"height":1200,"url":"https:\/\/business.roovi.com\/wp-content\/uploads\/2023\/11\/Pantomime-Animale-din-Romania_80851_FATA.jpg","type":"image\/jpeg"}],"twitter_misc":{"Timp estimat pentru citire":"2 minute"},"schema":{"@context":"https:\/\/schema.org","@graph":[{"@type":"WebPage","@id":"https:\/\/business.roovi.com\/ro\/pantomime-animale-din-romania\/p\/","url":"https:\/\/business.roovi.com\/ro\/pantomime-animale-din-romania\/p\/","name":"Pantomime Animale din Rom\u00e2nia - Roovi B2B","isPartOf":{"@id":"https:\/\/business.roovi.com\/ro\/#website"},"datePublished":"2023-11-20T10:03:17+00:00","dateModified":"2025-03-11T10:46:44+00:00","breadcrumb":{"@id":"https:\/\/business.roovi.com\/ro\/pantomime-animale-din-romania\/p\/#breadcrumb"},"inLanguage":"ro-RO","potentialAction":[{"@type":"ReadAction","target":["https:\/\/business.roovi.com\/ro\/pantomime-animale-din-romania\/p\/"]}]},{"@type":"BreadcrumbList","@id":"https:\/\/business.roovi.com\/ro\/pantomime-animale-din-romania\/p\/#breadcrumb","itemListElement":[{"@type":"ListItem","position":1,"name":"Home","item":"https:\/\/business.roovi.com\/ro\/"},{"@type":"ListItem","position":2,"name":"Magazin","item":"https:\/\/business.roovi.com\/ro\/magazin\/"},{"@type":"ListItem","position":3,"name":"Pantomime Animale din Rom\u00e2nia"}]},{"@type":"WebSite","@id":"https:\/\/business.roovi.com\/ro\/#website","url":"https:\/\/business.roovi.com\/ro\/","name":"Roovi B2B","description":"Roovi Business Website","potentialAction":[{"@type":"SearchAction","target":{"@type":"EntryPoint","urlTemplate":"https:\/\/business.roovi.com\/ro\/?s={search_term_string}"},"query-input":"required name=search_term_string"}],"inLanguage":"ro-RO"}]}},"_links":{"self":[{"href":"https:\/\/business.roovi.com\/ro\/wp-json\/wp\/v2\/product\/72323","targetHints":{"allow":["GET"]}}],"collection":[{"href":"https:\/\/business.roovi.com\/ro\/wp-json\/wp\/v2\/product"}],"about":[{"href":"https:\/\/business.roovi.com\/ro\/wp-json\/wp\/v2\/types\/product"}],"version-history":[{"count":0,"href":"https:\/\/business.roovi.com\/ro\/wp-json\/wp\/v2\/product\/72323\/revisions"}],"wp:featuredmedia":[{"embeddable":true,"href":"https:\/\/business.roovi.com\/ro\/wp-json\/wp\/v2\/media\/72324"}],"wp:attachment":[{"href":"https:\/\/business.roovi.com\/ro\/wp-json\/wp\/v2\/media?parent=72323"}],"wp:term":[{"taxonomy":"product_brand","embeddable":true,"href":"https:\/\/business.roovi.com\/ro\/wp-json\/wp\/v2\/product_brand?post=72323"},{"taxonomy":"product_cat","embeddable":true,"href":"https:\/\/business.roovi.com\/ro\/wp-json\/wp\/v2\/product_cat?post=72323"},{"taxonomy":"product_tag","embeddable":true,"href":"https:\/\/business.roovi.com\/ro\/wp-json\/wp\/v2\/product_tag?post=72323"}],"curies":[{"name":"wp","href":"https:\/\/api.w.org\/{rel}","templated":true}]}}