{"id":72408,"date":"2023-11-21T08:00:57","date_gmt":"2023-11-21T08:00:57","guid":{"rendered":"https:\/\/business.roovi.com\/?post_type=product&#038;p=72408"},"modified":"2025-03-11T12:35:25","modified_gmt":"2025-03-11T12:35:25","slug":"toma-pan-joc-pentru-dezvoltarea-vocabularului","status":"publish","type":"product","link":"https:\/\/business.roovi.com\/ro\/toma-pan-joc-pentru-dezvoltarea-vocabularului\/p\/","title":{"rendered":"Toma Pan \u2013 Joc pentru dezvoltarea vocabularului"},"content":{"rendered":"<p><em><strong>Descoper\u0103 noul Tomapan \u2013 jocul \u00eendr\u0103git al copil\u0103riei noastre, disponibil acum \u00eentr-o cutie cu design nou \u0219i o form\u0103 ingenioas\u0103 ce ofer\u0103 provoc\u0103ri uimitoare \u0219i distrac\u021bie autentic\u0103, a\u0219a ca alt\u0103dat\u0103.<\/strong><\/em><\/p>\n<p>Bufni\u021ba prietenoas\u0103 este cea care d\u0103 tonul provoc\u0103rilor \u0219i stabile\u0219te \u00een mod aleatoriu literele \u0219i domeniile de joc, gata oric\u00e2nd s\u0103 \u00eencing\u0103 atmosfera, pe m\u0103sur\u0103 ce jocul devine mai rapid, iar juc\u0103torii se concentreaz\u0103 tot mai mult pe r\u0103spunsurile lor.<\/p>\n<p><strong>Tu ai jucat vreodat\u0103 cu copiii Tomapan?<\/strong><\/p>\n<p><strong>\u0218tiai c\u0103 jocul Tomapan\u2026<\/strong><\/p>\n<ul>\n<li>Este un joc dinamic, care testeaz\u0103 agilitatea juc\u0103torilor, cel mai rapid r\u0103spuns c\u00e2\u0219tig\u00e2nd jetoanele.<\/li>\n<li>Este o form\u0103 distractiv\u0103 de a \u00eembun\u0103t\u0103\u021bii aten\u021bia \u0219i capacitatea de concentrare a copiilor.<\/li>\n<li>Deschide noi orizonturi ale cunoa\u0219terii, cu informa\u021bii noi de cultur\u0103 general\u0103.<\/li>\n<li>Este amuzant \u0219i foarte \u00eendr\u0103git de copiii de toate v\u00e2rstele, dar \u0219i de adul\u021bii nostalgici.<\/li>\n<li>Este \u00eentotdeauna \u00een centrul aten\u021biei la o petrecere \u0219i \u00eei ajut\u0103 pe copii s\u0103 se conecteze cu ceilal\u021bi.<\/li>\n<\/ul>\n<p><strong>De ce s\u0103 alegi Jocul Tomapan<\/strong><\/p>\n<p>Este un joc care a rezistat timpului \u0219i \u00eembrac\u0103 acum o form\u0103 nou\u0103, amuzant\u0103 \u0219i \u00eendr\u0103git\u0103 de copii.<\/p>\n<p>Bufni\u021ba responsabil\u0103 cu distribuirea jetoanelor este mereu \u00een centrul aten\u021biei \u0219i nu poate fi niciodat\u0103 acuzat\u0103 c\u0103 a tri\u0219at c\u00e2nd a spus alfabetul.<\/p>\n<p>Jocul clasic pune la \u00eencercare cuno\u0219tin\u021bele despre \u021b\u0103ri, ora\u0219e, mun\u021bi, ape, plante, animale, nume, \u00eens\u0103 Bufni\u021ba istea\u021b\u0103 vine cu ceva \u00een plus.<\/p>\n<p>Noul Topapan vine cu extra provoc\u0103ri, av\u00e2nd 8 categorii noi: ora\u0219e din Rom\u00e2nia, capitale, mamifere, p\u0103s\u0103ri, m\u00e2nc\u0103ruri, obiecte, profesii, personaje celebre.<\/p>\n<p>Tomapan are acum un look nou \u0219i ingenios, fiind ambalat \u00eentr-o cutie cu un design viu \u0219i colorat, conceput cu aten\u021bie la fiecare detaliu, ceea ce \u00eel face cadoul perfect pentru orice copil iste\u021b \u0219i curios.<\/p>\n<p>Este potrivit at\u00e2t pentru copiii mai mici, care abia se obi\u0219nuiesc cu jocul, pentru ace\u0219tia put\u00e2nd alege categorii \u0219i litere mai u\u0219or de asociat, c\u00e2t \u0219i pentru juc\u0103torii avansa\u021bi pentru care categoriile suplimentare reprezint\u0103 provoc\u0103ri incitante.<\/p>\n<p>Jetoanele sunt realizate din carton durabil, cu finisaj mat, ce asigur\u0103 rezisten\u021b\u0103 \u00eendelungat\u0103 la uzur\u0103, astfel c\u0103 poate fi jucat de nenum\u0103rate ori. Bufni\u021ba are un mecanism simplu de distribuire a jetoanelor, fiind foarte u\u0219or de utilizat. Dimensiunile \u0219i forma acesteia sunt potrivite at\u00e2t pentru m\u00e2inile copiilor, c\u00e2t \u0219i pentru ale adul\u021bilor \u0219i face utilizarea foarte confortabil\u0103.<\/p>\n<p><strong>\u00cencearc\u0103 jocul Tomapan cu \u00een\u021beleapta bufni\u021b\u0103 Buboo pentru o provocare cum nu s-a mai v\u0103zut!<\/strong><\/p>\n<p>V\u00e2rst\u0103 recomandat\u0103: 10+<br \/>\nJuc\u0103tori: 2 \u2013 6 persoane<br \/>\nCutia con\u021bine: o bufni\u021b\u0103 special\u0103, 60 jetoane de joc cu dou\u0103 fe\u021be, regulament de joc.<br \/>\nJoc nerecomandat copiilor sub 3 ani.<\/p>\n","protected":false},"excerpt":{"rendered":"<p>Descoper\u0103 noul Tomapan \u2013 jocul \u00eendr\u0103git al copil\u0103riei noastre, disponibil acum \u00eentr-o cutie cu design nou \u0219i o form\u0103 ingenioas\u0103<\/p>\n","protected":false},"featured_media":72409,"template":"","meta":[],"product_brand":[],"product_cat":[1494,1471],"product_tag":[],"class_list":{"0":"post-72408","1":"product","2":"type-product","3":"status-publish","4":"has-post-thumbnail","6":"product_cat-jocuri-didactice","7":"product_cat-jocuri-educative-si-stiintifice","9":"first","10":"instock","11":"taxable","12":"shipping-taxable","13":"product-type-simple"},"yoast_head":"<!-- This site is optimized with the Yoast SEO plugin v20.1 - https:\/\/yoast.com\/wordpress\/plugins\/seo\/ -->\n<title>Toma Pan \u2013 Joc pentru dezvoltarea vocabularului - Roovi B2B<\/title>\n<meta name=\"robots\" content=\"index, follow, max-snippet:-1, max-image-preview:large, max-video-preview:-1\" \/>\n<link rel=\"canonical\" href=\"https:\/\/business.roovi.com\/ro\/toma-pan-joc-pentru-dezvoltarea-vocabularului\/p\/\" \/>\n<meta property=\"og:locale\" content=\"ro_RO\" \/>\n<meta property=\"og:type\" content=\"article\" \/>\n<meta property=\"og:title\" content=\"Toma Pan \u2013 Joc pentru dezvoltarea vocabularului - Roovi B2B\" \/>\n<meta property=\"og:description\" content=\"Descoper\u0103 noul Tomapan \u2013 jocul \u00eendr\u0103git al copil\u0103riei noastre, disponibil acum \u00eentr-o cutie cu design nou \u0219i o form\u0103 ingenioas\u0103\" \/>\n<meta property=\"og:url\" content=\"https:\/\/business.roovi.com\/ro\/toma-pan-joc-pentru-dezvoltarea-vocabularului\/p\/\" \/>\n<meta property=\"og:site_name\" content=\"Roovi B2B\" \/>\n<meta property=\"article:publisher\" content=\"https:\/\/www.facebook.com\/wwwjucariero\" \/>\n<meta property=\"article:modified_time\" content=\"2025-03-11T12:35:25+00:00\" \/>\n<meta property=\"og:image\" content=\"https:\/\/business.roovi.com\/wp-content\/uploads\/2023\/11\/TOMAPAN_FATA.jpg\" \/>\n\t<meta property=\"og:image:width\" content=\"1200\" \/>\n\t<meta property=\"og:image:height\" content=\"1200\" \/>\n\t<meta property=\"og:image:type\" content=\"image\/jpeg\" \/>\n<meta name=\"twitter:label1\" content=\"Timp estimat pentru citire\" \/>\n\t<meta name=\"twitter:data1\" content=\"2 minute\" \/>\n<script type=\"application\/ld+json\" class=\"yoast-schema-graph\">{\"@context\":\"https:\/\/schema.org\",\"@graph\":[{\"@type\":\"WebPage\",\"@id\":\"https:\/\/business.roovi.com\/ro\/toma-pan-joc-pentru-dezvoltarea-vocabularului\/p\/\",\"url\":\"https:\/\/business.roovi.com\/ro\/toma-pan-joc-pentru-dezvoltarea-vocabularului\/p\/\",\"name\":\"Toma Pan \u2013 Joc pentru dezvoltarea vocabularului - Roovi B2B\",\"isPartOf\":{\"@id\":\"https:\/\/business.roovi.com\/ro\/#website\"},\"datePublished\":\"2023-11-21T08:00:57+00:00\",\"dateModified\":\"2025-03-11T12:35:25+00:00\",\"breadcrumb\":{\"@id\":\"https:\/\/business.roovi.com\/ro\/toma-pan-joc-pentru-dezvoltarea-vocabularului\/p\/#breadcrumb\"},\"inLanguage\":\"ro-RO\",\"potentialAction\":[{\"@type\":\"ReadAction\",\"target\":[\"https:\/\/business.roovi.com\/ro\/toma-pan-joc-pentru-dezvoltarea-vocabularului\/p\/\"]}]},{\"@type\":\"BreadcrumbList\",\"@id\":\"https:\/\/business.roovi.com\/ro\/toma-pan-joc-pentru-dezvoltarea-vocabularului\/p\/#breadcrumb\",\"itemListElement\":[{\"@type\":\"ListItem\",\"position\":1,\"name\":\"Home\",\"item\":\"https:\/\/business.roovi.com\/ro\/\"},{\"@type\":\"ListItem\",\"position\":2,\"name\":\"Magazin\",\"item\":\"https:\/\/business.roovi.com\/ro\/magazin\/\"},{\"@type\":\"ListItem\",\"position\":3,\"name\":\"Toma Pan \u2013 Joc pentru dezvoltarea vocabularului\"}]},{\"@type\":\"WebSite\",\"@id\":\"https:\/\/business.roovi.com\/ro\/#website\",\"url\":\"https:\/\/business.roovi.com\/ro\/\",\"name\":\"Roovi B2B\",\"description\":\"Roovi Business Website\",\"potentialAction\":[{\"@type\":\"SearchAction\",\"target\":{\"@type\":\"EntryPoint\",\"urlTemplate\":\"https:\/\/business.roovi.com\/ro\/?s={search_term_string}\"},\"query-input\":\"required name=search_term_string\"}],\"inLanguage\":\"ro-RO\"}]}<\/script>\n<!-- \/ Yoast SEO plugin. -->","yoast_head_json":{"title":"Toma Pan \u2013 Joc pentru dezvoltarea vocabularului - Roovi B2B","robots":{"index":"index","follow":"follow","max-snippet":"max-snippet:-1","max-image-preview":"max-image-preview:large","max-video-preview":"max-video-preview:-1"},"canonical":"https:\/\/business.roovi.com\/ro\/toma-pan-joc-pentru-dezvoltarea-vocabularului\/p\/","og_locale":"ro_RO","og_type":"article","og_title":"Toma Pan \u2013 Joc pentru dezvoltarea vocabularului - Roovi B2B","og_description":"Descoper\u0103 noul Tomapan \u2013 jocul \u00eendr\u0103git al copil\u0103riei noastre, disponibil acum \u00eentr-o cutie cu design nou \u0219i o form\u0103 ingenioas\u0103","og_url":"https:\/\/business.roovi.com\/ro\/toma-pan-joc-pentru-dezvoltarea-vocabularului\/p\/","og_site_name":"Roovi B2B","article_publisher":"https:\/\/www.facebook.com\/wwwjucariero","article_modified_time":"2025-03-11T12:35:25+00:00","og_image":[{"width":1200,"height":1200,"url":"https:\/\/business.roovi.com\/wp-content\/uploads\/2023\/11\/TOMAPAN_FATA.jpg","type":"image\/jpeg"}],"twitter_misc":{"Timp estimat pentru citire":"2 minute"},"schema":{"@context":"https:\/\/schema.org","@graph":[{"@type":"WebPage","@id":"https:\/\/business.roovi.com\/ro\/toma-pan-joc-pentru-dezvoltarea-vocabularului\/p\/","url":"https:\/\/business.roovi.com\/ro\/toma-pan-joc-pentru-dezvoltarea-vocabularului\/p\/","name":"Toma Pan \u2013 Joc pentru dezvoltarea vocabularului - Roovi B2B","isPartOf":{"@id":"https:\/\/business.roovi.com\/ro\/#website"},"datePublished":"2023-11-21T08:00:57+00:00","dateModified":"2025-03-11T12:35:25+00:00","breadcrumb":{"@id":"https:\/\/business.roovi.com\/ro\/toma-pan-joc-pentru-dezvoltarea-vocabularului\/p\/#breadcrumb"},"inLanguage":"ro-RO","potentialAction":[{"@type":"ReadAction","target":["https:\/\/business.roovi.com\/ro\/toma-pan-joc-pentru-dezvoltarea-vocabularului\/p\/"]}]},{"@type":"BreadcrumbList","@id":"https:\/\/business.roovi.com\/ro\/toma-pan-joc-pentru-dezvoltarea-vocabularului\/p\/#breadcrumb","itemListElement":[{"@type":"ListItem","position":1,"name":"Home","item":"https:\/\/business.roovi.com\/ro\/"},{"@type":"ListItem","position":2,"name":"Magazin","item":"https:\/\/business.roovi.com\/ro\/magazin\/"},{"@type":"ListItem","position":3,"name":"Toma Pan \u2013 Joc pentru dezvoltarea vocabularului"}]},{"@type":"WebSite","@id":"https:\/\/business.roovi.com\/ro\/#website","url":"https:\/\/business.roovi.com\/ro\/","name":"Roovi B2B","description":"Roovi Business Website","potentialAction":[{"@type":"SearchAction","target":{"@type":"EntryPoint","urlTemplate":"https:\/\/business.roovi.com\/ro\/?s={search_term_string}"},"query-input":"required name=search_term_string"}],"inLanguage":"ro-RO"}]}},"_links":{"self":[{"href":"https:\/\/business.roovi.com\/ro\/wp-json\/wp\/v2\/product\/72408","targetHints":{"allow":["GET"]}}],"collection":[{"href":"https:\/\/business.roovi.com\/ro\/wp-json\/wp\/v2\/product"}],"about":[{"href":"https:\/\/business.roovi.com\/ro\/wp-json\/wp\/v2\/types\/product"}],"version-history":[{"count":0,"href":"https:\/\/business.roovi.com\/ro\/wp-json\/wp\/v2\/product\/72408\/revisions"}],"wp:featuredmedia":[{"embeddable":true,"href":"https:\/\/business.roovi.com\/ro\/wp-json\/wp\/v2\/media\/72409"}],"wp:attachment":[{"href":"https:\/\/business.roovi.com\/ro\/wp-json\/wp\/v2\/media?parent=72408"}],"wp:term":[{"taxonomy":"product_brand","embeddable":true,"href":"https:\/\/business.roovi.com\/ro\/wp-json\/wp\/v2\/product_brand?post=72408"},{"taxonomy":"product_cat","embeddable":true,"href":"https:\/\/business.roovi.com\/ro\/wp-json\/wp\/v2\/product_cat?post=72408"},{"taxonomy":"product_tag","embeddable":true,"href":"https:\/\/business.roovi.com\/ro\/wp-json\/wp\/v2\/product_tag?post=72408"}],"curies":[{"name":"wp","href":"https:\/\/api.w.org\/{rel}","templated":true}]}}