{"id":72472,"date":"2024-01-31T07:19:10","date_gmt":"2024-01-31T07:19:10","guid":{"rendered":"https:\/\/business.roovi.com\/?post_type=product&#038;p=72472"},"modified":"2025-03-17T06:53:51","modified_gmt":"2025-03-17T06:53:51","slug":"puzzle-demeter-brigi-rudolph-the-red-nosed-reindeer-puzzle-adulti-1000-piese","status":"publish","type":"product","link":"https:\/\/business.roovi.com\/ro\/puzzle-demeter-brigi-rudolph-the-red-nosed-reindeer-puzzle-adulti-1000-piese\/p\/","title":{"rendered":"Puzzle Demeter Brigi \u2013 Rudolph the Red Nosed Reindeer \u2013 Puzzle adul\u021bi, 1000 piese"},"content":{"rendered":"<p><strong>Intr\u0103 \u00een atmosfera magic\u0103 a s\u0103rb\u0103torilor de iarn\u0103 asambl\u00e2nd puzzle de 1000 de piese &#8211; Rudolph the red nosed reindeer.<\/strong><\/p>\n<p>Cel mai cunoscut ren al lui Mo\u0219 Cr\u0103ciun este o creatur\u0103 fantastic\u0103 maiestuoas\u0103 \u00een imagina\u021bia arti\u0219tilor D-Toys. Multitudinea detaliilor \u00een culori vibrante \u0219i efectele de luminozitate din acest puzzle de 1000 de piese aduc spiritul Cr\u0103ciunului \u00een casa oric\u0103rui pasionat de puzzle-uri complexe.<\/p>\n<p>Fiecare detaliu este zugr\u0103vit cu m\u0103iestrie, iar tabloul final este o adev\u0103rat\u0103 capodoper\u0103 de art\u0103 cu care \u00ee\u021bi po\u021bi decora casa de s\u0103rb\u0103tori.<\/p>\n<p>\u00cen plus, activitatea de asamblare este relaxant\u0103 \u0219i te deconecteaz\u0103 de la grijile cotidiene, te ajut\u0103 s\u0103 \u00eencetine\u0219ti ritmul \u0219i s\u0103 te bucuri de s\u0103rb\u0103tori \u00een lini\u0219te \u0219i armonie, al\u0103turi de cei dragi.<\/p>\n<p><strong>De ce s\u0103 alegi Puzzle 1000 piese &#8211; Rudolph the red nosed reindeer<\/strong><\/p>\n<ul>\n<li>Imaginea ref\u0103cut\u0103 are dimensiuni generoase, de 68 x 47 cm, poate fi \u00eenr\u0103mat\u0103 \u0219i admirat\u0103 oric\u00e2nd sim\u021bi nevoia s\u0103 te deconectezi.<\/li>\n<li>Piesele sunt realizate din carton gros, de calitate superioar\u0103, care \u00eei confer\u0103 o rezisten\u021b\u0103 sporit\u0103. Puzzle-ul se poate asambla de nenum\u0103rate ori f\u0103r\u0103 ca piesele s\u0103 se deterioreze.<\/li>\n<li>Este un produs prietenos cu natura, fiind realizat din materiale sustenabile, reciclabile.<\/li>\n<li>Asamblarea unui puzzle complex, de 1000 de piese este un antrenament excelent pentru creier \u00eentruc\u00e2t antreneaz\u0103 ambele emisfere cerebrale. \u00cen plus este relaxant \u0219i distractiv, mai ales atunci c\u00e2nd asamblezi piesele al\u0103turi de cei dragi.<\/li>\n<li>Este potrivit persoanelor peste 14 ani. A\u0219adar, poate fi prilejul perfect pentru a te conecta \u0219i a petrece timp de calitate al\u0103turi de adolescen\u021bi.<\/li>\n<\/ul>\n<p>Dac\u0103 \u00ee\u021bi dore\u0219ti momente de tihn\u0103, conectare cu cei dragi, dar \u0219i un cadou deosebit de pus sub bradul de Cr\u0103ciun, <strong>Puzzle 1000 piese Rudolph the red nosed reindeer<\/strong> este alegerea cea mai inspirat\u0103.<\/p>\n","protected":false},"excerpt":{"rendered":"<p>Intr\u0103 \u00een atmosfera magic\u0103 a s\u0103rb\u0103torilor de iarn\u0103 asambl\u00e2nd puzzle de 1000 de piese &#8211; Rudolph the red nosed reindeer.<\/p>\n","protected":false},"featured_media":72473,"template":"","meta":[],"product_brand":[],"product_cat":[1454,1488,1560],"product_tag":[],"class_list":{"0":"post-72472","1":"product","2":"type-product","3":"status-publish","4":"has-post-thumbnail","6":"product_cat-puzzle","7":"product_cat-puzzle-adulti","8":"product_cat-puzzle-adulti-1000","10":"first","11":"instock","12":"taxable","13":"shipping-taxable","14":"product-type-simple"},"yoast_head":"<!-- This site is optimized with the Yoast SEO plugin v20.1 - https:\/\/yoast.com\/wordpress\/plugins\/seo\/ -->\n<title>Puzzle Demeter Brigi \u2013 Rudolph the Red Nosed Reindeer \u2013 Puzzle adul\u021bi, 1000 piese - Roovi B2B<\/title>\n<meta name=\"robots\" content=\"index, follow, max-snippet:-1, max-image-preview:large, max-video-preview:-1\" \/>\n<link rel=\"canonical\" href=\"https:\/\/business.roovi.com\/ro\/puzzle-demeter-brigi-rudolph-the-red-nosed-reindeer-puzzle-adulti-1000-piese\/p\/\" \/>\n<meta property=\"og:locale\" content=\"ro_RO\" \/>\n<meta property=\"og:type\" content=\"article\" \/>\n<meta property=\"og:title\" content=\"Puzzle Demeter Brigi \u2013 Rudolph the Red Nosed Reindeer \u2013 Puzzle adul\u021bi, 1000 piese - Roovi B2B\" \/>\n<meta property=\"og:description\" content=\"Intr\u0103 \u00een atmosfera magic\u0103 a s\u0103rb\u0103torilor de iarn\u0103 asambl\u00e2nd puzzle de 1000 de piese &#8211; Rudolph the red nosed reindeer.\" \/>\n<meta property=\"og:url\" content=\"https:\/\/business.roovi.com\/ro\/puzzle-demeter-brigi-rudolph-the-red-nosed-reindeer-puzzle-adulti-1000-piese\/p\/\" \/>\n<meta property=\"og:site_name\" content=\"Roovi B2B\" \/>\n<meta property=\"article:publisher\" content=\"https:\/\/www.facebook.com\/wwwjucariero\" \/>\n<meta property=\"article:modified_time\" content=\"2025-03-17T06:53:51+00:00\" \/>\n<meta property=\"og:image\" content=\"https:\/\/business.roovi.com\/wp-content\/uploads\/2024\/01\/80653-rudolph.jpg\" \/>\n\t<meta property=\"og:image:width\" content=\"1200\" \/>\n\t<meta property=\"og:image:height\" content=\"1200\" \/>\n\t<meta property=\"og:image:type\" content=\"image\/jpeg\" \/>\n<script type=\"application\/ld+json\" class=\"yoast-schema-graph\">{\"@context\":\"https:\/\/schema.org\",\"@graph\":[{\"@type\":\"WebPage\",\"@id\":\"https:\/\/business.roovi.com\/ro\/puzzle-demeter-brigi-rudolph-the-red-nosed-reindeer-puzzle-adulti-1000-piese\/p\/\",\"url\":\"https:\/\/business.roovi.com\/ro\/puzzle-demeter-brigi-rudolph-the-red-nosed-reindeer-puzzle-adulti-1000-piese\/p\/\",\"name\":\"Puzzle Demeter Brigi \u2013 Rudolph the Red Nosed Reindeer \u2013 Puzzle adul\u021bi, 1000 piese - Roovi B2B\",\"isPartOf\":{\"@id\":\"https:\/\/business.roovi.com\/ro\/#website\"},\"datePublished\":\"2024-01-31T07:19:10+00:00\",\"dateModified\":\"2025-03-17T06:53:51+00:00\",\"breadcrumb\":{\"@id\":\"https:\/\/business.roovi.com\/ro\/puzzle-demeter-brigi-rudolph-the-red-nosed-reindeer-puzzle-adulti-1000-piese\/p\/#breadcrumb\"},\"inLanguage\":\"ro-RO\",\"potentialAction\":[{\"@type\":\"ReadAction\",\"target\":[\"https:\/\/business.roovi.com\/ro\/puzzle-demeter-brigi-rudolph-the-red-nosed-reindeer-puzzle-adulti-1000-piese\/p\/\"]}]},{\"@type\":\"BreadcrumbList\",\"@id\":\"https:\/\/business.roovi.com\/ro\/puzzle-demeter-brigi-rudolph-the-red-nosed-reindeer-puzzle-adulti-1000-piese\/p\/#breadcrumb\",\"itemListElement\":[{\"@type\":\"ListItem\",\"position\":1,\"name\":\"Home\",\"item\":\"https:\/\/business.roovi.com\/ro\/\"},{\"@type\":\"ListItem\",\"position\":2,\"name\":\"Magazin\",\"item\":\"https:\/\/business.roovi.com\/ro\/magazin\/\"},{\"@type\":\"ListItem\",\"position\":3,\"name\":\"Puzzle Demeter Brigi \u2013 Rudolph the Red Nosed Reindeer \u2013 Puzzle adul\u021bi, 1000 piese\"}]},{\"@type\":\"WebSite\",\"@id\":\"https:\/\/business.roovi.com\/ro\/#website\",\"url\":\"https:\/\/business.roovi.com\/ro\/\",\"name\":\"Roovi B2B\",\"description\":\"Roovi Business Website\",\"potentialAction\":[{\"@type\":\"SearchAction\",\"target\":{\"@type\":\"EntryPoint\",\"urlTemplate\":\"https:\/\/business.roovi.com\/ro\/?s={search_term_string}\"},\"query-input\":\"required name=search_term_string\"}],\"inLanguage\":\"ro-RO\"}]}<\/script>\n<!-- \/ Yoast SEO plugin. -->","yoast_head_json":{"title":"Puzzle Demeter Brigi \u2013 Rudolph the Red Nosed Reindeer \u2013 Puzzle adul\u021bi, 1000 piese - Roovi B2B","robots":{"index":"index","follow":"follow","max-snippet":"max-snippet:-1","max-image-preview":"max-image-preview:large","max-video-preview":"max-video-preview:-1"},"canonical":"https:\/\/business.roovi.com\/ro\/puzzle-demeter-brigi-rudolph-the-red-nosed-reindeer-puzzle-adulti-1000-piese\/p\/","og_locale":"ro_RO","og_type":"article","og_title":"Puzzle Demeter Brigi \u2013 Rudolph the Red Nosed Reindeer \u2013 Puzzle adul\u021bi, 1000 piese - Roovi B2B","og_description":"Intr\u0103 \u00een atmosfera magic\u0103 a s\u0103rb\u0103torilor de iarn\u0103 asambl\u00e2nd puzzle de 1000 de piese &#8211; Rudolph the red nosed reindeer.","og_url":"https:\/\/business.roovi.com\/ro\/puzzle-demeter-brigi-rudolph-the-red-nosed-reindeer-puzzle-adulti-1000-piese\/p\/","og_site_name":"Roovi B2B","article_publisher":"https:\/\/www.facebook.com\/wwwjucariero","article_modified_time":"2025-03-17T06:53:51+00:00","og_image":[{"width":1200,"height":1200,"url":"https:\/\/business.roovi.com\/wp-content\/uploads\/2024\/01\/80653-rudolph.jpg","type":"image\/jpeg"}],"schema":{"@context":"https:\/\/schema.org","@graph":[{"@type":"WebPage","@id":"https:\/\/business.roovi.com\/ro\/puzzle-demeter-brigi-rudolph-the-red-nosed-reindeer-puzzle-adulti-1000-piese\/p\/","url":"https:\/\/business.roovi.com\/ro\/puzzle-demeter-brigi-rudolph-the-red-nosed-reindeer-puzzle-adulti-1000-piese\/p\/","name":"Puzzle Demeter Brigi \u2013 Rudolph the Red Nosed Reindeer \u2013 Puzzle adul\u021bi, 1000 piese - Roovi B2B","isPartOf":{"@id":"https:\/\/business.roovi.com\/ro\/#website"},"datePublished":"2024-01-31T07:19:10+00:00","dateModified":"2025-03-17T06:53:51+00:00","breadcrumb":{"@id":"https:\/\/business.roovi.com\/ro\/puzzle-demeter-brigi-rudolph-the-red-nosed-reindeer-puzzle-adulti-1000-piese\/p\/#breadcrumb"},"inLanguage":"ro-RO","potentialAction":[{"@type":"ReadAction","target":["https:\/\/business.roovi.com\/ro\/puzzle-demeter-brigi-rudolph-the-red-nosed-reindeer-puzzle-adulti-1000-piese\/p\/"]}]},{"@type":"BreadcrumbList","@id":"https:\/\/business.roovi.com\/ro\/puzzle-demeter-brigi-rudolph-the-red-nosed-reindeer-puzzle-adulti-1000-piese\/p\/#breadcrumb","itemListElement":[{"@type":"ListItem","position":1,"name":"Home","item":"https:\/\/business.roovi.com\/ro\/"},{"@type":"ListItem","position":2,"name":"Magazin","item":"https:\/\/business.roovi.com\/ro\/magazin\/"},{"@type":"ListItem","position":3,"name":"Puzzle Demeter Brigi \u2013 Rudolph the Red Nosed Reindeer \u2013 Puzzle adul\u021bi, 1000 piese"}]},{"@type":"WebSite","@id":"https:\/\/business.roovi.com\/ro\/#website","url":"https:\/\/business.roovi.com\/ro\/","name":"Roovi B2B","description":"Roovi Business Website","potentialAction":[{"@type":"SearchAction","target":{"@type":"EntryPoint","urlTemplate":"https:\/\/business.roovi.com\/ro\/?s={search_term_string}"},"query-input":"required name=search_term_string"}],"inLanguage":"ro-RO"}]}},"_links":{"self":[{"href":"https:\/\/business.roovi.com\/ro\/wp-json\/wp\/v2\/product\/72472","targetHints":{"allow":["GET"]}}],"collection":[{"href":"https:\/\/business.roovi.com\/ro\/wp-json\/wp\/v2\/product"}],"about":[{"href":"https:\/\/business.roovi.com\/ro\/wp-json\/wp\/v2\/types\/product"}],"version-history":[{"count":0,"href":"https:\/\/business.roovi.com\/ro\/wp-json\/wp\/v2\/product\/72472\/revisions"}],"wp:featuredmedia":[{"embeddable":true,"href":"https:\/\/business.roovi.com\/ro\/wp-json\/wp\/v2\/media\/72473"}],"wp:attachment":[{"href":"https:\/\/business.roovi.com\/ro\/wp-json\/wp\/v2\/media?parent=72472"}],"wp:term":[{"taxonomy":"product_brand","embeddable":true,"href":"https:\/\/business.roovi.com\/ro\/wp-json\/wp\/v2\/product_brand?post=72472"},{"taxonomy":"product_cat","embeddable":true,"href":"https:\/\/business.roovi.com\/ro\/wp-json\/wp\/v2\/product_cat?post=72472"},{"taxonomy":"product_tag","embeddable":true,"href":"https:\/\/business.roovi.com\/ro\/wp-json\/wp\/v2\/product_tag?post=72472"}],"curies":[{"name":"wp","href":"https:\/\/api.w.org\/{rel}","templated":true}]}}