{"id":72479,"date":"2024-01-31T07:21:54","date_gmt":"2024-01-31T07:21:54","guid":{"rendered":"https:\/\/business.roovi.com\/?post_type=product&#038;p=72479"},"modified":"2025-03-17T06:51:32","modified_gmt":"2025-03-17T06:51:32","slug":"puzzle-demeter-brigi-fantasy-deer-puzzle-adulti-1000-piese","status":"publish","type":"product","link":"https:\/\/business.roovi.com\/ro\/puzzle-demeter-brigi-fantasy-deer-puzzle-adulti-1000-piese\/p\/","title":{"rendered":"Puzzle Demeter Brigi \u2013 Fantasy Deer \u2013 Puzzle adul\u021bi, 1000 piese"},"content":{"rendered":"<p><strong>\u00ce\u021bi plac puzzle-urile complexe? Alege puzzle 1000 piese \u2013 Fantasy Deer \u0219i accept\u0103 provocarea!<\/strong><\/p>\n<p><strong>Fantasy Deer<\/strong> este un puzzle fascinant de 1000 de piese ce red\u0103 o ilustra\u021bie deosebit\u0103 a unui cerb impun\u0103tor, cu coarne bogat ornamentate, pline de detalii colorate.<\/p>\n<p>Designul unic te atrage prin culorile vibrante \u0219i elementele fantastice care te poart\u0103 \u00eentr-o atmosfer\u0103 de poveste. Fiecare pies\u0103 este t\u0103iat\u0103 cu precizie, iar tabloul final este o adev\u0103rat\u0103 opera de art\u0103.<\/p>\n<p><strong>De ce s\u0103 alegi Puzzle 1000 de piese \u2013 Fantasy Deer<\/strong><\/p>\n<ul>\n<li><strong>Stimuleaz\u0103 creativitatea.<\/strong> Bog\u0103\u021bia detaliilor \u0219i armonia culorilor, precum \u0219i prezen\u021ba discret\u0103 a personajelor din tablou te poart\u0103 \u00een lumea magic\u0103 a pove\u0219tilor \u0219i te inspir\u0103 s\u0103 g\u00e2nde\u0219ti liber, ca un artist autentic.<\/li>\n<li><strong>Ajut\u0103 la \u00eembun\u0103t\u0103\u021birea aten\u021biei \u0219i concentr\u0103rii.<\/strong> Num\u0103rul mare de piese \u0219i complexitatea detaliilor colorate sunt un bun stimul pentru dezvoltarea aten\u021biei la detalii \u0219i a capacit\u0103\u021bii de concentrare, fiind totodat\u0103 un exerci\u021biu excelent de r\u0103bdare \u0219i perseveren\u021b\u0103.<\/li>\n<li><strong>Reduce stresul.<\/strong> Asamblarea unui puzzle complex de 1000 de piese este o activitate lini\u0219titoare care ofer\u0103 momente pre\u021bioase de calm \u0219i relaxare, ajut\u00e2nd la diminuarea stresului \u0219i la restabilirea echilibrului interior.<\/li>\n<li><strong>Dezvolt\u0103 g\u00e2ndirea logic\u0103 \u0219i percep\u021bia vizual\u0103.<\/strong> Potrivirea pieselor \u0219i crearea tabloului final ajut\u0103 la dezvoltarea g\u00e2ndirii logice \u0219i a percep\u021biei vizuale, la orice v\u00e2rst\u0103.<\/li>\n<\/ul>\n<p><strong>Puzzle 1000 de piese \u2013 Fantasy Deer: cadoul perfect de s\u0103rb\u0103tori<\/strong><\/p>\n<p>Cau\u021bi inspira\u021bie de s\u0103rb\u0103tori? Sau vrei s\u0103 faci o surpriz\u0103 pl\u0103cut\u0103 unui prieten pasionat de jocuri puzzle complexe? Alege <strong>Puzzle Fantasy Deer<\/strong> \u0219i ofer\u0103-le bucurie celor dragi.<\/p>\n<p>\u00cen plus, activitatea de asamblare este relaxant\u0103 \u0219i deconectant\u0103, oferindu-\u021bi un sentiment pl\u0103cut de satisfac\u021bie \u0219i \u00eemplinire. Tabloul final are dimensiunile de 68 x 47 cm \u0219i poate fi un obiect decorativ minunat pentru casa ta.<\/p>\n<p>Alege a\u0219adar <strong>Puzzle Fantasy Deer<\/strong> \u0219i bucur\u0103-te de toate beneficiile pe care le ofer\u0103 un puzzle de 1000 de piese!<\/p>\n","protected":false},"excerpt":{"rendered":"<p>\u00ce\u021bi plac puzzle-urile complexe? Alege puzzle 1000 piese \u2013 Fantasy Deer \u0219i accept\u0103 provocarea! Fantasy Deer este un puzzle fascinant<\/p>\n","protected":false},"featured_media":72480,"template":"","meta":[],"product_brand":[],"product_cat":[1454,1488,1560],"product_tag":[],"class_list":{"0":"post-72479","1":"product","2":"type-product","3":"status-publish","4":"has-post-thumbnail","6":"product_cat-puzzle","7":"product_cat-puzzle-adulti","8":"product_cat-puzzle-adulti-1000","10":"first","11":"instock","12":"taxable","13":"shipping-taxable","14":"product-type-simple"},"yoast_head":"<!-- This site is optimized with the Yoast SEO plugin v20.1 - https:\/\/yoast.com\/wordpress\/plugins\/seo\/ -->\n<title>Puzzle Demeter Brigi \u2013 Fantasy Deer \u2013 Puzzle adul\u021bi, 1000 piese - Roovi B2B<\/title>\n<meta name=\"robots\" content=\"index, follow, max-snippet:-1, max-image-preview:large, max-video-preview:-1\" \/>\n<link rel=\"canonical\" href=\"https:\/\/business.roovi.com\/ro\/puzzle-demeter-brigi-fantasy-deer-puzzle-adulti-1000-piese\/p\/\" \/>\n<meta property=\"og:locale\" content=\"ro_RO\" \/>\n<meta property=\"og:type\" content=\"article\" \/>\n<meta property=\"og:title\" content=\"Puzzle Demeter Brigi \u2013 Fantasy Deer \u2013 Puzzle adul\u021bi, 1000 piese - Roovi B2B\" \/>\n<meta property=\"og:description\" content=\"\u00ce\u021bi plac puzzle-urile complexe? Alege puzzle 1000 piese \u2013 Fantasy Deer \u0219i accept\u0103 provocarea! Fantasy Deer este un puzzle fascinant\" \/>\n<meta property=\"og:url\" content=\"https:\/\/business.roovi.com\/ro\/puzzle-demeter-brigi-fantasy-deer-puzzle-adulti-1000-piese\/p\/\" \/>\n<meta property=\"og:site_name\" content=\"Roovi B2B\" \/>\n<meta property=\"article:publisher\" content=\"https:\/\/www.facebook.com\/wwwjucariero\" \/>\n<meta property=\"article:modified_time\" content=\"2025-03-17T06:51:32+00:00\" \/>\n<meta property=\"og:image\" content=\"https:\/\/business.roovi.com\/wp-content\/uploads\/2024\/01\/80745-fantasy-deer.jpg\" \/>\n\t<meta property=\"og:image:width\" content=\"1200\" \/>\n\t<meta property=\"og:image:height\" content=\"1200\" \/>\n\t<meta property=\"og:image:type\" content=\"image\/jpeg\" \/>\n<script type=\"application\/ld+json\" class=\"yoast-schema-graph\">{\"@context\":\"https:\/\/schema.org\",\"@graph\":[{\"@type\":\"WebPage\",\"@id\":\"https:\/\/business.roovi.com\/ro\/puzzle-demeter-brigi-fantasy-deer-puzzle-adulti-1000-piese\/p\/\",\"url\":\"https:\/\/business.roovi.com\/ro\/puzzle-demeter-brigi-fantasy-deer-puzzle-adulti-1000-piese\/p\/\",\"name\":\"Puzzle Demeter Brigi \u2013 Fantasy Deer \u2013 Puzzle adul\u021bi, 1000 piese - Roovi B2B\",\"isPartOf\":{\"@id\":\"https:\/\/business.roovi.com\/ro\/#website\"},\"datePublished\":\"2024-01-31T07:21:54+00:00\",\"dateModified\":\"2025-03-17T06:51:32+00:00\",\"breadcrumb\":{\"@id\":\"https:\/\/business.roovi.com\/ro\/puzzle-demeter-brigi-fantasy-deer-puzzle-adulti-1000-piese\/p\/#breadcrumb\"},\"inLanguage\":\"ro-RO\",\"potentialAction\":[{\"@type\":\"ReadAction\",\"target\":[\"https:\/\/business.roovi.com\/ro\/puzzle-demeter-brigi-fantasy-deer-puzzle-adulti-1000-piese\/p\/\"]}]},{\"@type\":\"BreadcrumbList\",\"@id\":\"https:\/\/business.roovi.com\/ro\/puzzle-demeter-brigi-fantasy-deer-puzzle-adulti-1000-piese\/p\/#breadcrumb\",\"itemListElement\":[{\"@type\":\"ListItem\",\"position\":1,\"name\":\"Home\",\"item\":\"https:\/\/business.roovi.com\/ro\/\"},{\"@type\":\"ListItem\",\"position\":2,\"name\":\"Magazin\",\"item\":\"https:\/\/business.roovi.com\/ro\/magazin\/\"},{\"@type\":\"ListItem\",\"position\":3,\"name\":\"Puzzle Demeter Brigi \u2013 Fantasy Deer \u2013 Puzzle adul\u021bi, 1000 piese\"}]},{\"@type\":\"WebSite\",\"@id\":\"https:\/\/business.roovi.com\/ro\/#website\",\"url\":\"https:\/\/business.roovi.com\/ro\/\",\"name\":\"Roovi B2B\",\"description\":\"Roovi Business Website\",\"potentialAction\":[{\"@type\":\"SearchAction\",\"target\":{\"@type\":\"EntryPoint\",\"urlTemplate\":\"https:\/\/business.roovi.com\/ro\/?s={search_term_string}\"},\"query-input\":\"required name=search_term_string\"}],\"inLanguage\":\"ro-RO\"}]}<\/script>\n<!-- \/ Yoast SEO plugin. -->","yoast_head_json":{"title":"Puzzle Demeter Brigi \u2013 Fantasy Deer \u2013 Puzzle adul\u021bi, 1000 piese - Roovi B2B","robots":{"index":"index","follow":"follow","max-snippet":"max-snippet:-1","max-image-preview":"max-image-preview:large","max-video-preview":"max-video-preview:-1"},"canonical":"https:\/\/business.roovi.com\/ro\/puzzle-demeter-brigi-fantasy-deer-puzzle-adulti-1000-piese\/p\/","og_locale":"ro_RO","og_type":"article","og_title":"Puzzle Demeter Brigi \u2013 Fantasy Deer \u2013 Puzzle adul\u021bi, 1000 piese - Roovi B2B","og_description":"\u00ce\u021bi plac puzzle-urile complexe? Alege puzzle 1000 piese \u2013 Fantasy Deer \u0219i accept\u0103 provocarea! Fantasy Deer este un puzzle fascinant","og_url":"https:\/\/business.roovi.com\/ro\/puzzle-demeter-brigi-fantasy-deer-puzzle-adulti-1000-piese\/p\/","og_site_name":"Roovi B2B","article_publisher":"https:\/\/www.facebook.com\/wwwjucariero","article_modified_time":"2025-03-17T06:51:32+00:00","og_image":[{"width":1200,"height":1200,"url":"https:\/\/business.roovi.com\/wp-content\/uploads\/2024\/01\/80745-fantasy-deer.jpg","type":"image\/jpeg"}],"schema":{"@context":"https:\/\/schema.org","@graph":[{"@type":"WebPage","@id":"https:\/\/business.roovi.com\/ro\/puzzle-demeter-brigi-fantasy-deer-puzzle-adulti-1000-piese\/p\/","url":"https:\/\/business.roovi.com\/ro\/puzzle-demeter-brigi-fantasy-deer-puzzle-adulti-1000-piese\/p\/","name":"Puzzle Demeter Brigi \u2013 Fantasy Deer \u2013 Puzzle adul\u021bi, 1000 piese - Roovi B2B","isPartOf":{"@id":"https:\/\/business.roovi.com\/ro\/#website"},"datePublished":"2024-01-31T07:21:54+00:00","dateModified":"2025-03-17T06:51:32+00:00","breadcrumb":{"@id":"https:\/\/business.roovi.com\/ro\/puzzle-demeter-brigi-fantasy-deer-puzzle-adulti-1000-piese\/p\/#breadcrumb"},"inLanguage":"ro-RO","potentialAction":[{"@type":"ReadAction","target":["https:\/\/business.roovi.com\/ro\/puzzle-demeter-brigi-fantasy-deer-puzzle-adulti-1000-piese\/p\/"]}]},{"@type":"BreadcrumbList","@id":"https:\/\/business.roovi.com\/ro\/puzzle-demeter-brigi-fantasy-deer-puzzle-adulti-1000-piese\/p\/#breadcrumb","itemListElement":[{"@type":"ListItem","position":1,"name":"Home","item":"https:\/\/business.roovi.com\/ro\/"},{"@type":"ListItem","position":2,"name":"Magazin","item":"https:\/\/business.roovi.com\/ro\/magazin\/"},{"@type":"ListItem","position":3,"name":"Puzzle Demeter Brigi \u2013 Fantasy Deer \u2013 Puzzle adul\u021bi, 1000 piese"}]},{"@type":"WebSite","@id":"https:\/\/business.roovi.com\/ro\/#website","url":"https:\/\/business.roovi.com\/ro\/","name":"Roovi B2B","description":"Roovi Business Website","potentialAction":[{"@type":"SearchAction","target":{"@type":"EntryPoint","urlTemplate":"https:\/\/business.roovi.com\/ro\/?s={search_term_string}"},"query-input":"required name=search_term_string"}],"inLanguage":"ro-RO"}]}},"_links":{"self":[{"href":"https:\/\/business.roovi.com\/ro\/wp-json\/wp\/v2\/product\/72479","targetHints":{"allow":["GET"]}}],"collection":[{"href":"https:\/\/business.roovi.com\/ro\/wp-json\/wp\/v2\/product"}],"about":[{"href":"https:\/\/business.roovi.com\/ro\/wp-json\/wp\/v2\/types\/product"}],"version-history":[{"count":0,"href":"https:\/\/business.roovi.com\/ro\/wp-json\/wp\/v2\/product\/72479\/revisions"}],"wp:featuredmedia":[{"embeddable":true,"href":"https:\/\/business.roovi.com\/ro\/wp-json\/wp\/v2\/media\/72480"}],"wp:attachment":[{"href":"https:\/\/business.roovi.com\/ro\/wp-json\/wp\/v2\/media?parent=72479"}],"wp:term":[{"taxonomy":"product_brand","embeddable":true,"href":"https:\/\/business.roovi.com\/ro\/wp-json\/wp\/v2\/product_brand?post=72479"},{"taxonomy":"product_cat","embeddable":true,"href":"https:\/\/business.roovi.com\/ro\/wp-json\/wp\/v2\/product_cat?post=72479"},{"taxonomy":"product_tag","embeddable":true,"href":"https:\/\/business.roovi.com\/ro\/wp-json\/wp\/v2\/product_tag?post=72479"}],"curies":[{"name":"wp","href":"https:\/\/api.w.org\/{rel}","templated":true}]}}