{"id":72486,"date":"2024-01-31T07:28:22","date_gmt":"2024-01-31T07:28:22","guid":{"rendered":"https:\/\/business.roovi.com\/?post_type=product&#038;p=72486"},"modified":"2025-03-17T06:55:30","modified_gmt":"2025-03-17T06:55:30","slug":"puzzle-demeter-brigi-cats-with-threads-puzzle-adulti-1000-piese","status":"publish","type":"product","link":"https:\/\/business.roovi.com\/ro\/puzzle-demeter-brigi-cats-with-threads-puzzle-adulti-1000-piese\/p\/","title":{"rendered":"Puzzle Demeter Brigi \u2013 Cats with Threads \u2013 Puzzle adul\u021bi, 1000 piese"},"content":{"rendered":"<p><strong>Alege Puzzle 1000 piese &#8211; Cats with Threads \u0219i intr\u0103 \u00een jocul adorabil al micilor feline bucluca\u0219e!<\/strong><\/p>\n<p>Plini de fire \u00eenc\u00e2lcite sau alerg\u00e2nd dup\u0103 ghemul preferat, a\u0219a sunt \u00eenf\u0103\u021bi\u0219ate pisicu\u021bele pozna\u0219e din <strong>Puzzle 1000 de piese \u2013 Cats with Threads.<\/strong> O imagine dinamic\u0103 \u0219i pozitiv\u0103 pe care o po\u021bi crea pies\u0103 cu pies\u0103 al\u0103turi de cei dragi \u00een momentele de relaxare.<\/p>\n<p><strong>Puzzle 1000 de piese \u2013 Cats with Threads<\/strong> este o provocare uimitoare pentru min\u021bile creative \u0219i juc\u0103u\u0219e. Crearea tabloului cu pisicu\u021bele vesele \u0219i juc\u0103u\u0219e te va delecta \u00een orice moment monoton.\u00a0\u00cen plus, activitatea de asamblare este un excelent prilej de relaxare \u0219i reconectare cu tine \u00eensu\u021bi.<\/p>\n<p><strong>De ce s\u0103 alegi puzzle adul\u021bi 1000 piese &#8211; Cats with Threads<\/strong><\/p>\n<ul>\n<li>Un puzzle 1000 piese cu o ilustra\u021bie original\u0103 te inspir\u0103 \u0219i \u00ee\u021bi dezvolt\u0103 creativitatea.<\/li>\n<li>Ob\u021bii un tablou decorativ cu dimensiunile de 68 x 47 cm.<\/li>\n<li>Este un prilej de a ie\u0219i din rutina cotidian\u0103.<\/li>\n<li>Te ajut\u0103 s\u0103 \u00ee\u021bi antrenezi \u00eendem\u00e2narea \u0219i s\u0103 \u00ee\u021bi cultivi r\u0103bdarea.<\/li>\n<li>Piesele sunt realizate din carton de calitate superioar\u0103 care le ofer\u0103 rezisten\u021b\u0103 sporit\u0103 \u00een timp.<\/li>\n<li>Finisajul este semi-lucios, iar culorile vii scot \u00een eviden\u021b\u0103 frumuse\u021bea ilustra\u021biei.<\/li>\n<li>Este prietenos cu natura, fiind produs din materiale sustenabile \u0219i reciclabile.<\/li>\n<\/ul>\n<p><strong>Distrac\u021bie \u0219i relaxare al\u0103turi de cei dragi cu Puzzle 1000 piese &#8211; Cats with Threads<\/strong><\/p>\n<p>Activitatea de asamblare a puzzle-ului de 1000 piese cu imaginea adorabil\u0103 a pisicu\u021belor juc\u0103u\u0219e este un prilej de socializare \u0219i apropiere de cei dragi. Pentru copii, s\u0103 g\u0103seasc\u0103 piesele din care pot alc\u0103tui ilustra\u021biile cu pisicu\u021bele este o activitate antrenant\u0103, distractiv\u0103 \u0219i creativ\u0103.<\/p>\n<p>La final, c\u00e2nd ultima pies\u0103 de puzzle 1000 este pus\u0103 la locul ei, bucuria este intens\u0103 pentru toat\u0103 echipa care a lucrat unit\u0103. <strong>Puzzle 1000 piese &#8211; Cats with Threads<\/strong> este a\u0219adar o modalitate minunat\u0103 pentru a crea leg\u0103turi str\u00e2nse cu cei dragi.<\/p>\n<p>Alege a\u0219adar <strong>Puzzle 1000 piese \u2013 Cats with Threads<\/strong> \u0219i bucur\u0103-te de momente unice de relaxare, inspira\u021bie \u0219i distrac\u021bie!<\/p>\n","protected":false},"excerpt":{"rendered":"<p>Alege Puzzle 1000 piese &#8211; Cats with Threads \u0219i intr\u0103 \u00een jocul adorabil al micilor feline bucluca\u0219e! Plini de fire<\/p>\n","protected":false},"featured_media":72487,"template":"","meta":[],"product_brand":[],"product_cat":[1454,1488,1560],"product_tag":[],"class_list":{"0":"post-72486","1":"product","2":"type-product","3":"status-publish","4":"has-post-thumbnail","6":"product_cat-puzzle","7":"product_cat-puzzle-adulti","8":"product_cat-puzzle-adulti-1000","10":"first","11":"instock","12":"taxable","13":"shipping-taxable","14":"product-type-simple"},"yoast_head":"<!-- This site is optimized with the Yoast SEO plugin v20.1 - https:\/\/yoast.com\/wordpress\/plugins\/seo\/ -->\n<title>Puzzle Demeter Brigi \u2013 Cats with Threads \u2013 Puzzle adul\u021bi, 1000 piese - Roovi B2B<\/title>\n<meta name=\"robots\" content=\"index, follow, max-snippet:-1, max-image-preview:large, max-video-preview:-1\" \/>\n<link rel=\"canonical\" href=\"https:\/\/business.roovi.com\/ro\/puzzle-demeter-brigi-cats-with-threads-puzzle-adulti-1000-piese\/p\/\" \/>\n<meta property=\"og:locale\" content=\"ro_RO\" \/>\n<meta property=\"og:type\" content=\"article\" \/>\n<meta property=\"og:title\" content=\"Puzzle Demeter Brigi \u2013 Cats with Threads \u2013 Puzzle adul\u021bi, 1000 piese - Roovi B2B\" \/>\n<meta property=\"og:description\" content=\"Alege Puzzle 1000 piese &#8211; Cats with Threads \u0219i intr\u0103 \u00een jocul adorabil al micilor feline bucluca\u0219e! Plini de fire\" \/>\n<meta property=\"og:url\" content=\"https:\/\/business.roovi.com\/ro\/puzzle-demeter-brigi-cats-with-threads-puzzle-adulti-1000-piese\/p\/\" \/>\n<meta property=\"og:site_name\" content=\"Roovi B2B\" \/>\n<meta property=\"article:publisher\" content=\"https:\/\/www.facebook.com\/wwwjucariero\" \/>\n<meta property=\"article:modified_time\" content=\"2025-03-17T06:55:30+00:00\" \/>\n<meta property=\"og:image\" content=\"https:\/\/business.roovi.com\/wp-content\/uploads\/2024\/01\/80806-cats-with-threads.jpg\" \/>\n\t<meta property=\"og:image:width\" content=\"1200\" \/>\n\t<meta property=\"og:image:height\" content=\"1200\" \/>\n\t<meta property=\"og:image:type\" content=\"image\/jpeg\" \/>\n<meta name=\"twitter:label1\" content=\"Timp estimat pentru citire\" \/>\n\t<meta name=\"twitter:data1\" content=\"2 minute\" \/>\n<script type=\"application\/ld+json\" class=\"yoast-schema-graph\">{\"@context\":\"https:\/\/schema.org\",\"@graph\":[{\"@type\":\"WebPage\",\"@id\":\"https:\/\/business.roovi.com\/ro\/puzzle-demeter-brigi-cats-with-threads-puzzle-adulti-1000-piese\/p\/\",\"url\":\"https:\/\/business.roovi.com\/ro\/puzzle-demeter-brigi-cats-with-threads-puzzle-adulti-1000-piese\/p\/\",\"name\":\"Puzzle Demeter Brigi \u2013 Cats with Threads \u2013 Puzzle adul\u021bi, 1000 piese - Roovi B2B\",\"isPartOf\":{\"@id\":\"https:\/\/business.roovi.com\/ro\/#website\"},\"datePublished\":\"2024-01-31T07:28:22+00:00\",\"dateModified\":\"2025-03-17T06:55:30+00:00\",\"breadcrumb\":{\"@id\":\"https:\/\/business.roovi.com\/ro\/puzzle-demeter-brigi-cats-with-threads-puzzle-adulti-1000-piese\/p\/#breadcrumb\"},\"inLanguage\":\"ro-RO\",\"potentialAction\":[{\"@type\":\"ReadAction\",\"target\":[\"https:\/\/business.roovi.com\/ro\/puzzle-demeter-brigi-cats-with-threads-puzzle-adulti-1000-piese\/p\/\"]}]},{\"@type\":\"BreadcrumbList\",\"@id\":\"https:\/\/business.roovi.com\/ro\/puzzle-demeter-brigi-cats-with-threads-puzzle-adulti-1000-piese\/p\/#breadcrumb\",\"itemListElement\":[{\"@type\":\"ListItem\",\"position\":1,\"name\":\"Home\",\"item\":\"https:\/\/business.roovi.com\/ro\/\"},{\"@type\":\"ListItem\",\"position\":2,\"name\":\"Magazin\",\"item\":\"https:\/\/business.roovi.com\/ro\/magazin\/\"},{\"@type\":\"ListItem\",\"position\":3,\"name\":\"Puzzle Demeter Brigi \u2013 Cats with Threads \u2013 Puzzle adul\u021bi, 1000 piese\"}]},{\"@type\":\"WebSite\",\"@id\":\"https:\/\/business.roovi.com\/ro\/#website\",\"url\":\"https:\/\/business.roovi.com\/ro\/\",\"name\":\"Roovi B2B\",\"description\":\"Roovi Business Website\",\"potentialAction\":[{\"@type\":\"SearchAction\",\"target\":{\"@type\":\"EntryPoint\",\"urlTemplate\":\"https:\/\/business.roovi.com\/ro\/?s={search_term_string}\"},\"query-input\":\"required name=search_term_string\"}],\"inLanguage\":\"ro-RO\"}]}<\/script>\n<!-- \/ Yoast SEO plugin. -->","yoast_head_json":{"title":"Puzzle Demeter Brigi \u2013 Cats with Threads \u2013 Puzzle adul\u021bi, 1000 piese - Roovi B2B","robots":{"index":"index","follow":"follow","max-snippet":"max-snippet:-1","max-image-preview":"max-image-preview:large","max-video-preview":"max-video-preview:-1"},"canonical":"https:\/\/business.roovi.com\/ro\/puzzle-demeter-brigi-cats-with-threads-puzzle-adulti-1000-piese\/p\/","og_locale":"ro_RO","og_type":"article","og_title":"Puzzle Demeter Brigi \u2013 Cats with Threads \u2013 Puzzle adul\u021bi, 1000 piese - Roovi B2B","og_description":"Alege Puzzle 1000 piese &#8211; Cats with Threads \u0219i intr\u0103 \u00een jocul adorabil al micilor feline bucluca\u0219e! Plini de fire","og_url":"https:\/\/business.roovi.com\/ro\/puzzle-demeter-brigi-cats-with-threads-puzzle-adulti-1000-piese\/p\/","og_site_name":"Roovi B2B","article_publisher":"https:\/\/www.facebook.com\/wwwjucariero","article_modified_time":"2025-03-17T06:55:30+00:00","og_image":[{"width":1200,"height":1200,"url":"https:\/\/business.roovi.com\/wp-content\/uploads\/2024\/01\/80806-cats-with-threads.jpg","type":"image\/jpeg"}],"twitter_misc":{"Timp estimat pentru citire":"2 minute"},"schema":{"@context":"https:\/\/schema.org","@graph":[{"@type":"WebPage","@id":"https:\/\/business.roovi.com\/ro\/puzzle-demeter-brigi-cats-with-threads-puzzle-adulti-1000-piese\/p\/","url":"https:\/\/business.roovi.com\/ro\/puzzle-demeter-brigi-cats-with-threads-puzzle-adulti-1000-piese\/p\/","name":"Puzzle Demeter Brigi \u2013 Cats with Threads \u2013 Puzzle adul\u021bi, 1000 piese - Roovi B2B","isPartOf":{"@id":"https:\/\/business.roovi.com\/ro\/#website"},"datePublished":"2024-01-31T07:28:22+00:00","dateModified":"2025-03-17T06:55:30+00:00","breadcrumb":{"@id":"https:\/\/business.roovi.com\/ro\/puzzle-demeter-brigi-cats-with-threads-puzzle-adulti-1000-piese\/p\/#breadcrumb"},"inLanguage":"ro-RO","potentialAction":[{"@type":"ReadAction","target":["https:\/\/business.roovi.com\/ro\/puzzle-demeter-brigi-cats-with-threads-puzzle-adulti-1000-piese\/p\/"]}]},{"@type":"BreadcrumbList","@id":"https:\/\/business.roovi.com\/ro\/puzzle-demeter-brigi-cats-with-threads-puzzle-adulti-1000-piese\/p\/#breadcrumb","itemListElement":[{"@type":"ListItem","position":1,"name":"Home","item":"https:\/\/business.roovi.com\/ro\/"},{"@type":"ListItem","position":2,"name":"Magazin","item":"https:\/\/business.roovi.com\/ro\/magazin\/"},{"@type":"ListItem","position":3,"name":"Puzzle Demeter Brigi \u2013 Cats with Threads \u2013 Puzzle adul\u021bi, 1000 piese"}]},{"@type":"WebSite","@id":"https:\/\/business.roovi.com\/ro\/#website","url":"https:\/\/business.roovi.com\/ro\/","name":"Roovi B2B","description":"Roovi Business Website","potentialAction":[{"@type":"SearchAction","target":{"@type":"EntryPoint","urlTemplate":"https:\/\/business.roovi.com\/ro\/?s={search_term_string}"},"query-input":"required name=search_term_string"}],"inLanguage":"ro-RO"}]}},"_links":{"self":[{"href":"https:\/\/business.roovi.com\/ro\/wp-json\/wp\/v2\/product\/72486","targetHints":{"allow":["GET"]}}],"collection":[{"href":"https:\/\/business.roovi.com\/ro\/wp-json\/wp\/v2\/product"}],"about":[{"href":"https:\/\/business.roovi.com\/ro\/wp-json\/wp\/v2\/types\/product"}],"version-history":[{"count":0,"href":"https:\/\/business.roovi.com\/ro\/wp-json\/wp\/v2\/product\/72486\/revisions"}],"wp:featuredmedia":[{"embeddable":true,"href":"https:\/\/business.roovi.com\/ro\/wp-json\/wp\/v2\/media\/72487"}],"wp:attachment":[{"href":"https:\/\/business.roovi.com\/ro\/wp-json\/wp\/v2\/media?parent=72486"}],"wp:term":[{"taxonomy":"product_brand","embeddable":true,"href":"https:\/\/business.roovi.com\/ro\/wp-json\/wp\/v2\/product_brand?post=72486"},{"taxonomy":"product_cat","embeddable":true,"href":"https:\/\/business.roovi.com\/ro\/wp-json\/wp\/v2\/product_cat?post=72486"},{"taxonomy":"product_tag","embeddable":true,"href":"https:\/\/business.roovi.com\/ro\/wp-json\/wp\/v2\/product_tag?post=72486"}],"curies":[{"name":"wp","href":"https:\/\/api.w.org\/{rel}","templated":true}]}}