{"id":72909,"date":"2024-09-09T09:28:32","date_gmt":"2024-09-09T09:28:32","guid":{"rendered":"https:\/\/business.roovi.com\/?post_type=product&#038;p=72909"},"modified":"2024-09-12T06:51:10","modified_gmt":"2024-09-12T06:51:10","slug":"inventator-motorizat-motocicleta-extrema-pe-4-roti-cu-10-modele-bonus-motor-cu-angrenaj-inclus-inventor-motorized-4-wheeled-extreme-bike-with-10-bonus-models","status":"publish","type":"product","link":"https:\/\/business.roovi.com\/ro\/inventator-motorizat-motocicleta-extrema-pe-4-roti-cu-10-modele-bonus-motor-cu-angrenaj-inclus-inventor-motorized-4-wheeled-extreme-bike-with-10-bonus-models\/p\/","title":{"rendered":"Inventator Motorizat Motociclet\u0103 extrem\u0103 pe 4 ro\u021bi cu 10 modele bonus + motor cu angrenaj inclus &#8211; Inventor Motorized 4-Wheeled extreme bike with 10 bonus models"},"content":{"rendered":"<p><strong>N\u0103zdr\u0103vanul t\u0103u e pasionat de sporturile extreme pe 4 ro\u021bi? E curios s\u0103 afle cum sunt construite aceste vehicule care ating viteze maxime \u00een timp record? Setul Inventor Motorized \u2013 Motociclet\u0103 extrem\u0103 pe 4 ro\u021bi este perfect pentru el!<\/strong><\/p>\n<p>Descoper\u0103 un set de construit interactiv \u0219i versatil ce permite realizarea a 10 modele diferite de vehicule pe 4 ro\u021bi pentru sporturi extreme, perfect func\u021bionale.<\/p>\n<p>De la componentele de precizie \u00eenalt\u0103, p\u00e2n\u0103 la mecanismele ingenioase, fiecare model a fost proiectat pentru a trezi curiozitatea copiilor \u0219i a stimula \u00eenv\u0103\u021barea prin joac\u0103 \u0219i experiment.<\/p>\n<p><strong>De ce s\u0103 alegi setul Inventor Motorized \u2013 Motociclet\u0103 extrem\u0103 pe 4 ro\u021bi<\/strong><\/p>\n<ul>\n<li><strong>Stimuleaz\u0103 creativitatea:<\/strong> copiii pot construi \u0219i reconstrui cele 10 modele diferite de ma\u0219ini, antren\u00e2ndu-\u0219i imagina\u021bia \u0219i abilit\u0103\u021bile tehnice.<\/li>\n<li><strong>\u00cenv\u0103\u021bare prin joac\u0103:<\/strong> construirea fic\u0103rui model necesit\u0103 aten\u021bie \u0219i precizie \u0219i este o adev\u0103rat\u0103 lec\u021bie despre mobilitate, echilibru \u0219i structur\u0103, transform\u00e2nd totodat\u0103 joaca \u00eentr-o experien\u021b\u0103 captivant\u0103 de \u00eenv\u0103\u021bare.<\/li>\n<li><strong>Diversitate \u0219i provocare:<\/strong> Setul ofer\u0103 oportunitatea de a construi diverse tipuri de ma\u0219ini de curse \u0219i le men\u021bine copiilor interesul \u0219i entuziasmul un timp \u00eendelungat.<\/li>\n<li><strong>Cadoul perfect:<\/strong> jocul este potrivit copiilor cu v\u00e2rsta peste 9 ani \u0219i poate fi cadoul perfect de Cr\u0103ciun, de aniversare sau atunci c\u00e2nd pur \u0219i simplu vrei s\u0103 faci fericit un copil.<\/li>\n<\/ul>\n<p><strong>Inventor Motorized \u2013 Motociclet\u0103 extrem\u0103 pe 4 ro\u021bi: un joc STEM fascinant pentru \u00eenv\u0103\u021bare prin joac\u0103<\/strong><\/p>\n<p>Jocurile STEM (acronimul de la: Science, Technology, Engineering, Maths) pun accentul pe \u00eenv\u0103\u021bare al\u0103turi de distrac\u021bie \u0219i \u00eei ajut\u0103 pe copii s\u0103 se \u00eemprieteneasc\u0103 de la v\u00e2rste fragede cu \u0219tiin\u021ba. Setul Inventor Motorized \u2013 Motociclet\u0103 extrem\u0103 pe 4 ro\u021bi \u00eentrune\u0219te cele mai \u00eenalte standarde de calitate \u0219i siguran\u021b\u0103, precum \u0219i toate caracteristicile fascinantelor jocuri STEM:<\/p>\n<ul>\n<li>Stimuleaz\u0103 \u0219i sus\u021bine dezvoltarea g\u00e2ndirii logice \u0219i strategice.<\/li>\n<li>Dezvolt\u0103 imagina\u021bia \u0219i g\u00e2ndirea creativ\u0103.<\/li>\n<li>\u00cembun\u0103t\u0103\u021be\u0219te capacitatea de concentrare, precum \u0219i coordonarea<\/li>\n<li>Stimuleaz\u0103 comunicarea, dezvoltarea abilit\u0103\u021bilor sociale \u0219i lucrul \u00een echip\u0103.<\/li>\n<li>\u00cei ajut\u0103 pe copii s\u0103 se familiarizeze cu concepte \u0219i no\u021biuni noi din domenii precum fizica, matematica sau construc\u021biile, favoriz\u00e2nd totodat\u0103 dezvoltarea vocabularului.<\/li>\n<li>\u00cen plus, este foarte distractiv \u0219i poate fi prilejul perfect de a te conecta cu copilul t\u0103u \u0219i de a v\u0103 distra \u00eempreun\u0103 de minune.<\/li>\n<\/ul>\n<p>Dac\u0103 \u00ee\u021bi dore\u0219ti un set experimental \u0219i interactiv care s\u0103-l ajute pe copilul t\u0103u s\u0103-\u0219i dezvolte abilit\u0103\u021bi importante \u00een timp ce se joac\u0103, setul Inventor Motorized \u2013 Motociclet\u0103 extrem\u0103 pe 4 ro\u021bi (10 modele bonus) este alegerea perfect\u0103.<\/p>\n","protected":false},"excerpt":{"rendered":"<p>N\u0103zdr\u0103vanul t\u0103u e pasionat de sporturile extreme pe 4 ro\u021bi? E curios s\u0103 afle cum sunt construite aceste vehicule care<\/p>\n","protected":false},"featured_media":73069,"template":"","meta":[],"product_brand":[],"product_cat":[1514,2718,1471,2719],"product_tag":[],"class_list":{"0":"post-72909","1":"product","2":"type-product","3":"status-publish","4":"has-post-thumbnail","6":"product_cat-cuburi","7":"product_cat-engino","8":"product_cat-jocuri-educative-si-stiintifice","9":"product_cat-noutati","10":"pa_filter_age-1315","11":"pa_filter_age-9_14","13":"first","14":"instock","15":"taxable","16":"shipping-taxable","17":"product-type-simple"},"yoast_head":"<!-- This site is optimized with the Yoast SEO plugin v20.1 - https:\/\/yoast.com\/wordpress\/plugins\/seo\/ -->\n<title>Inventator Motorizat Motociclet\u0103 extrem\u0103 pe 4 ro\u021bi cu 10 modele bonus + motor cu angrenaj inclus - Inventor Motorized 4-Wheeled extreme bike with 10 bonus models - Roovi B2B<\/title>\n<meta name=\"robots\" content=\"index, follow, max-snippet:-1, max-image-preview:large, max-video-preview:-1\" \/>\n<link rel=\"canonical\" href=\"https:\/\/business.roovi.com\/ro\/inventator-motorizat-motocicleta-extrema-pe-4-roti-cu-10-modele-bonus-motor-cu-angrenaj-inclus-inventor-motorized-4-wheeled-extreme-bike-with-10-bonus-models\/p\/\" \/>\n<meta property=\"og:locale\" content=\"ro_RO\" \/>\n<meta property=\"og:type\" content=\"article\" \/>\n<meta property=\"og:title\" content=\"Inventator Motorizat Motociclet\u0103 extrem\u0103 pe 4 ro\u021bi cu 10 modele bonus + motor cu angrenaj inclus - Inventor Motorized 4-Wheeled extreme bike with 10 bonus models - Roovi B2B\" \/>\n<meta property=\"og:description\" content=\"N\u0103zdr\u0103vanul t\u0103u e pasionat de sporturile extreme pe 4 ro\u021bi? E curios s\u0103 afle cum sunt construite aceste vehicule care\" \/>\n<meta property=\"og:url\" content=\"https:\/\/business.roovi.com\/ro\/inventator-motorizat-motocicleta-extrema-pe-4-roti-cu-10-modele-bonus-motor-cu-angrenaj-inclus-inventor-motorized-4-wheeled-extreme-bike-with-10-bonus-models\/p\/\" \/>\n<meta property=\"og:site_name\" content=\"Roovi B2B\" \/>\n<meta property=\"article:publisher\" content=\"https:\/\/www.facebook.com\/wwwjucariero\" \/>\n<meta property=\"article:modified_time\" content=\"2024-09-12T06:51:10+00:00\" \/>\n<meta property=\"og:image\" content=\"https:\/\/business.roovi.com\/wp-content\/uploads\/2024\/09\/engino-in51-min.jpg\" \/>\n\t<meta property=\"og:image:width\" content=\"1200\" \/>\n\t<meta property=\"og:image:height\" content=\"1200\" \/>\n\t<meta property=\"og:image:type\" content=\"image\/jpeg\" \/>\n<meta name=\"twitter:label1\" content=\"Timp estimat pentru citire\" \/>\n\t<meta name=\"twitter:data1\" content=\"2 minute\" \/>\n<script type=\"application\/ld+json\" class=\"yoast-schema-graph\">{\"@context\":\"https:\/\/schema.org\",\"@graph\":[{\"@type\":\"WebPage\",\"@id\":\"https:\/\/business.roovi.com\/ro\/inventator-motorizat-motocicleta-extrema-pe-4-roti-cu-10-modele-bonus-motor-cu-angrenaj-inclus-inventor-motorized-4-wheeled-extreme-bike-with-10-bonus-models\/p\/\",\"url\":\"https:\/\/business.roovi.com\/ro\/inventator-motorizat-motocicleta-extrema-pe-4-roti-cu-10-modele-bonus-motor-cu-angrenaj-inclus-inventor-motorized-4-wheeled-extreme-bike-with-10-bonus-models\/p\/\",\"name\":\"Inventator Motorizat Motociclet\u0103 extrem\u0103 pe 4 ro\u021bi cu 10 modele bonus + motor cu angrenaj inclus - Inventor Motorized 4-Wheeled extreme bike with 10 bonus models - Roovi B2B\",\"isPartOf\":{\"@id\":\"https:\/\/business.roovi.com\/ro\/#website\"},\"datePublished\":\"2024-09-09T09:28:32+00:00\",\"dateModified\":\"2024-09-12T06:51:10+00:00\",\"breadcrumb\":{\"@id\":\"https:\/\/business.roovi.com\/ro\/inventator-motorizat-motocicleta-extrema-pe-4-roti-cu-10-modele-bonus-motor-cu-angrenaj-inclus-inventor-motorized-4-wheeled-extreme-bike-with-10-bonus-models\/p\/#breadcrumb\"},\"inLanguage\":\"ro-RO\",\"potentialAction\":[{\"@type\":\"ReadAction\",\"target\":[\"https:\/\/business.roovi.com\/ro\/inventator-motorizat-motocicleta-extrema-pe-4-roti-cu-10-modele-bonus-motor-cu-angrenaj-inclus-inventor-motorized-4-wheeled-extreme-bike-with-10-bonus-models\/p\/\"]}]},{\"@type\":\"BreadcrumbList\",\"@id\":\"https:\/\/business.roovi.com\/ro\/inventator-motorizat-motocicleta-extrema-pe-4-roti-cu-10-modele-bonus-motor-cu-angrenaj-inclus-inventor-motorized-4-wheeled-extreme-bike-with-10-bonus-models\/p\/#breadcrumb\",\"itemListElement\":[{\"@type\":\"ListItem\",\"position\":1,\"name\":\"Home\",\"item\":\"https:\/\/business.roovi.com\/ro\/\"},{\"@type\":\"ListItem\",\"position\":2,\"name\":\"Magazin\",\"item\":\"https:\/\/business.roovi.com\/ro\/magazin\/\"},{\"@type\":\"ListItem\",\"position\":3,\"name\":\"Inventator Motorizat Motociclet\u0103 extrem\u0103 pe 4 ro\u021bi cu 10 modele bonus + motor cu angrenaj inclus &#8211; Inventor Motorized 4-Wheeled extreme bike with 10 bonus models\"}]},{\"@type\":\"WebSite\",\"@id\":\"https:\/\/business.roovi.com\/ro\/#website\",\"url\":\"https:\/\/business.roovi.com\/ro\/\",\"name\":\"Roovi B2B\",\"description\":\"Roovi Business Website\",\"potentialAction\":[{\"@type\":\"SearchAction\",\"target\":{\"@type\":\"EntryPoint\",\"urlTemplate\":\"https:\/\/business.roovi.com\/ro\/?s={search_term_string}\"},\"query-input\":\"required name=search_term_string\"}],\"inLanguage\":\"ro-RO\"}]}<\/script>\n<!-- \/ Yoast SEO plugin. -->","yoast_head_json":{"title":"Inventator Motorizat Motociclet\u0103 extrem\u0103 pe 4 ro\u021bi cu 10 modele bonus + motor cu angrenaj inclus - Inventor Motorized 4-Wheeled extreme bike with 10 bonus models - Roovi B2B","robots":{"index":"index","follow":"follow","max-snippet":"max-snippet:-1","max-image-preview":"max-image-preview:large","max-video-preview":"max-video-preview:-1"},"canonical":"https:\/\/business.roovi.com\/ro\/inventator-motorizat-motocicleta-extrema-pe-4-roti-cu-10-modele-bonus-motor-cu-angrenaj-inclus-inventor-motorized-4-wheeled-extreme-bike-with-10-bonus-models\/p\/","og_locale":"ro_RO","og_type":"article","og_title":"Inventator Motorizat Motociclet\u0103 extrem\u0103 pe 4 ro\u021bi cu 10 modele bonus + motor cu angrenaj inclus - Inventor Motorized 4-Wheeled extreme bike with 10 bonus models - Roovi B2B","og_description":"N\u0103zdr\u0103vanul t\u0103u e pasionat de sporturile extreme pe 4 ro\u021bi? E curios s\u0103 afle cum sunt construite aceste vehicule care","og_url":"https:\/\/business.roovi.com\/ro\/inventator-motorizat-motocicleta-extrema-pe-4-roti-cu-10-modele-bonus-motor-cu-angrenaj-inclus-inventor-motorized-4-wheeled-extreme-bike-with-10-bonus-models\/p\/","og_site_name":"Roovi B2B","article_publisher":"https:\/\/www.facebook.com\/wwwjucariero","article_modified_time":"2024-09-12T06:51:10+00:00","og_image":[{"width":1200,"height":1200,"url":"https:\/\/business.roovi.com\/wp-content\/uploads\/2024\/09\/engino-in51-min.jpg","type":"image\/jpeg"}],"twitter_misc":{"Timp estimat pentru citire":"2 minute"},"schema":{"@context":"https:\/\/schema.org","@graph":[{"@type":"WebPage","@id":"https:\/\/business.roovi.com\/ro\/inventator-motorizat-motocicleta-extrema-pe-4-roti-cu-10-modele-bonus-motor-cu-angrenaj-inclus-inventor-motorized-4-wheeled-extreme-bike-with-10-bonus-models\/p\/","url":"https:\/\/business.roovi.com\/ro\/inventator-motorizat-motocicleta-extrema-pe-4-roti-cu-10-modele-bonus-motor-cu-angrenaj-inclus-inventor-motorized-4-wheeled-extreme-bike-with-10-bonus-models\/p\/","name":"Inventator Motorizat Motociclet\u0103 extrem\u0103 pe 4 ro\u021bi cu 10 modele bonus + motor cu angrenaj inclus - Inventor Motorized 4-Wheeled extreme bike with 10 bonus models - Roovi B2B","isPartOf":{"@id":"https:\/\/business.roovi.com\/ro\/#website"},"datePublished":"2024-09-09T09:28:32+00:00","dateModified":"2024-09-12T06:51:10+00:00","breadcrumb":{"@id":"https:\/\/business.roovi.com\/ro\/inventator-motorizat-motocicleta-extrema-pe-4-roti-cu-10-modele-bonus-motor-cu-angrenaj-inclus-inventor-motorized-4-wheeled-extreme-bike-with-10-bonus-models\/p\/#breadcrumb"},"inLanguage":"ro-RO","potentialAction":[{"@type":"ReadAction","target":["https:\/\/business.roovi.com\/ro\/inventator-motorizat-motocicleta-extrema-pe-4-roti-cu-10-modele-bonus-motor-cu-angrenaj-inclus-inventor-motorized-4-wheeled-extreme-bike-with-10-bonus-models\/p\/"]}]},{"@type":"BreadcrumbList","@id":"https:\/\/business.roovi.com\/ro\/inventator-motorizat-motocicleta-extrema-pe-4-roti-cu-10-modele-bonus-motor-cu-angrenaj-inclus-inventor-motorized-4-wheeled-extreme-bike-with-10-bonus-models\/p\/#breadcrumb","itemListElement":[{"@type":"ListItem","position":1,"name":"Home","item":"https:\/\/business.roovi.com\/ro\/"},{"@type":"ListItem","position":2,"name":"Magazin","item":"https:\/\/business.roovi.com\/ro\/magazin\/"},{"@type":"ListItem","position":3,"name":"Inventator Motorizat Motociclet\u0103 extrem\u0103 pe 4 ro\u021bi cu 10 modele bonus + motor cu angrenaj inclus &#8211; Inventor Motorized 4-Wheeled extreme bike with 10 bonus models"}]},{"@type":"WebSite","@id":"https:\/\/business.roovi.com\/ro\/#website","url":"https:\/\/business.roovi.com\/ro\/","name":"Roovi B2B","description":"Roovi Business Website","potentialAction":[{"@type":"SearchAction","target":{"@type":"EntryPoint","urlTemplate":"https:\/\/business.roovi.com\/ro\/?s={search_term_string}"},"query-input":"required name=search_term_string"}],"inLanguage":"ro-RO"}]}},"_links":{"self":[{"href":"https:\/\/business.roovi.com\/ro\/wp-json\/wp\/v2\/product\/72909","targetHints":{"allow":["GET"]}}],"collection":[{"href":"https:\/\/business.roovi.com\/ro\/wp-json\/wp\/v2\/product"}],"about":[{"href":"https:\/\/business.roovi.com\/ro\/wp-json\/wp\/v2\/types\/product"}],"version-history":[{"count":0,"href":"https:\/\/business.roovi.com\/ro\/wp-json\/wp\/v2\/product\/72909\/revisions"}],"wp:featuredmedia":[{"embeddable":true,"href":"https:\/\/business.roovi.com\/ro\/wp-json\/wp\/v2\/media\/73069"}],"wp:attachment":[{"href":"https:\/\/business.roovi.com\/ro\/wp-json\/wp\/v2\/media?parent=72909"}],"wp:term":[{"taxonomy":"product_brand","embeddable":true,"href":"https:\/\/business.roovi.com\/ro\/wp-json\/wp\/v2\/product_brand?post=72909"},{"taxonomy":"product_cat","embeddable":true,"href":"https:\/\/business.roovi.com\/ro\/wp-json\/wp\/v2\/product_cat?post=72909"},{"taxonomy":"product_tag","embeddable":true,"href":"https:\/\/business.roovi.com\/ro\/wp-json\/wp\/v2\/product_tag?post=72909"}],"curies":[{"name":"wp","href":"https:\/\/api.w.org\/{rel}","templated":true}]}}