{"id":72913,"date":"2024-09-09T09:28:32","date_gmt":"2024-09-09T09:28:32","guid":{"rendered":"https:\/\/business.roovi.com\/?post_type=product&#038;p=72913"},"modified":"2024-09-12T06:53:14","modified_gmt":"2024-09-12T06:53:14","slug":"descopera-tehnologia-masinilor-cum-functioneaza-masinile-joc-educativ-stem-discovering-stem-technology-of-machines-how-cars-work","status":"publish","type":"product","link":"https:\/\/business.roovi.com\/ro\/descopera-tehnologia-masinilor-cum-functioneaza-masinile-joc-educativ-stem-discovering-stem-technology-of-machines-how-cars-work\/p\/","title":{"rendered":"Descoper\u0103 Tehnologia Ma\u0219inilor: Cum func\u021bioneaz\u0103 ma\u0219inile Joc educativ STEM &#8211; Discovering STEM Technology of machines: How cars work"},"content":{"rendered":"<p><strong>Tu \u0219tii cine a inventat automobilul? Dar care sunt p\u0103r\u021bile componente ale unei ma\u0219ini? Afl\u0103 toate acestea, precum \u0219i multe alte informa\u021bii interesante despre ma\u0219ini cu cel mai tare set STEM: Cum func\u021bioneaz\u0103 ma\u0219inile \u2013 Tehnologia autovehiculelor.<\/strong><\/p>\n<p>\u00cen plus, cu acest set ingenios, po\u021bi construi 10 modele interesante de autovehicule, de la ma\u0219ini sport, la modele dragster sau off-road.<\/p>\n<p>Setul con\u021bine piese u\u0219or de asamblat \u0219i foarte rezistente, stimul\u00e2nd at\u00e2t creativitatea, c\u00e2t \u0219i abilit\u0103\u021bile tehnice ale copiilor.<\/p>\n<p>De asemenea, setul include o bro\u0219ur\u0103 cu informa\u021bii interesante despre istoria \u0219i evolu\u021bia autovehiculelor de la primele modele \u0219i p\u00e2n\u0103 \u00een prezent, precum \u0219i despre tehnologia de fabrica\u021b\u021bie a celui mai popular mijloc de transport din zilele noastre.<\/p>\n<p><strong>De ce s\u0103 alegi setul Cum func\u021bioneaz\u0103 ma\u0219inile \u2013 Tehnologia autovehiculelor<\/strong><\/p>\n<ul>\n<li><strong>Sistem creativ de asamblare:<\/strong> piesele se \u00eembin\u0103 perfect datorit\u0103 unui sistem de fixare inovator.<\/li>\n<li><strong>Stimuleaz\u0103 creativitatea:<\/strong> copiii pot construi \u0219i reconstrui diferite modele de autovehicule, experiment\u00e2nd \u0219i \u00eenv\u0103\u021b\u00e2nd principiile de baz\u0103 ale ingineriei auto.<\/li>\n<li><strong>Dezvolt\u0103 abilit\u0103\u021bile practice \u0219i tehnice:<\/strong> asamblarea pieselor \u00eei ajut\u0103 pe copii s\u0103-\u0219i dezvolte motricitatea fin\u0103, precum \u0219i g\u00e2ndirea critic\u0103 \u0219i capacitatea de a rezolva probleme.<\/li>\n<li><strong>\u00cenv\u0103\u021bare prin joac\u0103 \u0219i experiment:<\/strong> fiecare model construit ofer\u0103 lec\u021bii importante despre mecanic\u0103, structuri \u0219i legile fizicii, oferind o experien\u021b\u0103 de \u00eenv\u0103\u021bare captivant\u0103 prin experiment.<\/li>\n<li><strong>Alung\u0103 plictiseala:<\/strong> cele 10 modele diferite pe care le pot crea \u00eei \u021bin departe de ecrane pe copii \u0219i nu \u00eei las\u0103 s\u0103 se plictiseasc\u0103, fiind angrena\u021bi constant \u00een explorare.<\/li>\n<li><strong>Aplica\u021bie gratuit\u0103:<\/strong> este disponibil\u0103 \u0219i o aplica\u021bie gratuit\u0103 &#8211;<strong> ENGINO kidCAD (3D Viewer)<\/strong> unde copiii pot descoperi mai multe modele 3D cu instruc\u021biuni \u0219i sfaturi privind asamblarea.<\/li>\n<\/ul>\n<p><strong>Descoper\u0103 STEM \u2013 una dintre cele mai interactive forme de \u00eenv\u0103\u021bare prin joac\u0103<\/strong><\/p>\n<p>Scopul educa\u021biei STEM &#8211; \u0218tiin\u021b\u0103, Tehnologie, Inginerie \u0219i Matematic\u0103 &#8211; este de a le oferi elevilor competen\u021bele, cuno\u0219tin\u021bele \u0219i experien\u021ba necesare pentru a face fa\u021b\u0103 provoc\u0103rilor tehnologice ale viitorului. Pedagogia modern\u0103 sugereaz\u0103 c\u0103 studiul ingineriei ar trebui s\u0103 fie \u00eencorporat \u00een programa \u0219colar\u0103, \u00eencep\u00e2nd din primii ani de \u0219coal\u0103.<\/p>\n<p>Gama de jocuri DISCOVERING STEM ofer\u0103 o solu\u021bie practic\u0103 pentru a face fa\u021b\u0103 tuturor acestor probleme<br \/>\neduca\u021bionale, ajut\u00e2nd profesorul s\u0103 implice elevii \u00een disciplinele din aria de \u0219tiin\u021be tehnice \u00eentr-un mod distractiv, captivant \u0219i interesant!<\/p>\n<p>Jocul STEM &#8211; Cum func\u021bioneaz\u0103 ma\u0219inile \u2013 Tehnologia autovehiculelor \u2013 \u00eei introduce pe elevi \u00een lumea fascinant\u0103 a autovehiculelor \u0219i favorizeaz\u0103 \u00eenv\u0103\u021barea unor concepte teoretice abstracte prin joc \u0219i interac\u021biune autentic\u0103.<\/p>\n","protected":false},"excerpt":{"rendered":"<p>Tu \u0219tii cine a inventat automobilul? Dar care sunt p\u0103r\u021bile componente ale unei ma\u0219ini? Afl\u0103 toate acestea, precum \u0219i multe<\/p>\n","protected":false},"featured_media":73203,"template":"","meta":[],"product_brand":[],"product_cat":[1514,2718,1471,2719],"product_tag":[],"class_list":{"0":"post-72913","1":"product","2":"type-product","3":"status-publish","4":"has-post-thumbnail","6":"product_cat-cuburi","7":"product_cat-engino","8":"product_cat-jocuri-educative-si-stiintifice","9":"product_cat-noutati","10":"pa_filter_age-1315","11":"pa_filter_age-9_14","13":"first","14":"instock","15":"taxable","16":"shipping-taxable","17":"product-type-simple"},"yoast_head":"<!-- This site is optimized with the Yoast SEO plugin v20.1 - https:\/\/yoast.com\/wordpress\/plugins\/seo\/ -->\n<title>Descoper\u0103 Tehnologia Ma\u0219inilor: Cum func\u021bioneaz\u0103 ma\u0219inile Joc educativ STEM - Discovering STEM Technology of machines: How cars work - Roovi B2B<\/title>\n<meta name=\"robots\" content=\"index, follow, max-snippet:-1, max-image-preview:large, max-video-preview:-1\" \/>\n<link rel=\"canonical\" href=\"https:\/\/business.roovi.com\/ro\/descopera-tehnologia-masinilor-cum-functioneaza-masinile-joc-educativ-stem-discovering-stem-technology-of-machines-how-cars-work\/p\/\" \/>\n<meta property=\"og:locale\" content=\"ro_RO\" \/>\n<meta property=\"og:type\" content=\"article\" \/>\n<meta property=\"og:title\" content=\"Descoper\u0103 Tehnologia Ma\u0219inilor: Cum func\u021bioneaz\u0103 ma\u0219inile Joc educativ STEM - Discovering STEM Technology of machines: How cars work - Roovi B2B\" \/>\n<meta property=\"og:description\" content=\"Tu \u0219tii cine a inventat automobilul? Dar care sunt p\u0103r\u021bile componente ale unei ma\u0219ini? Afl\u0103 toate acestea, precum \u0219i multe\" \/>\n<meta property=\"og:url\" content=\"https:\/\/business.roovi.com\/ro\/descopera-tehnologia-masinilor-cum-functioneaza-masinile-joc-educativ-stem-discovering-stem-technology-of-machines-how-cars-work\/p\/\" \/>\n<meta property=\"og:site_name\" content=\"Roovi B2B\" \/>\n<meta property=\"article:publisher\" content=\"https:\/\/www.facebook.com\/wwwjucariero\" \/>\n<meta property=\"article:modified_time\" content=\"2024-09-12T06:53:14+00:00\" \/>\n<meta property=\"og:image\" content=\"https:\/\/business.roovi.com\/wp-content\/uploads\/2024\/09\/engino-23-min.jpg\" \/>\n\t<meta property=\"og:image:width\" content=\"1200\" \/>\n\t<meta property=\"og:image:height\" content=\"1200\" \/>\n\t<meta property=\"og:image:type\" content=\"image\/jpeg\" \/>\n<meta name=\"twitter:label1\" content=\"Timp estimat pentru citire\" \/>\n\t<meta name=\"twitter:data1\" content=\"2 minute\" \/>\n<script type=\"application\/ld+json\" class=\"yoast-schema-graph\">{\"@context\":\"https:\/\/schema.org\",\"@graph\":[{\"@type\":\"WebPage\",\"@id\":\"https:\/\/business.roovi.com\/ro\/descopera-tehnologia-masinilor-cum-functioneaza-masinile-joc-educativ-stem-discovering-stem-technology-of-machines-how-cars-work\/p\/\",\"url\":\"https:\/\/business.roovi.com\/ro\/descopera-tehnologia-masinilor-cum-functioneaza-masinile-joc-educativ-stem-discovering-stem-technology-of-machines-how-cars-work\/p\/\",\"name\":\"Descoper\u0103 Tehnologia Ma\u0219inilor: Cum func\u021bioneaz\u0103 ma\u0219inile Joc educativ STEM - Discovering STEM Technology of machines: How cars work - Roovi B2B\",\"isPartOf\":{\"@id\":\"https:\/\/business.roovi.com\/ro\/#website\"},\"datePublished\":\"2024-09-09T09:28:32+00:00\",\"dateModified\":\"2024-09-12T06:53:14+00:00\",\"breadcrumb\":{\"@id\":\"https:\/\/business.roovi.com\/ro\/descopera-tehnologia-masinilor-cum-functioneaza-masinile-joc-educativ-stem-discovering-stem-technology-of-machines-how-cars-work\/p\/#breadcrumb\"},\"inLanguage\":\"ro-RO\",\"potentialAction\":[{\"@type\":\"ReadAction\",\"target\":[\"https:\/\/business.roovi.com\/ro\/descopera-tehnologia-masinilor-cum-functioneaza-masinile-joc-educativ-stem-discovering-stem-technology-of-machines-how-cars-work\/p\/\"]}]},{\"@type\":\"BreadcrumbList\",\"@id\":\"https:\/\/business.roovi.com\/ro\/descopera-tehnologia-masinilor-cum-functioneaza-masinile-joc-educativ-stem-discovering-stem-technology-of-machines-how-cars-work\/p\/#breadcrumb\",\"itemListElement\":[{\"@type\":\"ListItem\",\"position\":1,\"name\":\"Home\",\"item\":\"https:\/\/business.roovi.com\/ro\/\"},{\"@type\":\"ListItem\",\"position\":2,\"name\":\"Magazin\",\"item\":\"https:\/\/business.roovi.com\/ro\/magazin\/\"},{\"@type\":\"ListItem\",\"position\":3,\"name\":\"Descoper\u0103 Tehnologia Ma\u0219inilor: Cum func\u021bioneaz\u0103 ma\u0219inile Joc educativ STEM &#8211; Discovering STEM Technology of machines: How cars work\"}]},{\"@type\":\"WebSite\",\"@id\":\"https:\/\/business.roovi.com\/ro\/#website\",\"url\":\"https:\/\/business.roovi.com\/ro\/\",\"name\":\"Roovi B2B\",\"description\":\"Roovi Business Website\",\"potentialAction\":[{\"@type\":\"SearchAction\",\"target\":{\"@type\":\"EntryPoint\",\"urlTemplate\":\"https:\/\/business.roovi.com\/ro\/?s={search_term_string}\"},\"query-input\":\"required name=search_term_string\"}],\"inLanguage\":\"ro-RO\"}]}<\/script>\n<!-- \/ Yoast SEO plugin. -->","yoast_head_json":{"title":"Descoper\u0103 Tehnologia Ma\u0219inilor: Cum func\u021bioneaz\u0103 ma\u0219inile Joc educativ STEM - Discovering STEM Technology of machines: How cars work - Roovi B2B","robots":{"index":"index","follow":"follow","max-snippet":"max-snippet:-1","max-image-preview":"max-image-preview:large","max-video-preview":"max-video-preview:-1"},"canonical":"https:\/\/business.roovi.com\/ro\/descopera-tehnologia-masinilor-cum-functioneaza-masinile-joc-educativ-stem-discovering-stem-technology-of-machines-how-cars-work\/p\/","og_locale":"ro_RO","og_type":"article","og_title":"Descoper\u0103 Tehnologia Ma\u0219inilor: Cum func\u021bioneaz\u0103 ma\u0219inile Joc educativ STEM - Discovering STEM Technology of machines: How cars work - Roovi B2B","og_description":"Tu \u0219tii cine a inventat automobilul? Dar care sunt p\u0103r\u021bile componente ale unei ma\u0219ini? Afl\u0103 toate acestea, precum \u0219i multe","og_url":"https:\/\/business.roovi.com\/ro\/descopera-tehnologia-masinilor-cum-functioneaza-masinile-joc-educativ-stem-discovering-stem-technology-of-machines-how-cars-work\/p\/","og_site_name":"Roovi B2B","article_publisher":"https:\/\/www.facebook.com\/wwwjucariero","article_modified_time":"2024-09-12T06:53:14+00:00","og_image":[{"width":1200,"height":1200,"url":"https:\/\/business.roovi.com\/wp-content\/uploads\/2024\/09\/engino-23-min.jpg","type":"image\/jpeg"}],"twitter_misc":{"Timp estimat pentru citire":"2 minute"},"schema":{"@context":"https:\/\/schema.org","@graph":[{"@type":"WebPage","@id":"https:\/\/business.roovi.com\/ro\/descopera-tehnologia-masinilor-cum-functioneaza-masinile-joc-educativ-stem-discovering-stem-technology-of-machines-how-cars-work\/p\/","url":"https:\/\/business.roovi.com\/ro\/descopera-tehnologia-masinilor-cum-functioneaza-masinile-joc-educativ-stem-discovering-stem-technology-of-machines-how-cars-work\/p\/","name":"Descoper\u0103 Tehnologia Ma\u0219inilor: Cum func\u021bioneaz\u0103 ma\u0219inile Joc educativ STEM - Discovering STEM Technology of machines: How cars work - Roovi B2B","isPartOf":{"@id":"https:\/\/business.roovi.com\/ro\/#website"},"datePublished":"2024-09-09T09:28:32+00:00","dateModified":"2024-09-12T06:53:14+00:00","breadcrumb":{"@id":"https:\/\/business.roovi.com\/ro\/descopera-tehnologia-masinilor-cum-functioneaza-masinile-joc-educativ-stem-discovering-stem-technology-of-machines-how-cars-work\/p\/#breadcrumb"},"inLanguage":"ro-RO","potentialAction":[{"@type":"ReadAction","target":["https:\/\/business.roovi.com\/ro\/descopera-tehnologia-masinilor-cum-functioneaza-masinile-joc-educativ-stem-discovering-stem-technology-of-machines-how-cars-work\/p\/"]}]},{"@type":"BreadcrumbList","@id":"https:\/\/business.roovi.com\/ro\/descopera-tehnologia-masinilor-cum-functioneaza-masinile-joc-educativ-stem-discovering-stem-technology-of-machines-how-cars-work\/p\/#breadcrumb","itemListElement":[{"@type":"ListItem","position":1,"name":"Home","item":"https:\/\/business.roovi.com\/ro\/"},{"@type":"ListItem","position":2,"name":"Magazin","item":"https:\/\/business.roovi.com\/ro\/magazin\/"},{"@type":"ListItem","position":3,"name":"Descoper\u0103 Tehnologia Ma\u0219inilor: Cum func\u021bioneaz\u0103 ma\u0219inile Joc educativ STEM &#8211; Discovering STEM Technology of machines: How cars work"}]},{"@type":"WebSite","@id":"https:\/\/business.roovi.com\/ro\/#website","url":"https:\/\/business.roovi.com\/ro\/","name":"Roovi B2B","description":"Roovi Business Website","potentialAction":[{"@type":"SearchAction","target":{"@type":"EntryPoint","urlTemplate":"https:\/\/business.roovi.com\/ro\/?s={search_term_string}"},"query-input":"required name=search_term_string"}],"inLanguage":"ro-RO"}]}},"_links":{"self":[{"href":"https:\/\/business.roovi.com\/ro\/wp-json\/wp\/v2\/product\/72913","targetHints":{"allow":["GET"]}}],"collection":[{"href":"https:\/\/business.roovi.com\/ro\/wp-json\/wp\/v2\/product"}],"about":[{"href":"https:\/\/business.roovi.com\/ro\/wp-json\/wp\/v2\/types\/product"}],"version-history":[{"count":0,"href":"https:\/\/business.roovi.com\/ro\/wp-json\/wp\/v2\/product\/72913\/revisions"}],"wp:featuredmedia":[{"embeddable":true,"href":"https:\/\/business.roovi.com\/ro\/wp-json\/wp\/v2\/media\/73203"}],"wp:attachment":[{"href":"https:\/\/business.roovi.com\/ro\/wp-json\/wp\/v2\/media?parent=72913"}],"wp:term":[{"taxonomy":"product_brand","embeddable":true,"href":"https:\/\/business.roovi.com\/ro\/wp-json\/wp\/v2\/product_brand?post=72913"},{"taxonomy":"product_cat","embeddable":true,"href":"https:\/\/business.roovi.com\/ro\/wp-json\/wp\/v2\/product_cat?post=72913"},{"taxonomy":"product_tag","embeddable":true,"href":"https:\/\/business.roovi.com\/ro\/wp-json\/wp\/v2\/product_tag?post=72913"}],"curies":[{"name":"wp","href":"https:\/\/api.w.org\/{rel}","templated":true}]}}