{"id":72918,"date":"2024-09-09T09:28:33","date_gmt":"2024-09-09T09:28:33","guid":{"rendered":"https:\/\/business.roovi.com\/?post_type=product&#038;p=72918"},"modified":"2024-09-12T06:44:37","modified_gmt":"2024-09-12T06:44:37","slug":"constructorul-creativ-set-de-construit-3in1-autobasculante-creative-builder-tipper-truck-3in1-machinery-set","status":"publish","type":"product","link":"https:\/\/business.roovi.com\/ro\/constructorul-creativ-set-de-construit-3in1-autobasculante-creative-builder-tipper-truck-3in1-machinery-set\/p\/","title":{"rendered":"Constructorul Creativ Set de construit 3in1 Autobasculante &#8211; Creative Builder Tipper Truck 3in1 Machinery set"},"content":{"rendered":"<p><strong>Setul CREATIVE BUILDER \u2013 Camion basculant 3 \u00een 1 este ideal pentru micii n\u0103zdr\u0103vani afla\u021bi la \u00eenceputul aventurii lor \u00een lumea construc\u021biilor.<\/strong><\/p>\n<p>Cuburile se \u00eembin\u0103 perfect \u0219i sunt u\u0219or de manipulat de m\u00e2nu\u021bele copiilor. Fiecare pies\u0103 este realizat\u0103 din materiale sigure, non-toxice, fiind special creat\u0103 pentru a rezista la asambl\u0103ri \u0219i dezasambl\u0103ri nenum\u0103rate.<\/p>\n<p>Cu ajutorul acestui set, micu\u021bii pot construi 3 camioane emblematice \u00een construc\u021bii, setul incluz\u00e2nd \u0219i un motor care d\u0103 via\u021b\u0103 modelelor construite.<br \/>\nSetul CREATIVE BUILDER \u2013 Camion basculant 3 \u00een 1 este perfect pentru a \u00eencuraja curiozitatea \u00eenn\u0103scut\u0103 a copiilor \u0219i pentru a-i introduce \u00een lumea construc\u021biilor \u00eentr-un mod amuzant \u0219i interactiv.<\/p>\n<p><strong>De ce s\u0103 alegi setul de construit 3 \u00een 1: Camion basculant<\/strong><\/p>\n<ul>\n<li><strong>Stimuleaz\u0103 dezvoltarea motricit\u0103\u021bii fine:<\/strong> manipularea pieselor ajut\u0103 la \u00eembun\u0103t\u0103\u021birea coordon\u0103rii m\u00e2ini-ochi.<\/li>\n<li><strong>Dezvolt\u0103 creativitatea:<\/strong> copiii pot construi 3 modele de camioane folosite \u00een construc\u021bii, folosindu-\u0219i astfel imagina\u021bia.<\/li>\n<li><strong>Stimuleaz\u0103 \u00eenv\u0103\u021barea prin joac\u0103:<\/strong> setul \u00eei ajut\u0103 pe cei mici s\u0103 descopere lumea construc\u021biilor \u0219i a tehnicii \u00een mod amuzant, \u00een timp ce se joac\u0103, contribuind totodat\u0103 la dezvoltarea cognitiv\u0103 timpurie.<\/li>\n<li><strong>Creeaz\u0103 conexiuni puternice:<\/strong> jocul al\u0103turi de copilul t\u0103u, te conecteaz\u0103 cu el \u00eentr-un mod natural \u0219i v\u0103 ajut\u0103 s\u0103 construi\u021bi \u00eempreun\u0103 nu doar forme interesante, ci \u0219i amintiri de neuitat.<\/li>\n<\/ul>\n<p><strong>CREATIVE BUILDER \u2013 Camion basculant 3 \u00een 1: un joc STEM fascinant pentru \u00eenv\u0103\u021bare prin joac\u0103<\/strong><\/p>\n<p>Jocurile STEM (acronimul de la: Science,\u00a0Technology, Engineering, Maths) pun accentul pe \u00eenv\u0103\u021bare al\u0103turi de distrac\u021bie \u0219i \u00eei ajut\u0103 pe copii s\u0103 se \u00eemprieteneasc\u0103 de la v\u00e2rste fragede cu \u0219tiin\u021ba. Setul CREATIVE BUILDER \u2013 Camion basculant 3 \u00een 1 \u00eentrune\u0219te cele mai \u00eenalte standarde de calitate \u0219i siguran\u021b\u0103, precum \u0219i toate caracteristicile fascinantelor jocuri STEM:<\/p>\n<ul>\n<li>Stimuleaz\u0103 \u0219i sus\u021bine dezvoltarea g\u00e2ndirii logice \u0219i strategice.<\/li>\n<li>Dezvolt\u0103 imagina\u021bia \u0219i g\u00e2ndirea creativ\u0103.<\/li>\n<li>\u00cembun\u0103t\u0103\u021be\u0219te capacitatea de concentrare, precum \u0219i coordonarea<\/li>\n<li>Stimuleaz\u0103 comunicarea, dezvoltarea abilit\u0103\u021bilor sociale \u0219i lucrul \u00een echip\u0103.<\/li>\n<li>\u00cei ajut\u0103 pe copii s\u0103 se familiarizeze cu concepte \u0219i no\u021biuni noi din domenii precum fizica, matematica sau construc\u021biile, favoriz\u00e2nd totodat\u0103 dezvoltarea vocabularului.<\/li>\n<\/ul>\n<p>\u00cen plus, este foarte distractiv \u0219i poate fi prilejul perfect de a te conecta cu copilul t\u0103u \u0219i de a v\u0103 distra \u00eempreun\u0103 de minune.<br \/>\nSetul de construit 3 \u00een 1: Camion basculant este a\u0219adar o modalitate inedit\u0103 de a sprijini dezvoltarea armonioas\u0103 a micu\u021bilor, oferind totodat\u0103 experien\u021be minunate de joac\u0103 \u0219i conectare autentic\u0103.<\/p>\n","protected":false},"excerpt":{"rendered":"<p>Setul CREATIVE BUILDER \u2013 Camion basculant 3 \u00een 1 este ideal pentru micii n\u0103zdr\u0103vani afla\u021bi la \u00eenceputul aventurii lor \u00een<\/p>\n","protected":false},"featured_media":73373,"template":"","meta":[],"product_brand":[],"product_cat":[1514,2718,1471,2719],"product_tag":[],"class_list":{"0":"post-72918","1":"product","2":"type-product","3":"status-publish","4":"has-post-thumbnail","6":"product_cat-cuburi","7":"product_cat-engino","8":"product_cat-jocuri-educative-si-stiintifice","9":"product_cat-noutati","10":"pa_filter_age-1315","11":"pa_filter_age-5_7","12":"pa_filter_age-7_9","13":"pa_filter_age-9_14","15":"first","16":"instock","17":"taxable","18":"shipping-taxable","19":"product-type-simple"},"yoast_head":"<!-- This site is optimized with the Yoast SEO plugin v20.1 - https:\/\/yoast.com\/wordpress\/plugins\/seo\/ -->\n<title>Constructorul Creativ Set de construit 3in1 Autobasculante - Creative Builder Tipper Truck 3in1 Machinery set - Roovi B2B<\/title>\n<meta name=\"robots\" content=\"index, follow, max-snippet:-1, max-image-preview:large, max-video-preview:-1\" \/>\n<link rel=\"canonical\" href=\"https:\/\/business.roovi.com\/ro\/constructorul-creativ-set-de-construit-3in1-autobasculante-creative-builder-tipper-truck-3in1-machinery-set\/p\/\" \/>\n<meta property=\"og:locale\" content=\"ro_RO\" \/>\n<meta property=\"og:type\" content=\"article\" \/>\n<meta property=\"og:title\" content=\"Constructorul Creativ Set de construit 3in1 Autobasculante - Creative Builder Tipper Truck 3in1 Machinery set - Roovi B2B\" \/>\n<meta property=\"og:description\" content=\"Setul CREATIVE BUILDER \u2013 Camion basculant 3 \u00een 1 este ideal pentru micii n\u0103zdr\u0103vani afla\u021bi la \u00eenceputul aventurii lor \u00een\" \/>\n<meta property=\"og:url\" content=\"https:\/\/business.roovi.com\/ro\/constructorul-creativ-set-de-construit-3in1-autobasculante-creative-builder-tipper-truck-3in1-machinery-set\/p\/\" \/>\n<meta property=\"og:site_name\" content=\"Roovi B2B\" \/>\n<meta property=\"article:publisher\" content=\"https:\/\/www.facebook.com\/wwwjucariero\" \/>\n<meta property=\"article:modified_time\" content=\"2024-09-12T06:44:37+00:00\" \/>\n<meta property=\"og:image\" content=\"https:\/\/business.roovi.com\/wp-content\/uploads\/2024\/09\/engino-cb-m10-min.jpg\" \/>\n\t<meta property=\"og:image:width\" content=\"1200\" \/>\n\t<meta property=\"og:image:height\" content=\"1200\" \/>\n\t<meta property=\"og:image:type\" content=\"image\/jpeg\" \/>\n<meta name=\"twitter:label1\" content=\"Timp estimat pentru citire\" \/>\n\t<meta name=\"twitter:data1\" content=\"2 minute\" \/>\n<script type=\"application\/ld+json\" class=\"yoast-schema-graph\">{\"@context\":\"https:\/\/schema.org\",\"@graph\":[{\"@type\":\"WebPage\",\"@id\":\"https:\/\/business.roovi.com\/ro\/constructorul-creativ-set-de-construit-3in1-autobasculante-creative-builder-tipper-truck-3in1-machinery-set\/p\/\",\"url\":\"https:\/\/business.roovi.com\/ro\/constructorul-creativ-set-de-construit-3in1-autobasculante-creative-builder-tipper-truck-3in1-machinery-set\/p\/\",\"name\":\"Constructorul Creativ Set de construit 3in1 Autobasculante - Creative Builder Tipper Truck 3in1 Machinery set - Roovi B2B\",\"isPartOf\":{\"@id\":\"https:\/\/business.roovi.com\/ro\/#website\"},\"datePublished\":\"2024-09-09T09:28:33+00:00\",\"dateModified\":\"2024-09-12T06:44:37+00:00\",\"breadcrumb\":{\"@id\":\"https:\/\/business.roovi.com\/ro\/constructorul-creativ-set-de-construit-3in1-autobasculante-creative-builder-tipper-truck-3in1-machinery-set\/p\/#breadcrumb\"},\"inLanguage\":\"ro-RO\",\"potentialAction\":[{\"@type\":\"ReadAction\",\"target\":[\"https:\/\/business.roovi.com\/ro\/constructorul-creativ-set-de-construit-3in1-autobasculante-creative-builder-tipper-truck-3in1-machinery-set\/p\/\"]}]},{\"@type\":\"BreadcrumbList\",\"@id\":\"https:\/\/business.roovi.com\/ro\/constructorul-creativ-set-de-construit-3in1-autobasculante-creative-builder-tipper-truck-3in1-machinery-set\/p\/#breadcrumb\",\"itemListElement\":[{\"@type\":\"ListItem\",\"position\":1,\"name\":\"Home\",\"item\":\"https:\/\/business.roovi.com\/ro\/\"},{\"@type\":\"ListItem\",\"position\":2,\"name\":\"Magazin\",\"item\":\"https:\/\/business.roovi.com\/ro\/magazin\/\"},{\"@type\":\"ListItem\",\"position\":3,\"name\":\"Constructorul Creativ Set de construit 3in1 Autobasculante &#8211; Creative Builder Tipper Truck 3in1 Machinery set\"}]},{\"@type\":\"WebSite\",\"@id\":\"https:\/\/business.roovi.com\/ro\/#website\",\"url\":\"https:\/\/business.roovi.com\/ro\/\",\"name\":\"Roovi B2B\",\"description\":\"Roovi Business Website\",\"potentialAction\":[{\"@type\":\"SearchAction\",\"target\":{\"@type\":\"EntryPoint\",\"urlTemplate\":\"https:\/\/business.roovi.com\/ro\/?s={search_term_string}\"},\"query-input\":\"required name=search_term_string\"}],\"inLanguage\":\"ro-RO\"}]}<\/script>\n<!-- \/ Yoast SEO plugin. -->","yoast_head_json":{"title":"Constructorul Creativ Set de construit 3in1 Autobasculante - Creative Builder Tipper Truck 3in1 Machinery set - Roovi B2B","robots":{"index":"index","follow":"follow","max-snippet":"max-snippet:-1","max-image-preview":"max-image-preview:large","max-video-preview":"max-video-preview:-1"},"canonical":"https:\/\/business.roovi.com\/ro\/constructorul-creativ-set-de-construit-3in1-autobasculante-creative-builder-tipper-truck-3in1-machinery-set\/p\/","og_locale":"ro_RO","og_type":"article","og_title":"Constructorul Creativ Set de construit 3in1 Autobasculante - Creative Builder Tipper Truck 3in1 Machinery set - Roovi B2B","og_description":"Setul CREATIVE BUILDER \u2013 Camion basculant 3 \u00een 1 este ideal pentru micii n\u0103zdr\u0103vani afla\u021bi la \u00eenceputul aventurii lor \u00een","og_url":"https:\/\/business.roovi.com\/ro\/constructorul-creativ-set-de-construit-3in1-autobasculante-creative-builder-tipper-truck-3in1-machinery-set\/p\/","og_site_name":"Roovi B2B","article_publisher":"https:\/\/www.facebook.com\/wwwjucariero","article_modified_time":"2024-09-12T06:44:37+00:00","og_image":[{"width":1200,"height":1200,"url":"https:\/\/business.roovi.com\/wp-content\/uploads\/2024\/09\/engino-cb-m10-min.jpg","type":"image\/jpeg"}],"twitter_misc":{"Timp estimat pentru citire":"2 minute"},"schema":{"@context":"https:\/\/schema.org","@graph":[{"@type":"WebPage","@id":"https:\/\/business.roovi.com\/ro\/constructorul-creativ-set-de-construit-3in1-autobasculante-creative-builder-tipper-truck-3in1-machinery-set\/p\/","url":"https:\/\/business.roovi.com\/ro\/constructorul-creativ-set-de-construit-3in1-autobasculante-creative-builder-tipper-truck-3in1-machinery-set\/p\/","name":"Constructorul Creativ Set de construit 3in1 Autobasculante - Creative Builder Tipper Truck 3in1 Machinery set - Roovi B2B","isPartOf":{"@id":"https:\/\/business.roovi.com\/ro\/#website"},"datePublished":"2024-09-09T09:28:33+00:00","dateModified":"2024-09-12T06:44:37+00:00","breadcrumb":{"@id":"https:\/\/business.roovi.com\/ro\/constructorul-creativ-set-de-construit-3in1-autobasculante-creative-builder-tipper-truck-3in1-machinery-set\/p\/#breadcrumb"},"inLanguage":"ro-RO","potentialAction":[{"@type":"ReadAction","target":["https:\/\/business.roovi.com\/ro\/constructorul-creativ-set-de-construit-3in1-autobasculante-creative-builder-tipper-truck-3in1-machinery-set\/p\/"]}]},{"@type":"BreadcrumbList","@id":"https:\/\/business.roovi.com\/ro\/constructorul-creativ-set-de-construit-3in1-autobasculante-creative-builder-tipper-truck-3in1-machinery-set\/p\/#breadcrumb","itemListElement":[{"@type":"ListItem","position":1,"name":"Home","item":"https:\/\/business.roovi.com\/ro\/"},{"@type":"ListItem","position":2,"name":"Magazin","item":"https:\/\/business.roovi.com\/ro\/magazin\/"},{"@type":"ListItem","position":3,"name":"Constructorul Creativ Set de construit 3in1 Autobasculante &#8211; Creative Builder Tipper Truck 3in1 Machinery set"}]},{"@type":"WebSite","@id":"https:\/\/business.roovi.com\/ro\/#website","url":"https:\/\/business.roovi.com\/ro\/","name":"Roovi B2B","description":"Roovi Business Website","potentialAction":[{"@type":"SearchAction","target":{"@type":"EntryPoint","urlTemplate":"https:\/\/business.roovi.com\/ro\/?s={search_term_string}"},"query-input":"required name=search_term_string"}],"inLanguage":"ro-RO"}]}},"_links":{"self":[{"href":"https:\/\/business.roovi.com\/ro\/wp-json\/wp\/v2\/product\/72918","targetHints":{"allow":["GET"]}}],"collection":[{"href":"https:\/\/business.roovi.com\/ro\/wp-json\/wp\/v2\/product"}],"about":[{"href":"https:\/\/business.roovi.com\/ro\/wp-json\/wp\/v2\/types\/product"}],"version-history":[{"count":0,"href":"https:\/\/business.roovi.com\/ro\/wp-json\/wp\/v2\/product\/72918\/revisions"}],"wp:featuredmedia":[{"embeddable":true,"href":"https:\/\/business.roovi.com\/ro\/wp-json\/wp\/v2\/media\/73373"}],"wp:attachment":[{"href":"https:\/\/business.roovi.com\/ro\/wp-json\/wp\/v2\/media?parent=72918"}],"wp:term":[{"taxonomy":"product_brand","embeddable":true,"href":"https:\/\/business.roovi.com\/ro\/wp-json\/wp\/v2\/product_brand?post=72918"},{"taxonomy":"product_cat","embeddable":true,"href":"https:\/\/business.roovi.com\/ro\/wp-json\/wp\/v2\/product_cat?post=72918"},{"taxonomy":"product_tag","embeddable":true,"href":"https:\/\/business.roovi.com\/ro\/wp-json\/wp\/v2\/product_tag?post=72918"}],"curies":[{"name":"wp","href":"https:\/\/api.w.org\/{rel}","templated":true}]}}