{"id":73697,"date":"2024-09-26T07:17:25","date_gmt":"2024-09-26T07:17:25","guid":{"rendered":"https:\/\/business.roovi.com\/?post_type=product&#038;p=73697"},"modified":"2024-09-26T07:17:26","modified_gmt":"2024-09-26T07:17:26","slug":"baby-puzzle-baby-dinozauri-puzzle-piese-mari-bebelusi-si-copii-mici","status":"publish","type":"product","link":"https:\/\/business.roovi.com\/ro\/baby-puzzle-baby-dinozauri-puzzle-piese-mari-bebelusi-si-copii-mici\/p\/","title":{"rendered":"Baby Puzzle &#8211; Baby Dinozauri &#8211; Puzzle Piese mari Bebelu\u0219i si Copii mici"},"content":{"rendered":"<p><strong>Micu\u021bul t\u0103u e fascinat de lumea dinozaurilor \u0219i de jocurile puzzle? Setul Baby Puzzle Dinozauri este jocul perfect pentru el!<\/strong><\/p>\n<p>Setul con\u021bine 22 piese puzzle din care cei mici vor construi 6 dinozauri simpatici care \u00eei vor purta \u00een lumea acestor creaturi preistorice. Av\u00e2nd un design viu \u0219i colorat, fiecare dinozaur capteaz\u0103 aten\u021bia copiilor \u0219i le ofer\u0103 un timp \u00eendelungat de explorare \u0219i distrac\u021bie.<\/p>\n<p>Asamblarea pieselor al\u0103turi de micu\u021bul t\u0103u este prilejul perfect pentru a-i vorbi despre aceste animale fascinante \u0219i de a petrece un timp de calitate \u00eempreun\u0103.<\/p>\n<p><strong>De ce s\u0103 alegi setul Baby Puzzle Dinozauri pentru copilul t\u0103u<\/strong><\/p>\n<ul>\n<li>Are 22 de piese mari care pot fi m\u00e2nuite u\u0219or de micu\u021bii care asambleaz\u0103 pentru prima data un joc puzzle.<\/li>\n<li>Piesele sunt produse din carton de calitate superioar\u0103 \u0219i rezist\u0103 la asambl\u0103ri \u0219i dezasambl\u0103ri nenum\u0103rate, a\u0219a cum le place copiilor.<\/li>\n<li>Este o metod\u0103 distractiv\u0103 de a le vorbi copiilor, pe \u00een\u021belesul lor, despre dinozauri.<\/li>\n<li>Este un set versatil din care se pot ob\u021bine 6 dinozauri, de forme \u0219i culori diferite, ceea ce \u00eei ajut\u0103 pe copii s\u0103 nu se plictiseasc\u0103.<\/li>\n<li>Jocul puzzle stimuleaz\u0103 \u0219i sus\u021bine concentrarea \u0219i aten\u021bia, abilit\u0103\u021bi importante la orice v\u00e2rst\u0103.<\/li>\n<li>Stimuleaz\u0103 dezvoltarea motricit\u0103\u021bii fine, a coordon\u0103rii \u0219i a dexterit\u0103\u021bii.<\/li>\n<li>Lumea dinozaurilor este fascinant\u0103 pentru copii \u0219i \u00eei stimuleaz\u0103 s\u0103-\u0219i dezvolte creativitatea \u0219i imagina\u021bia.<\/li>\n<\/ul>\n<p><strong>Baby Puzzle Dinozauri \u2013 un set educativ \u0219i distractiv<\/strong><\/p>\n<p>Setul Baby Puzzle Dinozauri stimuleaz\u0103 dezvoltarea abilit\u0103\u021bilor cognitive \u0219i motorice, precum \u0219i \u00eenv\u0103\u021barea. \u00cen timp ce se joac\u0103 \u0219i \u00eembin\u0103 piesele pentru a construi simpaticii dinozauri, micu\u021bii pot \u00eenv\u0103\u021ba s\u0103 numere piesele \u0219i s\u0103 recunoasc\u0103 formele \u0219i culorile.<\/p>\n<p>\u00cen plus, micu\u021bii se afl\u0103 la v\u00e2rsta la care descoper\u0103 lumea cu fascina\u021bie \u0219i curiozitate, iar un puzzle cu dinozauri le poate stimula interesul pentru natur\u0103 \u0219i \u0219tiin\u021b\u0103.<\/p>\n<p>Dac\u0103 \u00ee\u021bi dore\u0219ti pentru micu\u021bul t\u0103u un joc relaxant \u0219i \u00een acela\u0219i timp educativ \u0219i interactiv, setul Puzzle Baby Dinozauri este alegerea cea mai potrivit\u0103.<\/p>\n","protected":false},"excerpt":{"rendered":"<p>Micu\u021bul t\u0103u e fascinat de lumea dinozaurilor \u0219i de jocurile puzzle? Setul Baby Puzzle Dinozauri este jocul perfect pentru el!<\/p>\n","protected":false},"featured_media":73703,"template":"","meta":[],"product_brand":[],"product_cat":[1552,1454,1482],"product_tag":[],"class_list":{"0":"post-73697","1":"product","2":"type-product","3":"status-publish","4":"has-post-thumbnail","6":"product_cat-baby-puzzle","7":"product_cat-puzzle","8":"product_cat-puzzle-copii","9":"pa_filter_age-0_3","10":"pa_filter_age-3_5","12":"first","13":"instock","14":"taxable","15":"shipping-taxable","16":"product-type-simple"},"yoast_head":"<!-- This site is optimized with the Yoast SEO plugin v20.1 - https:\/\/yoast.com\/wordpress\/plugins\/seo\/ -->\n<title>Baby Puzzle - Baby Dinozauri - Puzzle Piese mari Bebelu\u0219i si Copii mici - Roovi B2B<\/title>\n<meta name=\"robots\" content=\"index, follow, max-snippet:-1, max-image-preview:large, max-video-preview:-1\" \/>\n<link rel=\"canonical\" href=\"https:\/\/business.roovi.com\/ro\/baby-puzzle-baby-dinozauri-puzzle-piese-mari-bebelusi-si-copii-mici\/p\/\" \/>\n<meta property=\"og:locale\" content=\"ro_RO\" \/>\n<meta property=\"og:type\" content=\"article\" \/>\n<meta property=\"og:title\" content=\"Baby Puzzle - Baby Dinozauri - Puzzle Piese mari Bebelu\u0219i si Copii mici - Roovi B2B\" \/>\n<meta property=\"og:description\" content=\"Micu\u021bul t\u0103u e fascinat de lumea dinozaurilor \u0219i de jocurile puzzle? Setul Baby Puzzle Dinozauri este jocul perfect pentru el!\" \/>\n<meta property=\"og:url\" content=\"https:\/\/business.roovi.com\/ro\/baby-puzzle-baby-dinozauri-puzzle-piese-mari-bebelusi-si-copii-mici\/p\/\" \/>\n<meta property=\"og:site_name\" content=\"Roovi B2B\" \/>\n<meta property=\"article:publisher\" content=\"https:\/\/www.facebook.com\/wwwjucariero\" \/>\n<meta property=\"article:modified_time\" content=\"2024-09-26T07:17:26+00:00\" \/>\n<meta property=\"og:image\" content=\"https:\/\/business.roovi.com\/wp-content\/uploads\/2024\/09\/baby-puzzle_baby-dinosaurs-min.jpg\" \/>\n\t<meta property=\"og:image:width\" content=\"1200\" \/>\n\t<meta property=\"og:image:height\" content=\"1200\" \/>\n\t<meta property=\"og:image:type\" content=\"image\/jpeg\" \/>\n<meta name=\"twitter:label1\" content=\"Timp estimat pentru citire\" \/>\n\t<meta name=\"twitter:data1\" content=\"2 minute\" \/>\n<script type=\"application\/ld+json\" class=\"yoast-schema-graph\">{\"@context\":\"https:\/\/schema.org\",\"@graph\":[{\"@type\":\"WebPage\",\"@id\":\"https:\/\/business.roovi.com\/ro\/baby-puzzle-baby-dinozauri-puzzle-piese-mari-bebelusi-si-copii-mici\/p\/\",\"url\":\"https:\/\/business.roovi.com\/ro\/baby-puzzle-baby-dinozauri-puzzle-piese-mari-bebelusi-si-copii-mici\/p\/\",\"name\":\"Baby Puzzle - Baby Dinozauri - Puzzle Piese mari Bebelu\u0219i si Copii mici - Roovi B2B\",\"isPartOf\":{\"@id\":\"https:\/\/business.roovi.com\/ro\/#website\"},\"datePublished\":\"2024-09-26T07:17:25+00:00\",\"dateModified\":\"2024-09-26T07:17:26+00:00\",\"breadcrumb\":{\"@id\":\"https:\/\/business.roovi.com\/ro\/baby-puzzle-baby-dinozauri-puzzle-piese-mari-bebelusi-si-copii-mici\/p\/#breadcrumb\"},\"inLanguage\":\"ro-RO\",\"potentialAction\":[{\"@type\":\"ReadAction\",\"target\":[\"https:\/\/business.roovi.com\/ro\/baby-puzzle-baby-dinozauri-puzzle-piese-mari-bebelusi-si-copii-mici\/p\/\"]}]},{\"@type\":\"BreadcrumbList\",\"@id\":\"https:\/\/business.roovi.com\/ro\/baby-puzzle-baby-dinozauri-puzzle-piese-mari-bebelusi-si-copii-mici\/p\/#breadcrumb\",\"itemListElement\":[{\"@type\":\"ListItem\",\"position\":1,\"name\":\"Home\",\"item\":\"https:\/\/business.roovi.com\/ro\/\"},{\"@type\":\"ListItem\",\"position\":2,\"name\":\"Magazin\",\"item\":\"https:\/\/business.roovi.com\/ro\/magazin\/\"},{\"@type\":\"ListItem\",\"position\":3,\"name\":\"Baby Puzzle &#8211; Baby Dinozauri &#8211; Puzzle Piese mari Bebelu\u0219i si Copii mici\"}]},{\"@type\":\"WebSite\",\"@id\":\"https:\/\/business.roovi.com\/ro\/#website\",\"url\":\"https:\/\/business.roovi.com\/ro\/\",\"name\":\"Roovi B2B\",\"description\":\"Roovi Business Website\",\"potentialAction\":[{\"@type\":\"SearchAction\",\"target\":{\"@type\":\"EntryPoint\",\"urlTemplate\":\"https:\/\/business.roovi.com\/ro\/?s={search_term_string}\"},\"query-input\":\"required name=search_term_string\"}],\"inLanguage\":\"ro-RO\"}]}<\/script>\n<!-- \/ Yoast SEO plugin. -->","yoast_head_json":{"title":"Baby Puzzle - Baby Dinozauri - Puzzle Piese mari Bebelu\u0219i si Copii mici - Roovi B2B","robots":{"index":"index","follow":"follow","max-snippet":"max-snippet:-1","max-image-preview":"max-image-preview:large","max-video-preview":"max-video-preview:-1"},"canonical":"https:\/\/business.roovi.com\/ro\/baby-puzzle-baby-dinozauri-puzzle-piese-mari-bebelusi-si-copii-mici\/p\/","og_locale":"ro_RO","og_type":"article","og_title":"Baby Puzzle - Baby Dinozauri - Puzzle Piese mari Bebelu\u0219i si Copii mici - Roovi B2B","og_description":"Micu\u021bul t\u0103u e fascinat de lumea dinozaurilor \u0219i de jocurile puzzle? Setul Baby Puzzle Dinozauri este jocul perfect pentru el!","og_url":"https:\/\/business.roovi.com\/ro\/baby-puzzle-baby-dinozauri-puzzle-piese-mari-bebelusi-si-copii-mici\/p\/","og_site_name":"Roovi B2B","article_publisher":"https:\/\/www.facebook.com\/wwwjucariero","article_modified_time":"2024-09-26T07:17:26+00:00","og_image":[{"width":1200,"height":1200,"url":"https:\/\/business.roovi.com\/wp-content\/uploads\/2024\/09\/baby-puzzle_baby-dinosaurs-min.jpg","type":"image\/jpeg"}],"twitter_misc":{"Timp estimat pentru citire":"2 minute"},"schema":{"@context":"https:\/\/schema.org","@graph":[{"@type":"WebPage","@id":"https:\/\/business.roovi.com\/ro\/baby-puzzle-baby-dinozauri-puzzle-piese-mari-bebelusi-si-copii-mici\/p\/","url":"https:\/\/business.roovi.com\/ro\/baby-puzzle-baby-dinozauri-puzzle-piese-mari-bebelusi-si-copii-mici\/p\/","name":"Baby Puzzle - Baby Dinozauri - Puzzle Piese mari Bebelu\u0219i si Copii mici - Roovi B2B","isPartOf":{"@id":"https:\/\/business.roovi.com\/ro\/#website"},"datePublished":"2024-09-26T07:17:25+00:00","dateModified":"2024-09-26T07:17:26+00:00","breadcrumb":{"@id":"https:\/\/business.roovi.com\/ro\/baby-puzzle-baby-dinozauri-puzzle-piese-mari-bebelusi-si-copii-mici\/p\/#breadcrumb"},"inLanguage":"ro-RO","potentialAction":[{"@type":"ReadAction","target":["https:\/\/business.roovi.com\/ro\/baby-puzzle-baby-dinozauri-puzzle-piese-mari-bebelusi-si-copii-mici\/p\/"]}]},{"@type":"BreadcrumbList","@id":"https:\/\/business.roovi.com\/ro\/baby-puzzle-baby-dinozauri-puzzle-piese-mari-bebelusi-si-copii-mici\/p\/#breadcrumb","itemListElement":[{"@type":"ListItem","position":1,"name":"Home","item":"https:\/\/business.roovi.com\/ro\/"},{"@type":"ListItem","position":2,"name":"Magazin","item":"https:\/\/business.roovi.com\/ro\/magazin\/"},{"@type":"ListItem","position":3,"name":"Baby Puzzle &#8211; Baby Dinozauri &#8211; Puzzle Piese mari Bebelu\u0219i si Copii mici"}]},{"@type":"WebSite","@id":"https:\/\/business.roovi.com\/ro\/#website","url":"https:\/\/business.roovi.com\/ro\/","name":"Roovi B2B","description":"Roovi Business Website","potentialAction":[{"@type":"SearchAction","target":{"@type":"EntryPoint","urlTemplate":"https:\/\/business.roovi.com\/ro\/?s={search_term_string}"},"query-input":"required name=search_term_string"}],"inLanguage":"ro-RO"}]}},"_links":{"self":[{"href":"https:\/\/business.roovi.com\/ro\/wp-json\/wp\/v2\/product\/73697","targetHints":{"allow":["GET"]}}],"collection":[{"href":"https:\/\/business.roovi.com\/ro\/wp-json\/wp\/v2\/product"}],"about":[{"href":"https:\/\/business.roovi.com\/ro\/wp-json\/wp\/v2\/types\/product"}],"version-history":[{"count":0,"href":"https:\/\/business.roovi.com\/ro\/wp-json\/wp\/v2\/product\/73697\/revisions"}],"wp:featuredmedia":[{"embeddable":true,"href":"https:\/\/business.roovi.com\/ro\/wp-json\/wp\/v2\/media\/73703"}],"wp:attachment":[{"href":"https:\/\/business.roovi.com\/ro\/wp-json\/wp\/v2\/media?parent=73697"}],"wp:term":[{"taxonomy":"product_brand","embeddable":true,"href":"https:\/\/business.roovi.com\/ro\/wp-json\/wp\/v2\/product_brand?post=73697"},{"taxonomy":"product_cat","embeddable":true,"href":"https:\/\/business.roovi.com\/ro\/wp-json\/wp\/v2\/product_cat?post=73697"},{"taxonomy":"product_tag","embeddable":true,"href":"https:\/\/business.roovi.com\/ro\/wp-json\/wp\/v2\/product_tag?post=73697"}],"curies":[{"name":"wp","href":"https:\/\/api.w.org\/{rel}","templated":true}]}}