{"id":73736,"date":"2024-10-24T08:28:23","date_gmt":"2024-10-24T08:28:23","guid":{"rendered":"https:\/\/business.roovi.com\/?post_type=product&#038;p=73736"},"modified":"2024-10-24T08:32:09","modified_gmt":"2024-10-24T08:32:09","slug":"magic-truck-autospeciala-de-pompieri-wader","status":"publish","type":"product","link":"https:\/\/business.roovi.com\/ro\/magic-truck-autospeciala-de-pompieri-wader\/p\/","title":{"rendered":"Magic Truck &#8211; Autospecial\u0103 de pompieri &#8211; WADER"},"content":{"rendered":"<p><strong>Copilul t\u0103u se viseaz\u0103 pompier? E fascinat de autospecialele de interven\u021bie \u0219i de misiunile speciale la care sunt folosite? Magic Truck \u2013 Autospeciala de pompieri este jocul perfect pentru el!<\/strong><\/p>\n<p>Ma\u0219ina de pompieri este prev\u0103zut\u0103 cu o scar\u0103 extensibil\u0103, mobil\u0103 la cap\u0103tul c\u0103reia se afl\u0103 un co\u0219 ce sus\u021bine pompierul care stinge incendiul la \u00een\u0103l\u021bime. Autospeciala mai dispune de o pomp\u0103 \u0219i de un furtun din care \u021b\u00e2\u0219ne\u0219te apa, dup\u0103 umplerea rezervorului.<\/p>\n<p>Fiabil\u0103 \u0219i interactiv\u0103, aceast\u0103 autospecial\u0103 de pompieri este ideal\u0103 pentru micii aventurieri dornici s\u0103-\u0219i asume rolul de pompieri.<\/p>\n<p>\u00cen plus, joaca de-a pompierii al\u0103turi de copilul t\u0103u, este un bun prilej de a te conecta cu acesta \u0219i de a crea amintiri de neuitat \u00eempreun\u0103.<\/p>\n<p><strong>De ce s\u0103 alegi Magic Truck \u2013 Autospecial\u0103 de pompieri<\/strong><\/p>\n<p>Este produs\u0103 din materiale de calitate foarte bun\u0103 care \u00eei confer\u0103 rezisten\u021b\u0103 \u00eendelungat\u0103 la numeroase scenarii de joc at\u00e2t \u00een interior, c\u00e2t \u0219i afar\u0103.<\/p>\n<p>Are dimensiuni generoase, se manevreaz\u0103 u\u0219or \u0219i poate fi utilizat\u0103 f\u0103r\u0103 efort chiar \u0219i de copiii de v\u00e2rste mici (+3 ani).<\/p>\n<p>Jocul cu aceast\u0103 autospecial\u0103 de pompieri ajut\u0103 la \u00eembun\u0103t\u0103\u021birea coordon\u0103rii m\u00e2n\u0103-ochi \u0219i a abilit\u0103\u021bilor motorii fine, \u00een timp ce copiii \u00eenva\u021b\u0103 cum se planific\u0103 \u0219i se excut\u0103 misiunile de salvare ale pompierilor.<\/p>\n<p>Stimuleaz\u0103 creativitatea \u00eentruc\u00e2t jocul cu ma\u0219inu\u021ba de pompieri \u00eei \u00eencurajeaz\u0103 pe copii s\u0103-\u0219i imagineze diverse scenarii de salvare.<\/p>\n<p>Constituie o bun\u0103 modalitate de a le stimula copiilor dezvoltarea capacit\u0103\u021bii de rezolvare a problemelor \u00een situa\u021bii limit\u0103.<\/p>\n<p>Este o oportunitate de a-i \u00eenv\u0103\u021ba pe copii despre rolul pompierilor, despre siguran\u021b\u0103 sau despre c\u00e2nd pot apela num\u0103rul unic de urgen\u021b\u0103.<\/p>\n<p><strong>Caracteristici:<\/strong><\/p>\n<ul>\n<li>O ma\u0219in\u0103 de pompieri mare, rezistent\u0103, cu lungimea de 79 cm;<\/li>\n<li>Echipat\u0103 cu o scar\u0103 retractabil\u0103, mobil\u0103, cu un co\u0219 pentru un pompier, un furtun, o pomp\u0103 \u0219i un rezervor de ap\u0103;<\/li>\n<li>Recomandat\u0103 copiilor cu v\u00e2rsta peste 3 ani.<\/li>\n<\/ul>\n","protected":false},"excerpt":{"rendered":"<p>Copilul t\u0103u se viseaz\u0103 pompier? E fascinat de autospecialele de interven\u021bie \u0219i de misiunile speciale la care sunt folosite? Magic<\/p>\n","protected":false},"featured_media":73743,"template":"","meta":[],"product_brand":[],"product_cat":[2729],"product_tag":[],"class_list":{"0":"post-73736","1":"product","2":"type-product","3":"status-publish","4":"has-post-thumbnail","6":"product_cat-vehicule-si-accesorii-alte-jucarii-si-jocuri-hu","7":"pa_filter_age-3_5","8":"pa_filter_age-5_7","9":"pa_filter_age-7_9","10":"pa_filter_age-9_14","12":"first","13":"instock","14":"taxable","15":"shipping-taxable","16":"product-type-simple"},"yoast_head":"<!-- This site is optimized with the Yoast SEO plugin v20.1 - https:\/\/yoast.com\/wordpress\/plugins\/seo\/ -->\n<title>Magic Truck - Autospecial\u0103 de pompieri - WADER - Roovi B2B<\/title>\n<meta name=\"robots\" content=\"index, follow, max-snippet:-1, max-image-preview:large, max-video-preview:-1\" \/>\n<link rel=\"canonical\" href=\"https:\/\/business.roovi.com\/ro\/magic-truck-autospeciala-de-pompieri-wader\/p\/\" \/>\n<meta property=\"og:locale\" content=\"ro_RO\" \/>\n<meta property=\"og:type\" content=\"article\" \/>\n<meta property=\"og:title\" content=\"Magic Truck - Autospecial\u0103 de pompieri - WADER - Roovi B2B\" \/>\n<meta property=\"og:description\" content=\"Copilul t\u0103u se viseaz\u0103 pompier? E fascinat de autospecialele de interven\u021bie \u0219i de misiunile speciale la care sunt folosite? Magic\" \/>\n<meta property=\"og:url\" content=\"https:\/\/business.roovi.com\/ro\/magic-truck-autospeciala-de-pompieri-wader\/p\/\" \/>\n<meta property=\"og:site_name\" content=\"Roovi B2B\" \/>\n<meta property=\"article:publisher\" content=\"https:\/\/www.facebook.com\/wwwjucariero\" \/>\n<meta property=\"article:modified_time\" content=\"2024-10-24T08:32:09+00:00\" \/>\n<meta property=\"og:image\" content=\"https:\/\/business.roovi.com\/wp-content\/uploads\/2024\/10\/36221_WADER_2024_INTERNET.jpg\" \/>\n\t<meta property=\"og:image:width\" content=\"1500\" \/>\n\t<meta property=\"og:image:height\" content=\"1500\" \/>\n\t<meta property=\"og:image:type\" content=\"image\/jpeg\" \/>\n<meta name=\"twitter:label1\" content=\"Timp estimat pentru citire\" \/>\n\t<meta name=\"twitter:data1\" content=\"2 minute\" \/>\n<script type=\"application\/ld+json\" class=\"yoast-schema-graph\">{\"@context\":\"https:\/\/schema.org\",\"@graph\":[{\"@type\":\"WebPage\",\"@id\":\"https:\/\/business.roovi.com\/ro\/magic-truck-autospeciala-de-pompieri-wader\/p\/\",\"url\":\"https:\/\/business.roovi.com\/ro\/magic-truck-autospeciala-de-pompieri-wader\/p\/\",\"name\":\"Magic Truck - Autospecial\u0103 de pompieri - WADER - Roovi B2B\",\"isPartOf\":{\"@id\":\"https:\/\/business.roovi.com\/ro\/#website\"},\"datePublished\":\"2024-10-24T08:28:23+00:00\",\"dateModified\":\"2024-10-24T08:32:09+00:00\",\"breadcrumb\":{\"@id\":\"https:\/\/business.roovi.com\/ro\/magic-truck-autospeciala-de-pompieri-wader\/p\/#breadcrumb\"},\"inLanguage\":\"ro-RO\",\"potentialAction\":[{\"@type\":\"ReadAction\",\"target\":[\"https:\/\/business.roovi.com\/ro\/magic-truck-autospeciala-de-pompieri-wader\/p\/\"]}]},{\"@type\":\"BreadcrumbList\",\"@id\":\"https:\/\/business.roovi.com\/ro\/magic-truck-autospeciala-de-pompieri-wader\/p\/#breadcrumb\",\"itemListElement\":[{\"@type\":\"ListItem\",\"position\":1,\"name\":\"Home\",\"item\":\"https:\/\/business.roovi.com\/ro\/\"},{\"@type\":\"ListItem\",\"position\":2,\"name\":\"Magazin\",\"item\":\"https:\/\/business.roovi.com\/ro\/magazin\/\"},{\"@type\":\"ListItem\",\"position\":3,\"name\":\"Magic Truck &#8211; Autospecial\u0103 de pompieri &#8211; WADER\"}]},{\"@type\":\"WebSite\",\"@id\":\"https:\/\/business.roovi.com\/ro\/#website\",\"url\":\"https:\/\/business.roovi.com\/ro\/\",\"name\":\"Roovi B2B\",\"description\":\"Roovi Business Website\",\"potentialAction\":[{\"@type\":\"SearchAction\",\"target\":{\"@type\":\"EntryPoint\",\"urlTemplate\":\"https:\/\/business.roovi.com\/ro\/?s={search_term_string}\"},\"query-input\":\"required name=search_term_string\"}],\"inLanguage\":\"ro-RO\"}]}<\/script>\n<!-- \/ Yoast SEO plugin. -->","yoast_head_json":{"title":"Magic Truck - Autospecial\u0103 de pompieri - WADER - Roovi B2B","robots":{"index":"index","follow":"follow","max-snippet":"max-snippet:-1","max-image-preview":"max-image-preview:large","max-video-preview":"max-video-preview:-1"},"canonical":"https:\/\/business.roovi.com\/ro\/magic-truck-autospeciala-de-pompieri-wader\/p\/","og_locale":"ro_RO","og_type":"article","og_title":"Magic Truck - Autospecial\u0103 de pompieri - WADER - Roovi B2B","og_description":"Copilul t\u0103u se viseaz\u0103 pompier? E fascinat de autospecialele de interven\u021bie \u0219i de misiunile speciale la care sunt folosite? Magic","og_url":"https:\/\/business.roovi.com\/ro\/magic-truck-autospeciala-de-pompieri-wader\/p\/","og_site_name":"Roovi B2B","article_publisher":"https:\/\/www.facebook.com\/wwwjucariero","article_modified_time":"2024-10-24T08:32:09+00:00","og_image":[{"width":1500,"height":1500,"url":"https:\/\/business.roovi.com\/wp-content\/uploads\/2024\/10\/36221_WADER_2024_INTERNET.jpg","type":"image\/jpeg"}],"twitter_misc":{"Timp estimat pentru citire":"2 minute"},"schema":{"@context":"https:\/\/schema.org","@graph":[{"@type":"WebPage","@id":"https:\/\/business.roovi.com\/ro\/magic-truck-autospeciala-de-pompieri-wader\/p\/","url":"https:\/\/business.roovi.com\/ro\/magic-truck-autospeciala-de-pompieri-wader\/p\/","name":"Magic Truck - Autospecial\u0103 de pompieri - WADER - Roovi B2B","isPartOf":{"@id":"https:\/\/business.roovi.com\/ro\/#website"},"datePublished":"2024-10-24T08:28:23+00:00","dateModified":"2024-10-24T08:32:09+00:00","breadcrumb":{"@id":"https:\/\/business.roovi.com\/ro\/magic-truck-autospeciala-de-pompieri-wader\/p\/#breadcrumb"},"inLanguage":"ro-RO","potentialAction":[{"@type":"ReadAction","target":["https:\/\/business.roovi.com\/ro\/magic-truck-autospeciala-de-pompieri-wader\/p\/"]}]},{"@type":"BreadcrumbList","@id":"https:\/\/business.roovi.com\/ro\/magic-truck-autospeciala-de-pompieri-wader\/p\/#breadcrumb","itemListElement":[{"@type":"ListItem","position":1,"name":"Home","item":"https:\/\/business.roovi.com\/ro\/"},{"@type":"ListItem","position":2,"name":"Magazin","item":"https:\/\/business.roovi.com\/ro\/magazin\/"},{"@type":"ListItem","position":3,"name":"Magic Truck &#8211; Autospecial\u0103 de pompieri &#8211; WADER"}]},{"@type":"WebSite","@id":"https:\/\/business.roovi.com\/ro\/#website","url":"https:\/\/business.roovi.com\/ro\/","name":"Roovi B2B","description":"Roovi Business Website","potentialAction":[{"@type":"SearchAction","target":{"@type":"EntryPoint","urlTemplate":"https:\/\/business.roovi.com\/ro\/?s={search_term_string}"},"query-input":"required name=search_term_string"}],"inLanguage":"ro-RO"}]}},"_links":{"self":[{"href":"https:\/\/business.roovi.com\/ro\/wp-json\/wp\/v2\/product\/73736","targetHints":{"allow":["GET"]}}],"collection":[{"href":"https:\/\/business.roovi.com\/ro\/wp-json\/wp\/v2\/product"}],"about":[{"href":"https:\/\/business.roovi.com\/ro\/wp-json\/wp\/v2\/types\/product"}],"version-history":[{"count":0,"href":"https:\/\/business.roovi.com\/ro\/wp-json\/wp\/v2\/product\/73736\/revisions"}],"wp:featuredmedia":[{"embeddable":true,"href":"https:\/\/business.roovi.com\/ro\/wp-json\/wp\/v2\/media\/73743"}],"wp:attachment":[{"href":"https:\/\/business.roovi.com\/ro\/wp-json\/wp\/v2\/media?parent=73736"}],"wp:term":[{"taxonomy":"product_brand","embeddable":true,"href":"https:\/\/business.roovi.com\/ro\/wp-json\/wp\/v2\/product_brand?post=73736"},{"taxonomy":"product_cat","embeddable":true,"href":"https:\/\/business.roovi.com\/ro\/wp-json\/wp\/v2\/product_cat?post=73736"},{"taxonomy":"product_tag","embeddable":true,"href":"https:\/\/business.roovi.com\/ro\/wp-json\/wp\/v2\/product_tag?post=73736"}],"curies":[{"name":"wp","href":"https:\/\/api.w.org\/{rel}","templated":true}]}}