{"id":73737,"date":"2024-10-24T08:28:25","date_gmt":"2024-10-24T08:28:25","guid":{"rendered":"https:\/\/business.roovi.com\/?post_type=product&#038;p=73737"},"modified":"2024-10-24T08:31:56","modified_gmt":"2024-10-24T08:31:56","slug":"play-house-casuta-de-papusi-wader","status":"publish","type":"product","link":"https:\/\/business.roovi.com\/ro\/play-house-casuta-de-papusi-wader\/p\/","title":{"rendered":"Play House &#8211; C\u0103su\u021b\u0103 de p\u0103pu\u0219i &#8211; WADER"},"content":{"rendered":"<p><strong>Ofer\u0103-i micu\u021bei tale un dar pre\u021bios pe care orice feti\u021b\u0103 \u0219i-l dore\u0219te: o c\u0103su\u021b\u0103 de p\u0103pu\u0219i! Cu teras\u0103, living, buc\u0103t\u0103rie, camere la etaj, precum \u0219i cu 14 piese de mobilier incluse, c\u0103su\u021ba de p\u0103pu\u0219i ofer\u0103 nenum\u0103rate oportunit\u0103\u021bi de joac\u0103 \u0219i explorare.<\/strong><\/p>\n<p>\u00cen plus, \u00een aceast\u0103 c\u0103su\u021b\u0103 vesel\u0103 \u0219i colorat\u0103 feti\u021bele \u00ee\u0219i pot aranja p\u0103pu\u0219ile, anim\u0103lu\u021bele de plus sau alte juc\u0103rii, a\u0219a cum \u00ee\u0219i doresc. Setul con\u021bine \u0219i numeroase autocolante cu ajutorul c\u0103rora copiii \u00ee\u0219i pot personaliza c\u0103su\u021ba dup\u0103 propriul plac.<\/p>\n<p><strong>De ce s\u0103 alegi setul Play house \u2013 C\u0103su\u021ba de p\u0103pu\u0219i<\/strong><\/p>\n<p>C\u0103su\u021ba de p\u0103pu\u0219i le ofer\u0103 copiilor un spa\u021biu \u00een care \u00ee\u0219i pot imagina pove\u0219ti \u0219i scenarii de via\u021b\u0103, stimul\u00e2ndu-le astfel creativitatea \u0219i imagina\u021bia.<\/p>\n<p>Cu ajutorul acestui set, cei mici pot experimenta jocul de rol, \u00ee\u0219i pot asuma diferite responsabilit\u0103\u021bi, precum cele de p\u0103rinte, frate sau sor\u0103 \u00eenv\u0103\u021b\u00e2nd astfel mai multe despre dinamica familiei.<\/p>\n<p>Manipularea pieselor mici, cum ar fi mobilierul \u0219i p\u0103pu\u0219ile, ajut\u0103 la \u00eembun\u0103t\u0103\u021birea coordon\u0103rii m\u00e2n\u0103-ochi \u0219i a abilit\u0103\u021bilor motorii fine.<\/p>\n<p>C\u0103su\u021ba de p\u0103pu\u0219i poate fi prilejul perfect pentru a experimenta jocul \u00een grup, colaborarea \u0219i interac\u021biunea social\u0103 \u00eentre copii. Acest lucru le dezvolt\u0103 abilit\u0103\u021bile de comunicare, altruism \u0219i empatie.<\/p>\n<p>\u00cen c\u0103su\u0219a de p\u0103pu\u0219i copiii sunt liberi s\u0103-\u0219i aranjeze lucrurile cum vor, dezvolt\u00e2ndu-\u0219i astfel sim\u021bul estetic.<\/p>\n<p><strong>Caracteristici:<\/strong><\/p>\n<ul>\n<li>Dimensiuni: 37 cm x 30 cm<\/li>\n<li>Setul include o c\u0103su\u021b\u0103, 14 piese de mobilier, ferestre, sc\u0103ri, u\u0219i mobile \u0219i foi de autocolante.<\/li>\n<li>Toate elementele sunt sigure pentru copii, fiind realizate din materiale rezistente, de calitate superioar\u0103.<\/li>\n<li>Casa este dotata cu un m\u00e2ner montat pe acoperi\u0219, astfel \u00eenc\u00e2t s\u0103 poat\u0103 fi mutat\u0103 cu u\u0219urin\u021b\u0103 \u00een orice loc.<\/li>\n<li>Recomandat copiilor cu v\u00e2rsta peste 3 ani.<\/li>\n<\/ul>\n","protected":false},"excerpt":{"rendered":"<p>Ofer\u0103-i micu\u021bei tale un dar pre\u021bios pe care orice feti\u021b\u0103 \u0219i-l dore\u0219te: o c\u0103su\u021b\u0103 de p\u0103pu\u0219i! Cu teras\u0103, living, buc\u0103t\u0103rie,<\/p>\n","protected":false},"featured_media":73764,"template":"","meta":[],"product_brand":[],"product_cat":[2730],"product_tag":[],"class_list":{"0":"post-73737","1":"product","2":"type-product","3":"status-publish","4":"has-post-thumbnail","6":"product_cat-papusi-si-accesorii","7":"pa_filter_age-3_5","8":"pa_filter_age-5_7","9":"pa_filter_age-7_9","10":"pa_filter_age-9_14","12":"first","13":"instock","14":"taxable","15":"shipping-taxable","16":"product-type-simple"},"yoast_head":"<!-- This site is optimized with the Yoast SEO plugin v20.1 - https:\/\/yoast.com\/wordpress\/plugins\/seo\/ -->\n<title>Play House - C\u0103su\u021b\u0103 de p\u0103pu\u0219i - WADER - Roovi B2B<\/title>\n<meta name=\"robots\" content=\"index, follow, max-snippet:-1, max-image-preview:large, max-video-preview:-1\" \/>\n<link rel=\"canonical\" href=\"https:\/\/business.roovi.com\/ro\/play-house-casuta-de-papusi-wader\/p\/\" \/>\n<meta property=\"og:locale\" content=\"ro_RO\" \/>\n<meta property=\"og:type\" content=\"article\" \/>\n<meta property=\"og:title\" content=\"Play House - C\u0103su\u021b\u0103 de p\u0103pu\u0219i - WADER - Roovi B2B\" \/>\n<meta property=\"og:description\" content=\"Ofer\u0103-i micu\u021bei tale un dar pre\u021bios pe care orice feti\u021b\u0103 \u0219i-l dore\u0219te: o c\u0103su\u021b\u0103 de p\u0103pu\u0219i! Cu teras\u0103, living, buc\u0103t\u0103rie,\" \/>\n<meta property=\"og:url\" content=\"https:\/\/business.roovi.com\/ro\/play-house-casuta-de-papusi-wader\/p\/\" \/>\n<meta property=\"og:site_name\" content=\"Roovi B2B\" \/>\n<meta property=\"article:publisher\" content=\"https:\/\/www.facebook.com\/wwwjucariero\" \/>\n<meta property=\"article:modified_time\" content=\"2024-10-24T08:31:56+00:00\" \/>\n<meta property=\"og:image\" content=\"https:\/\/business.roovi.com\/wp-content\/uploads\/2024\/10\/25400-tyl_WADER_2021_INTERNET.jpg\" \/>\n\t<meta property=\"og:image:width\" content=\"1500\" \/>\n\t<meta property=\"og:image:height\" content=\"1500\" \/>\n\t<meta property=\"og:image:type\" content=\"image\/jpeg\" \/>\n<meta name=\"twitter:label1\" content=\"Timp estimat pentru citire\" \/>\n\t<meta name=\"twitter:data1\" content=\"2 minute\" \/>\n<script type=\"application\/ld+json\" class=\"yoast-schema-graph\">{\"@context\":\"https:\/\/schema.org\",\"@graph\":[{\"@type\":\"WebPage\",\"@id\":\"https:\/\/business.roovi.com\/ro\/play-house-casuta-de-papusi-wader\/p\/\",\"url\":\"https:\/\/business.roovi.com\/ro\/play-house-casuta-de-papusi-wader\/p\/\",\"name\":\"Play House - C\u0103su\u021b\u0103 de p\u0103pu\u0219i - WADER - Roovi B2B\",\"isPartOf\":{\"@id\":\"https:\/\/business.roovi.com\/ro\/#website\"},\"datePublished\":\"2024-10-24T08:28:25+00:00\",\"dateModified\":\"2024-10-24T08:31:56+00:00\",\"breadcrumb\":{\"@id\":\"https:\/\/business.roovi.com\/ro\/play-house-casuta-de-papusi-wader\/p\/#breadcrumb\"},\"inLanguage\":\"ro-RO\",\"potentialAction\":[{\"@type\":\"ReadAction\",\"target\":[\"https:\/\/business.roovi.com\/ro\/play-house-casuta-de-papusi-wader\/p\/\"]}]},{\"@type\":\"BreadcrumbList\",\"@id\":\"https:\/\/business.roovi.com\/ro\/play-house-casuta-de-papusi-wader\/p\/#breadcrumb\",\"itemListElement\":[{\"@type\":\"ListItem\",\"position\":1,\"name\":\"Home\",\"item\":\"https:\/\/business.roovi.com\/ro\/\"},{\"@type\":\"ListItem\",\"position\":2,\"name\":\"Magazin\",\"item\":\"https:\/\/business.roovi.com\/ro\/magazin\/\"},{\"@type\":\"ListItem\",\"position\":3,\"name\":\"Play House &#8211; C\u0103su\u021b\u0103 de p\u0103pu\u0219i &#8211; WADER\"}]},{\"@type\":\"WebSite\",\"@id\":\"https:\/\/business.roovi.com\/ro\/#website\",\"url\":\"https:\/\/business.roovi.com\/ro\/\",\"name\":\"Roovi B2B\",\"description\":\"Roovi Business Website\",\"potentialAction\":[{\"@type\":\"SearchAction\",\"target\":{\"@type\":\"EntryPoint\",\"urlTemplate\":\"https:\/\/business.roovi.com\/ro\/?s={search_term_string}\"},\"query-input\":\"required name=search_term_string\"}],\"inLanguage\":\"ro-RO\"}]}<\/script>\n<!-- \/ Yoast SEO plugin. -->","yoast_head_json":{"title":"Play House - C\u0103su\u021b\u0103 de p\u0103pu\u0219i - WADER - Roovi B2B","robots":{"index":"index","follow":"follow","max-snippet":"max-snippet:-1","max-image-preview":"max-image-preview:large","max-video-preview":"max-video-preview:-1"},"canonical":"https:\/\/business.roovi.com\/ro\/play-house-casuta-de-papusi-wader\/p\/","og_locale":"ro_RO","og_type":"article","og_title":"Play House - C\u0103su\u021b\u0103 de p\u0103pu\u0219i - WADER - Roovi B2B","og_description":"Ofer\u0103-i micu\u021bei tale un dar pre\u021bios pe care orice feti\u021b\u0103 \u0219i-l dore\u0219te: o c\u0103su\u021b\u0103 de p\u0103pu\u0219i! Cu teras\u0103, living, buc\u0103t\u0103rie,","og_url":"https:\/\/business.roovi.com\/ro\/play-house-casuta-de-papusi-wader\/p\/","og_site_name":"Roovi B2B","article_publisher":"https:\/\/www.facebook.com\/wwwjucariero","article_modified_time":"2024-10-24T08:31:56+00:00","og_image":[{"width":1500,"height":1500,"url":"https:\/\/business.roovi.com\/wp-content\/uploads\/2024\/10\/25400-tyl_WADER_2021_INTERNET.jpg","type":"image\/jpeg"}],"twitter_misc":{"Timp estimat pentru citire":"2 minute"},"schema":{"@context":"https:\/\/schema.org","@graph":[{"@type":"WebPage","@id":"https:\/\/business.roovi.com\/ro\/play-house-casuta-de-papusi-wader\/p\/","url":"https:\/\/business.roovi.com\/ro\/play-house-casuta-de-papusi-wader\/p\/","name":"Play House - C\u0103su\u021b\u0103 de p\u0103pu\u0219i - WADER - Roovi B2B","isPartOf":{"@id":"https:\/\/business.roovi.com\/ro\/#website"},"datePublished":"2024-10-24T08:28:25+00:00","dateModified":"2024-10-24T08:31:56+00:00","breadcrumb":{"@id":"https:\/\/business.roovi.com\/ro\/play-house-casuta-de-papusi-wader\/p\/#breadcrumb"},"inLanguage":"ro-RO","potentialAction":[{"@type":"ReadAction","target":["https:\/\/business.roovi.com\/ro\/play-house-casuta-de-papusi-wader\/p\/"]}]},{"@type":"BreadcrumbList","@id":"https:\/\/business.roovi.com\/ro\/play-house-casuta-de-papusi-wader\/p\/#breadcrumb","itemListElement":[{"@type":"ListItem","position":1,"name":"Home","item":"https:\/\/business.roovi.com\/ro\/"},{"@type":"ListItem","position":2,"name":"Magazin","item":"https:\/\/business.roovi.com\/ro\/magazin\/"},{"@type":"ListItem","position":3,"name":"Play House &#8211; C\u0103su\u021b\u0103 de p\u0103pu\u0219i &#8211; WADER"}]},{"@type":"WebSite","@id":"https:\/\/business.roovi.com\/ro\/#website","url":"https:\/\/business.roovi.com\/ro\/","name":"Roovi B2B","description":"Roovi Business Website","potentialAction":[{"@type":"SearchAction","target":{"@type":"EntryPoint","urlTemplate":"https:\/\/business.roovi.com\/ro\/?s={search_term_string}"},"query-input":"required name=search_term_string"}],"inLanguage":"ro-RO"}]}},"_links":{"self":[{"href":"https:\/\/business.roovi.com\/ro\/wp-json\/wp\/v2\/product\/73737","targetHints":{"allow":["GET"]}}],"collection":[{"href":"https:\/\/business.roovi.com\/ro\/wp-json\/wp\/v2\/product"}],"about":[{"href":"https:\/\/business.roovi.com\/ro\/wp-json\/wp\/v2\/types\/product"}],"version-history":[{"count":0,"href":"https:\/\/business.roovi.com\/ro\/wp-json\/wp\/v2\/product\/73737\/revisions"}],"wp:featuredmedia":[{"embeddable":true,"href":"https:\/\/business.roovi.com\/ro\/wp-json\/wp\/v2\/media\/73764"}],"wp:attachment":[{"href":"https:\/\/business.roovi.com\/ro\/wp-json\/wp\/v2\/media?parent=73737"}],"wp:term":[{"taxonomy":"product_brand","embeddable":true,"href":"https:\/\/business.roovi.com\/ro\/wp-json\/wp\/v2\/product_brand?post=73737"},{"taxonomy":"product_cat","embeddable":true,"href":"https:\/\/business.roovi.com\/ro\/wp-json\/wp\/v2\/product_cat?post=73737"},{"taxonomy":"product_tag","embeddable":true,"href":"https:\/\/business.roovi.com\/ro\/wp-json\/wp\/v2\/product_tag?post=73737"}],"curies":[{"name":"wp","href":"https:\/\/api.w.org\/{rel}","templated":true}]}}