{"id":73738,"date":"2024-10-24T08:28:25","date_gmt":"2024-10-24T08:28:25","guid":{"rendered":"https:\/\/business.roovi.com\/?post_type=product&#038;p=73738"},"modified":"2024-10-24T08:32:02","modified_gmt":"2024-10-24T08:32:02","slug":"set-instrumente-muzicale-pentru-copii","status":"publish","type":"product","link":"https:\/\/business.roovi.com\/ro\/set-instrumente-muzicale-pentru-copii\/p\/","title":{"rendered":"Set instrumente muzicale pentru copii"},"content":{"rendered":"<p><strong>Tu \u0219tii c\u00e2t de important\u0103 este muzica pentru dezvoltarea armonioas\u0103 a copilului t\u0103u? Studiile arat\u0103 c\u0103 sunetele muzicale dezvolt\u0103 aten\u021bia \u0219i percep\u021bia, precum \u0219i sistemul nervos al micu\u021bilor. Dac\u0103 vrei ca \u0219i puiul t\u0103u s\u0103 se bucure de o experien\u021b\u0103 muzical\u0103 frumoas\u0103 chiar din primele luni de via\u021b\u0103, avem setul muzical perfect pentru el!<\/strong><\/p>\n<p>Acesta con\u021bine dou\u0103 instrumente muzicale \u2013 tamburin\u0103 \u0219i maracas \u2013 potrivite pentru m\u00e2inile mici ale copiilor care le pot manevra cu u\u0219urin\u021b\u0103 a\u0219a cum \u00ee\u0219i doresc. De asemenea, instrumentele muzicale sunt realizate din materiale de calitate superioar\u0103 \u0219i au au design colorat, care le capteaz\u0103 \u0219i le men\u021bine celor mici aten\u021bia un timp \u00eendelungat.<\/p>\n<p><strong>Ce avantaje \u0219i beneficii ofer\u0103 setul cu instrumente muzicale<\/strong><\/p>\n<ul>\n<li><strong>Ajut\u0103 la dezvoltarea motricit\u0103\u021bii fine:<\/strong> ambele instrumente muzicale sunt ideale pentru a exersa coordonarea m\u00e2n\u0103-ochi \u0219i abilit\u0103\u021bile motorii fine. Mi\u0219c\u0103rile ritmice ajut\u0103 la \u00eent\u0103rirea mu\u0219chilor m\u00e2inilor \u0219i la dezvoltarea dexterit\u0103\u021bii.<\/li>\n<li><strong>Stimuleaz\u0103 dezvoltarea creativit\u0103\u021bii:<\/strong> instrumentele emit sunete pl\u0103cute care \u00eei inspir\u0103 pe copii s\u0103 se exprime artistic \u00eentr-un mod original.<\/li>\n<li><strong>Dezvolt\u0103 aten\u021bia \u0219i urechea muzical\u0103:<\/strong> sunetele musicale \u00eei atrag pe copii din primele zile de via\u021b\u0103, iar aceste juc\u0103rii muzicale le stimuleaz\u0103 curiozitatea \u0219i \u00eei ajut\u0103pe micu\u021bi s\u0103 \u00ee\u0219i dezvolte urechea muzical\u0103.<\/li>\n<li><strong>Stimuleaz\u0103 \u00eenv\u0103\u021barea prin joc:<\/strong> jocul cu aceste instrumente musicale poate fi prilejul perfect pentru ale vorbi celor mic despre sunete, instrumente \u0219i ritmuti musicale, ajut\u00e2ndu-i s\u0103 \u00ee\u0219i \u00eensu\u0219easc\u0103 no\u021biuni elementare despre muzic\u0103.<\/li>\n<li><strong>Cadoul perfect:<\/strong> culorile vii \u0219i designul atr\u0103g\u0103tor, precum \u0219i materialul de calitate superioar\u0103 din care sunt realizate instrumentele transf\u0103rm\u0103 acest set \u00eentr-un cadou perfect de s\u0103rb\u0103tori sau cu alte ocazii festive.<\/li>\n<\/ul>\n<p>Ajut\u0103-l pe copilul t\u0103u s\u0103 descopere lumea prin intermediul sunetelor muzicale! Ofer\u0103-i setul cu dou\u0103 instrumente musicale \u2013 tamburin\u0103 \u0219i maracas \u2013 \u0219i prive\u0219te-l cum se exprim\u0103 creativ a\u0219a cum \u00ee\u0219i dore\u0219te!<\/p>\n","protected":false},"excerpt":{"rendered":"<p>Tu \u0219tii c\u00e2t de important\u0103 este muzica pentru dezvoltarea armonioas\u0103 a copilului t\u0103u? Studiile arat\u0103 c\u0103 sunetele muzicale dezvolt\u0103 aten\u021bia<\/p>\n","protected":false},"featured_media":73790,"template":"","meta":[],"product_brand":[],"product_cat":[2731],"product_tag":[],"class_list":{"0":"post-73738","1":"product","2":"type-product","3":"status-publish","4":"has-post-thumbnail","6":"product_cat-articole-pentru-petreceri-alte-jucarii-si-jocuri-hu","7":"pa_filter_age-0_3","8":"pa_filter_age-3_5","9":"pa_filter_age-5_7","10":"pa_filter_age-7_9","11":"pa_filter_age-9_14","13":"first","14":"instock","15":"taxable","16":"shipping-taxable","17":"product-type-simple"},"yoast_head":"<!-- This site is optimized with the Yoast SEO plugin v20.1 - https:\/\/yoast.com\/wordpress\/plugins\/seo\/ -->\n<title>Set instrumente muzicale pentru copii - Roovi B2B<\/title>\n<meta name=\"robots\" content=\"index, follow, max-snippet:-1, max-image-preview:large, max-video-preview:-1\" \/>\n<link rel=\"canonical\" href=\"https:\/\/business.roovi.com\/ro\/set-instrumente-muzicale-pentru-copii\/p\/\" \/>\n<meta property=\"og:locale\" content=\"ro_RO\" \/>\n<meta property=\"og:type\" content=\"article\" \/>\n<meta property=\"og:title\" content=\"Set instrumente muzicale pentru copii - Roovi B2B\" \/>\n<meta property=\"og:description\" content=\"Tu \u0219tii c\u00e2t de important\u0103 este muzica pentru dezvoltarea armonioas\u0103 a copilului t\u0103u? Studiile arat\u0103 c\u0103 sunetele muzicale dezvolt\u0103 aten\u021bia\" \/>\n<meta property=\"og:url\" content=\"https:\/\/business.roovi.com\/ro\/set-instrumente-muzicale-pentru-copii\/p\/\" \/>\n<meta property=\"og:site_name\" content=\"Roovi B2B\" \/>\n<meta property=\"article:publisher\" content=\"https:\/\/www.facebook.com\/wwwjucariero\" \/>\n<meta property=\"article:modified_time\" content=\"2024-10-24T08:32:02+00:00\" \/>\n<meta property=\"og:image\" content=\"https:\/\/business.roovi.com\/wp-content\/uploads\/2024\/10\/P1052266-min.jpg\" \/>\n\t<meta property=\"og:image:width\" content=\"1200\" \/>\n\t<meta property=\"og:image:height\" content=\"1200\" \/>\n\t<meta property=\"og:image:type\" content=\"image\/jpeg\" \/>\n<meta name=\"twitter:label1\" content=\"Timp estimat pentru citire\" \/>\n\t<meta name=\"twitter:data1\" content=\"2 minute\" \/>\n<script type=\"application\/ld+json\" class=\"yoast-schema-graph\">{\"@context\":\"https:\/\/schema.org\",\"@graph\":[{\"@type\":\"WebPage\",\"@id\":\"https:\/\/business.roovi.com\/ro\/set-instrumente-muzicale-pentru-copii\/p\/\",\"url\":\"https:\/\/business.roovi.com\/ro\/set-instrumente-muzicale-pentru-copii\/p\/\",\"name\":\"Set instrumente muzicale pentru copii - Roovi B2B\",\"isPartOf\":{\"@id\":\"https:\/\/business.roovi.com\/ro\/#website\"},\"datePublished\":\"2024-10-24T08:28:25+00:00\",\"dateModified\":\"2024-10-24T08:32:02+00:00\",\"breadcrumb\":{\"@id\":\"https:\/\/business.roovi.com\/ro\/set-instrumente-muzicale-pentru-copii\/p\/#breadcrumb\"},\"inLanguage\":\"ro-RO\",\"potentialAction\":[{\"@type\":\"ReadAction\",\"target\":[\"https:\/\/business.roovi.com\/ro\/set-instrumente-muzicale-pentru-copii\/p\/\"]}]},{\"@type\":\"BreadcrumbList\",\"@id\":\"https:\/\/business.roovi.com\/ro\/set-instrumente-muzicale-pentru-copii\/p\/#breadcrumb\",\"itemListElement\":[{\"@type\":\"ListItem\",\"position\":1,\"name\":\"Home\",\"item\":\"https:\/\/business.roovi.com\/ro\/\"},{\"@type\":\"ListItem\",\"position\":2,\"name\":\"Magazin\",\"item\":\"https:\/\/business.roovi.com\/ro\/magazin\/\"},{\"@type\":\"ListItem\",\"position\":3,\"name\":\"Set instrumente muzicale pentru copii\"}]},{\"@type\":\"WebSite\",\"@id\":\"https:\/\/business.roovi.com\/ro\/#website\",\"url\":\"https:\/\/business.roovi.com\/ro\/\",\"name\":\"Roovi B2B\",\"description\":\"Roovi Business Website\",\"potentialAction\":[{\"@type\":\"SearchAction\",\"target\":{\"@type\":\"EntryPoint\",\"urlTemplate\":\"https:\/\/business.roovi.com\/ro\/?s={search_term_string}\"},\"query-input\":\"required name=search_term_string\"}],\"inLanguage\":\"ro-RO\"}]}<\/script>\n<!-- \/ Yoast SEO plugin. -->","yoast_head_json":{"title":"Set instrumente muzicale pentru copii - Roovi B2B","robots":{"index":"index","follow":"follow","max-snippet":"max-snippet:-1","max-image-preview":"max-image-preview:large","max-video-preview":"max-video-preview:-1"},"canonical":"https:\/\/business.roovi.com\/ro\/set-instrumente-muzicale-pentru-copii\/p\/","og_locale":"ro_RO","og_type":"article","og_title":"Set instrumente muzicale pentru copii - Roovi B2B","og_description":"Tu \u0219tii c\u00e2t de important\u0103 este muzica pentru dezvoltarea armonioas\u0103 a copilului t\u0103u? Studiile arat\u0103 c\u0103 sunetele muzicale dezvolt\u0103 aten\u021bia","og_url":"https:\/\/business.roovi.com\/ro\/set-instrumente-muzicale-pentru-copii\/p\/","og_site_name":"Roovi B2B","article_publisher":"https:\/\/www.facebook.com\/wwwjucariero","article_modified_time":"2024-10-24T08:32:02+00:00","og_image":[{"width":1200,"height":1200,"url":"https:\/\/business.roovi.com\/wp-content\/uploads\/2024\/10\/P1052266-min.jpg","type":"image\/jpeg"}],"twitter_misc":{"Timp estimat pentru citire":"2 minute"},"schema":{"@context":"https:\/\/schema.org","@graph":[{"@type":"WebPage","@id":"https:\/\/business.roovi.com\/ro\/set-instrumente-muzicale-pentru-copii\/p\/","url":"https:\/\/business.roovi.com\/ro\/set-instrumente-muzicale-pentru-copii\/p\/","name":"Set instrumente muzicale pentru copii - Roovi B2B","isPartOf":{"@id":"https:\/\/business.roovi.com\/ro\/#website"},"datePublished":"2024-10-24T08:28:25+00:00","dateModified":"2024-10-24T08:32:02+00:00","breadcrumb":{"@id":"https:\/\/business.roovi.com\/ro\/set-instrumente-muzicale-pentru-copii\/p\/#breadcrumb"},"inLanguage":"ro-RO","potentialAction":[{"@type":"ReadAction","target":["https:\/\/business.roovi.com\/ro\/set-instrumente-muzicale-pentru-copii\/p\/"]}]},{"@type":"BreadcrumbList","@id":"https:\/\/business.roovi.com\/ro\/set-instrumente-muzicale-pentru-copii\/p\/#breadcrumb","itemListElement":[{"@type":"ListItem","position":1,"name":"Home","item":"https:\/\/business.roovi.com\/ro\/"},{"@type":"ListItem","position":2,"name":"Magazin","item":"https:\/\/business.roovi.com\/ro\/magazin\/"},{"@type":"ListItem","position":3,"name":"Set instrumente muzicale pentru copii"}]},{"@type":"WebSite","@id":"https:\/\/business.roovi.com\/ro\/#website","url":"https:\/\/business.roovi.com\/ro\/","name":"Roovi B2B","description":"Roovi Business Website","potentialAction":[{"@type":"SearchAction","target":{"@type":"EntryPoint","urlTemplate":"https:\/\/business.roovi.com\/ro\/?s={search_term_string}"},"query-input":"required name=search_term_string"}],"inLanguage":"ro-RO"}]}},"_links":{"self":[{"href":"https:\/\/business.roovi.com\/ro\/wp-json\/wp\/v2\/product\/73738","targetHints":{"allow":["GET"]}}],"collection":[{"href":"https:\/\/business.roovi.com\/ro\/wp-json\/wp\/v2\/product"}],"about":[{"href":"https:\/\/business.roovi.com\/ro\/wp-json\/wp\/v2\/types\/product"}],"version-history":[{"count":0,"href":"https:\/\/business.roovi.com\/ro\/wp-json\/wp\/v2\/product\/73738\/revisions"}],"wp:featuredmedia":[{"embeddable":true,"href":"https:\/\/business.roovi.com\/ro\/wp-json\/wp\/v2\/media\/73790"}],"wp:attachment":[{"href":"https:\/\/business.roovi.com\/ro\/wp-json\/wp\/v2\/media?parent=73738"}],"wp:term":[{"taxonomy":"product_brand","embeddable":true,"href":"https:\/\/business.roovi.com\/ro\/wp-json\/wp\/v2\/product_brand?post=73738"},{"taxonomy":"product_cat","embeddable":true,"href":"https:\/\/business.roovi.com\/ro\/wp-json\/wp\/v2\/product_cat?post=73738"},{"taxonomy":"product_tag","embeddable":true,"href":"https:\/\/business.roovi.com\/ro\/wp-json\/wp\/v2\/product_tag?post=73738"}],"curies":[{"name":"wp","href":"https:\/\/api.w.org\/{rel}","templated":true}]}}