{"id":73740,"date":"2024-10-24T08:28:26","date_gmt":"2024-10-24T08:28:26","guid":{"rendered":"https:\/\/business.roovi.com\/?post_type=product&#038;p=73740"},"modified":"2024-10-24T08:31:43","modified_gmt":"2024-10-24T08:31:43","slug":"aventurile-lui-barba-cot-si-piticot","status":"publish","type":"product","link":"https:\/\/business.roovi.com\/ro\/aventurile-lui-barba-cot-si-piticot\/p\/","title":{"rendered":"Aventurile lui Barb\u0103-Cot \u0219i Piticot"},"content":{"rendered":"<p><strong>Descoper\u0103 Aventurile lui Barb\u0103-Cot \u0219i Piticot un nou joc de societate pentru copii de la D-Toys! Intr\u0103 \u00een lumea simpaticelor personaje \u0219i tr\u0103ie\u0219te o aventur\u0103 palpitant\u0103, plin\u0103 de mister \u0219i neprev\u0103zut!<\/strong><\/p>\n<p>Ner\u0103bd\u0103tor s\u0103-\u021bi \u00eencerci norocul \u0219i s\u0103-\u021bi demonstrezi tenacitatea? D\u0103 cu zarul \u0219i intr\u0103 pe traseul magic al\u0103turi de Barb\u0103-Cot \u0219i Piticot. \u00cenfrunt\u0103 obstacolele care apar pe parcursul c\u0103l\u0103toriei \u0219i demonstreaz\u0103-\u021bi curajul pentru a le dep\u0103\u0219i. Fii primul care descoper\u0103 comoara ascuns\u0103 \u0219i c\u00e2\u0219tig\u0103 jocul!<\/p>\n<p>Aventurile lui Barb\u0103-Cot \u0219i Piticot este un joc de societate adorabil care promoveaz\u0103 distrac\u021bia f\u0103r\u0103 limite \u0219i conexiunea autentic\u0103 \u00eentre participan\u021bi.<\/p>\n<p>Fiecare mutare pe tabla de joc este o bucurie pur\u0103 pe care copilul t\u0103u o tr\u0103ie\u0219te cu intensitate maxim\u0103. Peripe\u021biile de pe traseu \u0219i micile piedici \u00eent\u00e2lnite de-a lungul drumului, dau farmec jocului \u0219i \u00eei ajut\u0103 pe copii s\u0103 descopere lumea minunat\u0103 a pove\u0219tilor de alt\u0103dat\u0103, cu pitici simpatici, z\u00e2ne \u0219i alte personaje fantastice.<\/p>\n<p><strong>De ce s\u0103 alegi jocul de societate pentru copii Aventurile lui Barb\u0103-Cot \u0219i Piticot<\/strong><\/p>\n<p>Jocul presupune interac\u021biune \u0219i colaborare \u00eentre participan\u021bi, copiii deprinz\u00e2nd astfel abilit\u0103\u021bi importante de cooperare, comunicare \u0219i respectarea regulilor.<\/p>\n<p>Promoveaz\u0103 competi\u021bia s\u0103n\u0103toas\u0103 \u00eentre copii, \u00eenv\u0103\u021b\u00e2ndu-i pe micu\u021bi s\u0103 concureze \u00een mod onest \u0219i s\u0103 experimenteze at\u00e2t succesul, c\u00e2t \u0219i e\u0219ecul \u00eentr-un mediu prietenos \u0219i vesel.<\/p>\n<p>Stimuleaz\u0103 g\u00e2ndirea logic\u0103 \u0219i abilit\u0103\u021bile strategice \u00eentruc\u00e2t, pe m\u0103sur\u0103 ce \u00eenainteaz\u0103 pe tabla de joc, copiii trebuie s\u0103 ia decizii \u0219i s\u0103 elaboreze o strategie pentru a c\u00e2\u0219tiga.<\/p>\n<p>Manipularea pionilor \u0219i a zarului stimuleaz\u0103 dezvoltarea abilit\u0103\u021bilor de motricitate fin\u0103 \u0219i de coordonare.<\/p>\n<p>Promoveaz\u0103 dezvoltarea r\u0103bd\u0103rii \u0219i a spiritului de echip\u0103, abilit\u0103\u021bi esen\u021biale at\u00e2t \u00een jocuri, c\u00e2t \u0219i \u00een via\u021ba de zi cu zi.<\/p>\n<p><strong>Aventurile lui Barb\u0103-cot \u0219i Piticot \u2013 un set cu ilustra\u021bii adorabile, creat cu grij\u0103 pentru copii \u0219i pentru natur\u0103<\/strong><\/p>\n<p>Jocul Aventurile lui Barb\u0103-Cot \u0219i Piticot este realizat din materiale de calitate foarte bun\u0103, prietenoase cu copiii, fiind sigure pentru s\u0103n\u0103tatea acestora, c\u00e2t \u0219i pentru mediu.<\/p>\n<p>\u00cen plus, datorit\u0103 graficii de excep\u021bie \u0219i pline de culoare, simpaticii Barb\u0103-Cot \u0219i Piticot prind via\u021b\u0103 pe tabla de joc, transform\u00e2nd jocul \u00eentr-o activitate captivant\u0103 \u0219i atractiv\u0103. Jocul creeaz\u0103 astfel premisele ideale pentru a le vorbi copiilor despre personajele din pove\u0219ti, dar \u0219i despre calit\u0103\u021bi umane, precum onestitatea, bun\u0103tatea sau curajul.<\/p>\n<p>Pentru o experien\u021b\u0103 de joac\u0103 \u0219i distrac\u021bie fabuloas\u0103, conectare cu copiii sau pentru a face un cadou deosebit unui copil curios \u0219i n\u0103zdr\u0103van, jocul de societate <strong>Aventurile lui Barb\u0103-Cot \u0219i Piticot<\/strong> este alegerea perfect\u0103.<\/p>\n","protected":false},"excerpt":{"rendered":"<p>Descoper\u0103 Aventurile lui Barb\u0103-Cot \u0219i Piticot un nou joc de societate pentru copii de la D-Toys! Intr\u0103 \u00een lumea simpaticelor<\/p>\n","protected":false},"featured_media":73862,"template":"","meta":[],"product_brand":[],"product_cat":[1502,1467],"product_tag":[],"class_list":{"0":"post-73740","1":"product","2":"type-product","3":"status-publish","4":"has-post-thumbnail","6":"product_cat-jocuri-de-familie","7":"product_cat-jocuri-de-societate","8":"pa_filter_age-1315","9":"pa_filter_age-3_5","10":"pa_filter_age-5_7","11":"pa_filter_age-7_9","12":"pa_filter_age-9_14","14":"first","15":"instock","16":"taxable","17":"shipping-taxable","18":"product-type-simple"},"yoast_head":"<!-- This site is optimized with the Yoast SEO plugin v20.1 - https:\/\/yoast.com\/wordpress\/plugins\/seo\/ -->\n<title>Aventurile lui Barb\u0103-Cot \u0219i Piticot - Roovi B2B<\/title>\n<meta name=\"robots\" content=\"index, follow, max-snippet:-1, max-image-preview:large, max-video-preview:-1\" \/>\n<link rel=\"canonical\" href=\"https:\/\/business.roovi.com\/ro\/aventurile-lui-barba-cot-si-piticot\/p\/\" \/>\n<meta property=\"og:locale\" content=\"ro_RO\" \/>\n<meta property=\"og:type\" content=\"article\" \/>\n<meta property=\"og:title\" content=\"Aventurile lui Barb\u0103-Cot \u0219i Piticot - Roovi B2B\" \/>\n<meta property=\"og:description\" content=\"Descoper\u0103 Aventurile lui Barb\u0103-Cot \u0219i Piticot un nou joc de societate pentru copii de la D-Toys! Intr\u0103 \u00een lumea simpaticelor\" \/>\n<meta property=\"og:url\" content=\"https:\/\/business.roovi.com\/ro\/aventurile-lui-barba-cot-si-piticot\/p\/\" \/>\n<meta property=\"og:site_name\" content=\"Roovi B2B\" \/>\n<meta property=\"article:publisher\" content=\"https:\/\/www.facebook.com\/wwwjucariero\" \/>\n<meta property=\"article:modified_time\" content=\"2024-10-24T08:31:43+00:00\" \/>\n<meta property=\"og:image\" content=\"https:\/\/business.roovi.com\/wp-content\/uploads\/2024\/10\/Listing-barba-cot-si-piticot_81179_1.jpg\" \/>\n\t<meta property=\"og:image:width\" content=\"1200\" \/>\n\t<meta property=\"og:image:height\" content=\"1200\" \/>\n\t<meta property=\"og:image:type\" content=\"image\/jpeg\" \/>\n<meta name=\"twitter:label1\" content=\"Timp estimat pentru citire\" \/>\n\t<meta name=\"twitter:data1\" content=\"2 minute\" \/>\n<script type=\"application\/ld+json\" class=\"yoast-schema-graph\">{\"@context\":\"https:\/\/schema.org\",\"@graph\":[{\"@type\":\"WebPage\",\"@id\":\"https:\/\/business.roovi.com\/ro\/aventurile-lui-barba-cot-si-piticot\/p\/\",\"url\":\"https:\/\/business.roovi.com\/ro\/aventurile-lui-barba-cot-si-piticot\/p\/\",\"name\":\"Aventurile lui Barb\u0103-Cot \u0219i Piticot - Roovi B2B\",\"isPartOf\":{\"@id\":\"https:\/\/business.roovi.com\/ro\/#website\"},\"datePublished\":\"2024-10-24T08:28:26+00:00\",\"dateModified\":\"2024-10-24T08:31:43+00:00\",\"breadcrumb\":{\"@id\":\"https:\/\/business.roovi.com\/ro\/aventurile-lui-barba-cot-si-piticot\/p\/#breadcrumb\"},\"inLanguage\":\"ro-RO\",\"potentialAction\":[{\"@type\":\"ReadAction\",\"target\":[\"https:\/\/business.roovi.com\/ro\/aventurile-lui-barba-cot-si-piticot\/p\/\"]}]},{\"@type\":\"BreadcrumbList\",\"@id\":\"https:\/\/business.roovi.com\/ro\/aventurile-lui-barba-cot-si-piticot\/p\/#breadcrumb\",\"itemListElement\":[{\"@type\":\"ListItem\",\"position\":1,\"name\":\"Home\",\"item\":\"https:\/\/business.roovi.com\/ro\/\"},{\"@type\":\"ListItem\",\"position\":2,\"name\":\"Magazin\",\"item\":\"https:\/\/business.roovi.com\/ro\/magazin\/\"},{\"@type\":\"ListItem\",\"position\":3,\"name\":\"Aventurile lui Barb\u0103-Cot \u0219i Piticot\"}]},{\"@type\":\"WebSite\",\"@id\":\"https:\/\/business.roovi.com\/ro\/#website\",\"url\":\"https:\/\/business.roovi.com\/ro\/\",\"name\":\"Roovi B2B\",\"description\":\"Roovi Business Website\",\"potentialAction\":[{\"@type\":\"SearchAction\",\"target\":{\"@type\":\"EntryPoint\",\"urlTemplate\":\"https:\/\/business.roovi.com\/ro\/?s={search_term_string}\"},\"query-input\":\"required name=search_term_string\"}],\"inLanguage\":\"ro-RO\"}]}<\/script>\n<!-- \/ Yoast SEO plugin. -->","yoast_head_json":{"title":"Aventurile lui Barb\u0103-Cot \u0219i Piticot - Roovi B2B","robots":{"index":"index","follow":"follow","max-snippet":"max-snippet:-1","max-image-preview":"max-image-preview:large","max-video-preview":"max-video-preview:-1"},"canonical":"https:\/\/business.roovi.com\/ro\/aventurile-lui-barba-cot-si-piticot\/p\/","og_locale":"ro_RO","og_type":"article","og_title":"Aventurile lui Barb\u0103-Cot \u0219i Piticot - Roovi B2B","og_description":"Descoper\u0103 Aventurile lui Barb\u0103-Cot \u0219i Piticot un nou joc de societate pentru copii de la D-Toys! Intr\u0103 \u00een lumea simpaticelor","og_url":"https:\/\/business.roovi.com\/ro\/aventurile-lui-barba-cot-si-piticot\/p\/","og_site_name":"Roovi B2B","article_publisher":"https:\/\/www.facebook.com\/wwwjucariero","article_modified_time":"2024-10-24T08:31:43+00:00","og_image":[{"width":1200,"height":1200,"url":"https:\/\/business.roovi.com\/wp-content\/uploads\/2024\/10\/Listing-barba-cot-si-piticot_81179_1.jpg","type":"image\/jpeg"}],"twitter_misc":{"Timp estimat pentru citire":"2 minute"},"schema":{"@context":"https:\/\/schema.org","@graph":[{"@type":"WebPage","@id":"https:\/\/business.roovi.com\/ro\/aventurile-lui-barba-cot-si-piticot\/p\/","url":"https:\/\/business.roovi.com\/ro\/aventurile-lui-barba-cot-si-piticot\/p\/","name":"Aventurile lui Barb\u0103-Cot \u0219i Piticot - Roovi B2B","isPartOf":{"@id":"https:\/\/business.roovi.com\/ro\/#website"},"datePublished":"2024-10-24T08:28:26+00:00","dateModified":"2024-10-24T08:31:43+00:00","breadcrumb":{"@id":"https:\/\/business.roovi.com\/ro\/aventurile-lui-barba-cot-si-piticot\/p\/#breadcrumb"},"inLanguage":"ro-RO","potentialAction":[{"@type":"ReadAction","target":["https:\/\/business.roovi.com\/ro\/aventurile-lui-barba-cot-si-piticot\/p\/"]}]},{"@type":"BreadcrumbList","@id":"https:\/\/business.roovi.com\/ro\/aventurile-lui-barba-cot-si-piticot\/p\/#breadcrumb","itemListElement":[{"@type":"ListItem","position":1,"name":"Home","item":"https:\/\/business.roovi.com\/ro\/"},{"@type":"ListItem","position":2,"name":"Magazin","item":"https:\/\/business.roovi.com\/ro\/magazin\/"},{"@type":"ListItem","position":3,"name":"Aventurile lui Barb\u0103-Cot \u0219i Piticot"}]},{"@type":"WebSite","@id":"https:\/\/business.roovi.com\/ro\/#website","url":"https:\/\/business.roovi.com\/ro\/","name":"Roovi B2B","description":"Roovi Business Website","potentialAction":[{"@type":"SearchAction","target":{"@type":"EntryPoint","urlTemplate":"https:\/\/business.roovi.com\/ro\/?s={search_term_string}"},"query-input":"required name=search_term_string"}],"inLanguage":"ro-RO"}]}},"_links":{"self":[{"href":"https:\/\/business.roovi.com\/ro\/wp-json\/wp\/v2\/product\/73740","targetHints":{"allow":["GET"]}}],"collection":[{"href":"https:\/\/business.roovi.com\/ro\/wp-json\/wp\/v2\/product"}],"about":[{"href":"https:\/\/business.roovi.com\/ro\/wp-json\/wp\/v2\/types\/product"}],"version-history":[{"count":0,"href":"https:\/\/business.roovi.com\/ro\/wp-json\/wp\/v2\/product\/73740\/revisions"}],"wp:featuredmedia":[{"embeddable":true,"href":"https:\/\/business.roovi.com\/ro\/wp-json\/wp\/v2\/media\/73862"}],"wp:attachment":[{"href":"https:\/\/business.roovi.com\/ro\/wp-json\/wp\/v2\/media?parent=73740"}],"wp:term":[{"taxonomy":"product_brand","embeddable":true,"href":"https:\/\/business.roovi.com\/ro\/wp-json\/wp\/v2\/product_brand?post=73740"},{"taxonomy":"product_cat","embeddable":true,"href":"https:\/\/business.roovi.com\/ro\/wp-json\/wp\/v2\/product_cat?post=73740"},{"taxonomy":"product_tag","embeddable":true,"href":"https:\/\/business.roovi.com\/ro\/wp-json\/wp\/v2\/product_tag?post=73740"}],"curies":[{"name":"wp","href":"https:\/\/api.w.org\/{rel}","templated":true}]}}