{"id":73742,"date":"2024-10-24T08:28:27","date_gmt":"2024-10-24T08:28:27","guid":{"rendered":"https:\/\/business.roovi.com\/?post_type=product&#038;p=73742"},"modified":"2024-10-24T08:31:29","modified_gmt":"2024-10-24T08:31:29","slug":"super-miau-carti-de-joc","status":"publish","type":"product","link":"https:\/\/business.roovi.com\/ro\/super-miau-carti-de-joc\/p\/","title":{"rendered":"Super Miau &#8211; C\u0103r\u021bi de joc"},"content":{"rendered":"<p><strong>Felina supererou a disp\u0103rut! Dac\u0103 o g\u0103se\u0219ti primul, ve\u021bi fi cei mai buni prieteni! Ia-\u021bi rucsacul \u0219i porne\u0219te \u00een c\u0103utarea ei!<\/strong><\/p>\n<p>Fii primul care afl\u0103 unde este SUPER MIAU, felina supererou! Atrage-l cu m\u00e2ncarea lui preferat\u0103 \u0219i g\u0103se\u0219te-i un costum demn de faptele sale eroice. Pornind de la acelea\u0219i c\u0103r\u021bi, fiecare juc\u0103tor \u00ee\u0219i compune propriul pachet de c\u0103r\u021bi, ob\u021bin\u00e2ndu-le de pe pia\u021b\u0103 sau de la banc\u0103. Primul juc\u0103tor care reu\u0219e\u0219te s\u0103 aib\u0103 at\u00e2t o carte Pisic\u0103, c\u00e2t \u0219i o carte Pelerin\u0103 \u00een fa\u021ba lui, \u00een aceea\u0219i tur\u0103, \u00eel recruteaz\u0103 pe Super Miau \u0219i c\u00e2\u0219tig\u0103 jocul!<\/p>\n<p>Super Miau este un joc de c\u0103r\u021bi unic ce \u00eembin\u0103 \u00een mod inteligent strategia, gestionarea resurselor \u0219i un pic de sabotaj.<\/p>\n<p><strong>De ce este jocul Super Miau o alegere excelent\u0103?<\/strong><\/p>\n<ul>\n<li><strong>Atractiv pentru toate v\u00e2rstele.<\/strong><\/li>\n<li><strong>Prietenos cu familia:<\/strong> Jocul este conceput pentru juc\u0103tori de la 6 ani \u00een sus, fiind accesibil pentru copiii mici, dar totodat\u0103 pl\u0103cut \u0219i pentru adul\u021bi. Este o modalitate perfect\u0103 pentru familii de a petrece timp de calitate \u00eempreun\u0103.<\/li>\n<li><strong>Echilibru \u00een complexitate:<\/strong> De\u0219i simplu de \u00een\u021beles pentru copii, elementele strategice ale jocului sunt provocatoare \u0219i pentru adul\u021bi.<\/li>\n<li><strong>Varietate \u00een fiecare joc:<\/strong> Juc\u0103torii pot \u00eencerca strategii diferite, se pot adapta la mi\u0219c\u0103rile adversarilor \u0219i pot explora noi modalit\u0103\u021bi de a c\u00e2\u0219tiga, astfel \u00eenc\u00e2t fiecare rund\u0103 este diferit\u0103 \u0219i extrem de captivant\u0103.<\/li>\n<li><strong>Versatil \u0219i u\u0219or de luat oriunde:<\/strong> Super Miau este suficient de versatil pentru a fi jucat \u00een diferite context, fie c\u0103 este vorba de o sear\u0103 \u00een familie, o petrecere cu prietenii sau un joc relaxant acas\u0103. Cutia mic\u0103 \u0219i portabil\u0103 face ca jocul s\u0103 fie u\u0219or de transportat oriunde, chiar \u0219i \u00een vacan\u021b\u0103.<\/li>\n<li><strong>Perfect pentru petreceri \u0219i \u00eent\u00e2lniri cu prietenii.<\/strong> Interactivitatea jocului \u0219i rundele rapide \u00een transform\u0103 \u00een \u201cvedeta\u201d \u00eent\u00e2lnirilor cu prietenii. Super Miau aduce oamenii \u00eempreun\u0103, \u00eencuraj\u00e2nd interac\u021biunea \u0219i competi\u021bia \u00eentr-un mod pl\u0103cut \u0219i distractiv.<\/li>\n<\/ul>\n<p><strong>Beneficii pentru dezvoltare:<\/strong><\/p>\n<p>Super Miau este mai mult dec\u00e2t un simplu joc de c\u0103r\u021bi; este o experien\u021b\u0103 complet\u0103 care \u00eembun\u0103t\u0103\u021be\u0219te abilit\u0103\u021bile cognitive, sociale \u0219i emo\u021bionale, \u00een timp ce ofer\u0103 o oportunitate minunat\u0103 de distrac\u021bie \u00een familie sau la \u00eent\u00e2lnirile cu prietenii.<\/p>\n<ul>\n<li><strong>G\u00e2ndire strategic\u0103 \u0219i planificare:<\/strong> Jocul ajut\u0103 la dezvoltarea abilit\u0103\u021bilor de g\u00e2ndire strategic\u0103.<\/li>\n<li><strong>Luarea deciziilor:<\/strong> Fiecare tur\u0103 prezint\u0103 juc\u0103torilor alegeri cu consecin\u021be directe, \u00eembun\u0103t\u0103\u021bindu-le abilit\u0103\u021bile de rezolvare a problemelor.<\/li>\n<li><strong>Joc competitiv:<\/strong> Super Miau \u00eencurajeaz\u0103 interac\u021biunea \u00eentre juc\u0103tori, fie c\u0103 sunt copii sau adul\u021bi, promov\u00e2nd abilit\u0103\u021bile sociale, cum ar fi respectarea r\u00e2ndului, respectarea regulilor \u0219i gestionarea echilibrat\u0103 a victoriilor \u0219i \u00eenfr\u00e2ngerilor.<\/li>\n<li><strong>Distrac\u021bie la petreceri:<\/strong> Datorit\u0103 formatului s\u0103u rapid \u0219i accesibil, Super Miau este un excelent joc de petrecere, aduc\u00e2nd prietenii \u0219i familiile \u00eempreun\u0103 \u00eentr-o competi\u021bie s\u0103n\u0103toas\u0103, cu z\u00e2mbete \u0219i veselie.<\/li>\n<\/ul>\n<p><strong>Con\u021binut:<\/strong><\/p>\n<ul>\n<li>65x c\u0103r\u021bi de joc<\/li>\n<li>4x c\u0103r\u021bi ale juc\u0103torilor<\/li>\n<li>1x plan\u0219\u0103 de joc<\/li>\n<li>1x flutura\u0219 cu descriere<\/li>\n<li>1x regulament de joc<\/li>\n<\/ul>\n<p><strong>V\u00e2rsta recomandat\u0103:<\/strong> 6+<\/p>\n<p><strong>Durat\u0103:<\/strong> &lt; 15 minute<\/p>\n<p><strong>Juc\u0103tori:<\/strong> 2-4 persoane<\/p>\n","protected":false},"excerpt":{"rendered":"<p>Felina supererou a disp\u0103rut! Dac\u0103 o g\u0103se\u0219ti primul, ve\u021bi fi cei mai buni prieteni! Ia-\u021bi rucsacul \u0219i porne\u0219te \u00een c\u0103utarea<\/p>\n","protected":false},"featured_media":73924,"template":"","meta":[],"product_brand":[],"product_cat":[1522,1502,1467,2719],"product_tag":[],"class_list":{"0":"post-73742","1":"product","2":"type-product","3":"status-publish","4":"has-post-thumbnail","6":"product_cat-carti-de-joc","7":"product_cat-jocuri-de-familie","8":"product_cat-jocuri-de-societate","9":"product_cat-noutati","10":"pa_filter_age-1315","11":"pa_filter_age-5_7","12":"pa_filter_age-7_9","13":"pa_filter_age-9_14","15":"first","16":"instock","17":"taxable","18":"shipping-taxable","19":"product-type-simple"},"yoast_head":"<!-- This site is optimized with the Yoast SEO plugin v20.1 - https:\/\/yoast.com\/wordpress\/plugins\/seo\/ -->\n<title>Super Miau - C\u0103r\u021bi de joc - Roovi B2B<\/title>\n<meta name=\"robots\" content=\"index, follow, max-snippet:-1, max-image-preview:large, max-video-preview:-1\" \/>\n<link rel=\"canonical\" href=\"https:\/\/business.roovi.com\/ro\/super-miau-carti-de-joc\/p\/\" \/>\n<meta property=\"og:locale\" content=\"ro_RO\" \/>\n<meta property=\"og:type\" content=\"article\" \/>\n<meta property=\"og:title\" content=\"Super Miau - C\u0103r\u021bi de joc - Roovi B2B\" \/>\n<meta property=\"og:description\" content=\"Felina supererou a disp\u0103rut! Dac\u0103 o g\u0103se\u0219ti primul, ve\u021bi fi cei mai buni prieteni! Ia-\u021bi rucsacul \u0219i porne\u0219te \u00een c\u0103utarea\" \/>\n<meta property=\"og:url\" content=\"https:\/\/business.roovi.com\/ro\/super-miau-carti-de-joc\/p\/\" \/>\n<meta property=\"og:site_name\" content=\"Roovi B2B\" \/>\n<meta property=\"article:publisher\" content=\"https:\/\/www.facebook.com\/wwwjucariero\" \/>\n<meta property=\"article:modified_time\" content=\"2024-10-24T08:31:29+00:00\" \/>\n<meta property=\"og:image\" content=\"https:\/\/business.roovi.com\/wp-content\/uploads\/2024\/10\/super-miau_1mb-min.jpg\" \/>\n\t<meta property=\"og:image:width\" content=\"1200\" \/>\n\t<meta property=\"og:image:height\" content=\"1200\" \/>\n\t<meta property=\"og:image:type\" content=\"image\/jpeg\" \/>\n<meta name=\"twitter:label1\" content=\"Timp estimat pentru citire\" \/>\n\t<meta name=\"twitter:data1\" content=\"3 minute\" \/>\n<script type=\"application\/ld+json\" class=\"yoast-schema-graph\">{\"@context\":\"https:\/\/schema.org\",\"@graph\":[{\"@type\":\"WebPage\",\"@id\":\"https:\/\/business.roovi.com\/ro\/super-miau-carti-de-joc\/p\/\",\"url\":\"https:\/\/business.roovi.com\/ro\/super-miau-carti-de-joc\/p\/\",\"name\":\"Super Miau - C\u0103r\u021bi de joc - Roovi B2B\",\"isPartOf\":{\"@id\":\"https:\/\/business.roovi.com\/ro\/#website\"},\"datePublished\":\"2024-10-24T08:28:27+00:00\",\"dateModified\":\"2024-10-24T08:31:29+00:00\",\"breadcrumb\":{\"@id\":\"https:\/\/business.roovi.com\/ro\/super-miau-carti-de-joc\/p\/#breadcrumb\"},\"inLanguage\":\"ro-RO\",\"potentialAction\":[{\"@type\":\"ReadAction\",\"target\":[\"https:\/\/business.roovi.com\/ro\/super-miau-carti-de-joc\/p\/\"]}]},{\"@type\":\"BreadcrumbList\",\"@id\":\"https:\/\/business.roovi.com\/ro\/super-miau-carti-de-joc\/p\/#breadcrumb\",\"itemListElement\":[{\"@type\":\"ListItem\",\"position\":1,\"name\":\"Home\",\"item\":\"https:\/\/business.roovi.com\/ro\/\"},{\"@type\":\"ListItem\",\"position\":2,\"name\":\"Magazin\",\"item\":\"https:\/\/business.roovi.com\/ro\/magazin\/\"},{\"@type\":\"ListItem\",\"position\":3,\"name\":\"Super Miau &#8211; C\u0103r\u021bi de joc\"}]},{\"@type\":\"WebSite\",\"@id\":\"https:\/\/business.roovi.com\/ro\/#website\",\"url\":\"https:\/\/business.roovi.com\/ro\/\",\"name\":\"Roovi B2B\",\"description\":\"Roovi Business Website\",\"potentialAction\":[{\"@type\":\"SearchAction\",\"target\":{\"@type\":\"EntryPoint\",\"urlTemplate\":\"https:\/\/business.roovi.com\/ro\/?s={search_term_string}\"},\"query-input\":\"required name=search_term_string\"}],\"inLanguage\":\"ro-RO\"}]}<\/script>\n<!-- \/ Yoast SEO plugin. -->","yoast_head_json":{"title":"Super Miau - C\u0103r\u021bi de joc - Roovi B2B","robots":{"index":"index","follow":"follow","max-snippet":"max-snippet:-1","max-image-preview":"max-image-preview:large","max-video-preview":"max-video-preview:-1"},"canonical":"https:\/\/business.roovi.com\/ro\/super-miau-carti-de-joc\/p\/","og_locale":"ro_RO","og_type":"article","og_title":"Super Miau - C\u0103r\u021bi de joc - Roovi B2B","og_description":"Felina supererou a disp\u0103rut! Dac\u0103 o g\u0103se\u0219ti primul, ve\u021bi fi cei mai buni prieteni! Ia-\u021bi rucsacul \u0219i porne\u0219te \u00een c\u0103utarea","og_url":"https:\/\/business.roovi.com\/ro\/super-miau-carti-de-joc\/p\/","og_site_name":"Roovi B2B","article_publisher":"https:\/\/www.facebook.com\/wwwjucariero","article_modified_time":"2024-10-24T08:31:29+00:00","og_image":[{"width":1200,"height":1200,"url":"https:\/\/business.roovi.com\/wp-content\/uploads\/2024\/10\/super-miau_1mb-min.jpg","type":"image\/jpeg"}],"twitter_misc":{"Timp estimat pentru citire":"3 minute"},"schema":{"@context":"https:\/\/schema.org","@graph":[{"@type":"WebPage","@id":"https:\/\/business.roovi.com\/ro\/super-miau-carti-de-joc\/p\/","url":"https:\/\/business.roovi.com\/ro\/super-miau-carti-de-joc\/p\/","name":"Super Miau - C\u0103r\u021bi de joc - Roovi B2B","isPartOf":{"@id":"https:\/\/business.roovi.com\/ro\/#website"},"datePublished":"2024-10-24T08:28:27+00:00","dateModified":"2024-10-24T08:31:29+00:00","breadcrumb":{"@id":"https:\/\/business.roovi.com\/ro\/super-miau-carti-de-joc\/p\/#breadcrumb"},"inLanguage":"ro-RO","potentialAction":[{"@type":"ReadAction","target":["https:\/\/business.roovi.com\/ro\/super-miau-carti-de-joc\/p\/"]}]},{"@type":"BreadcrumbList","@id":"https:\/\/business.roovi.com\/ro\/super-miau-carti-de-joc\/p\/#breadcrumb","itemListElement":[{"@type":"ListItem","position":1,"name":"Home","item":"https:\/\/business.roovi.com\/ro\/"},{"@type":"ListItem","position":2,"name":"Magazin","item":"https:\/\/business.roovi.com\/ro\/magazin\/"},{"@type":"ListItem","position":3,"name":"Super Miau &#8211; C\u0103r\u021bi de joc"}]},{"@type":"WebSite","@id":"https:\/\/business.roovi.com\/ro\/#website","url":"https:\/\/business.roovi.com\/ro\/","name":"Roovi B2B","description":"Roovi Business Website","potentialAction":[{"@type":"SearchAction","target":{"@type":"EntryPoint","urlTemplate":"https:\/\/business.roovi.com\/ro\/?s={search_term_string}"},"query-input":"required name=search_term_string"}],"inLanguage":"ro-RO"}]}},"_links":{"self":[{"href":"https:\/\/business.roovi.com\/ro\/wp-json\/wp\/v2\/product\/73742","targetHints":{"allow":["GET"]}}],"collection":[{"href":"https:\/\/business.roovi.com\/ro\/wp-json\/wp\/v2\/product"}],"about":[{"href":"https:\/\/business.roovi.com\/ro\/wp-json\/wp\/v2\/types\/product"}],"version-history":[{"count":0,"href":"https:\/\/business.roovi.com\/ro\/wp-json\/wp\/v2\/product\/73742\/revisions"}],"wp:featuredmedia":[{"embeddable":true,"href":"https:\/\/business.roovi.com\/ro\/wp-json\/wp\/v2\/media\/73924"}],"wp:attachment":[{"href":"https:\/\/business.roovi.com\/ro\/wp-json\/wp\/v2\/media?parent=73742"}],"wp:term":[{"taxonomy":"product_brand","embeddable":true,"href":"https:\/\/business.roovi.com\/ro\/wp-json\/wp\/v2\/product_brand?post=73742"},{"taxonomy":"product_cat","embeddable":true,"href":"https:\/\/business.roovi.com\/ro\/wp-json\/wp\/v2\/product_cat?post=73742"},{"taxonomy":"product_tag","embeddable":true,"href":"https:\/\/business.roovi.com\/ro\/wp-json\/wp\/v2\/product_tag?post=73742"}],"curies":[{"name":"wp","href":"https:\/\/api.w.org\/{rel}","templated":true}]}}