{"id":73951,"date":"2024-10-25T10:30:00","date_gmt":"2024-10-25T10:30:00","guid":{"rendered":"https:\/\/business.roovi.com\/?post_type=product&#038;p=73951"},"modified":"2024-10-25T10:30:38","modified_gmt":"2024-10-25T10:30:38","slug":"circuite-electronice-80-de-exercitii-cu-radio-fm","status":"publish","type":"product","link":"https:\/\/business.roovi.com\/ro\/circuite-electronice-80-de-exercitii-cu-radio-fm\/p\/","title":{"rendered":"Circuite Electronice 80+ de Exerci\u021bii cu radio FM"},"content":{"rendered":"<p><strong>Descoper\u0103 uimitoarea lume a electronicii \u0219i \u00eenva\u021b\u0103 despre circuite, motoare, \u00eentrerup\u0103toare \u0219i multe altele cu setul inovator Circuite Electronice de la D-Toys!<\/strong><\/p>\n<p>Acest set experimental este conceput special pentru a-i ajuta pe copii s\u0103 \u00een\u021beleag\u0103 lumea \u0219tiin\u021bei. Copiii pot asambla peste 80 de circuite diferite \u00eenv\u0103\u021b\u00e2nd \u00een acela\u0219i timp concepte de baz\u0103 din domeniul electronicii \u0219i ingineriei.<\/p>\n<p>Setul con\u021bine piese realizate cu grij\u0103 la fiecare detaliu, astfel \u00eenc\u00e2t pot fi manevrate rapid \u0219i asamblate cu u\u0219urin\u021b\u0103, rezult\u00e2nd circuite diferite despre care pot \u00eenv\u0103\u021ba prin experimente directe. Copiii mai mari \u00ee\u0219i vor spori cuno\u0219tin\u021bele \u0219i vor \u00een\u021belege electronica prin proiectarea propriilor circuite.<\/p>\n<p><strong>Circuite Electronice: peste 80 de posibilit\u0103\u021bi de asamblare \u0219i nenum\u0103rate experien\u021be de \u00eenv\u0103\u021bare<\/strong><\/p>\n<p>Setul Circuite Electronice este ca un puzzle dificil la prima vedere, dar care devine accesibil pe m\u0103sur\u0103 ce \u00eencepi s\u0103 pui piesele \u00een ordinea potrivit\u0103. Setul con\u021bine o mul\u021bime de elemente colorate \u0219i interesante, cu care copiii pot realiza nu mai pu\u021bin de 80 de experimente electronice uimitoare. Astfel se pot asambla \u0219i experimenta:<\/p>\n<ul>\n<li>Un circuit cu bec alimentat prin contact magnetic.<\/li>\n<li>Un motor cu elice zbur\u0103toare.<\/li>\n<li>Un circuit cu un LED \u0219i un bec, conectate \u00een paralel.<\/li>\n<li>Un radio FM reglabil.<\/li>\n<li>Sunetul de intensitate slab\u0103 al sirenei de poli\u021bie.<\/li>\n<li>Sunetul de intensitate slab\u0103 al sirenei de pompieri.<\/li>\n<\/ul>\n<p>Copiii vor intra rapid \u00een rolul de inginer, experiment\u00e2nd \u0219i \u00eenva\u021b\u00e2nd informa\u021bii interesante despre circuitele electronice \u0219i rolul lor \u00een via\u021ba de zi cu zi.<\/p>\n<p><strong>Circuite Electronice: beneficii \u0219i avantaje pentru copii<\/strong><\/p>\n<p>Setul le permite copiilor s\u0103 creeze circuite func\u021bionale prin conectarea pieselor componente. Astfel, ace\u0219tia \u00eenva\u021b\u0103 prin experien\u021be practice cum func\u021bioneaz\u0103 electricitatea, curen\u021bii \u0219i componentele electronice, dezvolt\u00e2nd o \u00een\u021belegere mai profund\u0103 a acestor concepte abstracte.<\/p>\n<p>Asamblarea fiec\u0103rui circuit implic\u0103 planificare \u0219i g\u00e2ndire logic\u0103, provoc\u00e2ndu-i pe copii s\u0103 g\u0103seasc\u0103 solu\u021bii \u0219i s\u0103 testeze idei diferite. Fiecare circuit construit cu succes reprezint\u0103 un pas \u00eenainte \u00een dezvoltarea abilit\u0103\u021bilor de rezolvare a problemelor.<\/p>\n<p>Acest set reprezint\u0103 o modalitate excelent\u0103 pentru ca micii ingineri s\u0103 exploreze electronica \u00een siguran\u021b\u0103.<\/p>\n<p>Le ofer\u0103 posibilitatea copiilor s\u0103 \u00eenve\u021be \u00eentr-un mod atractiv \u0219i distractiv, cum func\u021bioneaz\u0103 dispozitivele pe care le folosim zilnic, de la becuri la sisteme audio simple, \u00eencuraj\u00e2ndu-i s\u0103-\u0219i dezvolte interesul pentru electronic\u0103.<\/p>\n<p>Oferind peste 80 de posibilit\u0103\u021bi de asamblare, acest set le stimuleaz\u0103 copiilor creativitatea \u0219i capacitatea de a g\u00e2ndi \u00een mod inovator, oferindu-le \u00een acela\u0219i timp libertatea de a explora \u0219i de a crea propriile proiecte electronice.<\/p>\n<p>Setul Circuite Electronice este mai mult dec\u00e2t un simplu joc \u2013 este un instrument educativ fascinant care poate fi utilizat cu succes at\u00e2t acas\u0103, c\u00e2t \u0219i la \u0219coal\u0103 \u00een activit\u0103\u021bile didactice la orele de \u0219tiin\u021b\u0103 sau de fizic\u0103 pentru a le stimula copiilor creativitatea \u0219i curiozitatea f\u0103r\u0103 limite.<\/p>\n<p>Alege a\u0219adar Circuite Electronice \u0219i ajut\u0103-l pe copilul t\u0103u s\u0103 se \u00eemprieteneasc\u0103 rapid cu \u0219tiin\u021ba!<\/p>\n","protected":false},"excerpt":{"rendered":"<p>Descoper\u0103 uimitoarea lume a electronicii \u0219i \u00eenva\u021b\u0103 despre circuite, motoare, \u00eentrerup\u0103toare \u0219i multe altele cu setul inovator Circuite Electronice de<\/p>\n","protected":false},"featured_media":73953,"template":"","meta":[],"product_brand":[],"product_cat":[2733,1471,1509,2719],"product_tag":[],"class_list":{"0":"post-73951","1":"product","2":"type-product","3":"status-publish","4":"has-post-thumbnail","6":"product_cat-jocuri-cu-super-puteri-edu-science","7":"product_cat-jocuri-educative-si-stiintifice","8":"product_cat-jocuri-stiintifice","9":"product_cat-noutati","10":"pa_filter_age-1315","11":"pa_filter_age-5_7","12":"pa_filter_age-7_9","13":"pa_filter_age-9_14","15":"first","16":"instock","17":"taxable","18":"shipping-taxable","19":"product-type-simple"},"yoast_head":"<!-- This site is optimized with the Yoast SEO plugin v20.1 - https:\/\/yoast.com\/wordpress\/plugins\/seo\/ -->\n<title>Circuite Electronice 80+ de Exerci\u021bii cu radio FM - Roovi B2B<\/title>\n<meta name=\"robots\" content=\"index, follow, max-snippet:-1, max-image-preview:large, max-video-preview:-1\" \/>\n<link rel=\"canonical\" href=\"https:\/\/business.roovi.com\/ro\/circuite-electronice-80-de-exercitii-cu-radio-fm\/p\/\" \/>\n<meta property=\"og:locale\" content=\"ro_RO\" \/>\n<meta property=\"og:type\" content=\"article\" \/>\n<meta property=\"og:title\" content=\"Circuite Electronice 80+ de Exerci\u021bii cu radio FM - Roovi B2B\" \/>\n<meta property=\"og:description\" content=\"Descoper\u0103 uimitoarea lume a electronicii \u0219i \u00eenva\u021b\u0103 despre circuite, motoare, \u00eentrerup\u0103toare \u0219i multe altele cu setul inovator Circuite Electronice de\" \/>\n<meta property=\"og:url\" content=\"https:\/\/business.roovi.com\/ro\/circuite-electronice-80-de-exercitii-cu-radio-fm\/p\/\" \/>\n<meta property=\"og:site_name\" content=\"Roovi B2B\" \/>\n<meta property=\"article:publisher\" content=\"https:\/\/www.facebook.com\/wwwjucariero\" \/>\n<meta property=\"article:modified_time\" content=\"2024-10-25T10:30:38+00:00\" \/>\n<meta property=\"og:image\" content=\"https:\/\/business.roovi.com\/wp-content\/uploads\/2024\/10\/1.jpg\" \/>\n\t<meta property=\"og:image:width\" content=\"1200\" \/>\n\t<meta property=\"og:image:height\" content=\"1200\" \/>\n\t<meta property=\"og:image:type\" content=\"image\/jpeg\" \/>\n<meta name=\"twitter:label1\" content=\"Timp estimat pentru citire\" \/>\n\t<meta name=\"twitter:data1\" content=\"3 minute\" \/>\n<script type=\"application\/ld+json\" class=\"yoast-schema-graph\">{\"@context\":\"https:\/\/schema.org\",\"@graph\":[{\"@type\":\"WebPage\",\"@id\":\"https:\/\/business.roovi.com\/ro\/circuite-electronice-80-de-exercitii-cu-radio-fm\/p\/\",\"url\":\"https:\/\/business.roovi.com\/ro\/circuite-electronice-80-de-exercitii-cu-radio-fm\/p\/\",\"name\":\"Circuite Electronice 80+ de Exerci\u021bii cu radio FM - Roovi B2B\",\"isPartOf\":{\"@id\":\"https:\/\/business.roovi.com\/ro\/#website\"},\"datePublished\":\"2024-10-25T10:30:00+00:00\",\"dateModified\":\"2024-10-25T10:30:38+00:00\",\"breadcrumb\":{\"@id\":\"https:\/\/business.roovi.com\/ro\/circuite-electronice-80-de-exercitii-cu-radio-fm\/p\/#breadcrumb\"},\"inLanguage\":\"ro-RO\",\"potentialAction\":[{\"@type\":\"ReadAction\",\"target\":[\"https:\/\/business.roovi.com\/ro\/circuite-electronice-80-de-exercitii-cu-radio-fm\/p\/\"]}]},{\"@type\":\"BreadcrumbList\",\"@id\":\"https:\/\/business.roovi.com\/ro\/circuite-electronice-80-de-exercitii-cu-radio-fm\/p\/#breadcrumb\",\"itemListElement\":[{\"@type\":\"ListItem\",\"position\":1,\"name\":\"Home\",\"item\":\"https:\/\/business.roovi.com\/ro\/\"},{\"@type\":\"ListItem\",\"position\":2,\"name\":\"Magazin\",\"item\":\"https:\/\/business.roovi.com\/ro\/magazin\/\"},{\"@type\":\"ListItem\",\"position\":3,\"name\":\"Circuite Electronice 80+ de Exerci\u021bii cu radio FM\"}]},{\"@type\":\"WebSite\",\"@id\":\"https:\/\/business.roovi.com\/ro\/#website\",\"url\":\"https:\/\/business.roovi.com\/ro\/\",\"name\":\"Roovi B2B\",\"description\":\"Roovi Business Website\",\"potentialAction\":[{\"@type\":\"SearchAction\",\"target\":{\"@type\":\"EntryPoint\",\"urlTemplate\":\"https:\/\/business.roovi.com\/ro\/?s={search_term_string}\"},\"query-input\":\"required name=search_term_string\"}],\"inLanguage\":\"ro-RO\"}]}<\/script>\n<!-- \/ Yoast SEO plugin. -->","yoast_head_json":{"title":"Circuite Electronice 80+ de Exerci\u021bii cu radio FM - Roovi B2B","robots":{"index":"index","follow":"follow","max-snippet":"max-snippet:-1","max-image-preview":"max-image-preview:large","max-video-preview":"max-video-preview:-1"},"canonical":"https:\/\/business.roovi.com\/ro\/circuite-electronice-80-de-exercitii-cu-radio-fm\/p\/","og_locale":"ro_RO","og_type":"article","og_title":"Circuite Electronice 80+ de Exerci\u021bii cu radio FM - Roovi B2B","og_description":"Descoper\u0103 uimitoarea lume a electronicii \u0219i \u00eenva\u021b\u0103 despre circuite, motoare, \u00eentrerup\u0103toare \u0219i multe altele cu setul inovator Circuite Electronice de","og_url":"https:\/\/business.roovi.com\/ro\/circuite-electronice-80-de-exercitii-cu-radio-fm\/p\/","og_site_name":"Roovi B2B","article_publisher":"https:\/\/www.facebook.com\/wwwjucariero","article_modified_time":"2024-10-25T10:30:38+00:00","og_image":[{"width":1200,"height":1200,"url":"https:\/\/business.roovi.com\/wp-content\/uploads\/2024\/10\/1.jpg","type":"image\/jpeg"}],"twitter_misc":{"Timp estimat pentru citire":"3 minute"},"schema":{"@context":"https:\/\/schema.org","@graph":[{"@type":"WebPage","@id":"https:\/\/business.roovi.com\/ro\/circuite-electronice-80-de-exercitii-cu-radio-fm\/p\/","url":"https:\/\/business.roovi.com\/ro\/circuite-electronice-80-de-exercitii-cu-radio-fm\/p\/","name":"Circuite Electronice 80+ de Exerci\u021bii cu radio FM - Roovi B2B","isPartOf":{"@id":"https:\/\/business.roovi.com\/ro\/#website"},"datePublished":"2024-10-25T10:30:00+00:00","dateModified":"2024-10-25T10:30:38+00:00","breadcrumb":{"@id":"https:\/\/business.roovi.com\/ro\/circuite-electronice-80-de-exercitii-cu-radio-fm\/p\/#breadcrumb"},"inLanguage":"ro-RO","potentialAction":[{"@type":"ReadAction","target":["https:\/\/business.roovi.com\/ro\/circuite-electronice-80-de-exercitii-cu-radio-fm\/p\/"]}]},{"@type":"BreadcrumbList","@id":"https:\/\/business.roovi.com\/ro\/circuite-electronice-80-de-exercitii-cu-radio-fm\/p\/#breadcrumb","itemListElement":[{"@type":"ListItem","position":1,"name":"Home","item":"https:\/\/business.roovi.com\/ro\/"},{"@type":"ListItem","position":2,"name":"Magazin","item":"https:\/\/business.roovi.com\/ro\/magazin\/"},{"@type":"ListItem","position":3,"name":"Circuite Electronice 80+ de Exerci\u021bii cu radio FM"}]},{"@type":"WebSite","@id":"https:\/\/business.roovi.com\/ro\/#website","url":"https:\/\/business.roovi.com\/ro\/","name":"Roovi B2B","description":"Roovi Business Website","potentialAction":[{"@type":"SearchAction","target":{"@type":"EntryPoint","urlTemplate":"https:\/\/business.roovi.com\/ro\/?s={search_term_string}"},"query-input":"required name=search_term_string"}],"inLanguage":"ro-RO"}]}},"_links":{"self":[{"href":"https:\/\/business.roovi.com\/ro\/wp-json\/wp\/v2\/product\/73951","targetHints":{"allow":["GET"]}}],"collection":[{"href":"https:\/\/business.roovi.com\/ro\/wp-json\/wp\/v2\/product"}],"about":[{"href":"https:\/\/business.roovi.com\/ro\/wp-json\/wp\/v2\/types\/product"}],"version-history":[{"count":0,"href":"https:\/\/business.roovi.com\/ro\/wp-json\/wp\/v2\/product\/73951\/revisions"}],"wp:featuredmedia":[{"embeddable":true,"href":"https:\/\/business.roovi.com\/ro\/wp-json\/wp\/v2\/media\/73953"}],"wp:attachment":[{"href":"https:\/\/business.roovi.com\/ro\/wp-json\/wp\/v2\/media?parent=73951"}],"wp:term":[{"taxonomy":"product_brand","embeddable":true,"href":"https:\/\/business.roovi.com\/ro\/wp-json\/wp\/v2\/product_brand?post=73951"},{"taxonomy":"product_cat","embeddable":true,"href":"https:\/\/business.roovi.com\/ro\/wp-json\/wp\/v2\/product_cat?post=73951"},{"taxonomy":"product_tag","embeddable":true,"href":"https:\/\/business.roovi.com\/ro\/wp-json\/wp\/v2\/product_tag?post=73951"}],"curies":[{"name":"wp","href":"https:\/\/api.w.org\/{rel}","templated":true}]}}