{"id":73952,"date":"2024-10-25T10:30:06","date_gmt":"2024-10-25T10:30:06","guid":{"rendered":"https:\/\/business.roovi.com\/?post_type=product&#038;p=73952"},"modified":"2024-10-25T10:30:32","modified_gmt":"2024-10-25T10:30:32","slug":"circuite-electronice-180-de-exercitii","status":"publish","type":"product","link":"https:\/\/business.roovi.com\/ro\/circuite-electronice-180-de-exercitii\/p\/","title":{"rendered":"Circuite Electronice 180+ de Exerci\u021bii"},"content":{"rendered":"<p><strong>Descoper\u0103 uimitoarea lume a electronicii \u0219i \u00eenva\u021b\u0103 despre circuite, motoare, \u00eentrerup\u0103toare \u0219i multe altele cu cel mai nou set Circuite Electronice de la D-Toys!<\/strong><\/p>\n<p>Componentele u\u0219or de utilizat din acest set se \u00eembin\u0103 rapid pentru a crea un num\u0103r impresionant de circuite pe placa de baz\u0103. Astfel, se pot realizat peste 180 de combina\u021bii care \u00eei captiveaz\u0103 \u0219i \u00eei fascineaz\u0103 pe copii.<\/p>\n<p>Circuitele sunt ac\u021bionate de magnet, ap\u0103, sistem touch, lumin\u0103 \u0219i sunet, rezult\u00e2nd un bec ce lumineaz\u0103 intermitent, un ventilator motorizat \u0219i un disc zbur\u0103tor, precum \u0219i multe efecte sonore \u0219i luminoase.<\/p>\n<p>Copiii de toate v\u00e2rstele vor \u00eenv\u0103\u021ba rapid cum s\u0103 configureze circuitele \u0219i vor fi \u00eenc\u00e2nta\u021bi de rezultatele propriilor experimente. Copiii mai mari au oportunitatea s\u0103-\u0219i dezvolte cuno\u0219tin\u021bele \u00een domeniul electronicii \u0219i s\u0103-\u0219i foloseasc\u0103 imagina\u021bia pentru a-\u0219i proiecta propriile circuite.<\/p>\n<p>\u00cen\u021belegerea electronicii este esen\u021bial\u0103 pentru dezvoltarea cuno\u0219tin\u021belor \u0219tiin\u021bifice ale unui copil. Setul experimental Circuite Electronice con\u021bine doar componente sigure \u0219i fiabile, care faciliteaz\u0103 \u00eenv\u0103\u021barea prin joac\u0103 \u0219i experimente.<\/p>\n<p><strong>Circuite Electronice: beneficii \u0219i avantaje pentru copii<\/strong><\/p>\n<ul>\n<li>Setul le permite copiilor s\u0103 creeze circuite func\u021bionale prin conectarea pieselor componente. Astfel, ace\u0219tia \u00eenva\u021b\u0103 prin experien\u021be practice cum func\u021bioneaz\u0103 electricitatea, curen\u021bii \u0219i componentele electronice, dezvolt\u00e2nd o \u00een\u021belegere mai profund\u0103 a acestor concepte abstracte.<\/li>\n<li>Asamblarea fiec\u0103rui circuit implic\u0103 planificare \u0219i g\u00e2ndire logic\u0103, provoc\u00e2ndu-i pe copii s\u0103 g\u0103seasc\u0103 solu\u021bii \u0219i s\u0103 testeze idei diferite. Fiecare circuit construit cu succes reprezint\u0103 un pas \u00eenainte \u00een dezvoltarea abilit\u0103\u021bilor de rezolvare a problemelor.<\/li>\n<li>Acest set reprezint\u0103 o modalitate excelent\u0103 pentru ca micii ingineri s\u0103 exploreze electronica \u00een siguran\u021b\u0103.<\/li>\n<li>Le ofer\u0103 posibilitatea copiilor s\u0103 \u00eenve\u021be \u00eentr-un mod atractiv \u0219i distractiv, cum func\u021bioneaz\u0103 dispozitivele pe care le folosim zilnic, de la becuri la sisteme audio simple, \u00eencuraj\u00e2ndu-i s\u0103-\u0219i dezvolte interesul pentru electronic\u0103.<\/li>\n<li>Oferind peste 180 de posibilit\u0103\u021bi de asamblare, acest set le stimuleaz\u0103 copiilor creativitatea \u0219i capacitatea de a g\u00e2ndi \u00een mod inovator, oferindu-le \u00een acela\u0219i timp libertatea de a explora \u0219i de a crea propriile proiecte electronice.<\/li>\n<\/ul>\n<p>Setul Circuite Electronice este mai mult dec\u00e2t un simplu joc \u2013 este un instrument educativ fascinant care poate fi utilizat cu succes at\u00e2t acas\u0103, c\u00e2t \u0219i la \u0219coal\u0103 \u00een activit\u0103\u021bile didactice la orele de \u0219tiin\u021b\u0103 sau de fizic\u0103 pentru a le stimula copiilor creativitatea \u0219i curiozitatea f\u0103r\u0103 limite.<\/p>\n<p>Alege a\u0219adar Circuite Electronice \u0219i ajut\u0103-l pe copilul t\u0103u s\u0103 se \u00eemprieteneasc\u0103 rapid cu \u0219tiin\u021ba!<\/p>\n","protected":false},"excerpt":{"rendered":"<p>Descoper\u0103 uimitoarea lume a electronicii \u0219i \u00eenva\u021b\u0103 despre circuite, motoare, \u00eentrerup\u0103toare \u0219i multe altele cu cel mai nou set Circuite<\/p>\n","protected":false},"featured_media":73979,"template":"","meta":[],"product_brand":[],"product_cat":[2733,1471,1509,2719],"product_tag":[],"class_list":{"0":"post-73952","1":"product","2":"type-product","3":"status-publish","4":"has-post-thumbnail","6":"product_cat-jocuri-cu-super-puteri-edu-science","7":"product_cat-jocuri-educative-si-stiintifice","8":"product_cat-jocuri-stiintifice","9":"product_cat-noutati","10":"pa_filter_age-1315","11":"pa_filter_age-5_7","12":"pa_filter_age-7_9","13":"pa_filter_age-9_14","15":"first","16":"instock","17":"taxable","18":"shipping-taxable","19":"product-type-simple"},"yoast_head":"<!-- This site is optimized with the Yoast SEO plugin v20.1 - https:\/\/yoast.com\/wordpress\/plugins\/seo\/ -->\n<title>Circuite Electronice 180+ de Exerci\u021bii - Roovi B2B<\/title>\n<meta name=\"robots\" content=\"index, follow, max-snippet:-1, max-image-preview:large, max-video-preview:-1\" \/>\n<link rel=\"canonical\" href=\"https:\/\/business.roovi.com\/ro\/circuite-electronice-180-de-exercitii\/p\/\" \/>\n<meta property=\"og:locale\" content=\"ro_RO\" \/>\n<meta property=\"og:type\" content=\"article\" \/>\n<meta property=\"og:title\" content=\"Circuite Electronice 180+ de Exerci\u021bii - Roovi B2B\" \/>\n<meta property=\"og:description\" content=\"Descoper\u0103 uimitoarea lume a electronicii \u0219i \u00eenva\u021b\u0103 despre circuite, motoare, \u00eentrerup\u0103toare \u0219i multe altele cu cel mai nou set Circuite\" \/>\n<meta property=\"og:url\" content=\"https:\/\/business.roovi.com\/ro\/circuite-electronice-180-de-exercitii\/p\/\" \/>\n<meta property=\"og:site_name\" content=\"Roovi B2B\" \/>\n<meta property=\"article:publisher\" content=\"https:\/\/www.facebook.com\/wwwjucariero\" \/>\n<meta property=\"article:modified_time\" content=\"2024-10-25T10:30:32+00:00\" \/>\n<meta property=\"og:image\" content=\"https:\/\/business.roovi.com\/wp-content\/uploads\/2024\/10\/1-1.jpg\" \/>\n\t<meta property=\"og:image:width\" content=\"1200\" \/>\n\t<meta property=\"og:image:height\" content=\"1200\" \/>\n\t<meta property=\"og:image:type\" content=\"image\/jpeg\" \/>\n<meta name=\"twitter:label1\" content=\"Timp estimat pentru citire\" \/>\n\t<meta name=\"twitter:data1\" content=\"2 minute\" \/>\n<script type=\"application\/ld+json\" class=\"yoast-schema-graph\">{\"@context\":\"https:\/\/schema.org\",\"@graph\":[{\"@type\":\"WebPage\",\"@id\":\"https:\/\/business.roovi.com\/ro\/circuite-electronice-180-de-exercitii\/p\/\",\"url\":\"https:\/\/business.roovi.com\/ro\/circuite-electronice-180-de-exercitii\/p\/\",\"name\":\"Circuite Electronice 180+ de Exerci\u021bii - Roovi B2B\",\"isPartOf\":{\"@id\":\"https:\/\/business.roovi.com\/ro\/#website\"},\"datePublished\":\"2024-10-25T10:30:06+00:00\",\"dateModified\":\"2024-10-25T10:30:32+00:00\",\"breadcrumb\":{\"@id\":\"https:\/\/business.roovi.com\/ro\/circuite-electronice-180-de-exercitii\/p\/#breadcrumb\"},\"inLanguage\":\"ro-RO\",\"potentialAction\":[{\"@type\":\"ReadAction\",\"target\":[\"https:\/\/business.roovi.com\/ro\/circuite-electronice-180-de-exercitii\/p\/\"]}]},{\"@type\":\"BreadcrumbList\",\"@id\":\"https:\/\/business.roovi.com\/ro\/circuite-electronice-180-de-exercitii\/p\/#breadcrumb\",\"itemListElement\":[{\"@type\":\"ListItem\",\"position\":1,\"name\":\"Home\",\"item\":\"https:\/\/business.roovi.com\/ro\/\"},{\"@type\":\"ListItem\",\"position\":2,\"name\":\"Magazin\",\"item\":\"https:\/\/business.roovi.com\/ro\/magazin\/\"},{\"@type\":\"ListItem\",\"position\":3,\"name\":\"Circuite Electronice 180+ de Exerci\u021bii\"}]},{\"@type\":\"WebSite\",\"@id\":\"https:\/\/business.roovi.com\/ro\/#website\",\"url\":\"https:\/\/business.roovi.com\/ro\/\",\"name\":\"Roovi B2B\",\"description\":\"Roovi Business Website\",\"potentialAction\":[{\"@type\":\"SearchAction\",\"target\":{\"@type\":\"EntryPoint\",\"urlTemplate\":\"https:\/\/business.roovi.com\/ro\/?s={search_term_string}\"},\"query-input\":\"required name=search_term_string\"}],\"inLanguage\":\"ro-RO\"}]}<\/script>\n<!-- \/ Yoast SEO plugin. -->","yoast_head_json":{"title":"Circuite Electronice 180+ de Exerci\u021bii - Roovi B2B","robots":{"index":"index","follow":"follow","max-snippet":"max-snippet:-1","max-image-preview":"max-image-preview:large","max-video-preview":"max-video-preview:-1"},"canonical":"https:\/\/business.roovi.com\/ro\/circuite-electronice-180-de-exercitii\/p\/","og_locale":"ro_RO","og_type":"article","og_title":"Circuite Electronice 180+ de Exerci\u021bii - Roovi B2B","og_description":"Descoper\u0103 uimitoarea lume a electronicii \u0219i \u00eenva\u021b\u0103 despre circuite, motoare, \u00eentrerup\u0103toare \u0219i multe altele cu cel mai nou set Circuite","og_url":"https:\/\/business.roovi.com\/ro\/circuite-electronice-180-de-exercitii\/p\/","og_site_name":"Roovi B2B","article_publisher":"https:\/\/www.facebook.com\/wwwjucariero","article_modified_time":"2024-10-25T10:30:32+00:00","og_image":[{"width":1200,"height":1200,"url":"https:\/\/business.roovi.com\/wp-content\/uploads\/2024\/10\/1-1.jpg","type":"image\/jpeg"}],"twitter_misc":{"Timp estimat pentru citire":"2 minute"},"schema":{"@context":"https:\/\/schema.org","@graph":[{"@type":"WebPage","@id":"https:\/\/business.roovi.com\/ro\/circuite-electronice-180-de-exercitii\/p\/","url":"https:\/\/business.roovi.com\/ro\/circuite-electronice-180-de-exercitii\/p\/","name":"Circuite Electronice 180+ de Exerci\u021bii - Roovi B2B","isPartOf":{"@id":"https:\/\/business.roovi.com\/ro\/#website"},"datePublished":"2024-10-25T10:30:06+00:00","dateModified":"2024-10-25T10:30:32+00:00","breadcrumb":{"@id":"https:\/\/business.roovi.com\/ro\/circuite-electronice-180-de-exercitii\/p\/#breadcrumb"},"inLanguage":"ro-RO","potentialAction":[{"@type":"ReadAction","target":["https:\/\/business.roovi.com\/ro\/circuite-electronice-180-de-exercitii\/p\/"]}]},{"@type":"BreadcrumbList","@id":"https:\/\/business.roovi.com\/ro\/circuite-electronice-180-de-exercitii\/p\/#breadcrumb","itemListElement":[{"@type":"ListItem","position":1,"name":"Home","item":"https:\/\/business.roovi.com\/ro\/"},{"@type":"ListItem","position":2,"name":"Magazin","item":"https:\/\/business.roovi.com\/ro\/magazin\/"},{"@type":"ListItem","position":3,"name":"Circuite Electronice 180+ de Exerci\u021bii"}]},{"@type":"WebSite","@id":"https:\/\/business.roovi.com\/ro\/#website","url":"https:\/\/business.roovi.com\/ro\/","name":"Roovi B2B","description":"Roovi Business Website","potentialAction":[{"@type":"SearchAction","target":{"@type":"EntryPoint","urlTemplate":"https:\/\/business.roovi.com\/ro\/?s={search_term_string}"},"query-input":"required name=search_term_string"}],"inLanguage":"ro-RO"}]}},"_links":{"self":[{"href":"https:\/\/business.roovi.com\/ro\/wp-json\/wp\/v2\/product\/73952","targetHints":{"allow":["GET"]}}],"collection":[{"href":"https:\/\/business.roovi.com\/ro\/wp-json\/wp\/v2\/product"}],"about":[{"href":"https:\/\/business.roovi.com\/ro\/wp-json\/wp\/v2\/types\/product"}],"version-history":[{"count":0,"href":"https:\/\/business.roovi.com\/ro\/wp-json\/wp\/v2\/product\/73952\/revisions"}],"wp:featuredmedia":[{"embeddable":true,"href":"https:\/\/business.roovi.com\/ro\/wp-json\/wp\/v2\/media\/73979"}],"wp:attachment":[{"href":"https:\/\/business.roovi.com\/ro\/wp-json\/wp\/v2\/media?parent=73952"}],"wp:term":[{"taxonomy":"product_brand","embeddable":true,"href":"https:\/\/business.roovi.com\/ro\/wp-json\/wp\/v2\/product_brand?post=73952"},{"taxonomy":"product_cat","embeddable":true,"href":"https:\/\/business.roovi.com\/ro\/wp-json\/wp\/v2\/product_cat?post=73952"},{"taxonomy":"product_tag","embeddable":true,"href":"https:\/\/business.roovi.com\/ro\/wp-json\/wp\/v2\/product_tag?post=73952"}],"curies":[{"name":"wp","href":"https:\/\/api.w.org\/{rel}","templated":true}]}}