{"id":74012,"date":"2024-10-30T10:04:32","date_gmt":"2024-10-30T10:04:32","guid":{"rendered":"https:\/\/business.roovi.com\/?post_type=product&#038;p=74012"},"modified":"2024-10-30T10:04:58","modified_gmt":"2024-10-30T10:04:58","slug":"papusa-alice-prietena-mea-cantareata","status":"publish","type":"product","link":"https:\/\/business.roovi.com\/ro\/papusa-alice-prietena-mea-cantareata\/p\/","title":{"rendered":"P\u0103pu\u0219a Alice &#8211; Prietena mea c\u00e2nt\u0103rea\u021b\u0103"},"content":{"rendered":"<p><strong>Alice este o p\u0103pu\u0219\u0103 interactiv\u0103 care \u00eenregistreaz\u0103 vocea. Este o partener\u0103 de joac\u0103 talentat\u0103 \u0219i distractiv\u0103 pe care orice feti\u021b\u0103 \u0219i-ar dori s\u0103 o aib\u0103 \u00een colec\u021bia ei de juc\u0103rii.<\/strong> \u00cen plus, cele 6 c\u00e2ntecele ale lui Alice sunt acum \u00een limba rom\u00e2n\u0103, ceea ce cu siguran\u021b\u0103 o va \u00eenc\u00e2nta peste masur\u0103 pe micu\u021ba ta.<\/p>\n<p><strong>P\u0103pu\u0219a Alice \u2013 Prietena mea c\u00e2nt\u0103rea\u021b\u0103<\/strong> are tr\u0103s\u0103turi delicate \u0219i un design adorabil, iar combina\u021bia dintre c\u00e2ntece, func\u021bia de \u00eenregistrare \u0219i abilitatea de a simula diverse gesturi \u0219i mi\u0219c\u0103ri transform\u0103 transform\u0103 P\u0103pu\u0219a Alice \u00eentr-un prieten interactiv \u0219i de neuitat pentru orice copil.<\/p>\n<p>F\u0103-i o bucurie micu\u021bei tale \u0219i ofer\u0103-i \u00een dar <strong>P\u0103pu\u0219a Alice \u2013 Prietena mea c\u00e2nt\u0103rea\u021b\u0103<\/strong> pentru momente muzicale magice, pentru mult\u0103 joac\u0103 \u0219i distrac\u021bie f\u0103r\u0103 limite!<\/p>\n<p><strong>De ce s\u0103 alegi P\u0103pu\u0219a Alice \u2013 Prietena mea c\u00e2nt\u0103rea\u021b\u0103<\/strong><\/p>\n<p>Este produs\u0103 din materiale de calitate superioar\u0103, sigure pentru s\u0103n\u0103tatea copilului t\u0103u \u0219i rezistente la o utilizare \u00eendelungat\u0103.<\/p>\n<p>Este o juc\u0103rie interactiv\u0103 care face experien\u021ba de joc mai pl\u0103cut\u0103 \u0219i mai captivant\u0103.<\/p>\n<p>Faptul c\u0103 este o juc\u0103rie muzical\u0103 favorizeaz\u0103 \u00eembun\u0103t\u0103\u021birea st\u0103rii de spirit a copiilor \u0219i \u00eencurajeaz\u0103 exprimarea emo\u021biilor prin muzic\u0103.<\/p>\n<p>Favorizeaz\u0103 dezvoltarea abilit\u0103\u021bilor motorii \u0219i a coordon\u0103rii.<\/p>\n<p>Stimuleaz\u0103 at\u00e2t jocul independent, c\u00e2t \u0219i interac\u021biunea \u0219i socializarea cu al\u021bi copii cu pasiuni similare.<\/p>\n<p>Poate fi cadoul perfect de pus sub bradul de Cr\u0103ciun sau pentru alte ocazii de s\u0103rb\u0103toare.<\/p>\n<p><strong>Despre joaca cu p\u0103pu\u0219ile \u0219tiai c\u0103\u2026<\/strong><\/p>\n<ul>\n<li>Este benefic\u0103 at\u00e2t pentru feti\u021be, c\u00e2t \u0219i pentru b\u0103ie\u021bei, \u00eentruc\u00e2t favorizeaz\u0103 dezvoltarea cognitiv\u0103 \u0219i emo\u021bional\u0103 a copiilor.<\/li>\n<li>Ofer\u0103 lec\u021bii pre\u021bioase de empatie, generozitate \u0219i respect pentru cei din jur.<\/li>\n<li>\u00cei ajut\u0103 pe copii s\u0103 gestioneze emo\u021bii noi \u0219i s\u0103 se \u00een\u021beleag\u0103 pe sine.<\/li>\n<li>Favorizeaz\u0103 dezvoltarea limbajului \u0219i a comunic\u0103rii cu cei din jur.<\/li>\n<li>Induce sentimentul de responsabilitate fa\u021b\u0103 de cei vulnerabili, precum fra\u021bii mai mici sau animalele de companie.<\/li>\n<li>Feti\u021bele experimenteaz\u0103 pentru prima dat\u0103 sentimentul matern prin joaca cu p\u0103pu\u0219ile.<\/li>\n<\/ul>\n<p><strong>P\u0103pu\u0219a Alice \u2013 Prietena mea c\u00e2nt\u0103rea\u021b\u0103<\/strong> ofer\u0103 a\u0219adar o experien\u021b\u0103 de joac\u0103 mai complex\u0103 \u0219i mai interactiv\u0103, contribuind la dezvoltarea abilit\u0103\u021bilor fizice, sociale, cognitive \u0219i emo\u021bionale ale copiilor.<\/p>\n","protected":false},"excerpt":{"rendered":"<p>Alice este o p\u0103pu\u0219\u0103 interactiv\u0103 care \u00eenregistreaz\u0103 vocea. Este o partener\u0103 de joac\u0103 talentat\u0103 \u0219i distractiv\u0103 pe care orice feti\u021b\u0103<\/p>\n","protected":false},"featured_media":74020,"template":"","meta":[],"product_brand":[],"product_cat":[2735],"product_tag":[],"class_list":{"0":"post-74012","1":"product","2":"type-product","3":"status-publish","4":"has-post-thumbnail","6":"product_cat-papusi-si-accesorii-alte-jucarii-si-jocuri-hu-2","7":"pa_filter_age-3_5","8":"pa_filter_age-5_7","9":"pa_filter_age-7_9","11":"first","12":"instock","13":"taxable","14":"shipping-taxable","15":"product-type-simple"},"yoast_head":"<!-- This site is optimized with the Yoast SEO plugin v20.1 - https:\/\/yoast.com\/wordpress\/plugins\/seo\/ -->\n<title>P\u0103pu\u0219a Alice - Prietena mea c\u00e2nt\u0103rea\u021b\u0103 - Roovi B2B<\/title>\n<meta name=\"robots\" content=\"index, follow, max-snippet:-1, max-image-preview:large, max-video-preview:-1\" \/>\n<link rel=\"canonical\" href=\"https:\/\/business.roovi.com\/ro\/papusa-alice-prietena-mea-cantareata\/p\/\" \/>\n<meta property=\"og:locale\" content=\"ro_RO\" \/>\n<meta property=\"og:type\" content=\"article\" \/>\n<meta property=\"og:title\" content=\"P\u0103pu\u0219a Alice - Prietena mea c\u00e2nt\u0103rea\u021b\u0103 - Roovi B2B\" \/>\n<meta property=\"og:description\" content=\"Alice este o p\u0103pu\u0219\u0103 interactiv\u0103 care \u00eenregistreaz\u0103 vocea. Este o partener\u0103 de joac\u0103 talentat\u0103 \u0219i distractiv\u0103 pe care orice feti\u021b\u0103\" \/>\n<meta property=\"og:url\" content=\"https:\/\/business.roovi.com\/ro\/papusa-alice-prietena-mea-cantareata\/p\/\" \/>\n<meta property=\"og:site_name\" content=\"Roovi B2B\" \/>\n<meta property=\"article:publisher\" content=\"https:\/\/www.facebook.com\/wwwjucariero\" \/>\n<meta property=\"article:modified_time\" content=\"2024-10-30T10:04:58+00:00\" \/>\n<meta property=\"og:image\" content=\"https:\/\/business.roovi.com\/wp-content\/uploads\/2024\/10\/papusa-alice_prietena-mea-cantareata_250kb.jpg\" \/>\n\t<meta property=\"og:image:width\" content=\"1200\" \/>\n\t<meta property=\"og:image:height\" content=\"1200\" \/>\n\t<meta property=\"og:image:type\" content=\"image\/jpeg\" \/>\n<meta name=\"twitter:label1\" content=\"Timp estimat pentru citire\" \/>\n\t<meta name=\"twitter:data1\" content=\"2 minute\" \/>\n<script type=\"application\/ld+json\" class=\"yoast-schema-graph\">{\"@context\":\"https:\/\/schema.org\",\"@graph\":[{\"@type\":\"WebPage\",\"@id\":\"https:\/\/business.roovi.com\/ro\/papusa-alice-prietena-mea-cantareata\/p\/\",\"url\":\"https:\/\/business.roovi.com\/ro\/papusa-alice-prietena-mea-cantareata\/p\/\",\"name\":\"P\u0103pu\u0219a Alice - Prietena mea c\u00e2nt\u0103rea\u021b\u0103 - Roovi B2B\",\"isPartOf\":{\"@id\":\"https:\/\/business.roovi.com\/ro\/#website\"},\"datePublished\":\"2024-10-30T10:04:32+00:00\",\"dateModified\":\"2024-10-30T10:04:58+00:00\",\"breadcrumb\":{\"@id\":\"https:\/\/business.roovi.com\/ro\/papusa-alice-prietena-mea-cantareata\/p\/#breadcrumb\"},\"inLanguage\":\"ro-RO\",\"potentialAction\":[{\"@type\":\"ReadAction\",\"target\":[\"https:\/\/business.roovi.com\/ro\/papusa-alice-prietena-mea-cantareata\/p\/\"]}]},{\"@type\":\"BreadcrumbList\",\"@id\":\"https:\/\/business.roovi.com\/ro\/papusa-alice-prietena-mea-cantareata\/p\/#breadcrumb\",\"itemListElement\":[{\"@type\":\"ListItem\",\"position\":1,\"name\":\"Home\",\"item\":\"https:\/\/business.roovi.com\/ro\/\"},{\"@type\":\"ListItem\",\"position\":2,\"name\":\"Magazin\",\"item\":\"https:\/\/business.roovi.com\/ro\/magazin\/\"},{\"@type\":\"ListItem\",\"position\":3,\"name\":\"P\u0103pu\u0219a Alice &#8211; Prietena mea c\u00e2nt\u0103rea\u021b\u0103\"}]},{\"@type\":\"WebSite\",\"@id\":\"https:\/\/business.roovi.com\/ro\/#website\",\"url\":\"https:\/\/business.roovi.com\/ro\/\",\"name\":\"Roovi B2B\",\"description\":\"Roovi Business Website\",\"potentialAction\":[{\"@type\":\"SearchAction\",\"target\":{\"@type\":\"EntryPoint\",\"urlTemplate\":\"https:\/\/business.roovi.com\/ro\/?s={search_term_string}\"},\"query-input\":\"required name=search_term_string\"}],\"inLanguage\":\"ro-RO\"}]}<\/script>\n<!-- \/ Yoast SEO plugin. -->","yoast_head_json":{"title":"P\u0103pu\u0219a Alice - Prietena mea c\u00e2nt\u0103rea\u021b\u0103 - Roovi B2B","robots":{"index":"index","follow":"follow","max-snippet":"max-snippet:-1","max-image-preview":"max-image-preview:large","max-video-preview":"max-video-preview:-1"},"canonical":"https:\/\/business.roovi.com\/ro\/papusa-alice-prietena-mea-cantareata\/p\/","og_locale":"ro_RO","og_type":"article","og_title":"P\u0103pu\u0219a Alice - Prietena mea c\u00e2nt\u0103rea\u021b\u0103 - Roovi B2B","og_description":"Alice este o p\u0103pu\u0219\u0103 interactiv\u0103 care \u00eenregistreaz\u0103 vocea. Este o partener\u0103 de joac\u0103 talentat\u0103 \u0219i distractiv\u0103 pe care orice feti\u021b\u0103","og_url":"https:\/\/business.roovi.com\/ro\/papusa-alice-prietena-mea-cantareata\/p\/","og_site_name":"Roovi B2B","article_publisher":"https:\/\/www.facebook.com\/wwwjucariero","article_modified_time":"2024-10-30T10:04:58+00:00","og_image":[{"width":1200,"height":1200,"url":"https:\/\/business.roovi.com\/wp-content\/uploads\/2024\/10\/papusa-alice_prietena-mea-cantareata_250kb.jpg","type":"image\/jpeg"}],"twitter_misc":{"Timp estimat pentru citire":"2 minute"},"schema":{"@context":"https:\/\/schema.org","@graph":[{"@type":"WebPage","@id":"https:\/\/business.roovi.com\/ro\/papusa-alice-prietena-mea-cantareata\/p\/","url":"https:\/\/business.roovi.com\/ro\/papusa-alice-prietena-mea-cantareata\/p\/","name":"P\u0103pu\u0219a Alice - Prietena mea c\u00e2nt\u0103rea\u021b\u0103 - Roovi B2B","isPartOf":{"@id":"https:\/\/business.roovi.com\/ro\/#website"},"datePublished":"2024-10-30T10:04:32+00:00","dateModified":"2024-10-30T10:04:58+00:00","breadcrumb":{"@id":"https:\/\/business.roovi.com\/ro\/papusa-alice-prietena-mea-cantareata\/p\/#breadcrumb"},"inLanguage":"ro-RO","potentialAction":[{"@type":"ReadAction","target":["https:\/\/business.roovi.com\/ro\/papusa-alice-prietena-mea-cantareata\/p\/"]}]},{"@type":"BreadcrumbList","@id":"https:\/\/business.roovi.com\/ro\/papusa-alice-prietena-mea-cantareata\/p\/#breadcrumb","itemListElement":[{"@type":"ListItem","position":1,"name":"Home","item":"https:\/\/business.roovi.com\/ro\/"},{"@type":"ListItem","position":2,"name":"Magazin","item":"https:\/\/business.roovi.com\/ro\/magazin\/"},{"@type":"ListItem","position":3,"name":"P\u0103pu\u0219a Alice &#8211; Prietena mea c\u00e2nt\u0103rea\u021b\u0103"}]},{"@type":"WebSite","@id":"https:\/\/business.roovi.com\/ro\/#website","url":"https:\/\/business.roovi.com\/ro\/","name":"Roovi B2B","description":"Roovi Business Website","potentialAction":[{"@type":"SearchAction","target":{"@type":"EntryPoint","urlTemplate":"https:\/\/business.roovi.com\/ro\/?s={search_term_string}"},"query-input":"required name=search_term_string"}],"inLanguage":"ro-RO"}]}},"_links":{"self":[{"href":"https:\/\/business.roovi.com\/ro\/wp-json\/wp\/v2\/product\/74012","targetHints":{"allow":["GET"]}}],"collection":[{"href":"https:\/\/business.roovi.com\/ro\/wp-json\/wp\/v2\/product"}],"about":[{"href":"https:\/\/business.roovi.com\/ro\/wp-json\/wp\/v2\/types\/product"}],"version-history":[{"count":0,"href":"https:\/\/business.roovi.com\/ro\/wp-json\/wp\/v2\/product\/74012\/revisions"}],"wp:featuredmedia":[{"embeddable":true,"href":"https:\/\/business.roovi.com\/ro\/wp-json\/wp\/v2\/media\/74020"}],"wp:attachment":[{"href":"https:\/\/business.roovi.com\/ro\/wp-json\/wp\/v2\/media?parent=74012"}],"wp:term":[{"taxonomy":"product_brand","embeddable":true,"href":"https:\/\/business.roovi.com\/ro\/wp-json\/wp\/v2\/product_brand?post=74012"},{"taxonomy":"product_cat","embeddable":true,"href":"https:\/\/business.roovi.com\/ro\/wp-json\/wp\/v2\/product_cat?post=74012"},{"taxonomy":"product_tag","embeddable":true,"href":"https:\/\/business.roovi.com\/ro\/wp-json\/wp\/v2\/product_tag?post=74012"}],"curies":[{"name":"wp","href":"https:\/\/api.w.org\/{rel}","templated":true}]}}