{"id":74013,"date":"2024-10-30T10:04:33","date_gmt":"2024-10-30T10:04:33","guid":{"rendered":"https:\/\/business.roovi.com\/?post_type=product&#038;p=74013"},"modified":"2024-10-30T10:04:52","modified_gmt":"2024-10-30T10:04:52","slug":"papusa-alice-descoperim-emotiile","status":"publish","type":"product","link":"https:\/\/business.roovi.com\/ro\/papusa-alice-descoperim-emotiile\/p\/","title":{"rendered":"P\u0103pu\u0219a Alice &#8211; Descoperim emo\u021biile"},"content":{"rendered":"<p><strong>Descoper\u0103 o p\u0103pu\u0219\u0103 interactiv\u0103 \u0219i interesant\u0103 care surprinde pe chipul ei emo\u021biile umane.<\/strong> De la z\u00e2mbetul bl\u00e2nd p\u00e2n\u0103 la str\u0103lucirea ochilor, fiecare detaliu red\u0103 sentimente unice de conectare \u0219i empatie. Copiii descoper\u0103 \u0219i \u00een\u021beleg emo\u021biile \u00een mod natural, juc\u00e2ndu-se cu Alice.<\/p>\n<p>Alice este \u00eembr\u0103cat\u0103 \u00eentr-o \u021binut\u0103 dr\u0103g\u0103la\u0219\u0103 \u0219i are o func\u021bie special\u0103: vine cu o suzeta magic\u0103 ce adaug\u0103 un element de surpriz\u0103. Atunci c\u00e2nd copilul ia suzeta din guri\u021ba p\u0103pu\u0219ii, Alice \u00ee\u0219i schimb\u0103 expresia fe\u021bei, reflect\u00e2nd diverse emo\u021bii precum bucuria sau triste\u021bea. Cu tr\u0103s\u0103turile sale delicate \u0219i extrem de realiste, Alice \u00eei ajut\u0103 pe copii s\u0103 descopere \u0219i s\u0103 gestioneze emo\u021biile.<\/p>\n<p><strong>De ce s\u0103 alegi P\u0103pu\u0219a Alice \u2013 Descoperim emo\u021biile<\/strong><\/p>\n<p>Este produs\u0103 din materiale de calitate superioar\u0103, sigure pentru s\u0103n\u0103tatea copilului t\u0103u \u0219i rezistente la o utilizare \u00eendelungat\u0103.<\/p>\n<p>Este o juc\u0103rie interactiv\u0103 care face experien\u021ba de joc mai pl\u0103cut\u0103 \u0219i mai captivant\u0103.<\/p>\n<p>Joaca cu P\u0103pu\u0219a Alice poate avea \u0219i un efect terapeutic, ajut\u00e2nd copiii s\u0103 \u00ee\u0219i elibereze emo\u021biile \u0219i s\u0103 fac\u0103 fa\u021b\u0103 situa\u021biilor dificile \u00eentr-un mod creativ \u0219i relaxant.<\/p>\n<p>Favorizeaz\u0103 dezvoltarea abilit\u0103\u021bilor motorii \u0219i a coordon\u0103rii.<\/p>\n<p>Stimuleaz\u0103 at\u00e2t jocul independent, c\u00e2t \u0219i interac\u021biunea \u0219i socializarea cu al\u021bi copii cu pasiuni similare.<\/p>\n<p>Poate fi cadoul perfect de pus sub bradul de Cr\u0103ciun sau pentru alte ocazii de s\u0103rb\u0103toare.<\/p>\n<p><strong>Despre joaca cu p\u0103pu\u0219ile \u0219tiai c\u0103\u2026<\/strong><\/p>\n<ul>\n<li>Este benefic\u0103 at\u00e2t pentru feti\u021be, c\u00e2t \u0219i pentru b\u0103ie\u021bei, \u00eentruc\u00e2t favorizeaz\u0103 dezvoltarea cognitiv\u0103 \u0219i emo\u021bional\u0103 a copiilor.<\/li>\n<li>Ofer\u0103 lec\u021bii pre\u021bioase de empatie, generozitate \u0219i respect pentru cei din jur.<\/li>\n<li>\u00cei ajut\u0103 pe copii s\u0103 gestioneze emo\u021bii noi \u0219i s\u0103 se \u00een\u021beleag\u0103 pe sine.<\/li>\n<li>Favorizeaz\u0103 dezvoltarea limbajului \u0219i a comunic\u0103rii cu cei din jur.<\/li>\n<li>Induce sentimentul de responsabilitate fa\u021b\u0103 de cei vulnerabili, precum fra\u021bii mai mici sau animalele de companie.<\/li>\n<li>Feti\u021bele experimenteaz\u0103 pentru prima dat\u0103 sentimentul matern prin joaca cu p\u0103pu\u0219ile.<\/li>\n<\/ul>\n<p>Fie c\u0103 vrei s\u0103 \u00eei oferi micu\u021bei tale o juc\u0103rie interesant\u0103, educativ\u0103 \u0219i ditractiv\u0103, precum \u0219i o modalitate de a \u00eenv\u0103\u021ba s\u0103 recunoasc\u0103 \u0219i s\u0103 \u00een\u021beleag\u0103 ceea ce simte, <strong>P\u0103pu\u0219a Alice \u2013 Descoperim emo\u021biile<\/strong> este alegerea perfect\u0103.<\/p>\n","protected":false},"excerpt":{"rendered":"<p>Descoper\u0103 o p\u0103pu\u0219\u0103 interactiv\u0103 \u0219i interesant\u0103 care surprinde pe chipul ei emo\u021biile umane. De la z\u00e2mbetul bl\u00e2nd p\u00e2n\u0103 la str\u0103lucirea<\/p>\n","protected":false},"featured_media":74026,"template":"","meta":[],"product_brand":[],"product_cat":[2736],"product_tag":[],"class_list":{"0":"post-74013","1":"product","2":"type-product","3":"status-publish","4":"has-post-thumbnail","6":"product_cat-papusi-si-accesorii-alte-jucarii-si-jocuri-hu-3","7":"pa_filter_age-3_5","8":"pa_filter_age-5_7","9":"pa_filter_age-7_9","11":"first","12":"instock","13":"taxable","14":"shipping-taxable","15":"product-type-simple"},"yoast_head":"<!-- This site is optimized with the Yoast SEO plugin v20.1 - https:\/\/yoast.com\/wordpress\/plugins\/seo\/ -->\n<title>P\u0103pu\u0219a Alice - Descoperim emo\u021biile - Roovi B2B<\/title>\n<meta name=\"robots\" content=\"index, follow, max-snippet:-1, max-image-preview:large, max-video-preview:-1\" \/>\n<link rel=\"canonical\" href=\"https:\/\/business.roovi.com\/ro\/papusa-alice-descoperim-emotiile\/p\/\" \/>\n<meta property=\"og:locale\" content=\"ro_RO\" \/>\n<meta property=\"og:type\" content=\"article\" \/>\n<meta property=\"og:title\" content=\"P\u0103pu\u0219a Alice - Descoperim emo\u021biile - Roovi B2B\" \/>\n<meta property=\"og:description\" content=\"Descoper\u0103 o p\u0103pu\u0219\u0103 interactiv\u0103 \u0219i interesant\u0103 care surprinde pe chipul ei emo\u021biile umane. De la z\u00e2mbetul bl\u00e2nd p\u00e2n\u0103 la str\u0103lucirea\" \/>\n<meta property=\"og:url\" content=\"https:\/\/business.roovi.com\/ro\/papusa-alice-descoperim-emotiile\/p\/\" \/>\n<meta property=\"og:site_name\" content=\"Roovi B2B\" \/>\n<meta property=\"article:publisher\" content=\"https:\/\/www.facebook.com\/wwwjucariero\" \/>\n<meta property=\"article:modified_time\" content=\"2024-10-30T10:04:52+00:00\" \/>\n<meta property=\"og:image\" content=\"https:\/\/business.roovi.com\/wp-content\/uploads\/2024\/10\/papusa-alice_descoperim-emotiile_250kb.jpg\" \/>\n\t<meta property=\"og:image:width\" content=\"1200\" \/>\n\t<meta property=\"og:image:height\" content=\"1200\" \/>\n\t<meta property=\"og:image:type\" content=\"image\/jpeg\" \/>\n<meta name=\"twitter:label1\" content=\"Timp estimat pentru citire\" \/>\n\t<meta name=\"twitter:data1\" content=\"2 minute\" \/>\n<script type=\"application\/ld+json\" class=\"yoast-schema-graph\">{\"@context\":\"https:\/\/schema.org\",\"@graph\":[{\"@type\":\"WebPage\",\"@id\":\"https:\/\/business.roovi.com\/ro\/papusa-alice-descoperim-emotiile\/p\/\",\"url\":\"https:\/\/business.roovi.com\/ro\/papusa-alice-descoperim-emotiile\/p\/\",\"name\":\"P\u0103pu\u0219a Alice - Descoperim emo\u021biile - Roovi B2B\",\"isPartOf\":{\"@id\":\"https:\/\/business.roovi.com\/ro\/#website\"},\"datePublished\":\"2024-10-30T10:04:33+00:00\",\"dateModified\":\"2024-10-30T10:04:52+00:00\",\"breadcrumb\":{\"@id\":\"https:\/\/business.roovi.com\/ro\/papusa-alice-descoperim-emotiile\/p\/#breadcrumb\"},\"inLanguage\":\"ro-RO\",\"potentialAction\":[{\"@type\":\"ReadAction\",\"target\":[\"https:\/\/business.roovi.com\/ro\/papusa-alice-descoperim-emotiile\/p\/\"]}]},{\"@type\":\"BreadcrumbList\",\"@id\":\"https:\/\/business.roovi.com\/ro\/papusa-alice-descoperim-emotiile\/p\/#breadcrumb\",\"itemListElement\":[{\"@type\":\"ListItem\",\"position\":1,\"name\":\"Home\",\"item\":\"https:\/\/business.roovi.com\/ro\/\"},{\"@type\":\"ListItem\",\"position\":2,\"name\":\"Magazin\",\"item\":\"https:\/\/business.roovi.com\/ro\/magazin\/\"},{\"@type\":\"ListItem\",\"position\":3,\"name\":\"P\u0103pu\u0219a Alice &#8211; Descoperim emo\u021biile\"}]},{\"@type\":\"WebSite\",\"@id\":\"https:\/\/business.roovi.com\/ro\/#website\",\"url\":\"https:\/\/business.roovi.com\/ro\/\",\"name\":\"Roovi B2B\",\"description\":\"Roovi Business Website\",\"potentialAction\":[{\"@type\":\"SearchAction\",\"target\":{\"@type\":\"EntryPoint\",\"urlTemplate\":\"https:\/\/business.roovi.com\/ro\/?s={search_term_string}\"},\"query-input\":\"required name=search_term_string\"}],\"inLanguage\":\"ro-RO\"}]}<\/script>\n<!-- \/ Yoast SEO plugin. -->","yoast_head_json":{"title":"P\u0103pu\u0219a Alice - Descoperim emo\u021biile - Roovi B2B","robots":{"index":"index","follow":"follow","max-snippet":"max-snippet:-1","max-image-preview":"max-image-preview:large","max-video-preview":"max-video-preview:-1"},"canonical":"https:\/\/business.roovi.com\/ro\/papusa-alice-descoperim-emotiile\/p\/","og_locale":"ro_RO","og_type":"article","og_title":"P\u0103pu\u0219a Alice - Descoperim emo\u021biile - Roovi B2B","og_description":"Descoper\u0103 o p\u0103pu\u0219\u0103 interactiv\u0103 \u0219i interesant\u0103 care surprinde pe chipul ei emo\u021biile umane. De la z\u00e2mbetul bl\u00e2nd p\u00e2n\u0103 la str\u0103lucirea","og_url":"https:\/\/business.roovi.com\/ro\/papusa-alice-descoperim-emotiile\/p\/","og_site_name":"Roovi B2B","article_publisher":"https:\/\/www.facebook.com\/wwwjucariero","article_modified_time":"2024-10-30T10:04:52+00:00","og_image":[{"width":1200,"height":1200,"url":"https:\/\/business.roovi.com\/wp-content\/uploads\/2024\/10\/papusa-alice_descoperim-emotiile_250kb.jpg","type":"image\/jpeg"}],"twitter_misc":{"Timp estimat pentru citire":"2 minute"},"schema":{"@context":"https:\/\/schema.org","@graph":[{"@type":"WebPage","@id":"https:\/\/business.roovi.com\/ro\/papusa-alice-descoperim-emotiile\/p\/","url":"https:\/\/business.roovi.com\/ro\/papusa-alice-descoperim-emotiile\/p\/","name":"P\u0103pu\u0219a Alice - Descoperim emo\u021biile - Roovi B2B","isPartOf":{"@id":"https:\/\/business.roovi.com\/ro\/#website"},"datePublished":"2024-10-30T10:04:33+00:00","dateModified":"2024-10-30T10:04:52+00:00","breadcrumb":{"@id":"https:\/\/business.roovi.com\/ro\/papusa-alice-descoperim-emotiile\/p\/#breadcrumb"},"inLanguage":"ro-RO","potentialAction":[{"@type":"ReadAction","target":["https:\/\/business.roovi.com\/ro\/papusa-alice-descoperim-emotiile\/p\/"]}]},{"@type":"BreadcrumbList","@id":"https:\/\/business.roovi.com\/ro\/papusa-alice-descoperim-emotiile\/p\/#breadcrumb","itemListElement":[{"@type":"ListItem","position":1,"name":"Home","item":"https:\/\/business.roovi.com\/ro\/"},{"@type":"ListItem","position":2,"name":"Magazin","item":"https:\/\/business.roovi.com\/ro\/magazin\/"},{"@type":"ListItem","position":3,"name":"P\u0103pu\u0219a Alice &#8211; Descoperim emo\u021biile"}]},{"@type":"WebSite","@id":"https:\/\/business.roovi.com\/ro\/#website","url":"https:\/\/business.roovi.com\/ro\/","name":"Roovi B2B","description":"Roovi Business Website","potentialAction":[{"@type":"SearchAction","target":{"@type":"EntryPoint","urlTemplate":"https:\/\/business.roovi.com\/ro\/?s={search_term_string}"},"query-input":"required name=search_term_string"}],"inLanguage":"ro-RO"}]}},"_links":{"self":[{"href":"https:\/\/business.roovi.com\/ro\/wp-json\/wp\/v2\/product\/74013","targetHints":{"allow":["GET"]}}],"collection":[{"href":"https:\/\/business.roovi.com\/ro\/wp-json\/wp\/v2\/product"}],"about":[{"href":"https:\/\/business.roovi.com\/ro\/wp-json\/wp\/v2\/types\/product"}],"version-history":[{"count":0,"href":"https:\/\/business.roovi.com\/ro\/wp-json\/wp\/v2\/product\/74013\/revisions"}],"wp:featuredmedia":[{"embeddable":true,"href":"https:\/\/business.roovi.com\/ro\/wp-json\/wp\/v2\/media\/74026"}],"wp:attachment":[{"href":"https:\/\/business.roovi.com\/ro\/wp-json\/wp\/v2\/media?parent=74013"}],"wp:term":[{"taxonomy":"product_brand","embeddable":true,"href":"https:\/\/business.roovi.com\/ro\/wp-json\/wp\/v2\/product_brand?post=74013"},{"taxonomy":"product_cat","embeddable":true,"href":"https:\/\/business.roovi.com\/ro\/wp-json\/wp\/v2\/product_cat?post=74013"},{"taxonomy":"product_tag","embeddable":true,"href":"https:\/\/business.roovi.com\/ro\/wp-json\/wp\/v2\/product_tag?post=74013"}],"curies":[{"name":"wp","href":"https:\/\/api.w.org\/{rel}","templated":true}]}}