{"id":74192,"date":"2024-11-27T07:23:57","date_gmt":"2024-11-27T07:23:57","guid":{"rendered":"https:\/\/business.roovi.com\/?post_type=product&#038;p=74192"},"modified":"2024-11-27T07:24:19","modified_gmt":"2024-11-27T07:24:19","slug":"sa-exploram-jungla-joc-de-observatie-cu-multe-capcane","status":"publish","type":"product","link":"https:\/\/business.roovi.com\/ro\/sa-exploram-jungla-joc-de-observatie-cu-multe-capcane\/p\/","title":{"rendered":"S\u0103 Explor\u0103m Jungla &#8211; Joc de observa\u021bie cu multe capcane"},"content":{"rendered":"<p><strong>E\u0219ti curios \u0219i dornic de aventur\u0103? Descoper\u0103 S\u0103 explor\u0103m jungla un joc interactiv \u0219i super distractiv care te poart\u0103 direct \u00een inima junglei.<\/strong><\/p>\n<p>Prive\u0219te cu aten\u021bie c\u0103r\u021bile \u0219i colecteaz\u0103-le doar pe cele potrivite!&#8230; Pentru c\u0103 \u00een jocul <strong>S\u0103 explor\u0103m jungla<\/strong> micile detalii sunt cele care chiar fac diferen\u021ba.<\/p>\n<p>Fiecare juc\u0103tor are la dispozi\u021bie un set de 20 de c\u0103r\u021bi de joc cu ajutorul c\u0103rora trebuie s\u0103 \u00eendeplineasc\u0103 provocarea fiec\u0103rei runde. Iar pentru un plus de distrac\u021bie \u0219i diversitate, rezolv\u0103 cele 4 puzzle-uri din c\u0103r\u021bile de joc.<\/p>\n<ul>\n<li>Fii un juc\u0103tor agil \u0219i g\u0103se\u0219te plantele din imagini.<\/li>\n<li>Fere\u0219te-te de animalele care se camufleaz\u0103 \u00een iarb\u0103.<\/li>\n<li>Colecteaz\u0103 cele mai multe plante rare f\u0103r\u0103 a deranja animalele \u0219i c\u00e2\u0219tig\u0103 jocul!<\/li>\n<\/ul>\n<p><strong>De ce s\u0103 alegi jocul S\u0103 explor\u0103m jungla<\/strong><\/p>\n<p>Este o bun\u0103 modalitate pentru a-i face pe copii s\u0103 studieze cu aten\u021bie detaliile \u0219i s\u0103 se concentreze pe o sarcin\u0103 precis\u0103 un timp \u00eendelungat.<\/p>\n<p><strong>S\u0103 explor\u0103m jungla<\/strong> este un joc de tip \u201ecaut\u0103 \u0219i g\u0103se\u0219te\u201d care \u00eei provoac\u0103 pe cei mici s\u0103 g\u00e2ndeasc\u0103 \u0219i s\u0103 reac\u021bioneze rapid, ceea ce contribuie la dezvoltarea abilit\u0103\u021bilor cognitive \u0219i la \u00eembun\u0103t\u0103\u021birea reflexelor.<\/p>\n<p>Jocul are o grafic\u0103 de excep\u021bie, cu imagini detaliate din jungl\u0103 de unde copiii pot \u00eenv\u0103\u021ba diverse nume de plante \u0219i animale exotice.<\/p>\n<p>Tematica jocului &#8211; jungla &#8211; \u00eei ajut\u0103 pe copii s\u0103 \u00eenve\u021be mai multe despre flora \u0219i fauna exotic\u0103, st\u00e2rnindu-le curiozitatea fa\u021b\u0103 de natur\u0103 \u0219i biodiversitate.<\/p>\n<p>Jocul stimuleaz\u0103 competi\u021bia s\u0103n\u0103toas\u0103 \u00eentre copii \u0219i \u00eei ajut\u0103 s\u0103 \u00eenve\u021be s\u0103 \u00ee\u0219i gestioneze emo\u021biile.<\/p>\n<p>Dezvolt\u0103 imagina\u021bia copiilor \u0219i creeaz\u0103 cadrul perfect pentru ca ace\u0219ti s\u0103 \u00ee\u0219i manifeste creativitatea.<\/p>\n<p>Fie c\u0103 \u00ee\u021bi dore\u0219ti un joc dinamic \u0219i amuzant pentru a te bucura de momente magice \u00eempreun\u0103 cu copiii sau un cadou potrivit pentru un copil iste\u021b \u0219i creativ, <strong>S\u0103 explor\u0103m jungla<\/strong> este alegerea perfect\u0103!<\/p>\n<p><strong>V\u00e2rsta recomandat\u0103:<\/strong> 6+<br \/>\n<strong>Durat\u0103:<\/strong> &lt; 20 minute<br \/>\n<strong>Juc\u0103tori:<\/strong> 2-4 persoane<\/p>\n<p><strong>Con\u021binut:\u00a0<\/strong><br \/>\n<strong>94x<\/strong> c\u0103r\u021bi de joc<br \/>\n<strong>1x<\/strong> regulament de joc<\/p>\n","protected":false},"excerpt":{"rendered":"<p>E\u0219ti curios \u0219i dornic de aventur\u0103? Descoper\u0103 S\u0103 explor\u0103m jungla un joc interactiv \u0219i super distractiv care te poart\u0103 direct<\/p>\n","protected":false},"featured_media":74198,"template":"","meta":[],"product_brand":[],"product_cat":[2741,1522,2728,1502,1467,2719],"product_tag":[],"class_list":{"0":"post-74192","1":"product","2":"type-product","3":"status-publish","4":"has-post-thumbnail","6":"product_cat-alegeri-indragite","7":"product_cat-carti-de-joc","8":"product_cat-export","9":"product_cat-jocuri-de-familie","10":"product_cat-jocuri-de-societate","11":"product_cat-noutati","12":"pa_filter_age-1315","13":"pa_filter_age-5_7","14":"pa_filter_age-7_9","15":"pa_filter_age-9_14","17":"first","18":"instock","19":"taxable","20":"shipping-taxable","21":"product-type-simple"},"yoast_head":"<!-- This site is optimized with the Yoast SEO plugin v20.1 - https:\/\/yoast.com\/wordpress\/plugins\/seo\/ -->\n<title>S\u0103 Explor\u0103m Jungla - Joc de observa\u021bie cu multe capcane - Roovi B2B<\/title>\n<meta name=\"robots\" content=\"index, follow, max-snippet:-1, max-image-preview:large, max-video-preview:-1\" \/>\n<link rel=\"canonical\" href=\"https:\/\/business.roovi.com\/ro\/sa-exploram-jungla-joc-de-observatie-cu-multe-capcane\/p\/\" \/>\n<meta property=\"og:locale\" content=\"ro_RO\" \/>\n<meta property=\"og:type\" content=\"article\" \/>\n<meta property=\"og:title\" content=\"S\u0103 Explor\u0103m Jungla - Joc de observa\u021bie cu multe capcane - Roovi B2B\" \/>\n<meta property=\"og:description\" content=\"E\u0219ti curios \u0219i dornic de aventur\u0103? Descoper\u0103 S\u0103 explor\u0103m jungla un joc interactiv \u0219i super distractiv care te poart\u0103 direct\" \/>\n<meta property=\"og:url\" content=\"https:\/\/business.roovi.com\/ro\/sa-exploram-jungla-joc-de-observatie-cu-multe-capcane\/p\/\" \/>\n<meta property=\"og:site_name\" content=\"Roovi B2B\" \/>\n<meta property=\"article:publisher\" content=\"https:\/\/www.facebook.com\/wwwjucariero\" \/>\n<meta property=\"article:modified_time\" content=\"2024-11-27T07:24:19+00:00\" \/>\n<meta name=\"twitter:label1\" content=\"Timp estimat pentru citire\" \/>\n\t<meta name=\"twitter:data1\" content=\"2 minute\" \/>\n<script type=\"application\/ld+json\" class=\"yoast-schema-graph\">{\"@context\":\"https:\/\/schema.org\",\"@graph\":[{\"@type\":\"WebPage\",\"@id\":\"https:\/\/business.roovi.com\/ro\/sa-exploram-jungla-joc-de-observatie-cu-multe-capcane\/p\/\",\"url\":\"https:\/\/business.roovi.com\/ro\/sa-exploram-jungla-joc-de-observatie-cu-multe-capcane\/p\/\",\"name\":\"S\u0103 Explor\u0103m Jungla - Joc de observa\u021bie cu multe capcane - Roovi B2B\",\"isPartOf\":{\"@id\":\"https:\/\/business.roovi.com\/ro\/#website\"},\"datePublished\":\"2024-11-27T07:23:57+00:00\",\"dateModified\":\"2024-11-27T07:24:19+00:00\",\"breadcrumb\":{\"@id\":\"https:\/\/business.roovi.com\/ro\/sa-exploram-jungla-joc-de-observatie-cu-multe-capcane\/p\/#breadcrumb\"},\"inLanguage\":\"ro-RO\",\"potentialAction\":[{\"@type\":\"ReadAction\",\"target\":[\"https:\/\/business.roovi.com\/ro\/sa-exploram-jungla-joc-de-observatie-cu-multe-capcane\/p\/\"]}]},{\"@type\":\"BreadcrumbList\",\"@id\":\"https:\/\/business.roovi.com\/ro\/sa-exploram-jungla-joc-de-observatie-cu-multe-capcane\/p\/#breadcrumb\",\"itemListElement\":[{\"@type\":\"ListItem\",\"position\":1,\"name\":\"Home\",\"item\":\"https:\/\/business.roovi.com\/ro\/\"},{\"@type\":\"ListItem\",\"position\":2,\"name\":\"Magazin\",\"item\":\"https:\/\/business.roovi.com\/ro\/magazin\/\"},{\"@type\":\"ListItem\",\"position\":3,\"name\":\"S\u0103 Explor\u0103m Jungla &#8211; Joc de observa\u021bie cu multe capcane\"}]},{\"@type\":\"WebSite\",\"@id\":\"https:\/\/business.roovi.com\/ro\/#website\",\"url\":\"https:\/\/business.roovi.com\/ro\/\",\"name\":\"Roovi B2B\",\"description\":\"Roovi Business Website\",\"potentialAction\":[{\"@type\":\"SearchAction\",\"target\":{\"@type\":\"EntryPoint\",\"urlTemplate\":\"https:\/\/business.roovi.com\/ro\/?s={search_term_string}\"},\"query-input\":\"required name=search_term_string\"}],\"inLanguage\":\"ro-RO\"}]}<\/script>\n<!-- \/ Yoast SEO plugin. -->","yoast_head_json":{"title":"S\u0103 Explor\u0103m Jungla - Joc de observa\u021bie cu multe capcane - Roovi B2B","robots":{"index":"index","follow":"follow","max-snippet":"max-snippet:-1","max-image-preview":"max-image-preview:large","max-video-preview":"max-video-preview:-1"},"canonical":"https:\/\/business.roovi.com\/ro\/sa-exploram-jungla-joc-de-observatie-cu-multe-capcane\/p\/","og_locale":"ro_RO","og_type":"article","og_title":"S\u0103 Explor\u0103m Jungla - Joc de observa\u021bie cu multe capcane - Roovi B2B","og_description":"E\u0219ti curios \u0219i dornic de aventur\u0103? Descoper\u0103 S\u0103 explor\u0103m jungla un joc interactiv \u0219i super distractiv care te poart\u0103 direct","og_url":"https:\/\/business.roovi.com\/ro\/sa-exploram-jungla-joc-de-observatie-cu-multe-capcane\/p\/","og_site_name":"Roovi B2B","article_publisher":"https:\/\/www.facebook.com\/wwwjucariero","article_modified_time":"2024-11-27T07:24:19+00:00","twitter_misc":{"Timp estimat pentru citire":"2 minute"},"schema":{"@context":"https:\/\/schema.org","@graph":[{"@type":"WebPage","@id":"https:\/\/business.roovi.com\/ro\/sa-exploram-jungla-joc-de-observatie-cu-multe-capcane\/p\/","url":"https:\/\/business.roovi.com\/ro\/sa-exploram-jungla-joc-de-observatie-cu-multe-capcane\/p\/","name":"S\u0103 Explor\u0103m Jungla - Joc de observa\u021bie cu multe capcane - Roovi B2B","isPartOf":{"@id":"https:\/\/business.roovi.com\/ro\/#website"},"datePublished":"2024-11-27T07:23:57+00:00","dateModified":"2024-11-27T07:24:19+00:00","breadcrumb":{"@id":"https:\/\/business.roovi.com\/ro\/sa-exploram-jungla-joc-de-observatie-cu-multe-capcane\/p\/#breadcrumb"},"inLanguage":"ro-RO","potentialAction":[{"@type":"ReadAction","target":["https:\/\/business.roovi.com\/ro\/sa-exploram-jungla-joc-de-observatie-cu-multe-capcane\/p\/"]}]},{"@type":"BreadcrumbList","@id":"https:\/\/business.roovi.com\/ro\/sa-exploram-jungla-joc-de-observatie-cu-multe-capcane\/p\/#breadcrumb","itemListElement":[{"@type":"ListItem","position":1,"name":"Home","item":"https:\/\/business.roovi.com\/ro\/"},{"@type":"ListItem","position":2,"name":"Magazin","item":"https:\/\/business.roovi.com\/ro\/magazin\/"},{"@type":"ListItem","position":3,"name":"S\u0103 Explor\u0103m Jungla &#8211; Joc de observa\u021bie cu multe capcane"}]},{"@type":"WebSite","@id":"https:\/\/business.roovi.com\/ro\/#website","url":"https:\/\/business.roovi.com\/ro\/","name":"Roovi B2B","description":"Roovi Business Website","potentialAction":[{"@type":"SearchAction","target":{"@type":"EntryPoint","urlTemplate":"https:\/\/business.roovi.com\/ro\/?s={search_term_string}"},"query-input":"required name=search_term_string"}],"inLanguage":"ro-RO"}]}},"_links":{"self":[{"href":"https:\/\/business.roovi.com\/ro\/wp-json\/wp\/v2\/product\/74192","targetHints":{"allow":["GET"]}}],"collection":[{"href":"https:\/\/business.roovi.com\/ro\/wp-json\/wp\/v2\/product"}],"about":[{"href":"https:\/\/business.roovi.com\/ro\/wp-json\/wp\/v2\/types\/product"}],"version-history":[{"count":0,"href":"https:\/\/business.roovi.com\/ro\/wp-json\/wp\/v2\/product\/74192\/revisions"}],"wp:featuredmedia":[{"embeddable":true,"href":"https:\/\/business.roovi.com\/ro\/wp-json\/wp\/v2\/media\/74198"}],"wp:attachment":[{"href":"https:\/\/business.roovi.com\/ro\/wp-json\/wp\/v2\/media?parent=74192"}],"wp:term":[{"taxonomy":"product_brand","embeddable":true,"href":"https:\/\/business.roovi.com\/ro\/wp-json\/wp\/v2\/product_brand?post=74192"},{"taxonomy":"product_cat","embeddable":true,"href":"https:\/\/business.roovi.com\/ro\/wp-json\/wp\/v2\/product_cat?post=74192"},{"taxonomy":"product_tag","embeddable":true,"href":"https:\/\/business.roovi.com\/ro\/wp-json\/wp\/v2\/product_tag?post=74192"}],"curies":[{"name":"wp","href":"https:\/\/api.w.org\/{rel}","templated":true}]}}