{"id":74193,"date":"2024-11-27T07:24:16","date_gmt":"2024-11-27T07:24:16","guid":{"rendered":"https:\/\/business.roovi.com\/?post_type=product&#038;p=74193"},"modified":"2024-11-27T07:24:20","modified_gmt":"2024-11-27T07:24:20","slug":"puzzle-colorful-owl-puzzle-1000-piese","status":"publish","type":"product","link":"https:\/\/business.roovi.com\/ro\/puzzle-colorful-owl-puzzle-1000-piese\/p\/","title":{"rendered":"Puzzle Colorful Owl &#8211; Puzzle 1000 piese"},"content":{"rendered":"<p><strong>Descoper\u0103 un puzzle complex, cu detalii cromatice superbe \u0219i creeaz\u0103 un tablou unic, \u00een culori vibrante!<\/strong><\/p>\n<p><strong>Puzzle 1000 de piese \u2013 Colorful Owl<\/strong> testeaz\u0103 \u00eendem\u00e2narea \u0219i aten\u021bia la detalii a oric\u0103rui pasionat de jocuri puzzle.<\/p>\n<p>Designul unic te atrage prin culorile electrizante \u0219i detaliile minu\u021bios concepute. Fie c\u0103 ai experien\u021b\u0103 \u00een asamblarea puzzle-urilor cu piese numeroase, fie c\u0103 e\u0219ti \u00eencep\u0103tor, vei fi dornic s\u0103 \u00eentrege\u0219ti tabloul care \u00eenf\u0103\u021bi\u0219eaz\u0103 bufni\u021ba misterioas\u0103.<\/p>\n<p><strong>De ce s\u0103 alegi Puzzle 1000 piese \u2013 Colorful Owl<\/strong><\/p>\n<ul>\n<li>Este o provocare inedit\u0103 pentru min\u021bile creative \u0219i curioase.<\/li>\n<li>Reprezint\u0103 o modalitate uimitoare de relaxare activ\u0103 \u0219i deconectare de la cotidian.<\/li>\n<li>\u00ce\u021bi ofer\u0103 ocazia s\u0103 fii creatorul unui tablou uimitor cu dimensiunile de 68 x 47 cm pe care \u00eel po\u021bi folosi ca pe un obiect decorativ deosebit.<\/li>\n<li>Po\u021bi asambla puzzle-ul al\u0103turi de copii av\u00e2nd astfel \u0219ansa de a petrece timp de calitate \u00eempreun\u0103 cu ace\u0219tia.<\/li>\n<li>Activitatea de asamblare este unul dintre cele mai bune exerci\u021bii care men\u021bin s\u0103n\u0103tatea mental\u0103 \u0219i protejeaz\u0103 \u00eempotriva bolilor neurodegenerative.<\/li>\n<\/ul>\n<p>\u00cen plus, asamblarea unui puzzle complex are efecte asem\u0103n\u0103toare cu cele ale unei medita\u021bii profunde asupra min\u021bii umane. Datorit\u0103 st\u0103rii de concentrare intense, \u00een timpul jocului puzzle se creeaz\u0103 un echilibru \u00eentre corpul ra\u021bional \u0219i cel emo\u021bional astfel \u00eenc\u00e2t tr\u0103ie\u0219ti \u00een momentul prezent \u0219i te bucuri \u00een acela\u0219i timp de o experien\u021b\u0103 de relaxare uimitoare.<\/p>\n<p>Bucur\u0103-te a\u0219adar de pasiunea pentru jocurile puzzle \u0219i experimenteaz\u0103 toate aceste st\u0103ri de bine cu <strong>Puzzle 1000 de piese \u2013 Colorful Owl!<\/strong><\/p>\n","protected":false},"excerpt":{"rendered":"<p>Descoper\u0103 un puzzle complex, cu detalii cromatice superbe \u0219i creeaz\u0103 un tablou unic, \u00een culori vibrante! Puzzle 1000 de piese<\/p>\n","protected":false},"featured_media":74219,"template":"","meta":[],"product_brand":[],"product_cat":[2728,2719,1454,1488,1560],"product_tag":[],"class_list":{"0":"post-74193","1":"product","2":"type-product","3":"status-publish","4":"has-post-thumbnail","6":"product_cat-export","7":"product_cat-noutati","8":"product_cat-puzzle","9":"product_cat-puzzle-adulti","10":"product_cat-puzzle-adulti-1000","11":"pa_filter_age-1315","12":"pa_filter_age-9_14","14":"first","15":"instock","16":"taxable","17":"shipping-taxable","18":"product-type-simple"},"yoast_head":"<!-- This site is optimized with the Yoast SEO plugin v20.1 - https:\/\/yoast.com\/wordpress\/plugins\/seo\/ -->\n<title>Puzzle Colorful Owl - Puzzle 1000 piese - Roovi B2B<\/title>\n<meta name=\"robots\" content=\"index, follow, max-snippet:-1, max-image-preview:large, max-video-preview:-1\" \/>\n<link rel=\"canonical\" href=\"https:\/\/business.roovi.com\/ro\/puzzle-colorful-owl-puzzle-1000-piese\/p\/\" \/>\n<meta property=\"og:locale\" content=\"ro_RO\" \/>\n<meta property=\"og:type\" content=\"article\" \/>\n<meta property=\"og:title\" content=\"Puzzle Colorful Owl - Puzzle 1000 piese - Roovi B2B\" \/>\n<meta property=\"og:description\" content=\"Descoper\u0103 un puzzle complex, cu detalii cromatice superbe \u0219i creeaz\u0103 un tablou unic, \u00een culori vibrante! Puzzle 1000 de piese\" \/>\n<meta property=\"og:url\" content=\"https:\/\/business.roovi.com\/ro\/puzzle-colorful-owl-puzzle-1000-piese\/p\/\" \/>\n<meta property=\"og:site_name\" content=\"Roovi B2B\" \/>\n<meta property=\"article:publisher\" content=\"https:\/\/www.facebook.com\/wwwjucariero\" \/>\n<meta property=\"article:modified_time\" content=\"2024-11-27T07:24:20+00:00\" \/>\n<meta name=\"twitter:label1\" content=\"Timp estimat pentru citire\" \/>\n\t<meta name=\"twitter:data1\" content=\"1 minut\" \/>\n<script type=\"application\/ld+json\" class=\"yoast-schema-graph\">{\"@context\":\"https:\/\/schema.org\",\"@graph\":[{\"@type\":\"WebPage\",\"@id\":\"https:\/\/business.roovi.com\/ro\/puzzle-colorful-owl-puzzle-1000-piese\/p\/\",\"url\":\"https:\/\/business.roovi.com\/ro\/puzzle-colorful-owl-puzzle-1000-piese\/p\/\",\"name\":\"Puzzle Colorful Owl - Puzzle 1000 piese - Roovi B2B\",\"isPartOf\":{\"@id\":\"https:\/\/business.roovi.com\/ro\/#website\"},\"datePublished\":\"2024-11-27T07:24:16+00:00\",\"dateModified\":\"2024-11-27T07:24:20+00:00\",\"breadcrumb\":{\"@id\":\"https:\/\/business.roovi.com\/ro\/puzzle-colorful-owl-puzzle-1000-piese\/p\/#breadcrumb\"},\"inLanguage\":\"ro-RO\",\"potentialAction\":[{\"@type\":\"ReadAction\",\"target\":[\"https:\/\/business.roovi.com\/ro\/puzzle-colorful-owl-puzzle-1000-piese\/p\/\"]}]},{\"@type\":\"BreadcrumbList\",\"@id\":\"https:\/\/business.roovi.com\/ro\/puzzle-colorful-owl-puzzle-1000-piese\/p\/#breadcrumb\",\"itemListElement\":[{\"@type\":\"ListItem\",\"position\":1,\"name\":\"Home\",\"item\":\"https:\/\/business.roovi.com\/ro\/\"},{\"@type\":\"ListItem\",\"position\":2,\"name\":\"Magazin\",\"item\":\"https:\/\/business.roovi.com\/ro\/magazin\/\"},{\"@type\":\"ListItem\",\"position\":3,\"name\":\"Puzzle Colorful Owl &#8211; Puzzle 1000 piese\"}]},{\"@type\":\"WebSite\",\"@id\":\"https:\/\/business.roovi.com\/ro\/#website\",\"url\":\"https:\/\/business.roovi.com\/ro\/\",\"name\":\"Roovi B2B\",\"description\":\"Roovi Business Website\",\"potentialAction\":[{\"@type\":\"SearchAction\",\"target\":{\"@type\":\"EntryPoint\",\"urlTemplate\":\"https:\/\/business.roovi.com\/ro\/?s={search_term_string}\"},\"query-input\":\"required name=search_term_string\"}],\"inLanguage\":\"ro-RO\"}]}<\/script>\n<!-- \/ Yoast SEO plugin. -->","yoast_head_json":{"title":"Puzzle Colorful Owl - Puzzle 1000 piese - Roovi B2B","robots":{"index":"index","follow":"follow","max-snippet":"max-snippet:-1","max-image-preview":"max-image-preview:large","max-video-preview":"max-video-preview:-1"},"canonical":"https:\/\/business.roovi.com\/ro\/puzzle-colorful-owl-puzzle-1000-piese\/p\/","og_locale":"ro_RO","og_type":"article","og_title":"Puzzle Colorful Owl - Puzzle 1000 piese - Roovi B2B","og_description":"Descoper\u0103 un puzzle complex, cu detalii cromatice superbe \u0219i creeaz\u0103 un tablou unic, \u00een culori vibrante! Puzzle 1000 de piese","og_url":"https:\/\/business.roovi.com\/ro\/puzzle-colorful-owl-puzzle-1000-piese\/p\/","og_site_name":"Roovi B2B","article_publisher":"https:\/\/www.facebook.com\/wwwjucariero","article_modified_time":"2024-11-27T07:24:20+00:00","twitter_misc":{"Timp estimat pentru citire":"1 minut"},"schema":{"@context":"https:\/\/schema.org","@graph":[{"@type":"WebPage","@id":"https:\/\/business.roovi.com\/ro\/puzzle-colorful-owl-puzzle-1000-piese\/p\/","url":"https:\/\/business.roovi.com\/ro\/puzzle-colorful-owl-puzzle-1000-piese\/p\/","name":"Puzzle Colorful Owl - Puzzle 1000 piese - Roovi B2B","isPartOf":{"@id":"https:\/\/business.roovi.com\/ro\/#website"},"datePublished":"2024-11-27T07:24:16+00:00","dateModified":"2024-11-27T07:24:20+00:00","breadcrumb":{"@id":"https:\/\/business.roovi.com\/ro\/puzzle-colorful-owl-puzzle-1000-piese\/p\/#breadcrumb"},"inLanguage":"ro-RO","potentialAction":[{"@type":"ReadAction","target":["https:\/\/business.roovi.com\/ro\/puzzle-colorful-owl-puzzle-1000-piese\/p\/"]}]},{"@type":"BreadcrumbList","@id":"https:\/\/business.roovi.com\/ro\/puzzle-colorful-owl-puzzle-1000-piese\/p\/#breadcrumb","itemListElement":[{"@type":"ListItem","position":1,"name":"Home","item":"https:\/\/business.roovi.com\/ro\/"},{"@type":"ListItem","position":2,"name":"Magazin","item":"https:\/\/business.roovi.com\/ro\/magazin\/"},{"@type":"ListItem","position":3,"name":"Puzzle Colorful Owl &#8211; Puzzle 1000 piese"}]},{"@type":"WebSite","@id":"https:\/\/business.roovi.com\/ro\/#website","url":"https:\/\/business.roovi.com\/ro\/","name":"Roovi B2B","description":"Roovi Business Website","potentialAction":[{"@type":"SearchAction","target":{"@type":"EntryPoint","urlTemplate":"https:\/\/business.roovi.com\/ro\/?s={search_term_string}"},"query-input":"required name=search_term_string"}],"inLanguage":"ro-RO"}]}},"_links":{"self":[{"href":"https:\/\/business.roovi.com\/ro\/wp-json\/wp\/v2\/product\/74193","targetHints":{"allow":["GET"]}}],"collection":[{"href":"https:\/\/business.roovi.com\/ro\/wp-json\/wp\/v2\/product"}],"about":[{"href":"https:\/\/business.roovi.com\/ro\/wp-json\/wp\/v2\/types\/product"}],"version-history":[{"count":0,"href":"https:\/\/business.roovi.com\/ro\/wp-json\/wp\/v2\/product\/74193\/revisions"}],"wp:featuredmedia":[{"embeddable":true,"href":"https:\/\/business.roovi.com\/ro\/wp-json\/wp\/v2\/media\/74219"}],"wp:attachment":[{"href":"https:\/\/business.roovi.com\/ro\/wp-json\/wp\/v2\/media?parent=74193"}],"wp:term":[{"taxonomy":"product_brand","embeddable":true,"href":"https:\/\/business.roovi.com\/ro\/wp-json\/wp\/v2\/product_brand?post=74193"},{"taxonomy":"product_cat","embeddable":true,"href":"https:\/\/business.roovi.com\/ro\/wp-json\/wp\/v2\/product_cat?post=74193"},{"taxonomy":"product_tag","embeddable":true,"href":"https:\/\/business.roovi.com\/ro\/wp-json\/wp\/v2\/product_tag?post=74193"}],"curies":[{"name":"wp","href":"https:\/\/api.w.org\/{rel}","templated":true}]}}