{"id":74194,"date":"2024-11-27T07:24:16","date_gmt":"2024-11-27T07:24:16","guid":{"rendered":"https:\/\/business.roovi.com\/?post_type=product&#038;p=74194"},"modified":"2024-11-27T07:24:21","modified_gmt":"2024-11-27T07:24:21","slug":"puzzle-vibrant-elephants-puzzle-1000-piese","status":"publish","type":"product","link":"https:\/\/business.roovi.com\/ro\/puzzle-vibrant-elephants-puzzle-1000-piese\/p\/","title":{"rendered":"Puzzle Vibrant Elephants &#8211; Puzzle 1000 piese"},"content":{"rendered":"<p><strong>Alege Puzzle 1000 de piese \u2013 Vibrant Elephants \u0219i experimenteaz\u0103 o stare de bine \u0219i relaxare profund\u0103!<\/strong><\/p>\n<p>Dac\u0103 \u00ee\u021bi dore\u0219ti s\u0103 te deconectezi de la ecrane \u0219i s\u0103 te bucuri de timpul liber \u00een tihn\u0103, asamblarea unui puzzle complex este alegerea cea mai inspirat\u0103.<\/p>\n<p><strong>Puzzle 1000 de piese \u2013 Vibrant Elephants<\/strong> red\u0103 o ilustra\u021bie \u00een culori electrizante, dar echilibrate cromatic astfel \u00eenc\u00e2t te vei bucura la final de un tablou original pe care \u00eel po\u021bi \u00eenr\u0103ma \u0219i expune pe pere\u021bii casei tale.<\/p>\n<p>Elefantul semnific\u0103 for\u021ba, longevitatea \u0219i norocul. Dac\u0103 te atrage simbolistica acestui animal impun\u0103tor, cu at\u00e2t mai mult vei fi mai motivat s\u0103 recomui tabloul din 1000 piese de puzzle.<\/p>\n<p>\u00cen plus, activitatea de asamblare este o modalitate excelent\u0103 pentru a-\u021bi dezvolta diferite abilit\u0103\u021bi, precum:<\/p>\n<ul>\n<li>Memoria pe termen scurt<\/li>\n<li>R\u0103bdarea<\/li>\n<li>Aten\u021bia la detalii<\/li>\n<li>Perseveren\u021ba<\/li>\n<li>Motricitatea fin\u0103<\/li>\n<li>G\u00e2ndirea logic\u0103<\/li>\n<\/ul>\n<p><strong>De ce s\u0103 alegi puzzle adul\u021bi 1000 piese \u2013 Vibrant Elephants<\/strong><\/p>\n<ul>\n<li>Un puzzle 1000 piese cu o ilustra\u021bie original\u0103 te inspir\u0103 \u0219i \u00ee\u021bi dezvolt\u0103 creativitatea.<\/li>\n<li>Ob\u021bii un tablou decorativ cu dimensiunile de 68 x 47 cm.<\/li>\n<li>Este un prilej de a ie\u0219i din rutina cotidian\u0103.<\/li>\n<li>Piesele sunt realizate din carton de calitate superioar\u0103 care le ofer\u0103 rezisten\u021b\u0103 sporit\u0103 \u00een timp.<\/li>\n<li>Finisajul este semi-lucios, iar culorile vii scot \u00een eviden\u021b\u0103 frumuse\u021bea ilustra\u021biei.<\/li>\n<li>Este prietenos cu natura, fiind produs din materiale sustenabile \u0219i reciclabile.<\/li>\n<li>Este potrivit celor peste 14 ani \u0219i poate fi un bun prilej pentru a petrece un timp de calitate cu adolescen\u021bii.<\/li>\n<\/ul>\n<p>De asemenea, <strong>Puzzle 1000 piese \u2013 Vibrant Elephants<\/strong> poate fi un cadou de excep\u021bie pe care s\u0103-l oferi familiei tale sau oric\u0103rui pasionat de jocuri puzzle din anturajul t\u0103u.<\/p>\n","protected":false},"excerpt":{"rendered":"<p>Alege Puzzle 1000 de piese \u2013 Vibrant Elephants \u0219i experimenteaz\u0103 o stare de bine \u0219i relaxare profund\u0103! Dac\u0103 \u00ee\u021bi dore\u0219ti<\/p>\n","protected":false},"featured_media":74230,"template":"","meta":[],"product_brand":[],"product_cat":[2728,2719,1454,1488,1560],"product_tag":[],"class_list":{"0":"post-74194","1":"product","2":"type-product","3":"status-publish","4":"has-post-thumbnail","6":"product_cat-export","7":"product_cat-noutati","8":"product_cat-puzzle","9":"product_cat-puzzle-adulti","10":"product_cat-puzzle-adulti-1000","11":"pa_filter_age-1315","12":"pa_filter_age-9_14","14":"first","15":"instock","16":"taxable","17":"shipping-taxable","18":"product-type-simple"},"yoast_head":"<!-- This site is optimized with the Yoast SEO plugin v20.1 - https:\/\/yoast.com\/wordpress\/plugins\/seo\/ -->\n<title>Puzzle Vibrant Elephants - Puzzle 1000 piese - Roovi B2B<\/title>\n<meta name=\"robots\" content=\"index, follow, max-snippet:-1, max-image-preview:large, max-video-preview:-1\" \/>\n<link rel=\"canonical\" href=\"https:\/\/business.roovi.com\/ro\/puzzle-vibrant-elephants-puzzle-1000-piese\/p\/\" \/>\n<meta property=\"og:locale\" content=\"ro_RO\" \/>\n<meta property=\"og:type\" content=\"article\" \/>\n<meta property=\"og:title\" content=\"Puzzle Vibrant Elephants - Puzzle 1000 piese - Roovi B2B\" \/>\n<meta property=\"og:description\" content=\"Alege Puzzle 1000 de piese \u2013 Vibrant Elephants \u0219i experimenteaz\u0103 o stare de bine \u0219i relaxare profund\u0103! Dac\u0103 \u00ee\u021bi dore\u0219ti\" \/>\n<meta property=\"og:url\" content=\"https:\/\/business.roovi.com\/ro\/puzzle-vibrant-elephants-puzzle-1000-piese\/p\/\" \/>\n<meta property=\"og:site_name\" content=\"Roovi B2B\" \/>\n<meta property=\"article:publisher\" content=\"https:\/\/www.facebook.com\/wwwjucariero\" \/>\n<meta property=\"article:modified_time\" content=\"2024-11-27T07:24:21+00:00\" \/>\n<meta name=\"twitter:label1\" content=\"Timp estimat pentru citire\" \/>\n\t<meta name=\"twitter:data1\" content=\"1 minut\" \/>\n<script type=\"application\/ld+json\" class=\"yoast-schema-graph\">{\"@context\":\"https:\/\/schema.org\",\"@graph\":[{\"@type\":\"WebPage\",\"@id\":\"https:\/\/business.roovi.com\/ro\/puzzle-vibrant-elephants-puzzle-1000-piese\/p\/\",\"url\":\"https:\/\/business.roovi.com\/ro\/puzzle-vibrant-elephants-puzzle-1000-piese\/p\/\",\"name\":\"Puzzle Vibrant Elephants - Puzzle 1000 piese - Roovi B2B\",\"isPartOf\":{\"@id\":\"https:\/\/business.roovi.com\/ro\/#website\"},\"datePublished\":\"2024-11-27T07:24:16+00:00\",\"dateModified\":\"2024-11-27T07:24:21+00:00\",\"breadcrumb\":{\"@id\":\"https:\/\/business.roovi.com\/ro\/puzzle-vibrant-elephants-puzzle-1000-piese\/p\/#breadcrumb\"},\"inLanguage\":\"ro-RO\",\"potentialAction\":[{\"@type\":\"ReadAction\",\"target\":[\"https:\/\/business.roovi.com\/ro\/puzzle-vibrant-elephants-puzzle-1000-piese\/p\/\"]}]},{\"@type\":\"BreadcrumbList\",\"@id\":\"https:\/\/business.roovi.com\/ro\/puzzle-vibrant-elephants-puzzle-1000-piese\/p\/#breadcrumb\",\"itemListElement\":[{\"@type\":\"ListItem\",\"position\":1,\"name\":\"Home\",\"item\":\"https:\/\/business.roovi.com\/ro\/\"},{\"@type\":\"ListItem\",\"position\":2,\"name\":\"Magazin\",\"item\":\"https:\/\/business.roovi.com\/ro\/magazin\/\"},{\"@type\":\"ListItem\",\"position\":3,\"name\":\"Puzzle Vibrant Elephants &#8211; Puzzle 1000 piese\"}]},{\"@type\":\"WebSite\",\"@id\":\"https:\/\/business.roovi.com\/ro\/#website\",\"url\":\"https:\/\/business.roovi.com\/ro\/\",\"name\":\"Roovi B2B\",\"description\":\"Roovi Business Website\",\"potentialAction\":[{\"@type\":\"SearchAction\",\"target\":{\"@type\":\"EntryPoint\",\"urlTemplate\":\"https:\/\/business.roovi.com\/ro\/?s={search_term_string}\"},\"query-input\":\"required name=search_term_string\"}],\"inLanguage\":\"ro-RO\"}]}<\/script>\n<!-- \/ Yoast SEO plugin. -->","yoast_head_json":{"title":"Puzzle Vibrant Elephants - Puzzle 1000 piese - Roovi B2B","robots":{"index":"index","follow":"follow","max-snippet":"max-snippet:-1","max-image-preview":"max-image-preview:large","max-video-preview":"max-video-preview:-1"},"canonical":"https:\/\/business.roovi.com\/ro\/puzzle-vibrant-elephants-puzzle-1000-piese\/p\/","og_locale":"ro_RO","og_type":"article","og_title":"Puzzle Vibrant Elephants - Puzzle 1000 piese - Roovi B2B","og_description":"Alege Puzzle 1000 de piese \u2013 Vibrant Elephants \u0219i experimenteaz\u0103 o stare de bine \u0219i relaxare profund\u0103! Dac\u0103 \u00ee\u021bi dore\u0219ti","og_url":"https:\/\/business.roovi.com\/ro\/puzzle-vibrant-elephants-puzzle-1000-piese\/p\/","og_site_name":"Roovi B2B","article_publisher":"https:\/\/www.facebook.com\/wwwjucariero","article_modified_time":"2024-11-27T07:24:21+00:00","twitter_misc":{"Timp estimat pentru citire":"1 minut"},"schema":{"@context":"https:\/\/schema.org","@graph":[{"@type":"WebPage","@id":"https:\/\/business.roovi.com\/ro\/puzzle-vibrant-elephants-puzzle-1000-piese\/p\/","url":"https:\/\/business.roovi.com\/ro\/puzzle-vibrant-elephants-puzzle-1000-piese\/p\/","name":"Puzzle Vibrant Elephants - Puzzle 1000 piese - Roovi B2B","isPartOf":{"@id":"https:\/\/business.roovi.com\/ro\/#website"},"datePublished":"2024-11-27T07:24:16+00:00","dateModified":"2024-11-27T07:24:21+00:00","breadcrumb":{"@id":"https:\/\/business.roovi.com\/ro\/puzzle-vibrant-elephants-puzzle-1000-piese\/p\/#breadcrumb"},"inLanguage":"ro-RO","potentialAction":[{"@type":"ReadAction","target":["https:\/\/business.roovi.com\/ro\/puzzle-vibrant-elephants-puzzle-1000-piese\/p\/"]}]},{"@type":"BreadcrumbList","@id":"https:\/\/business.roovi.com\/ro\/puzzle-vibrant-elephants-puzzle-1000-piese\/p\/#breadcrumb","itemListElement":[{"@type":"ListItem","position":1,"name":"Home","item":"https:\/\/business.roovi.com\/ro\/"},{"@type":"ListItem","position":2,"name":"Magazin","item":"https:\/\/business.roovi.com\/ro\/magazin\/"},{"@type":"ListItem","position":3,"name":"Puzzle Vibrant Elephants &#8211; Puzzle 1000 piese"}]},{"@type":"WebSite","@id":"https:\/\/business.roovi.com\/ro\/#website","url":"https:\/\/business.roovi.com\/ro\/","name":"Roovi B2B","description":"Roovi Business Website","potentialAction":[{"@type":"SearchAction","target":{"@type":"EntryPoint","urlTemplate":"https:\/\/business.roovi.com\/ro\/?s={search_term_string}"},"query-input":"required name=search_term_string"}],"inLanguage":"ro-RO"}]}},"_links":{"self":[{"href":"https:\/\/business.roovi.com\/ro\/wp-json\/wp\/v2\/product\/74194","targetHints":{"allow":["GET"]}}],"collection":[{"href":"https:\/\/business.roovi.com\/ro\/wp-json\/wp\/v2\/product"}],"about":[{"href":"https:\/\/business.roovi.com\/ro\/wp-json\/wp\/v2\/types\/product"}],"version-history":[{"count":0,"href":"https:\/\/business.roovi.com\/ro\/wp-json\/wp\/v2\/product\/74194\/revisions"}],"wp:featuredmedia":[{"embeddable":true,"href":"https:\/\/business.roovi.com\/ro\/wp-json\/wp\/v2\/media\/74230"}],"wp:attachment":[{"href":"https:\/\/business.roovi.com\/ro\/wp-json\/wp\/v2\/media?parent=74194"}],"wp:term":[{"taxonomy":"product_brand","embeddable":true,"href":"https:\/\/business.roovi.com\/ro\/wp-json\/wp\/v2\/product_brand?post=74194"},{"taxonomy":"product_cat","embeddable":true,"href":"https:\/\/business.roovi.com\/ro\/wp-json\/wp\/v2\/product_cat?post=74194"},{"taxonomy":"product_tag","embeddable":true,"href":"https:\/\/business.roovi.com\/ro\/wp-json\/wp\/v2\/product_tag?post=74194"}],"curies":[{"name":"wp","href":"https:\/\/api.w.org\/{rel}","templated":true}]}}