{"id":74195,"date":"2024-11-27T07:24:16","date_gmt":"2024-11-27T07:24:16","guid":{"rendered":"https:\/\/business.roovi.com\/?post_type=product&#038;p=74195"},"modified":"2024-11-27T07:24:22","modified_gmt":"2024-11-27T07:24:22","slug":"puzzle-girl-with-flower-crown-puzzle-1000-piese","status":"publish","type":"product","link":"https:\/\/business.roovi.com\/ro\/puzzle-girl-with-flower-crown-puzzle-1000-piese\/p\/","title":{"rendered":"Puzzle Girl with Flower Crown &#8211; Puzzle 1000 piese"},"content":{"rendered":"<p><strong>Iubitor de jocuri puzzle \u0219i de art\u0103? Puzzle 1000 de piese \u2013 Girl with Flower Crown \u00eembin\u0103 perfect ambele pasiuni!<\/strong><\/p>\n<p><strong>Girl with Flower Crown<\/strong> este un puzzle spectaculos de 1000 de piese ce red\u0103 cu acurate\u021be pictura cu acela\u0219i nume. Realizat\u0103 de un designer profesionist, aceast\u0103 imagine surprinde frumuse\u021bea \u0219i bog\u0103\u021bia detaliilor coloristice ale operei originale.<\/p>\n<p>Astfel, fiecare pies\u0103 a\u0219ezat\u0103 la locul potrivit contribuie la formarea tabloului final care eman\u0103 o elegan\u021b\u0103 \u0219i un rafinament aparte.<\/p>\n<p>Preg\u0103te\u0219te-\u021bi a\u0219adar m\u0103su\u021ba de cafea din sufragerie \u2013 doar at\u00e2t \u00ee\u021bi trebuie pentru a alc\u0103tui tabloul cu dimensiunile de 68 x 47 cm \u2013 \u0219i \u00eencepi s\u0103 refaci imaginea feeric\u0103 a\u00a0Fetei cu coroana de flori.<\/p>\n<p><strong>De ce s\u0103 alegi Puzzle 1000 de piese \u2013 Girl with a Flower Crown<\/strong><\/p>\n<ul>\n<li><strong>Stimuleaz\u0103 creativitatea.<\/strong> Bog\u0103\u021bia detaliilor \u0219i armonia culorilor, precum \u0219i expresia melancolic\u0103 a tinerei fete at\u00e2t de bine eviden\u021biat\u0103 de artist, dau fr\u00e2u liber imagina\u021biei \u0219i te poart\u0103 \u00een lumea marilor arti\u0219ti care prin operele lor au schimbat lumea.<\/li>\n<li><strong>Ajut\u0103 la \u00eembun\u0103t\u0103\u021birea aten\u021biei \u0219i concentr\u0103rii.<\/strong> Num\u0103rul mare de piese \u0219i complexitatea detaliilor colorate sunt un bun stimul pentru dezvoltarea aten\u021biei la detalii \u0219i a capacit\u0103\u021bii de concentrare, fiind totodat\u0103 un exerci\u021biu excelent de r\u0103bdare \u0219i perseveren\u021b\u0103.<\/li>\n<li><strong>Reduce stresul.<\/strong> Asamblarea unui puzzle complex de 1000 de piese este o activitate lini\u0219titoare care ofer\u0103 momente pre\u021bioase de calm \u0219i relaxare, ajut\u00e2nd la diminuarea stresului \u0219i la restabilirea echilibrului interior.<\/li>\n<li><strong>Dezvolt\u0103 g\u00e2ndirea logic\u0103 \u0219i percep\u021bia vizual\u0103.<\/strong> Potrivirea pieselor \u0219i crearea tabloului final ajut\u0103 la dezvoltarea g\u00e2ndirii logice \u0219i a percep\u021biei vizuale, la orice v\u00e2rst\u0103.<\/li>\n<\/ul>\n<p><strong>Puzzle 1000 de piese \u2013 Girl with Flower Crown: cadoul perfect de s\u0103rb\u0103tori<\/strong><\/p>\n<p>Cau\u021bi inspira\u021bie de s\u0103rb\u0103tori? Sau vrei s\u0103 faci o surpriz\u0103 pl\u0103cut\u0103 unui prieten pasionat de jocuri puzzle complexe? Alege <strong>Puzzle 1000 de piese \u2013 Girl with Flower Crown<\/strong> \u0219i ofer\u0103-le bucurie celor dragi.<\/p>\n<p>\u00cen plus, activitatea de asamblare este relaxant\u0103 \u0219i deconectant\u0103, oferindu-\u021bi un sentiment pl\u0103cut de satisfac\u021bie \u0219i \u00eemplinire, iar tabloul final poate fi \u00eenr\u0103mat \u0219i folosit ca obiect decorativ pentru cas\u0103.<\/p>\n<p>Alege a\u0219adar <strong>Puzzle Girl with Flower Crown<\/strong> \u0219i bucur\u0103-te de toate beneficiile pe care le ofer\u0103 un puzzle de art\u0103 de 1000 de piese!<\/p>\n","protected":false},"excerpt":{"rendered":"<p>Iubitor de jocuri puzzle \u0219i de art\u0103? Puzzle 1000 de piese \u2013 Girl with Flower Crown \u00eembin\u0103 perfect ambele pasiuni!<\/p>\n","protected":false},"featured_media":74241,"template":"","meta":[],"product_brand":[],"product_cat":[2728,2719,1454,1488,1560],"product_tag":[],"class_list":{"0":"post-74195","1":"product","2":"type-product","3":"status-publish","4":"has-post-thumbnail","6":"product_cat-export","7":"product_cat-noutati","8":"product_cat-puzzle","9":"product_cat-puzzle-adulti","10":"product_cat-puzzle-adulti-1000","11":"pa_filter_age-1315","12":"pa_filter_age-9_14","14":"first","15":"instock","16":"taxable","17":"shipping-taxable","18":"product-type-simple"},"yoast_head":"<!-- This site is optimized with the Yoast SEO plugin v20.1 - https:\/\/yoast.com\/wordpress\/plugins\/seo\/ -->\n<title>Puzzle Girl with Flower Crown - Puzzle 1000 piese - Roovi B2B<\/title>\n<meta name=\"robots\" content=\"index, follow, max-snippet:-1, max-image-preview:large, max-video-preview:-1\" \/>\n<link rel=\"canonical\" href=\"https:\/\/business.roovi.com\/ro\/puzzle-girl-with-flower-crown-puzzle-1000-piese\/p\/\" \/>\n<meta property=\"og:locale\" content=\"ro_RO\" \/>\n<meta property=\"og:type\" content=\"article\" \/>\n<meta property=\"og:title\" content=\"Puzzle Girl with Flower Crown - Puzzle 1000 piese - Roovi B2B\" \/>\n<meta property=\"og:description\" content=\"Iubitor de jocuri puzzle \u0219i de art\u0103? Puzzle 1000 de piese \u2013 Girl with Flower Crown \u00eembin\u0103 perfect ambele pasiuni!\" \/>\n<meta property=\"og:url\" content=\"https:\/\/business.roovi.com\/ro\/puzzle-girl-with-flower-crown-puzzle-1000-piese\/p\/\" \/>\n<meta property=\"og:site_name\" content=\"Roovi B2B\" \/>\n<meta property=\"article:publisher\" content=\"https:\/\/www.facebook.com\/wwwjucariero\" \/>\n<meta property=\"article:modified_time\" content=\"2024-11-27T07:24:22+00:00\" \/>\n<meta name=\"twitter:label1\" content=\"Timp estimat pentru citire\" \/>\n\t<meta name=\"twitter:data1\" content=\"2 minute\" \/>\n<script type=\"application\/ld+json\" class=\"yoast-schema-graph\">{\"@context\":\"https:\/\/schema.org\",\"@graph\":[{\"@type\":\"WebPage\",\"@id\":\"https:\/\/business.roovi.com\/ro\/puzzle-girl-with-flower-crown-puzzle-1000-piese\/p\/\",\"url\":\"https:\/\/business.roovi.com\/ro\/puzzle-girl-with-flower-crown-puzzle-1000-piese\/p\/\",\"name\":\"Puzzle Girl with Flower Crown - Puzzle 1000 piese - Roovi B2B\",\"isPartOf\":{\"@id\":\"https:\/\/business.roovi.com\/ro\/#website\"},\"datePublished\":\"2024-11-27T07:24:16+00:00\",\"dateModified\":\"2024-11-27T07:24:22+00:00\",\"breadcrumb\":{\"@id\":\"https:\/\/business.roovi.com\/ro\/puzzle-girl-with-flower-crown-puzzle-1000-piese\/p\/#breadcrumb\"},\"inLanguage\":\"ro-RO\",\"potentialAction\":[{\"@type\":\"ReadAction\",\"target\":[\"https:\/\/business.roovi.com\/ro\/puzzle-girl-with-flower-crown-puzzle-1000-piese\/p\/\"]}]},{\"@type\":\"BreadcrumbList\",\"@id\":\"https:\/\/business.roovi.com\/ro\/puzzle-girl-with-flower-crown-puzzle-1000-piese\/p\/#breadcrumb\",\"itemListElement\":[{\"@type\":\"ListItem\",\"position\":1,\"name\":\"Home\",\"item\":\"https:\/\/business.roovi.com\/ro\/\"},{\"@type\":\"ListItem\",\"position\":2,\"name\":\"Magazin\",\"item\":\"https:\/\/business.roovi.com\/ro\/magazin\/\"},{\"@type\":\"ListItem\",\"position\":3,\"name\":\"Puzzle Girl with Flower Crown &#8211; Puzzle 1000 piese\"}]},{\"@type\":\"WebSite\",\"@id\":\"https:\/\/business.roovi.com\/ro\/#website\",\"url\":\"https:\/\/business.roovi.com\/ro\/\",\"name\":\"Roovi B2B\",\"description\":\"Roovi Business Website\",\"potentialAction\":[{\"@type\":\"SearchAction\",\"target\":{\"@type\":\"EntryPoint\",\"urlTemplate\":\"https:\/\/business.roovi.com\/ro\/?s={search_term_string}\"},\"query-input\":\"required name=search_term_string\"}],\"inLanguage\":\"ro-RO\"}]}<\/script>\n<!-- \/ Yoast SEO plugin. -->","yoast_head_json":{"title":"Puzzle Girl with Flower Crown - Puzzle 1000 piese - Roovi B2B","robots":{"index":"index","follow":"follow","max-snippet":"max-snippet:-1","max-image-preview":"max-image-preview:large","max-video-preview":"max-video-preview:-1"},"canonical":"https:\/\/business.roovi.com\/ro\/puzzle-girl-with-flower-crown-puzzle-1000-piese\/p\/","og_locale":"ro_RO","og_type":"article","og_title":"Puzzle Girl with Flower Crown - Puzzle 1000 piese - Roovi B2B","og_description":"Iubitor de jocuri puzzle \u0219i de art\u0103? Puzzle 1000 de piese \u2013 Girl with Flower Crown \u00eembin\u0103 perfect ambele pasiuni!","og_url":"https:\/\/business.roovi.com\/ro\/puzzle-girl-with-flower-crown-puzzle-1000-piese\/p\/","og_site_name":"Roovi B2B","article_publisher":"https:\/\/www.facebook.com\/wwwjucariero","article_modified_time":"2024-11-27T07:24:22+00:00","twitter_misc":{"Timp estimat pentru citire":"2 minute"},"schema":{"@context":"https:\/\/schema.org","@graph":[{"@type":"WebPage","@id":"https:\/\/business.roovi.com\/ro\/puzzle-girl-with-flower-crown-puzzle-1000-piese\/p\/","url":"https:\/\/business.roovi.com\/ro\/puzzle-girl-with-flower-crown-puzzle-1000-piese\/p\/","name":"Puzzle Girl with Flower Crown - Puzzle 1000 piese - Roovi B2B","isPartOf":{"@id":"https:\/\/business.roovi.com\/ro\/#website"},"datePublished":"2024-11-27T07:24:16+00:00","dateModified":"2024-11-27T07:24:22+00:00","breadcrumb":{"@id":"https:\/\/business.roovi.com\/ro\/puzzle-girl-with-flower-crown-puzzle-1000-piese\/p\/#breadcrumb"},"inLanguage":"ro-RO","potentialAction":[{"@type":"ReadAction","target":["https:\/\/business.roovi.com\/ro\/puzzle-girl-with-flower-crown-puzzle-1000-piese\/p\/"]}]},{"@type":"BreadcrumbList","@id":"https:\/\/business.roovi.com\/ro\/puzzle-girl-with-flower-crown-puzzle-1000-piese\/p\/#breadcrumb","itemListElement":[{"@type":"ListItem","position":1,"name":"Home","item":"https:\/\/business.roovi.com\/ro\/"},{"@type":"ListItem","position":2,"name":"Magazin","item":"https:\/\/business.roovi.com\/ro\/magazin\/"},{"@type":"ListItem","position":3,"name":"Puzzle Girl with Flower Crown &#8211; Puzzle 1000 piese"}]},{"@type":"WebSite","@id":"https:\/\/business.roovi.com\/ro\/#website","url":"https:\/\/business.roovi.com\/ro\/","name":"Roovi B2B","description":"Roovi Business Website","potentialAction":[{"@type":"SearchAction","target":{"@type":"EntryPoint","urlTemplate":"https:\/\/business.roovi.com\/ro\/?s={search_term_string}"},"query-input":"required name=search_term_string"}],"inLanguage":"ro-RO"}]}},"_links":{"self":[{"href":"https:\/\/business.roovi.com\/ro\/wp-json\/wp\/v2\/product\/74195","targetHints":{"allow":["GET"]}}],"collection":[{"href":"https:\/\/business.roovi.com\/ro\/wp-json\/wp\/v2\/product"}],"about":[{"href":"https:\/\/business.roovi.com\/ro\/wp-json\/wp\/v2\/types\/product"}],"version-history":[{"count":0,"href":"https:\/\/business.roovi.com\/ro\/wp-json\/wp\/v2\/product\/74195\/revisions"}],"wp:featuredmedia":[{"embeddable":true,"href":"https:\/\/business.roovi.com\/ro\/wp-json\/wp\/v2\/media\/74241"}],"wp:attachment":[{"href":"https:\/\/business.roovi.com\/ro\/wp-json\/wp\/v2\/media?parent=74195"}],"wp:term":[{"taxonomy":"product_brand","embeddable":true,"href":"https:\/\/business.roovi.com\/ro\/wp-json\/wp\/v2\/product_brand?post=74195"},{"taxonomy":"product_cat","embeddable":true,"href":"https:\/\/business.roovi.com\/ro\/wp-json\/wp\/v2\/product_cat?post=74195"},{"taxonomy":"product_tag","embeddable":true,"href":"https:\/\/business.roovi.com\/ro\/wp-json\/wp\/v2\/product_tag?post=74195"}],"curies":[{"name":"wp","href":"https:\/\/api.w.org\/{rel}","templated":true}]}}