{"id":74197,"date":"2024-11-27T07:24:17","date_gmt":"2024-11-27T07:24:17","guid":{"rendered":"https:\/\/business.roovi.com\/?post_type=product&#038;p=74197"},"modified":"2024-11-27T07:24:25","modified_gmt":"2024-11-27T07:24:25","slug":"puzzle-frederic-leighton-flaming-june-puzzle-1000-piese","status":"publish","type":"product","link":"https:\/\/business.roovi.com\/ro\/puzzle-frederic-leighton-flaming-june-puzzle-1000-piese\/p\/","title":{"rendered":"Puzzle Frederic Leighton &#8211; Flaming June &#8211; Puzzle 1000 piese"},"content":{"rendered":"<p><strong>\u00ce\u021bi sur\u00e2de ideea de a reface o copie fidel\u0103 a unei capodopere de art\u0103? Alege Puzzle 1000 de piese &#8211; Frederic Leighton &#8211; Flaming June \u0219i accept\u0103 provocarea!<\/strong><\/p>\n<p>Extravagant\u0103 \u0219i provocatoare, pictura Iunie \u00een fl\u0103c\u0103ri a lui Frederic Leighton este redat\u0103 cu extrem\u0103 precizie \u00een <strong>Puzzle-ul 1000 de piese \u2013 Flaming June.<\/strong><\/p>\n<p>Pasionat de antichitatea greac\u0103 \u0219i roman\u0103, pictorul englez Frederic Leighton a fost unul dintre cei mai renumi\u021bi pictori britanici ai genera\u021biei sale. Artistul a expus pictura sa iconic\u0103 Flaming June \u00een anul 1895 la Royal Academy of Arts din Londra \u0219i \u00eenc\u0103 de atunci criticii au apreciat-o ca fiind una dintre cele mai bune lucr\u0103ri ale sale. Pictura continua s\u0103 atrag\u0103 privirile, dar \u0219i laudele publicul \u0219i ast\u0103zi, la 130 de ani distan\u021b\u0103.<\/p>\n<p>Dac\u0103 e\u0219ti un \u00eemp\u0103timit al puzzle-urilor complexe \u0219i apreciezi deopotriv\u0103 lucr\u0103rile de art\u0103, cu siguran\u021b\u0103 te vei delecta c\u00e2teva ore bune asambl\u00e2nd <strong>Puzzle 1000 piese \u2013 Flaming June.<\/strong><\/p>\n<p><strong>De ce s\u0103 alegi puzzle 1000 de piese &#8211; Flaming June<\/strong><\/p>\n<ul>\n<li>Ob\u021bii o replic\u0103 perfect\u0103 a picturii Iunie \u00een fl\u0103c\u0103ri, alc\u0103tuit\u0103 chiar de tine, din 1000 de piese puzzle.<\/li>\n<li>Tabloul din puzzle 1000 de piese are dimensiuni generoase \u2013\u00a068 x 47 cm\u00a0\u2013 \u0219i va fi cu siguran\u021b\u0103 o pies\u0103 central\u0103 de decor.<\/li>\n<li>Fiecare puzzle D-Toys este creat cu pasiune \u0219i aten\u021bie deosebit\u0103 la fiecare detaliu. Puzzle-ul Flaming June nu face excep\u021bie, are o grafic\u0103 deosebit\u0103, iar piesele sunt produse din carton de calitate superioar\u0103 \u0219i se \u00eembin\u0103 perfect, rezult\u00e2nd un tablou artistic compact.<\/li>\n<li>Producem responsabil, iar materialele din puzzle 1000 de piese sunt sustenabile \u0219i reciclabile.<\/li>\n<li>Jocul puzzle este potrivit persoanelor peste 14 ani \u0219i poate fi prilejul oportun de a-i introduce pe copiii t\u0103i adolescen\u021bi \u00een lumea fascinant\u0103 a picturilor celebre.<\/li>\n<\/ul>\n<p><strong>Puzzle 1000 de piese Flaming June \u2013 pentru momente magice de relaxare \u0219i reconectare cu sinele<\/strong><\/p>\n<p>S\u0103 recreezi o pictur\u0103 celebr\u0103 din 1000 de piese nu este o munc\u0103 u\u0219oar\u0103, dar cu siguran\u021b\u0103 este relaxant\u0103 \u0219i te deconecteaz\u0103 de la cotidian. Astfel, experien\u021ba de asamblare \u00ee\u021bi induce o stare meditativ\u0103 profund\u0103 care \u00ee\u021bi aduce claritate \u00een g\u00e2ndire \u0219i te reconecteaz\u0103 cu propriul sine.<\/p>\n<p>Dac\u0103 ai prieteni care \u00ee\u021bi \u00eemp\u0103rt\u0103\u0219esc pasiunea pentru jocurile puzzle, imaginea Flaming June este o provocare creativ\u0103 pentru o sear\u0103 de puzzle. Alege a\u0219adar <strong>Puzzle 1000 piese \u2013 Flaming June,<\/strong> 1000 piese \u0219i bucur\u0103-te de toate beneficiile pe care activitatea de asamblare \u021bi le ofer\u0103.<\/p>\n","protected":false},"excerpt":{"rendered":"<p>\u00ce\u021bi sur\u00e2de ideea de a reface o copie fidel\u0103 a unei capodopere de art\u0103? Alege Puzzle 1000 de piese &#8211;<\/p>\n","protected":false},"featured_media":74263,"template":"","meta":[],"product_brand":[],"product_cat":[2728,2742,2719,1454,1488,1560],"product_tag":[],"class_list":{"0":"post-74197","1":"product","2":"type-product","3":"status-publish","4":"has-post-thumbnail","6":"product_cat-export","7":"product_cat-fine-art","8":"product_cat-noutati","9":"product_cat-puzzle","10":"product_cat-puzzle-adulti","11":"product_cat-puzzle-adulti-1000","12":"pa_filter_age-1315","13":"pa_filter_age-9_14","15":"first","16":"instock","17":"taxable","18":"shipping-taxable","19":"product-type-simple"},"yoast_head":"<!-- This site is optimized with the Yoast SEO plugin v20.1 - https:\/\/yoast.com\/wordpress\/plugins\/seo\/ -->\n<title>Puzzle Frederic Leighton - Flaming June - Puzzle 1000 piese - Roovi B2B<\/title>\n<meta name=\"robots\" content=\"index, follow, max-snippet:-1, max-image-preview:large, max-video-preview:-1\" \/>\n<link rel=\"canonical\" href=\"https:\/\/business.roovi.com\/ro\/puzzle-frederic-leighton-flaming-june-puzzle-1000-piese\/p\/\" \/>\n<meta property=\"og:locale\" content=\"ro_RO\" \/>\n<meta property=\"og:type\" content=\"article\" \/>\n<meta property=\"og:title\" content=\"Puzzle Frederic Leighton - Flaming June - Puzzle 1000 piese - Roovi B2B\" \/>\n<meta property=\"og:description\" content=\"\u00ce\u021bi sur\u00e2de ideea de a reface o copie fidel\u0103 a unei capodopere de art\u0103? Alege Puzzle 1000 de piese &#8211;\" \/>\n<meta property=\"og:url\" content=\"https:\/\/business.roovi.com\/ro\/puzzle-frederic-leighton-flaming-june-puzzle-1000-piese\/p\/\" \/>\n<meta property=\"og:site_name\" content=\"Roovi B2B\" \/>\n<meta property=\"article:publisher\" content=\"https:\/\/www.facebook.com\/wwwjucariero\" \/>\n<meta property=\"article:modified_time\" content=\"2024-11-27T07:24:25+00:00\" \/>\n<meta name=\"twitter:label1\" content=\"Timp estimat pentru citire\" \/>\n\t<meta name=\"twitter:data1\" content=\"2 minute\" \/>\n<script type=\"application\/ld+json\" class=\"yoast-schema-graph\">{\"@context\":\"https:\/\/schema.org\",\"@graph\":[{\"@type\":\"WebPage\",\"@id\":\"https:\/\/business.roovi.com\/ro\/puzzle-frederic-leighton-flaming-june-puzzle-1000-piese\/p\/\",\"url\":\"https:\/\/business.roovi.com\/ro\/puzzle-frederic-leighton-flaming-june-puzzle-1000-piese\/p\/\",\"name\":\"Puzzle Frederic Leighton - Flaming June - Puzzle 1000 piese - Roovi B2B\",\"isPartOf\":{\"@id\":\"https:\/\/business.roovi.com\/ro\/#website\"},\"datePublished\":\"2024-11-27T07:24:17+00:00\",\"dateModified\":\"2024-11-27T07:24:25+00:00\",\"breadcrumb\":{\"@id\":\"https:\/\/business.roovi.com\/ro\/puzzle-frederic-leighton-flaming-june-puzzle-1000-piese\/p\/#breadcrumb\"},\"inLanguage\":\"ro-RO\",\"potentialAction\":[{\"@type\":\"ReadAction\",\"target\":[\"https:\/\/business.roovi.com\/ro\/puzzle-frederic-leighton-flaming-june-puzzle-1000-piese\/p\/\"]}]},{\"@type\":\"BreadcrumbList\",\"@id\":\"https:\/\/business.roovi.com\/ro\/puzzle-frederic-leighton-flaming-june-puzzle-1000-piese\/p\/#breadcrumb\",\"itemListElement\":[{\"@type\":\"ListItem\",\"position\":1,\"name\":\"Home\",\"item\":\"https:\/\/business.roovi.com\/ro\/\"},{\"@type\":\"ListItem\",\"position\":2,\"name\":\"Magazin\",\"item\":\"https:\/\/business.roovi.com\/ro\/magazin\/\"},{\"@type\":\"ListItem\",\"position\":3,\"name\":\"Puzzle Frederic Leighton &#8211; Flaming June &#8211; Puzzle 1000 piese\"}]},{\"@type\":\"WebSite\",\"@id\":\"https:\/\/business.roovi.com\/ro\/#website\",\"url\":\"https:\/\/business.roovi.com\/ro\/\",\"name\":\"Roovi B2B\",\"description\":\"Roovi Business Website\",\"potentialAction\":[{\"@type\":\"SearchAction\",\"target\":{\"@type\":\"EntryPoint\",\"urlTemplate\":\"https:\/\/business.roovi.com\/ro\/?s={search_term_string}\"},\"query-input\":\"required name=search_term_string\"}],\"inLanguage\":\"ro-RO\"}]}<\/script>\n<!-- \/ Yoast SEO plugin. -->","yoast_head_json":{"title":"Puzzle Frederic Leighton - Flaming June - Puzzle 1000 piese - Roovi B2B","robots":{"index":"index","follow":"follow","max-snippet":"max-snippet:-1","max-image-preview":"max-image-preview:large","max-video-preview":"max-video-preview:-1"},"canonical":"https:\/\/business.roovi.com\/ro\/puzzle-frederic-leighton-flaming-june-puzzle-1000-piese\/p\/","og_locale":"ro_RO","og_type":"article","og_title":"Puzzle Frederic Leighton - Flaming June - Puzzle 1000 piese - Roovi B2B","og_description":"\u00ce\u021bi sur\u00e2de ideea de a reface o copie fidel\u0103 a unei capodopere de art\u0103? Alege Puzzle 1000 de piese &#8211;","og_url":"https:\/\/business.roovi.com\/ro\/puzzle-frederic-leighton-flaming-june-puzzle-1000-piese\/p\/","og_site_name":"Roovi B2B","article_publisher":"https:\/\/www.facebook.com\/wwwjucariero","article_modified_time":"2024-11-27T07:24:25+00:00","twitter_misc":{"Timp estimat pentru citire":"2 minute"},"schema":{"@context":"https:\/\/schema.org","@graph":[{"@type":"WebPage","@id":"https:\/\/business.roovi.com\/ro\/puzzle-frederic-leighton-flaming-june-puzzle-1000-piese\/p\/","url":"https:\/\/business.roovi.com\/ro\/puzzle-frederic-leighton-flaming-june-puzzle-1000-piese\/p\/","name":"Puzzle Frederic Leighton - Flaming June - Puzzle 1000 piese - Roovi B2B","isPartOf":{"@id":"https:\/\/business.roovi.com\/ro\/#website"},"datePublished":"2024-11-27T07:24:17+00:00","dateModified":"2024-11-27T07:24:25+00:00","breadcrumb":{"@id":"https:\/\/business.roovi.com\/ro\/puzzle-frederic-leighton-flaming-june-puzzle-1000-piese\/p\/#breadcrumb"},"inLanguage":"ro-RO","potentialAction":[{"@type":"ReadAction","target":["https:\/\/business.roovi.com\/ro\/puzzle-frederic-leighton-flaming-june-puzzle-1000-piese\/p\/"]}]},{"@type":"BreadcrumbList","@id":"https:\/\/business.roovi.com\/ro\/puzzle-frederic-leighton-flaming-june-puzzle-1000-piese\/p\/#breadcrumb","itemListElement":[{"@type":"ListItem","position":1,"name":"Home","item":"https:\/\/business.roovi.com\/ro\/"},{"@type":"ListItem","position":2,"name":"Magazin","item":"https:\/\/business.roovi.com\/ro\/magazin\/"},{"@type":"ListItem","position":3,"name":"Puzzle Frederic Leighton &#8211; Flaming June &#8211; Puzzle 1000 piese"}]},{"@type":"WebSite","@id":"https:\/\/business.roovi.com\/ro\/#website","url":"https:\/\/business.roovi.com\/ro\/","name":"Roovi B2B","description":"Roovi Business Website","potentialAction":[{"@type":"SearchAction","target":{"@type":"EntryPoint","urlTemplate":"https:\/\/business.roovi.com\/ro\/?s={search_term_string}"},"query-input":"required name=search_term_string"}],"inLanguage":"ro-RO"}]}},"_links":{"self":[{"href":"https:\/\/business.roovi.com\/ro\/wp-json\/wp\/v2\/product\/74197","targetHints":{"allow":["GET"]}}],"collection":[{"href":"https:\/\/business.roovi.com\/ro\/wp-json\/wp\/v2\/product"}],"about":[{"href":"https:\/\/business.roovi.com\/ro\/wp-json\/wp\/v2\/types\/product"}],"version-history":[{"count":0,"href":"https:\/\/business.roovi.com\/ro\/wp-json\/wp\/v2\/product\/74197\/revisions"}],"wp:featuredmedia":[{"embeddable":true,"href":"https:\/\/business.roovi.com\/ro\/wp-json\/wp\/v2\/media\/74263"}],"wp:attachment":[{"href":"https:\/\/business.roovi.com\/ro\/wp-json\/wp\/v2\/media?parent=74197"}],"wp:term":[{"taxonomy":"product_brand","embeddable":true,"href":"https:\/\/business.roovi.com\/ro\/wp-json\/wp\/v2\/product_brand?post=74197"},{"taxonomy":"product_cat","embeddable":true,"href":"https:\/\/business.roovi.com\/ro\/wp-json\/wp\/v2\/product_cat?post=74197"},{"taxonomy":"product_tag","embeddable":true,"href":"https:\/\/business.roovi.com\/ro\/wp-json\/wp\/v2\/product_tag?post=74197"}],"curies":[{"name":"wp","href":"https:\/\/api.w.org\/{rel}","templated":true}]}}