{"id":76032,"date":"2025-01-13T10:32:54","date_gmt":"2025-01-13T10:32:54","guid":{"rendered":"https:\/\/business.roovi.com\/?post_type=product&#038;p=76032"},"modified":"2025-03-19T07:54:17","modified_gmt":"2025-03-19T07:54:17","slug":"puzzle-parlamentul-maghiar-puzzle-adulti-1000-piese-cartoon-collection","status":"publish","type":"product","link":"https:\/\/business.roovi.com\/ro\/puzzle-parlamentul-maghiar-puzzle-adulti-1000-piese-cartoon-collection\/p\/","title":{"rendered":"Puzzle Parlamentul Maghiar &#8211; Puzzle adulti 1000 piese &#8211; Cartoon Collection"},"content":{"rendered":"<p><strong>Vrei s\u0103 te distrezi de minune atunci c\u00e2nd asamblezi un puzzle complex? Alege puzzle 1000 de piese Cartoon &#8211; Palatul Parlamentului din Budapesta pentru z\u00e2mbete sincere \u0219i relaxare autentic\u0103!<\/strong><\/p>\n<p>Puzzle 1000 de piese Cartoon Palatul Parlamentului din Budapesta \u00ee\u021bi prezint\u0103 unul dintre cele mai emblematice obiective turistice din Europa dintr-o perspectiv\u0103 amuzant\u0103 \u0219i original\u0103.<\/p>\n<p>Imaginea plin\u0103 de culoare include detalii fascinante \u0219i nenum\u0103rate personaje animate care dau un aer dinamic \u0219i juc\u0103u\u0219 celebrei cl\u0103diri.<\/p>\n<p>Dac\u0103 \u00ee\u021bi plac provoc\u0103rile creative \u0219i jocurile puzzle pline de detalii uimitoare care \u00ee\u021bi solicit\u0103 extrem de mult aten\u021bia, cu siguran\u021b\u0103 vei aprecia \u0219i mai mult acest puzzle fascinant de 1000 de piese.<\/p>\n<p><strong>De ce s\u0103 alegi Puzzle 1000 piese Cartoon \u2013 Palatul Parlamentului din Budapesta:<\/strong><\/p>\n<ul>\n<li>Piesele sunt t\u0103iate cu precizie \u0219i se lipesc perfect, iar ilustra\u021bia rezultat\u0103 este uimitoare.<\/li>\n<li>Tabloul final are dimensiunile de 68 x 47 cm \u0219i este numai bun de expus ca obiect decorativ.<\/li>\n<li>Finisajul este semi-lucios, \u00een culori vii ce scot \u00een eviden\u021b\u0103 frumuse\u021bea ilustra\u021biei.<\/li>\n<li>Este un produs prietenos cu natura, fiind confec\u021bionat din materiale reciclabile \u0219i sustenabile.<\/li>\n<li>Este potrivit persoanelor peste 14 ani, fiind un prilej ideal pentru a-\u021bi petrece timpul cu adolescen\u021bii.<\/li>\n<li>Poate fi un dar inspirat de s\u0103rb\u0103tori sau pentru diverse ocazii aniversare.<\/li>\n<\/ul>\n<p><strong>Alege puzzle 1000 piese Cartoon \u2013 Palatul Parlamentului din Budapesta \u0219i bucur\u0103-te de toate beneficile jocurilor puzzle!<\/strong><\/p>\n<p>Asamblarea unui puzzle de 1000 de piese este un prilej de bucurie \u0219i deconectare care aduce beneficii nenum\u0103rate:<\/p>\n<ul>\n<li>Relaxeaz\u0103 mintea \u0219i te te aduce \u00een momentul prezent.<\/li>\n<li>\u00cembun\u0103t\u0103\u021be\u0219te memoria \u0219i capacitatea de concentrare.<\/li>\n<li>Dezvolt\u0103 r\u0103bdarea \u0219i perseveren\u021ba.<\/li>\n<li>Este un bun remediu \u00eempotriva plictiselii.<\/li>\n<li>Este un mod inedit de a c\u0103l\u0103tori prin lume cu ajutorul imagina\u021biei.<\/li>\n<\/ul>\n<p>Fie c\u0103 \u00eel asamblezi singur sau al\u0103turi de familie \u0219i prieteni, puzzle de 1000 de piese Cartoon \u2013 Palatul Parlamentului \u00ee\u021bi ofer\u0103 o experien\u021b\u0103 creatic\u0103 \u0219i captivant\u0103.<\/p>\n","protected":false},"excerpt":{"rendered":"<p>Vrei s\u0103 te distrezi de minune atunci c\u00e2nd asamblezi un puzzle complex? Alege puzzle 1000 de piese Cartoon &#8211; Palatul<\/p>\n","protected":false},"featured_media":76033,"template":"","meta":[],"product_brand":[],"product_cat":[1454,1488,1560],"product_tag":[],"class_list":{"0":"post-76032","1":"product","2":"type-product","3":"status-publish","4":"has-post-thumbnail","6":"product_cat-puzzle","7":"product_cat-puzzle-adulti","8":"product_cat-puzzle-adulti-1000","10":"first","11":"instock","12":"taxable","13":"shipping-taxable","14":"product-type-simple"},"yoast_head":"<!-- This site is optimized with the Yoast SEO plugin v20.1 - https:\/\/yoast.com\/wordpress\/plugins\/seo\/ -->\n<title>Puzzle Parlamentul Maghiar - Puzzle adulti 1000 piese - Cartoon Collection - Roovi B2B<\/title>\n<meta name=\"robots\" content=\"index, follow, max-snippet:-1, max-image-preview:large, max-video-preview:-1\" \/>\n<link rel=\"canonical\" href=\"https:\/\/business.roovi.com\/ro\/puzzle-parlamentul-maghiar-puzzle-adulti-1000-piese-cartoon-collection\/p\/\" \/>\n<meta property=\"og:locale\" content=\"ro_RO\" \/>\n<meta property=\"og:type\" content=\"article\" \/>\n<meta property=\"og:title\" content=\"Puzzle Parlamentul Maghiar - Puzzle adulti 1000 piese - Cartoon Collection - Roovi B2B\" \/>\n<meta property=\"og:description\" content=\"Vrei s\u0103 te distrezi de minune atunci c\u00e2nd asamblezi un puzzle complex? Alege puzzle 1000 de piese Cartoon &#8211; Palatul\" \/>\n<meta property=\"og:url\" content=\"https:\/\/business.roovi.com\/ro\/puzzle-parlamentul-maghiar-puzzle-adulti-1000-piese-cartoon-collection\/p\/\" \/>\n<meta property=\"og:site_name\" content=\"Roovi B2B\" \/>\n<meta property=\"article:publisher\" content=\"https:\/\/www.facebook.com\/wwwjucariero\" \/>\n<meta property=\"article:modified_time\" content=\"2025-03-19T07:54:17+00:00\" \/>\n<meta property=\"og:image\" content=\"https:\/\/business.roovi.com\/wp-content\/uploads\/2025\/01\/P1000-cartoon-budapest.jpg\" \/>\n\t<meta property=\"og:image:width\" content=\"1200\" \/>\n\t<meta property=\"og:image:height\" content=\"1200\" \/>\n\t<meta property=\"og:image:type\" content=\"image\/jpeg\" \/>\n<meta name=\"twitter:label1\" content=\"Timp estimat pentru citire\" \/>\n\t<meta name=\"twitter:data1\" content=\"2 minute\" \/>\n<script type=\"application\/ld+json\" class=\"yoast-schema-graph\">{\"@context\":\"https:\/\/schema.org\",\"@graph\":[{\"@type\":\"WebPage\",\"@id\":\"https:\/\/business.roovi.com\/ro\/puzzle-parlamentul-maghiar-puzzle-adulti-1000-piese-cartoon-collection\/p\/\",\"url\":\"https:\/\/business.roovi.com\/ro\/puzzle-parlamentul-maghiar-puzzle-adulti-1000-piese-cartoon-collection\/p\/\",\"name\":\"Puzzle Parlamentul Maghiar - Puzzle adulti 1000 piese - Cartoon Collection - Roovi B2B\",\"isPartOf\":{\"@id\":\"https:\/\/business.roovi.com\/ro\/#website\"},\"datePublished\":\"2025-01-13T10:32:54+00:00\",\"dateModified\":\"2025-03-19T07:54:17+00:00\",\"breadcrumb\":{\"@id\":\"https:\/\/business.roovi.com\/ro\/puzzle-parlamentul-maghiar-puzzle-adulti-1000-piese-cartoon-collection\/p\/#breadcrumb\"},\"inLanguage\":\"ro-RO\",\"potentialAction\":[{\"@type\":\"ReadAction\",\"target\":[\"https:\/\/business.roovi.com\/ro\/puzzle-parlamentul-maghiar-puzzle-adulti-1000-piese-cartoon-collection\/p\/\"]}]},{\"@type\":\"BreadcrumbList\",\"@id\":\"https:\/\/business.roovi.com\/ro\/puzzle-parlamentul-maghiar-puzzle-adulti-1000-piese-cartoon-collection\/p\/#breadcrumb\",\"itemListElement\":[{\"@type\":\"ListItem\",\"position\":1,\"name\":\"Home\",\"item\":\"https:\/\/business.roovi.com\/ro\/\"},{\"@type\":\"ListItem\",\"position\":2,\"name\":\"Magazin\",\"item\":\"https:\/\/business.roovi.com\/ro\/magazin\/\"},{\"@type\":\"ListItem\",\"position\":3,\"name\":\"Puzzle Parlamentul Maghiar &#8211; Puzzle adulti 1000 piese &#8211; Cartoon Collection\"}]},{\"@type\":\"WebSite\",\"@id\":\"https:\/\/business.roovi.com\/ro\/#website\",\"url\":\"https:\/\/business.roovi.com\/ro\/\",\"name\":\"Roovi B2B\",\"description\":\"Roovi Business Website\",\"potentialAction\":[{\"@type\":\"SearchAction\",\"target\":{\"@type\":\"EntryPoint\",\"urlTemplate\":\"https:\/\/business.roovi.com\/ro\/?s={search_term_string}\"},\"query-input\":\"required name=search_term_string\"}],\"inLanguage\":\"ro-RO\"}]}<\/script>\n<!-- \/ Yoast SEO plugin. -->","yoast_head_json":{"title":"Puzzle Parlamentul Maghiar - Puzzle adulti 1000 piese - Cartoon Collection - Roovi B2B","robots":{"index":"index","follow":"follow","max-snippet":"max-snippet:-1","max-image-preview":"max-image-preview:large","max-video-preview":"max-video-preview:-1"},"canonical":"https:\/\/business.roovi.com\/ro\/puzzle-parlamentul-maghiar-puzzle-adulti-1000-piese-cartoon-collection\/p\/","og_locale":"ro_RO","og_type":"article","og_title":"Puzzle Parlamentul Maghiar - Puzzle adulti 1000 piese - Cartoon Collection - Roovi B2B","og_description":"Vrei s\u0103 te distrezi de minune atunci c\u00e2nd asamblezi un puzzle complex? Alege puzzle 1000 de piese Cartoon &#8211; Palatul","og_url":"https:\/\/business.roovi.com\/ro\/puzzle-parlamentul-maghiar-puzzle-adulti-1000-piese-cartoon-collection\/p\/","og_site_name":"Roovi B2B","article_publisher":"https:\/\/www.facebook.com\/wwwjucariero","article_modified_time":"2025-03-19T07:54:17+00:00","og_image":[{"width":1200,"height":1200,"url":"https:\/\/business.roovi.com\/wp-content\/uploads\/2025\/01\/P1000-cartoon-budapest.jpg","type":"image\/jpeg"}],"twitter_misc":{"Timp estimat pentru citire":"2 minute"},"schema":{"@context":"https:\/\/schema.org","@graph":[{"@type":"WebPage","@id":"https:\/\/business.roovi.com\/ro\/puzzle-parlamentul-maghiar-puzzle-adulti-1000-piese-cartoon-collection\/p\/","url":"https:\/\/business.roovi.com\/ro\/puzzle-parlamentul-maghiar-puzzle-adulti-1000-piese-cartoon-collection\/p\/","name":"Puzzle Parlamentul Maghiar - Puzzle adulti 1000 piese - Cartoon Collection - Roovi B2B","isPartOf":{"@id":"https:\/\/business.roovi.com\/ro\/#website"},"datePublished":"2025-01-13T10:32:54+00:00","dateModified":"2025-03-19T07:54:17+00:00","breadcrumb":{"@id":"https:\/\/business.roovi.com\/ro\/puzzle-parlamentul-maghiar-puzzle-adulti-1000-piese-cartoon-collection\/p\/#breadcrumb"},"inLanguage":"ro-RO","potentialAction":[{"@type":"ReadAction","target":["https:\/\/business.roovi.com\/ro\/puzzle-parlamentul-maghiar-puzzle-adulti-1000-piese-cartoon-collection\/p\/"]}]},{"@type":"BreadcrumbList","@id":"https:\/\/business.roovi.com\/ro\/puzzle-parlamentul-maghiar-puzzle-adulti-1000-piese-cartoon-collection\/p\/#breadcrumb","itemListElement":[{"@type":"ListItem","position":1,"name":"Home","item":"https:\/\/business.roovi.com\/ro\/"},{"@type":"ListItem","position":2,"name":"Magazin","item":"https:\/\/business.roovi.com\/ro\/magazin\/"},{"@type":"ListItem","position":3,"name":"Puzzle Parlamentul Maghiar &#8211; Puzzle adulti 1000 piese &#8211; Cartoon Collection"}]},{"@type":"WebSite","@id":"https:\/\/business.roovi.com\/ro\/#website","url":"https:\/\/business.roovi.com\/ro\/","name":"Roovi B2B","description":"Roovi Business Website","potentialAction":[{"@type":"SearchAction","target":{"@type":"EntryPoint","urlTemplate":"https:\/\/business.roovi.com\/ro\/?s={search_term_string}"},"query-input":"required name=search_term_string"}],"inLanguage":"ro-RO"}]}},"_links":{"self":[{"href":"https:\/\/business.roovi.com\/ro\/wp-json\/wp\/v2\/product\/76032","targetHints":{"allow":["GET"]}}],"collection":[{"href":"https:\/\/business.roovi.com\/ro\/wp-json\/wp\/v2\/product"}],"about":[{"href":"https:\/\/business.roovi.com\/ro\/wp-json\/wp\/v2\/types\/product"}],"version-history":[{"count":0,"href":"https:\/\/business.roovi.com\/ro\/wp-json\/wp\/v2\/product\/76032\/revisions"}],"wp:featuredmedia":[{"embeddable":true,"href":"https:\/\/business.roovi.com\/ro\/wp-json\/wp\/v2\/media\/76033"}],"wp:attachment":[{"href":"https:\/\/business.roovi.com\/ro\/wp-json\/wp\/v2\/media?parent=76032"}],"wp:term":[{"taxonomy":"product_brand","embeddable":true,"href":"https:\/\/business.roovi.com\/ro\/wp-json\/wp\/v2\/product_brand?post=76032"},{"taxonomy":"product_cat","embeddable":true,"href":"https:\/\/business.roovi.com\/ro\/wp-json\/wp\/v2\/product_cat?post=76032"},{"taxonomy":"product_tag","embeddable":true,"href":"https:\/\/business.roovi.com\/ro\/wp-json\/wp\/v2\/product_tag?post=76032"}],"curies":[{"name":"wp","href":"https:\/\/api.w.org\/{rel}","templated":true}]}}