{"id":76064,"date":"2025-02-25T12:43:16","date_gmt":"2025-02-25T12:43:16","guid":{"rendered":"https:\/\/business.roovi.com\/?post_type=product&#038;p=76064"},"modified":"2025-04-30T11:43:13","modified_gmt":"2025-04-30T11:43:13","slug":"sah-modern-line-rege-rosu-875-cm","status":"publish","type":"product","link":"https:\/\/business.roovi.com\/ro\/sah-modern-line-rege-rosu-875-cm\/p\/","title":{"rendered":"\u0218ah, Modern Line, Rege ro\u0219u 8,75 cm"},"content":{"rendered":"<p>Descoper\u0103 o variant\u0103 elegant\u0103 \u0219i modern\u0103 a jocului clasic de \u0219ah! Setul <strong>Modern Line<\/strong> aduce un plus de stil \u0219i originalitate prin piesele sale \u00een nuan\u021be de ro\u0219u \u0219i bej, oferind o experien\u021b\u0103 vizual\u0103 distinct\u0103. Cu dimensiuni oficiale pentru concurs, acest set este perfect at\u00e2t pentru antrenamente, c\u00e2t \u0219i pentru partidele intense de strategie. Tabla compact\u0103 \u0219i u\u0219or de transportat \u00ee\u021bi permite s\u0103 te bucuri de joc oriunde, fie c\u0103 e\u0219ti acas\u0103 sau \u00een vacan\u021b\u0103.<\/p>\n","protected":false},"excerpt":{"rendered":"<p>Descoper\u0103 o variant\u0103 elegant\u0103 \u0219i modern\u0103 a jocului clasic de \u0219ah! Setul Modern Line aduce un plus de stil \u0219i<\/p>\n","protected":false},"featured_media":76145,"template":"","meta":[],"product_brand":[],"product_cat":[2746,2728,1513,1467],"product_tag":[],"class_list":{"0":"post-76064","1":"product","2":"type-product","3":"status-publish","4":"has-post-thumbnail","6":"product_cat-deico","7":"product_cat-export","8":"product_cat-jocuri-clasice","9":"product_cat-jocuri-de-societate","11":"first","12":"instock","13":"taxable","14":"shipping-taxable","15":"product-type-simple"},"yoast_head":"<!-- This site is optimized with the Yoast SEO plugin v20.1 - https:\/\/yoast.com\/wordpress\/plugins\/seo\/ -->\n<title>\u0218ah, Modern Line, Rege ro\u0219u 8,75 cm - Roovi B2B<\/title>\n<meta name=\"robots\" content=\"index, follow, max-snippet:-1, max-image-preview:large, max-video-preview:-1\" \/>\n<link rel=\"canonical\" href=\"https:\/\/business.roovi.com\/ro\/sah-modern-line-rege-rosu-875-cm\/p\/\" \/>\n<meta property=\"og:locale\" content=\"ro_RO\" \/>\n<meta property=\"og:type\" content=\"article\" \/>\n<meta property=\"og:title\" content=\"\u0218ah, Modern Line, Rege ro\u0219u 8,75 cm - Roovi B2B\" \/>\n<meta property=\"og:description\" content=\"Descoper\u0103 o variant\u0103 elegant\u0103 \u0219i modern\u0103 a jocului clasic de \u0219ah! Setul Modern Line aduce un plus de stil \u0219i\" \/>\n<meta property=\"og:url\" content=\"https:\/\/business.roovi.com\/ro\/sah-modern-line-rege-rosu-875-cm\/p\/\" \/>\n<meta property=\"og:site_name\" content=\"Roovi B2B\" \/>\n<meta property=\"article:publisher\" content=\"https:\/\/www.facebook.com\/wwwjucariero\" \/>\n<meta property=\"article:modified_time\" content=\"2025-04-30T11:43:13+00:00\" \/>\n<meta property=\"og:image\" content=\"https:\/\/business.roovi.com\/wp-content\/uploads\/2025\/02\/SAH-MODERN-LINE-Rege-rosu-875-cm-WEB-15402-front.png\" \/>\n\t<meta property=\"og:image:width\" content=\"1200\" \/>\n\t<meta property=\"og:image:height\" content=\"1200\" \/>\n\t<meta property=\"og:image:type\" content=\"image\/png\" \/>\n<meta name=\"twitter:label1\" content=\"Timp estimat pentru citire\" \/>\n\t<meta name=\"twitter:data1\" content=\"1 minut\" \/>\n<script type=\"application\/ld+json\" class=\"yoast-schema-graph\">{\"@context\":\"https:\/\/schema.org\",\"@graph\":[{\"@type\":\"WebPage\",\"@id\":\"https:\/\/business.roovi.com\/ro\/sah-modern-line-rege-rosu-875-cm\/p\/\",\"url\":\"https:\/\/business.roovi.com\/ro\/sah-modern-line-rege-rosu-875-cm\/p\/\",\"name\":\"\u0218ah, Modern Line, Rege ro\u0219u 8,75 cm - Roovi B2B\",\"isPartOf\":{\"@id\":\"https:\/\/business.roovi.com\/ro\/#website\"},\"datePublished\":\"2025-02-25T12:43:16+00:00\",\"dateModified\":\"2025-04-30T11:43:13+00:00\",\"breadcrumb\":{\"@id\":\"https:\/\/business.roovi.com\/ro\/sah-modern-line-rege-rosu-875-cm\/p\/#breadcrumb\"},\"inLanguage\":\"ro-RO\",\"potentialAction\":[{\"@type\":\"ReadAction\",\"target\":[\"https:\/\/business.roovi.com\/ro\/sah-modern-line-rege-rosu-875-cm\/p\/\"]}]},{\"@type\":\"BreadcrumbList\",\"@id\":\"https:\/\/business.roovi.com\/ro\/sah-modern-line-rege-rosu-875-cm\/p\/#breadcrumb\",\"itemListElement\":[{\"@type\":\"ListItem\",\"position\":1,\"name\":\"Home\",\"item\":\"https:\/\/business.roovi.com\/ro\/\"},{\"@type\":\"ListItem\",\"position\":2,\"name\":\"Magazin\",\"item\":\"https:\/\/business.roovi.com\/ro\/magazin\/\"},{\"@type\":\"ListItem\",\"position\":3,\"name\":\"\u0218ah, Modern Line, Rege ro\u0219u 8,75 cm\"}]},{\"@type\":\"WebSite\",\"@id\":\"https:\/\/business.roovi.com\/ro\/#website\",\"url\":\"https:\/\/business.roovi.com\/ro\/\",\"name\":\"Roovi B2B\",\"description\":\"Roovi Business Website\",\"potentialAction\":[{\"@type\":\"SearchAction\",\"target\":{\"@type\":\"EntryPoint\",\"urlTemplate\":\"https:\/\/business.roovi.com\/ro\/?s={search_term_string}\"},\"query-input\":\"required name=search_term_string\"}],\"inLanguage\":\"ro-RO\"}]}<\/script>\n<!-- \/ Yoast SEO plugin. -->","yoast_head_json":{"title":"\u0218ah, Modern Line, Rege ro\u0219u 8,75 cm - Roovi B2B","robots":{"index":"index","follow":"follow","max-snippet":"max-snippet:-1","max-image-preview":"max-image-preview:large","max-video-preview":"max-video-preview:-1"},"canonical":"https:\/\/business.roovi.com\/ro\/sah-modern-line-rege-rosu-875-cm\/p\/","og_locale":"ro_RO","og_type":"article","og_title":"\u0218ah, Modern Line, Rege ro\u0219u 8,75 cm - Roovi B2B","og_description":"Descoper\u0103 o variant\u0103 elegant\u0103 \u0219i modern\u0103 a jocului clasic de \u0219ah! Setul Modern Line aduce un plus de stil \u0219i","og_url":"https:\/\/business.roovi.com\/ro\/sah-modern-line-rege-rosu-875-cm\/p\/","og_site_name":"Roovi B2B","article_publisher":"https:\/\/www.facebook.com\/wwwjucariero","article_modified_time":"2025-04-30T11:43:13+00:00","og_image":[{"width":1200,"height":1200,"url":"https:\/\/business.roovi.com\/wp-content\/uploads\/2025\/02\/SAH-MODERN-LINE-Rege-rosu-875-cm-WEB-15402-front.png","type":"image\/png"}],"twitter_misc":{"Timp estimat pentru citire":"1 minut"},"schema":{"@context":"https:\/\/schema.org","@graph":[{"@type":"WebPage","@id":"https:\/\/business.roovi.com\/ro\/sah-modern-line-rege-rosu-875-cm\/p\/","url":"https:\/\/business.roovi.com\/ro\/sah-modern-line-rege-rosu-875-cm\/p\/","name":"\u0218ah, Modern Line, Rege ro\u0219u 8,75 cm - Roovi B2B","isPartOf":{"@id":"https:\/\/business.roovi.com\/ro\/#website"},"datePublished":"2025-02-25T12:43:16+00:00","dateModified":"2025-04-30T11:43:13+00:00","breadcrumb":{"@id":"https:\/\/business.roovi.com\/ro\/sah-modern-line-rege-rosu-875-cm\/p\/#breadcrumb"},"inLanguage":"ro-RO","potentialAction":[{"@type":"ReadAction","target":["https:\/\/business.roovi.com\/ro\/sah-modern-line-rege-rosu-875-cm\/p\/"]}]},{"@type":"BreadcrumbList","@id":"https:\/\/business.roovi.com\/ro\/sah-modern-line-rege-rosu-875-cm\/p\/#breadcrumb","itemListElement":[{"@type":"ListItem","position":1,"name":"Home","item":"https:\/\/business.roovi.com\/ro\/"},{"@type":"ListItem","position":2,"name":"Magazin","item":"https:\/\/business.roovi.com\/ro\/magazin\/"},{"@type":"ListItem","position":3,"name":"\u0218ah, Modern Line, Rege ro\u0219u 8,75 cm"}]},{"@type":"WebSite","@id":"https:\/\/business.roovi.com\/ro\/#website","url":"https:\/\/business.roovi.com\/ro\/","name":"Roovi B2B","description":"Roovi Business Website","potentialAction":[{"@type":"SearchAction","target":{"@type":"EntryPoint","urlTemplate":"https:\/\/business.roovi.com\/ro\/?s={search_term_string}"},"query-input":"required name=search_term_string"}],"inLanguage":"ro-RO"}]}},"_links":{"self":[{"href":"https:\/\/business.roovi.com\/ro\/wp-json\/wp\/v2\/product\/76064","targetHints":{"allow":["GET"]}}],"collection":[{"href":"https:\/\/business.roovi.com\/ro\/wp-json\/wp\/v2\/product"}],"about":[{"href":"https:\/\/business.roovi.com\/ro\/wp-json\/wp\/v2\/types\/product"}],"version-history":[{"count":0,"href":"https:\/\/business.roovi.com\/ro\/wp-json\/wp\/v2\/product\/76064\/revisions"}],"wp:featuredmedia":[{"embeddable":true,"href":"https:\/\/business.roovi.com\/ro\/wp-json\/wp\/v2\/media\/76145"}],"wp:attachment":[{"href":"https:\/\/business.roovi.com\/ro\/wp-json\/wp\/v2\/media?parent=76064"}],"wp:term":[{"taxonomy":"product_brand","embeddable":true,"href":"https:\/\/business.roovi.com\/ro\/wp-json\/wp\/v2\/product_brand?post=76064"},{"taxonomy":"product_cat","embeddable":true,"href":"https:\/\/business.roovi.com\/ro\/wp-json\/wp\/v2\/product_cat?post=76064"},{"taxonomy":"product_tag","embeddable":true,"href":"https:\/\/business.roovi.com\/ro\/wp-json\/wp\/v2\/product_tag?post=76064"}],"curies":[{"name":"wp","href":"https:\/\/api.w.org\/{rel}","templated":true}]}}