{"id":76198,"date":"2025-02-25T13:01:02","date_gmt":"2025-02-25T13:01:02","guid":{"rendered":"https:\/\/business.roovi.com\/?post_type=product&#038;p=76198"},"modified":"2025-06-17T07:52:58","modified_gmt":"2025-06-17T07:52:58","slug":"puzzle-lemn-satul-lui-mos-craciun-hdf-120-piese-high-difficulty","status":"publish","type":"product","link":"https:\/\/business.roovi.com\/ro\/puzzle-lemn-satul-lui-mos-craciun-hdf-120-piese-high-difficulty\/p\/","title":{"rendered":"Puzzle lemn &#8211; Satul lui Mo\u0219 Cr\u0103ciun, HDF 50 piese, High Difficulty"},"content":{"rendered":"<p>Intr\u0103 \u00een atmosfera Cr\u0103ciunului cu acest puzzle spectaculos! Imaginea unui sat de poveste \u0219i piesele sale unice din MDF fac din acest puzzle un cadou ideal pentru cei mici \u0219i cei mari deopotriv\u0103.<\/p>\n","protected":false},"excerpt":{"rendered":"<p>Intr\u0103 \u00een atmosfera Cr\u0103ciunului cu acest puzzle spectaculos! Imaginea unui sat de poveste \u0219i piesele sale unice din MDF fac<\/p>\n","protected":false},"featured_media":78834,"template":"","meta":[],"product_brand":[],"product_cat":[2746,2728,1454,1488,1551],"product_tag":[],"class_list":{"0":"post-76198","1":"product","2":"type-product","3":"status-publish","4":"has-post-thumbnail","6":"product_cat-deico","7":"product_cat-export","8":"product_cat-puzzle","9":"product_cat-puzzle-adulti","10":"product_cat-puzzle-adulti-special","12":"first","13":"instock","14":"taxable","15":"shipping-taxable","16":"product-type-simple"},"yoast_head":"<!-- This site is optimized with the Yoast SEO plugin v20.1 - https:\/\/yoast.com\/wordpress\/plugins\/seo\/ -->\n<title>Puzzle lemn - Satul lui Mo\u0219 Cr\u0103ciun, HDF 50 piese, High Difficulty - Roovi B2B<\/title>\n<meta name=\"robots\" content=\"index, follow, max-snippet:-1, max-image-preview:large, max-video-preview:-1\" \/>\n<link rel=\"canonical\" href=\"https:\/\/business.roovi.com\/ro\/puzzle-lemn-satul-lui-mos-craciun-hdf-120-piese-high-difficulty\/p\/\" \/>\n<meta property=\"og:locale\" content=\"ro_RO\" \/>\n<meta property=\"og:type\" content=\"article\" \/>\n<meta property=\"og:title\" content=\"Puzzle lemn - Satul lui Mo\u0219 Cr\u0103ciun, HDF 50 piese, High Difficulty - Roovi B2B\" \/>\n<meta property=\"og:description\" content=\"Intr\u0103 \u00een atmosfera Cr\u0103ciunului cu acest puzzle spectaculos! Imaginea unui sat de poveste \u0219i piesele sale unice din MDF fac\" \/>\n<meta property=\"og:url\" content=\"https:\/\/business.roovi.com\/ro\/puzzle-lemn-satul-lui-mos-craciun-hdf-120-piese-high-difficulty\/p\/\" \/>\n<meta property=\"og:site_name\" content=\"Roovi B2B\" \/>\n<meta property=\"article:publisher\" content=\"https:\/\/www.facebook.com\/wwwjucariero\" \/>\n<meta property=\"article:modified_time\" content=\"2025-06-17T07:52:58+00:00\" \/>\n<meta property=\"og:image\" content=\"https:\/\/business.roovi.com\/wp-content\/uploads\/2025\/02\/Puzzle-lemn-Craciun-50-piese_15396.jpg\" \/>\n\t<meta property=\"og:image:width\" content=\"1200\" \/>\n\t<meta property=\"og:image:height\" content=\"1200\" \/>\n\t<meta property=\"og:image:type\" content=\"image\/jpeg\" \/>\n<meta name=\"twitter:label1\" content=\"Timp estimat pentru citire\" \/>\n\t<meta name=\"twitter:data1\" content=\"1 minut\" \/>\n<script type=\"application\/ld+json\" class=\"yoast-schema-graph\">{\"@context\":\"https:\/\/schema.org\",\"@graph\":[{\"@type\":\"WebPage\",\"@id\":\"https:\/\/business.roovi.com\/ro\/puzzle-lemn-satul-lui-mos-craciun-hdf-120-piese-high-difficulty\/p\/\",\"url\":\"https:\/\/business.roovi.com\/ro\/puzzle-lemn-satul-lui-mos-craciun-hdf-120-piese-high-difficulty\/p\/\",\"name\":\"Puzzle lemn - Satul lui Mo\u0219 Cr\u0103ciun, HDF 50 piese, High Difficulty - Roovi B2B\",\"isPartOf\":{\"@id\":\"https:\/\/business.roovi.com\/ro\/#website\"},\"datePublished\":\"2025-02-25T13:01:02+00:00\",\"dateModified\":\"2025-06-17T07:52:58+00:00\",\"breadcrumb\":{\"@id\":\"https:\/\/business.roovi.com\/ro\/puzzle-lemn-satul-lui-mos-craciun-hdf-120-piese-high-difficulty\/p\/#breadcrumb\"},\"inLanguage\":\"ro-RO\",\"potentialAction\":[{\"@type\":\"ReadAction\",\"target\":[\"https:\/\/business.roovi.com\/ro\/puzzle-lemn-satul-lui-mos-craciun-hdf-120-piese-high-difficulty\/p\/\"]}]},{\"@type\":\"BreadcrumbList\",\"@id\":\"https:\/\/business.roovi.com\/ro\/puzzle-lemn-satul-lui-mos-craciun-hdf-120-piese-high-difficulty\/p\/#breadcrumb\",\"itemListElement\":[{\"@type\":\"ListItem\",\"position\":1,\"name\":\"Home\",\"item\":\"https:\/\/business.roovi.com\/ro\/\"},{\"@type\":\"ListItem\",\"position\":2,\"name\":\"Magazin\",\"item\":\"https:\/\/business.roovi.com\/ro\/magazin\/\"},{\"@type\":\"ListItem\",\"position\":3,\"name\":\"Puzzle lemn &#8211; Satul lui Mo\u0219 Cr\u0103ciun, HDF 50 piese, High Difficulty\"}]},{\"@type\":\"WebSite\",\"@id\":\"https:\/\/business.roovi.com\/ro\/#website\",\"url\":\"https:\/\/business.roovi.com\/ro\/\",\"name\":\"Roovi B2B\",\"description\":\"Roovi Business Website\",\"potentialAction\":[{\"@type\":\"SearchAction\",\"target\":{\"@type\":\"EntryPoint\",\"urlTemplate\":\"https:\/\/business.roovi.com\/ro\/?s={search_term_string}\"},\"query-input\":\"required name=search_term_string\"}],\"inLanguage\":\"ro-RO\"}]}<\/script>\n<!-- \/ Yoast SEO plugin. -->","yoast_head_json":{"title":"Puzzle lemn - Satul lui Mo\u0219 Cr\u0103ciun, HDF 50 piese, High Difficulty - Roovi B2B","robots":{"index":"index","follow":"follow","max-snippet":"max-snippet:-1","max-image-preview":"max-image-preview:large","max-video-preview":"max-video-preview:-1"},"canonical":"https:\/\/business.roovi.com\/ro\/puzzle-lemn-satul-lui-mos-craciun-hdf-120-piese-high-difficulty\/p\/","og_locale":"ro_RO","og_type":"article","og_title":"Puzzle lemn - Satul lui Mo\u0219 Cr\u0103ciun, HDF 50 piese, High Difficulty - Roovi B2B","og_description":"Intr\u0103 \u00een atmosfera Cr\u0103ciunului cu acest puzzle spectaculos! Imaginea unui sat de poveste \u0219i piesele sale unice din MDF fac","og_url":"https:\/\/business.roovi.com\/ro\/puzzle-lemn-satul-lui-mos-craciun-hdf-120-piese-high-difficulty\/p\/","og_site_name":"Roovi B2B","article_publisher":"https:\/\/www.facebook.com\/wwwjucariero","article_modified_time":"2025-06-17T07:52:58+00:00","og_image":[{"width":1200,"height":1200,"url":"https:\/\/business.roovi.com\/wp-content\/uploads\/2025\/02\/Puzzle-lemn-Craciun-50-piese_15396.jpg","type":"image\/jpeg"}],"twitter_misc":{"Timp estimat pentru citire":"1 minut"},"schema":{"@context":"https:\/\/schema.org","@graph":[{"@type":"WebPage","@id":"https:\/\/business.roovi.com\/ro\/puzzle-lemn-satul-lui-mos-craciun-hdf-120-piese-high-difficulty\/p\/","url":"https:\/\/business.roovi.com\/ro\/puzzle-lemn-satul-lui-mos-craciun-hdf-120-piese-high-difficulty\/p\/","name":"Puzzle lemn - Satul lui Mo\u0219 Cr\u0103ciun, HDF 50 piese, High Difficulty - Roovi B2B","isPartOf":{"@id":"https:\/\/business.roovi.com\/ro\/#website"},"datePublished":"2025-02-25T13:01:02+00:00","dateModified":"2025-06-17T07:52:58+00:00","breadcrumb":{"@id":"https:\/\/business.roovi.com\/ro\/puzzle-lemn-satul-lui-mos-craciun-hdf-120-piese-high-difficulty\/p\/#breadcrumb"},"inLanguage":"ro-RO","potentialAction":[{"@type":"ReadAction","target":["https:\/\/business.roovi.com\/ro\/puzzle-lemn-satul-lui-mos-craciun-hdf-120-piese-high-difficulty\/p\/"]}]},{"@type":"BreadcrumbList","@id":"https:\/\/business.roovi.com\/ro\/puzzle-lemn-satul-lui-mos-craciun-hdf-120-piese-high-difficulty\/p\/#breadcrumb","itemListElement":[{"@type":"ListItem","position":1,"name":"Home","item":"https:\/\/business.roovi.com\/ro\/"},{"@type":"ListItem","position":2,"name":"Magazin","item":"https:\/\/business.roovi.com\/ro\/magazin\/"},{"@type":"ListItem","position":3,"name":"Puzzle lemn &#8211; Satul lui Mo\u0219 Cr\u0103ciun, HDF 50 piese, High Difficulty"}]},{"@type":"WebSite","@id":"https:\/\/business.roovi.com\/ro\/#website","url":"https:\/\/business.roovi.com\/ro\/","name":"Roovi B2B","description":"Roovi Business Website","potentialAction":[{"@type":"SearchAction","target":{"@type":"EntryPoint","urlTemplate":"https:\/\/business.roovi.com\/ro\/?s={search_term_string}"},"query-input":"required name=search_term_string"}],"inLanguage":"ro-RO"}]}},"_links":{"self":[{"href":"https:\/\/business.roovi.com\/ro\/wp-json\/wp\/v2\/product\/76198","targetHints":{"allow":["GET"]}}],"collection":[{"href":"https:\/\/business.roovi.com\/ro\/wp-json\/wp\/v2\/product"}],"about":[{"href":"https:\/\/business.roovi.com\/ro\/wp-json\/wp\/v2\/types\/product"}],"version-history":[{"count":0,"href":"https:\/\/business.roovi.com\/ro\/wp-json\/wp\/v2\/product\/76198\/revisions"}],"wp:featuredmedia":[{"embeddable":true,"href":"https:\/\/business.roovi.com\/ro\/wp-json\/wp\/v2\/media\/78834"}],"wp:attachment":[{"href":"https:\/\/business.roovi.com\/ro\/wp-json\/wp\/v2\/media?parent=76198"}],"wp:term":[{"taxonomy":"product_brand","embeddable":true,"href":"https:\/\/business.roovi.com\/ro\/wp-json\/wp\/v2\/product_brand?post=76198"},{"taxonomy":"product_cat","embeddable":true,"href":"https:\/\/business.roovi.com\/ro\/wp-json\/wp\/v2\/product_cat?post=76198"},{"taxonomy":"product_tag","embeddable":true,"href":"https:\/\/business.roovi.com\/ro\/wp-json\/wp\/v2\/product_tag?post=76198"}],"curies":[{"name":"wp","href":"https:\/\/api.w.org\/{rel}","templated":true}]}}