{"id":76202,"date":"2025-02-25T13:04:40","date_gmt":"2025-02-25T13:04:40","guid":{"rendered":"https:\/\/business.roovi.com\/?post_type=product&#038;p=76202"},"modified":"2025-04-30T11:43:05","modified_gmt":"2025-04-30T11:43:05","slug":"3d-puzzle-5-in-1-collection","status":"publish","type":"product","link":"https:\/\/business.roovi.com\/ro\/3d-puzzle-5-in-1-collection\/p\/","title":{"rendered":"3D PUZZLE 5 in 1 Collection"},"content":{"rendered":"<p>Descoper\u0103 Brain Twister, un set fascinant de cinci puzzle-uri mecanice, conceput pentru a-\u021bi provoca mintea \u0219i a-\u021bi dezvolta inteligen\u021ba. Aceste puzzle-uri ingenioase nu doar c\u0103 ofer\u0103 ore de divertisment, dar \u00eembun\u0103t\u0103\u021besc \u0219i percep\u021bia spa\u021bial\u0103 \u0219i coeficientul de inteligen\u021b\u0103, fiind perfecte pentru cei pasiona\u021bi de provoc\u0103ri intelectuale.<\/p>\n","protected":false},"excerpt":{"rendered":"<p>Descoper\u0103 Brain Twister, un set fascinant de cinci puzzle-uri mecanice, conceput pentru a-\u021bi provoca mintea \u0219i a-\u021bi dezvolta inteligen\u021ba. Aceste<\/p>\n","protected":false},"featured_media":76070,"template":"","meta":[],"product_brand":[],"product_cat":[2746,2728,1492,1477,1550,1479],"product_tag":[],"class_list":{"0":"post-76202","1":"product","2":"type-product","3":"status-publish","4":"has-post-thumbnail","6":"product_cat-deico","7":"product_cat-export","8":"product_cat-jocuri-de-logica","9":"product_cat-jocuri-din-lemn","10":"product_cat-jocuri-iq-games","11":"product_cat-mai-multe-categorii","13":"first","14":"instock","15":"taxable","16":"shipping-taxable","17":"product-type-simple"},"yoast_head":"<!-- This site is optimized with the Yoast SEO plugin v20.1 - https:\/\/yoast.com\/wordpress\/plugins\/seo\/ -->\n<title>3D PUZZLE 5 in 1 Collection - Roovi B2B<\/title>\n<meta name=\"robots\" content=\"index, follow, max-snippet:-1, max-image-preview:large, max-video-preview:-1\" \/>\n<link rel=\"canonical\" href=\"https:\/\/business.roovi.com\/ro\/3d-puzzle-5-in-1-collection\/p\/\" \/>\n<meta property=\"og:locale\" content=\"ro_RO\" \/>\n<meta property=\"og:type\" content=\"article\" \/>\n<meta property=\"og:title\" content=\"3D PUZZLE 5 in 1 Collection - Roovi B2B\" \/>\n<meta property=\"og:description\" content=\"Descoper\u0103 Brain Twister, un set fascinant de cinci puzzle-uri mecanice, conceput pentru a-\u021bi provoca mintea \u0219i a-\u021bi dezvolta inteligen\u021ba. Aceste\" \/>\n<meta property=\"og:url\" content=\"https:\/\/business.roovi.com\/ro\/3d-puzzle-5-in-1-collection\/p\/\" \/>\n<meta property=\"og:site_name\" content=\"Roovi B2B\" \/>\n<meta property=\"article:publisher\" content=\"https:\/\/www.facebook.com\/wwwjucariero\" \/>\n<meta property=\"article:modified_time\" content=\"2025-04-30T11:43:05+00:00\" \/>\n<meta property=\"og:image\" content=\"https:\/\/business.roovi.com\/wp-content\/uploads\/2025\/02\/3D-PUZZLE-5-in-1-Collection-WEB-15174-front.png\" \/>\n\t<meta property=\"og:image:width\" content=\"1200\" \/>\n\t<meta property=\"og:image:height\" content=\"1200\" \/>\n\t<meta property=\"og:image:type\" content=\"image\/png\" \/>\n<script type=\"application\/ld+json\" class=\"yoast-schema-graph\">{\"@context\":\"https:\/\/schema.org\",\"@graph\":[{\"@type\":\"WebPage\",\"@id\":\"https:\/\/business.roovi.com\/ro\/3d-puzzle-5-in-1-collection\/p\/\",\"url\":\"https:\/\/business.roovi.com\/ro\/3d-puzzle-5-in-1-collection\/p\/\",\"name\":\"3D PUZZLE 5 in 1 Collection - Roovi B2B\",\"isPartOf\":{\"@id\":\"https:\/\/business.roovi.com\/ro\/#website\"},\"datePublished\":\"2025-02-25T13:04:40+00:00\",\"dateModified\":\"2025-04-30T11:43:05+00:00\",\"breadcrumb\":{\"@id\":\"https:\/\/business.roovi.com\/ro\/3d-puzzle-5-in-1-collection\/p\/#breadcrumb\"},\"inLanguage\":\"ro-RO\",\"potentialAction\":[{\"@type\":\"ReadAction\",\"target\":[\"https:\/\/business.roovi.com\/ro\/3d-puzzle-5-in-1-collection\/p\/\"]}]},{\"@type\":\"BreadcrumbList\",\"@id\":\"https:\/\/business.roovi.com\/ro\/3d-puzzle-5-in-1-collection\/p\/#breadcrumb\",\"itemListElement\":[{\"@type\":\"ListItem\",\"position\":1,\"name\":\"Home\",\"item\":\"https:\/\/business.roovi.com\/ro\/\"},{\"@type\":\"ListItem\",\"position\":2,\"name\":\"Magazin\",\"item\":\"https:\/\/business.roovi.com\/ro\/magazin\/\"},{\"@type\":\"ListItem\",\"position\":3,\"name\":\"3D PUZZLE 5 in 1 Collection\"}]},{\"@type\":\"WebSite\",\"@id\":\"https:\/\/business.roovi.com\/ro\/#website\",\"url\":\"https:\/\/business.roovi.com\/ro\/\",\"name\":\"Roovi B2B\",\"description\":\"Roovi Business Website\",\"potentialAction\":[{\"@type\":\"SearchAction\",\"target\":{\"@type\":\"EntryPoint\",\"urlTemplate\":\"https:\/\/business.roovi.com\/ro\/?s={search_term_string}\"},\"query-input\":\"required name=search_term_string\"}],\"inLanguage\":\"ro-RO\"}]}<\/script>\n<!-- \/ Yoast SEO plugin. -->","yoast_head_json":{"title":"3D PUZZLE 5 in 1 Collection - Roovi B2B","robots":{"index":"index","follow":"follow","max-snippet":"max-snippet:-1","max-image-preview":"max-image-preview:large","max-video-preview":"max-video-preview:-1"},"canonical":"https:\/\/business.roovi.com\/ro\/3d-puzzle-5-in-1-collection\/p\/","og_locale":"ro_RO","og_type":"article","og_title":"3D PUZZLE 5 in 1 Collection - Roovi B2B","og_description":"Descoper\u0103 Brain Twister, un set fascinant de cinci puzzle-uri mecanice, conceput pentru a-\u021bi provoca mintea \u0219i a-\u021bi dezvolta inteligen\u021ba. Aceste","og_url":"https:\/\/business.roovi.com\/ro\/3d-puzzle-5-in-1-collection\/p\/","og_site_name":"Roovi B2B","article_publisher":"https:\/\/www.facebook.com\/wwwjucariero","article_modified_time":"2025-04-30T11:43:05+00:00","og_image":[{"width":1200,"height":1200,"url":"https:\/\/business.roovi.com\/wp-content\/uploads\/2025\/02\/3D-PUZZLE-5-in-1-Collection-WEB-15174-front.png","type":"image\/png"}],"schema":{"@context":"https:\/\/schema.org","@graph":[{"@type":"WebPage","@id":"https:\/\/business.roovi.com\/ro\/3d-puzzle-5-in-1-collection\/p\/","url":"https:\/\/business.roovi.com\/ro\/3d-puzzle-5-in-1-collection\/p\/","name":"3D PUZZLE 5 in 1 Collection - Roovi B2B","isPartOf":{"@id":"https:\/\/business.roovi.com\/ro\/#website"},"datePublished":"2025-02-25T13:04:40+00:00","dateModified":"2025-04-30T11:43:05+00:00","breadcrumb":{"@id":"https:\/\/business.roovi.com\/ro\/3d-puzzle-5-in-1-collection\/p\/#breadcrumb"},"inLanguage":"ro-RO","potentialAction":[{"@type":"ReadAction","target":["https:\/\/business.roovi.com\/ro\/3d-puzzle-5-in-1-collection\/p\/"]}]},{"@type":"BreadcrumbList","@id":"https:\/\/business.roovi.com\/ro\/3d-puzzle-5-in-1-collection\/p\/#breadcrumb","itemListElement":[{"@type":"ListItem","position":1,"name":"Home","item":"https:\/\/business.roovi.com\/ro\/"},{"@type":"ListItem","position":2,"name":"Magazin","item":"https:\/\/business.roovi.com\/ro\/magazin\/"},{"@type":"ListItem","position":3,"name":"3D PUZZLE 5 in 1 Collection"}]},{"@type":"WebSite","@id":"https:\/\/business.roovi.com\/ro\/#website","url":"https:\/\/business.roovi.com\/ro\/","name":"Roovi B2B","description":"Roovi Business Website","potentialAction":[{"@type":"SearchAction","target":{"@type":"EntryPoint","urlTemplate":"https:\/\/business.roovi.com\/ro\/?s={search_term_string}"},"query-input":"required name=search_term_string"}],"inLanguage":"ro-RO"}]}},"_links":{"self":[{"href":"https:\/\/business.roovi.com\/ro\/wp-json\/wp\/v2\/product\/76202","targetHints":{"allow":["GET"]}}],"collection":[{"href":"https:\/\/business.roovi.com\/ro\/wp-json\/wp\/v2\/product"}],"about":[{"href":"https:\/\/business.roovi.com\/ro\/wp-json\/wp\/v2\/types\/product"}],"version-history":[{"count":0,"href":"https:\/\/business.roovi.com\/ro\/wp-json\/wp\/v2\/product\/76202\/revisions"}],"wp:featuredmedia":[{"embeddable":true,"href":"https:\/\/business.roovi.com\/ro\/wp-json\/wp\/v2\/media\/76070"}],"wp:attachment":[{"href":"https:\/\/business.roovi.com\/ro\/wp-json\/wp\/v2\/media?parent=76202"}],"wp:term":[{"taxonomy":"product_brand","embeddable":true,"href":"https:\/\/business.roovi.com\/ro\/wp-json\/wp\/v2\/product_brand?post=76202"},{"taxonomy":"product_cat","embeddable":true,"href":"https:\/\/business.roovi.com\/ro\/wp-json\/wp\/v2\/product_cat?post=76202"},{"taxonomy":"product_tag","embeddable":true,"href":"https:\/\/business.roovi.com\/ro\/wp-json\/wp\/v2\/product_tag?post=76202"}],"curies":[{"name":"wp","href":"https:\/\/api.w.org\/{rel}","templated":true}]}}