{"id":76204,"date":"2025-02-25T13:06:43","date_gmt":"2025-02-25T13:06:43","guid":{"rendered":"https:\/\/business.roovi.com\/?post_type=product&#038;p=76204"},"modified":"2025-04-30T11:43:05","modified_gmt":"2025-04-30T11:43:05","slug":"go-caroiaj-9x9-81-pietre-editie-travel","status":"publish","type":"product","link":"https:\/\/business.roovi.com\/ro\/go-caroiaj-9x9-81-pietre-editie-travel\/p\/","title":{"rendered":"GO caroiaj 9&#215;9, 81 pietre, EDI\u021aIE TRAVEL"},"content":{"rendered":"<p>Exploreaz\u0103 versiunea de c\u0103l\u0103torie a jocului Go, acum cu o tabl\u0103 compact\u0103 de 9&#215;9, perfect\u0103 pentru a-\u021bi exersa strategia oriunde te-ai afla. Acest set portabil combin\u0103 regulile simple ale jocului clasic cu provoc\u0103rile intense \u00eentr-un format convenabil pentru orice pasionat de jocuri de strategie.<\/p>\n","protected":false},"excerpt":{"rendered":"<p>Exploreaz\u0103 versiunea de c\u0103l\u0103torie a jocului Go, acum cu o tabl\u0103 compact\u0103 de 9&#215;9, perfect\u0103 pentru a-\u021bi exersa strategia oriunde<\/p>\n","protected":false},"featured_media":76075,"template":"","meta":[],"product_brand":[],"product_cat":[2746,2728,1513,1467,1519],"product_tag":[],"class_list":{"0":"post-76204","1":"product","2":"type-product","3":"status-publish","4":"has-post-thumbnail","6":"product_cat-deico","7":"product_cat-export","8":"product_cat-jocuri-clasice","9":"product_cat-jocuri-de-societate","10":"product_cat-jocuri-de-voiaj","12":"first","13":"instock","14":"taxable","15":"shipping-taxable","16":"product-type-simple"},"yoast_head":"<!-- This site is optimized with the Yoast SEO plugin v20.1 - https:\/\/yoast.com\/wordpress\/plugins\/seo\/ -->\n<title>GO caroiaj 9x9, 81 pietre, EDI\u021aIE TRAVEL - Roovi B2B<\/title>\n<meta name=\"robots\" content=\"index, follow, max-snippet:-1, max-image-preview:large, max-video-preview:-1\" \/>\n<link rel=\"canonical\" href=\"https:\/\/business.roovi.com\/ro\/go-caroiaj-9x9-81-pietre-editie-travel\/p\/\" \/>\n<meta property=\"og:locale\" content=\"ro_RO\" \/>\n<meta property=\"og:type\" content=\"article\" \/>\n<meta property=\"og:title\" content=\"GO caroiaj 9x9, 81 pietre, EDI\u021aIE TRAVEL - Roovi B2B\" \/>\n<meta property=\"og:description\" content=\"Exploreaz\u0103 versiunea de c\u0103l\u0103torie a jocului Go, acum cu o tabl\u0103 compact\u0103 de 9&#215;9, perfect\u0103 pentru a-\u021bi exersa strategia oriunde\" \/>\n<meta property=\"og:url\" content=\"https:\/\/business.roovi.com\/ro\/go-caroiaj-9x9-81-pietre-editie-travel\/p\/\" \/>\n<meta property=\"og:site_name\" content=\"Roovi B2B\" \/>\n<meta property=\"article:publisher\" content=\"https:\/\/www.facebook.com\/wwwjucariero\" \/>\n<meta property=\"article:modified_time\" content=\"2025-04-30T11:43:05+00:00\" \/>\n<meta property=\"og:image\" content=\"https:\/\/business.roovi.com\/wp-content\/uploads\/2025\/02\/GO-caroiaj-9x9-81-pietre-EDITIE-TRAVEL-WEB-15112-front.png\" \/>\n\t<meta property=\"og:image:width\" content=\"1200\" \/>\n\t<meta property=\"og:image:height\" content=\"1200\" \/>\n\t<meta property=\"og:image:type\" content=\"image\/png\" \/>\n<script type=\"application\/ld+json\" class=\"yoast-schema-graph\">{\"@context\":\"https:\/\/schema.org\",\"@graph\":[{\"@type\":\"WebPage\",\"@id\":\"https:\/\/business.roovi.com\/ro\/go-caroiaj-9x9-81-pietre-editie-travel\/p\/\",\"url\":\"https:\/\/business.roovi.com\/ro\/go-caroiaj-9x9-81-pietre-editie-travel\/p\/\",\"name\":\"GO caroiaj 9x9, 81 pietre, EDI\u021aIE TRAVEL - Roovi B2B\",\"isPartOf\":{\"@id\":\"https:\/\/business.roovi.com\/ro\/#website\"},\"datePublished\":\"2025-02-25T13:06:43+00:00\",\"dateModified\":\"2025-04-30T11:43:05+00:00\",\"breadcrumb\":{\"@id\":\"https:\/\/business.roovi.com\/ro\/go-caroiaj-9x9-81-pietre-editie-travel\/p\/#breadcrumb\"},\"inLanguage\":\"ro-RO\",\"potentialAction\":[{\"@type\":\"ReadAction\",\"target\":[\"https:\/\/business.roovi.com\/ro\/go-caroiaj-9x9-81-pietre-editie-travel\/p\/\"]}]},{\"@type\":\"BreadcrumbList\",\"@id\":\"https:\/\/business.roovi.com\/ro\/go-caroiaj-9x9-81-pietre-editie-travel\/p\/#breadcrumb\",\"itemListElement\":[{\"@type\":\"ListItem\",\"position\":1,\"name\":\"Home\",\"item\":\"https:\/\/business.roovi.com\/ro\/\"},{\"@type\":\"ListItem\",\"position\":2,\"name\":\"Magazin\",\"item\":\"https:\/\/business.roovi.com\/ro\/magazin\/\"},{\"@type\":\"ListItem\",\"position\":3,\"name\":\"GO caroiaj 9&#215;9, 81 pietre, EDI\u021aIE TRAVEL\"}]},{\"@type\":\"WebSite\",\"@id\":\"https:\/\/business.roovi.com\/ro\/#website\",\"url\":\"https:\/\/business.roovi.com\/ro\/\",\"name\":\"Roovi B2B\",\"description\":\"Roovi Business Website\",\"potentialAction\":[{\"@type\":\"SearchAction\",\"target\":{\"@type\":\"EntryPoint\",\"urlTemplate\":\"https:\/\/business.roovi.com\/ro\/?s={search_term_string}\"},\"query-input\":\"required name=search_term_string\"}],\"inLanguage\":\"ro-RO\"}]}<\/script>\n<!-- \/ Yoast SEO plugin. -->","yoast_head_json":{"title":"GO caroiaj 9x9, 81 pietre, EDI\u021aIE TRAVEL - Roovi B2B","robots":{"index":"index","follow":"follow","max-snippet":"max-snippet:-1","max-image-preview":"max-image-preview:large","max-video-preview":"max-video-preview:-1"},"canonical":"https:\/\/business.roovi.com\/ro\/go-caroiaj-9x9-81-pietre-editie-travel\/p\/","og_locale":"ro_RO","og_type":"article","og_title":"GO caroiaj 9x9, 81 pietre, EDI\u021aIE TRAVEL - Roovi B2B","og_description":"Exploreaz\u0103 versiunea de c\u0103l\u0103torie a jocului Go, acum cu o tabl\u0103 compact\u0103 de 9&#215;9, perfect\u0103 pentru a-\u021bi exersa strategia oriunde","og_url":"https:\/\/business.roovi.com\/ro\/go-caroiaj-9x9-81-pietre-editie-travel\/p\/","og_site_name":"Roovi B2B","article_publisher":"https:\/\/www.facebook.com\/wwwjucariero","article_modified_time":"2025-04-30T11:43:05+00:00","og_image":[{"width":1200,"height":1200,"url":"https:\/\/business.roovi.com\/wp-content\/uploads\/2025\/02\/GO-caroiaj-9x9-81-pietre-EDITIE-TRAVEL-WEB-15112-front.png","type":"image\/png"}],"schema":{"@context":"https:\/\/schema.org","@graph":[{"@type":"WebPage","@id":"https:\/\/business.roovi.com\/ro\/go-caroiaj-9x9-81-pietre-editie-travel\/p\/","url":"https:\/\/business.roovi.com\/ro\/go-caroiaj-9x9-81-pietre-editie-travel\/p\/","name":"GO caroiaj 9x9, 81 pietre, EDI\u021aIE TRAVEL - Roovi B2B","isPartOf":{"@id":"https:\/\/business.roovi.com\/ro\/#website"},"datePublished":"2025-02-25T13:06:43+00:00","dateModified":"2025-04-30T11:43:05+00:00","breadcrumb":{"@id":"https:\/\/business.roovi.com\/ro\/go-caroiaj-9x9-81-pietre-editie-travel\/p\/#breadcrumb"},"inLanguage":"ro-RO","potentialAction":[{"@type":"ReadAction","target":["https:\/\/business.roovi.com\/ro\/go-caroiaj-9x9-81-pietre-editie-travel\/p\/"]}]},{"@type":"BreadcrumbList","@id":"https:\/\/business.roovi.com\/ro\/go-caroiaj-9x9-81-pietre-editie-travel\/p\/#breadcrumb","itemListElement":[{"@type":"ListItem","position":1,"name":"Home","item":"https:\/\/business.roovi.com\/ro\/"},{"@type":"ListItem","position":2,"name":"Magazin","item":"https:\/\/business.roovi.com\/ro\/magazin\/"},{"@type":"ListItem","position":3,"name":"GO caroiaj 9&#215;9, 81 pietre, EDI\u021aIE TRAVEL"}]},{"@type":"WebSite","@id":"https:\/\/business.roovi.com\/ro\/#website","url":"https:\/\/business.roovi.com\/ro\/","name":"Roovi B2B","description":"Roovi Business Website","potentialAction":[{"@type":"SearchAction","target":{"@type":"EntryPoint","urlTemplate":"https:\/\/business.roovi.com\/ro\/?s={search_term_string}"},"query-input":"required name=search_term_string"}],"inLanguage":"ro-RO"}]}},"_links":{"self":[{"href":"https:\/\/business.roovi.com\/ro\/wp-json\/wp\/v2\/product\/76204","targetHints":{"allow":["GET"]}}],"collection":[{"href":"https:\/\/business.roovi.com\/ro\/wp-json\/wp\/v2\/product"}],"about":[{"href":"https:\/\/business.roovi.com\/ro\/wp-json\/wp\/v2\/types\/product"}],"version-history":[{"count":0,"href":"https:\/\/business.roovi.com\/ro\/wp-json\/wp\/v2\/product\/76204\/revisions"}],"wp:featuredmedia":[{"embeddable":true,"href":"https:\/\/business.roovi.com\/ro\/wp-json\/wp\/v2\/media\/76075"}],"wp:attachment":[{"href":"https:\/\/business.roovi.com\/ro\/wp-json\/wp\/v2\/media?parent=76204"}],"wp:term":[{"taxonomy":"product_brand","embeddable":true,"href":"https:\/\/business.roovi.com\/ro\/wp-json\/wp\/v2\/product_brand?post=76204"},{"taxonomy":"product_cat","embeddable":true,"href":"https:\/\/business.roovi.com\/ro\/wp-json\/wp\/v2\/product_cat?post=76204"},{"taxonomy":"product_tag","embeddable":true,"href":"https:\/\/business.roovi.com\/ro\/wp-json\/wp\/v2\/product_tag?post=76204"}],"curies":[{"name":"wp","href":"https:\/\/api.w.org\/{rel}","templated":true}]}}