{"id":78589,"date":"2025-05-08T11:10:00","date_gmt":"2025-05-08T11:10:00","guid":{"rendered":"https:\/\/business.roovi.com\/?post_type=product&#038;p=78589"},"modified":"2025-05-08T11:10:00","modified_gmt":"2025-05-08T11:10:00","slug":"mobee-un-joc-de-observatie-si-rapiditate-pentru-intreaga-familie","status":"publish","type":"product","link":"https:\/\/business.roovi.com\/ro\/mobee-un-joc-de-observatie-si-rapiditate-pentru-intreaga-familie\/p\/","title":{"rendered":"M\u00f8bee \u2013 Un joc de observa\u021bie \u0219i rapiditate pentru \u00eentreaga familie"},"content":{"rendered":"<p><strong>Preg\u0103te\u0219te-te pentru M\u00f8bee! Un joc de c\u0103r\u021bi dinamic \u0219i captivant, \u00een care viteza \u0219i aten\u021bia la detalii fac diferen\u021ba!<\/strong><\/p>\n<p><strong>Regula este simpl\u0103:<\/strong> \u00eentoarce 3 c\u0103r\u021bi \u0219i g\u0103se\u0219te simbolul unic pe care \u00eel au \u00een comun! Primul juc\u0103tor care \u00eel identific\u0103 corect c\u00e2\u0219tig\u0103 runda!<\/p>\n<p><iframe loading=\"lazy\" title=\"YouTube video player\" src=\"https:\/\/www.youtube.com\/embed\/LjrF0j3b4VE?si=6-Bfb53AYGedLa6s\" width=\"100%\" height=\"425\" frameborder=\"0\" allowfullscreen=\"allowfullscreen\"><\/iframe><\/p>\n<p><strong>Descoper\u0103 multiplele moduri de joc:<\/strong> M\u00f8bee include 4 seturi de c\u0103r\u021bi cu niveluri diferite de dificultate, astfel \u00eenc\u00e2t fiecare juc\u0103tor s\u0103 poat\u0103 alege provocarea potrivit\u0103. Fie c\u0103 e\u0219ti \u00eencep\u0103tor sau expert, distrac\u021bia este garantat\u0103!<\/p>\n<p><strong>Cum se joac\u0103?<\/strong><\/p>\n<ol>\n<li>Fiecare juc\u0103tor \u00eentoarce 3 c\u0103r\u021bi.<\/li>\n<li>Analizeaz\u0103-le rapid \u0219i identific\u0103 simbolul comun dintre ele!<\/li>\n<li>Fii cel mai rapid \u0219i adun\u0103 c\u00e2t mai multe victorii pentru a c\u00e2\u0219tiga jocul!<\/li>\n<\/ol>\n<p><strong>De ce s\u0103 alegi M\u00f8bee?<\/strong><\/p>\n<ul>\n<li>Stimuleaz\u0103 aten\u021bia \u0219i viteza de reac\u021bie \u2013 un joc perfect pentru a \u00eembun\u0103t\u0103\u021bi concentrarea \u0219i g\u00e2ndirea rapid\u0103!<\/li>\n<li>Potrivit pentru toate v\u00e2rstele \u2013 cu 4 niveluri de dificultate, M\u00f8bee este un joc pe care \u00eel pot juca at\u00e2t copiii, c\u00e2t \u0219i adul\u021bii!<\/li>\n<li>Joc rapid \u0219i interactiv \u2013 perfect pentru seri de jocuri \u00een familie sau \u00eentre prieteni!<\/li>\n<li>Moduri de joc variate \u2013 \u00een func\u021bie de nivelul de dificultate dorit, se pot alege diferite variante de joc pentru \u0219i mai mult\u0103 distrac\u021bie!<\/li>\n<\/ul>\n<p><strong>Ideal pentru cadouri!<\/strong> M\u00f8bee este alegerea perfect\u0103 pentru un copil curios \u0219i competitiv sau pentru o sear\u0103 de jocuri plin\u0103 de r\u00e2sete \u0219i provoc\u0103ri!<\/p>\n<p><strong>Detalii joc:<\/strong><\/p>\n<p>V\u00e2rsta recomandat\u0103: 5+<br \/>\nDurat\u0103: &lt; 20 minute<br \/>\nJuc\u0103tori: 2-5 persoane<\/p>\n<p><strong>Con\u021binut cutie:<\/strong><\/p>\n<p>4 seturi de c\u0103r\u021bi cu dificult\u0103\u021bi diferite (61 carduri de joc)<br \/>\nRegulament de joc<\/p>\n<p><strong>E\u0219ti preg\u0103tit s\u0103 \u00ee\u021bi testezi viteza \u0219i spiritul de observa\u021bie? Accept\u0103 provocarea M\u00f8bee \u0219i distreaz\u0103-te al\u0103turi de cei dragi!<\/strong><\/p>\n","protected":false},"excerpt":{"rendered":"<p>Preg\u0103te\u0219te-te pentru M\u00f8bee! Un joc de c\u0103r\u021bi dinamic \u0219i captivant, \u00een care viteza \u0219i aten\u021bia la detalii fac diferen\u021ba! Regula<\/p>\n","protected":false},"featured_media":78590,"template":"","meta":[],"product_brand":[],"product_cat":[1522,1501,1467,1471],"product_tag":[],"class_list":{"0":"post-78589","1":"product","2":"type-product","3":"status-publish","4":"has-post-thumbnail","6":"product_cat-carti-de-joc","7":"product_cat-carti-educationale","8":"product_cat-jocuri-de-societate","9":"product_cat-jocuri-educative-si-stiintifice","10":"pa_filter_age-1315","11":"pa_filter_age-5_7","12":"pa_filter_age-7_9","13":"pa_filter_age-9_14","15":"first","16":"instock","17":"taxable","18":"shipping-taxable","19":"product-type-simple"},"yoast_head":"<!-- This site is optimized with the Yoast SEO plugin v20.1 - https:\/\/yoast.com\/wordpress\/plugins\/seo\/ -->\n<title>M\u00f8bee \u2013 Un joc de observa\u021bie \u0219i rapiditate pentru \u00eentreaga familie - Roovi B2B<\/title>\n<meta name=\"robots\" content=\"index, follow, max-snippet:-1, max-image-preview:large, max-video-preview:-1\" \/>\n<link rel=\"canonical\" href=\"https:\/\/business.roovi.com\/ro\/mobee-un-joc-de-observatie-si-rapiditate-pentru-intreaga-familie\/p\/\" \/>\n<meta property=\"og:locale\" content=\"ro_RO\" \/>\n<meta property=\"og:type\" content=\"article\" \/>\n<meta property=\"og:title\" content=\"M\u00f8bee \u2013 Un joc de observa\u021bie \u0219i rapiditate pentru \u00eentreaga familie - Roovi B2B\" \/>\n<meta property=\"og:description\" content=\"Preg\u0103te\u0219te-te pentru M\u00f8bee! Un joc de c\u0103r\u021bi dinamic \u0219i captivant, \u00een care viteza \u0219i aten\u021bia la detalii fac diferen\u021ba! Regula\" \/>\n<meta property=\"og:url\" content=\"https:\/\/business.roovi.com\/ro\/mobee-un-joc-de-observatie-si-rapiditate-pentru-intreaga-familie\/p\/\" \/>\n<meta property=\"og:site_name\" content=\"Roovi B2B\" \/>\n<meta property=\"article:publisher\" content=\"https:\/\/www.facebook.com\/wwwjucariero\" \/>\n<meta property=\"og:image\" content=\"https:\/\/business.roovi.com\/wp-content\/uploads\/2025\/05\/mobee-1-min.jpg\" \/>\n\t<meta property=\"og:image:width\" content=\"1200\" \/>\n\t<meta property=\"og:image:height\" content=\"1200\" \/>\n\t<meta property=\"og:image:type\" content=\"image\/jpeg\" \/>\n<meta name=\"twitter:label1\" content=\"Timp estimat pentru citire\" \/>\n\t<meta name=\"twitter:data1\" content=\"2 minute\" \/>\n<script type=\"application\/ld+json\" class=\"yoast-schema-graph\">{\"@context\":\"https:\/\/schema.org\",\"@graph\":[{\"@type\":\"WebPage\",\"@id\":\"https:\/\/business.roovi.com\/ro\/mobee-un-joc-de-observatie-si-rapiditate-pentru-intreaga-familie\/p\/\",\"url\":\"https:\/\/business.roovi.com\/ro\/mobee-un-joc-de-observatie-si-rapiditate-pentru-intreaga-familie\/p\/\",\"name\":\"M\u00f8bee \u2013 Un joc de observa\u021bie \u0219i rapiditate pentru \u00eentreaga familie - Roovi B2B\",\"isPartOf\":{\"@id\":\"https:\/\/business.roovi.com\/ro\/#website\"},\"datePublished\":\"2025-05-08T11:10:00+00:00\",\"dateModified\":\"2025-05-08T11:10:00+00:00\",\"breadcrumb\":{\"@id\":\"https:\/\/business.roovi.com\/ro\/mobee-un-joc-de-observatie-si-rapiditate-pentru-intreaga-familie\/p\/#breadcrumb\"},\"inLanguage\":\"ro-RO\",\"potentialAction\":[{\"@type\":\"ReadAction\",\"target\":[\"https:\/\/business.roovi.com\/ro\/mobee-un-joc-de-observatie-si-rapiditate-pentru-intreaga-familie\/p\/\"]}]},{\"@type\":\"BreadcrumbList\",\"@id\":\"https:\/\/business.roovi.com\/ro\/mobee-un-joc-de-observatie-si-rapiditate-pentru-intreaga-familie\/p\/#breadcrumb\",\"itemListElement\":[{\"@type\":\"ListItem\",\"position\":1,\"name\":\"Home\",\"item\":\"https:\/\/business.roovi.com\/ro\/\"},{\"@type\":\"ListItem\",\"position\":2,\"name\":\"Magazin\",\"item\":\"https:\/\/business.roovi.com\/ro\/magazin\/\"},{\"@type\":\"ListItem\",\"position\":3,\"name\":\"M\u00f8bee \u2013 Un joc de observa\u021bie \u0219i rapiditate pentru \u00eentreaga familie\"}]},{\"@type\":\"WebSite\",\"@id\":\"https:\/\/business.roovi.com\/ro\/#website\",\"url\":\"https:\/\/business.roovi.com\/ro\/\",\"name\":\"Roovi B2B\",\"description\":\"Roovi Business Website\",\"potentialAction\":[{\"@type\":\"SearchAction\",\"target\":{\"@type\":\"EntryPoint\",\"urlTemplate\":\"https:\/\/business.roovi.com\/ro\/?s={search_term_string}\"},\"query-input\":\"required name=search_term_string\"}],\"inLanguage\":\"ro-RO\"}]}<\/script>\n<!-- \/ Yoast SEO plugin. -->","yoast_head_json":{"title":"M\u00f8bee \u2013 Un joc de observa\u021bie \u0219i rapiditate pentru \u00eentreaga familie - Roovi B2B","robots":{"index":"index","follow":"follow","max-snippet":"max-snippet:-1","max-image-preview":"max-image-preview:large","max-video-preview":"max-video-preview:-1"},"canonical":"https:\/\/business.roovi.com\/ro\/mobee-un-joc-de-observatie-si-rapiditate-pentru-intreaga-familie\/p\/","og_locale":"ro_RO","og_type":"article","og_title":"M\u00f8bee \u2013 Un joc de observa\u021bie \u0219i rapiditate pentru \u00eentreaga familie - Roovi B2B","og_description":"Preg\u0103te\u0219te-te pentru M\u00f8bee! Un joc de c\u0103r\u021bi dinamic \u0219i captivant, \u00een care viteza \u0219i aten\u021bia la detalii fac diferen\u021ba! Regula","og_url":"https:\/\/business.roovi.com\/ro\/mobee-un-joc-de-observatie-si-rapiditate-pentru-intreaga-familie\/p\/","og_site_name":"Roovi B2B","article_publisher":"https:\/\/www.facebook.com\/wwwjucariero","og_image":[{"width":1200,"height":1200,"url":"https:\/\/business.roovi.com\/wp-content\/uploads\/2025\/05\/mobee-1-min.jpg","type":"image\/jpeg"}],"twitter_misc":{"Timp estimat pentru citire":"2 minute"},"schema":{"@context":"https:\/\/schema.org","@graph":[{"@type":"WebPage","@id":"https:\/\/business.roovi.com\/ro\/mobee-un-joc-de-observatie-si-rapiditate-pentru-intreaga-familie\/p\/","url":"https:\/\/business.roovi.com\/ro\/mobee-un-joc-de-observatie-si-rapiditate-pentru-intreaga-familie\/p\/","name":"M\u00f8bee \u2013 Un joc de observa\u021bie \u0219i rapiditate pentru \u00eentreaga familie - Roovi B2B","isPartOf":{"@id":"https:\/\/business.roovi.com\/ro\/#website"},"datePublished":"2025-05-08T11:10:00+00:00","dateModified":"2025-05-08T11:10:00+00:00","breadcrumb":{"@id":"https:\/\/business.roovi.com\/ro\/mobee-un-joc-de-observatie-si-rapiditate-pentru-intreaga-familie\/p\/#breadcrumb"},"inLanguage":"ro-RO","potentialAction":[{"@type":"ReadAction","target":["https:\/\/business.roovi.com\/ro\/mobee-un-joc-de-observatie-si-rapiditate-pentru-intreaga-familie\/p\/"]}]},{"@type":"BreadcrumbList","@id":"https:\/\/business.roovi.com\/ro\/mobee-un-joc-de-observatie-si-rapiditate-pentru-intreaga-familie\/p\/#breadcrumb","itemListElement":[{"@type":"ListItem","position":1,"name":"Home","item":"https:\/\/business.roovi.com\/ro\/"},{"@type":"ListItem","position":2,"name":"Magazin","item":"https:\/\/business.roovi.com\/ro\/magazin\/"},{"@type":"ListItem","position":3,"name":"M\u00f8bee \u2013 Un joc de observa\u021bie \u0219i rapiditate pentru \u00eentreaga familie"}]},{"@type":"WebSite","@id":"https:\/\/business.roovi.com\/ro\/#website","url":"https:\/\/business.roovi.com\/ro\/","name":"Roovi B2B","description":"Roovi Business Website","potentialAction":[{"@type":"SearchAction","target":{"@type":"EntryPoint","urlTemplate":"https:\/\/business.roovi.com\/ro\/?s={search_term_string}"},"query-input":"required name=search_term_string"}],"inLanguage":"ro-RO"}]}},"_links":{"self":[{"href":"https:\/\/business.roovi.com\/ro\/wp-json\/wp\/v2\/product\/78589","targetHints":{"allow":["GET"]}}],"collection":[{"href":"https:\/\/business.roovi.com\/ro\/wp-json\/wp\/v2\/product"}],"about":[{"href":"https:\/\/business.roovi.com\/ro\/wp-json\/wp\/v2\/types\/product"}],"version-history":[{"count":0,"href":"https:\/\/business.roovi.com\/ro\/wp-json\/wp\/v2\/product\/78589\/revisions"}],"wp:featuredmedia":[{"embeddable":true,"href":"https:\/\/business.roovi.com\/ro\/wp-json\/wp\/v2\/media\/78590"}],"wp:attachment":[{"href":"https:\/\/business.roovi.com\/ro\/wp-json\/wp\/v2\/media?parent=78589"}],"wp:term":[{"taxonomy":"product_brand","embeddable":true,"href":"https:\/\/business.roovi.com\/ro\/wp-json\/wp\/v2\/product_brand?post=78589"},{"taxonomy":"product_cat","embeddable":true,"href":"https:\/\/business.roovi.com\/ro\/wp-json\/wp\/v2\/product_cat?post=78589"},{"taxonomy":"product_tag","embeddable":true,"href":"https:\/\/business.roovi.com\/ro\/wp-json\/wp\/v2\/product_tag?post=78589"}],"curies":[{"name":"wp","href":"https:\/\/api.w.org\/{rel}","templated":true}]}}