{"id":78656,"date":"2025-06-16T05:58:01","date_gmt":"2025-06-16T05:58:01","guid":{"rendered":"https:\/\/business.roovi.com\/?post_type=product&#038;p=78656"},"modified":"2025-07-02T06:31:09","modified_gmt":"2025-07-02T06:31:09","slug":"fotbal-cu-nasturi-d-toys-joc-de-societate-clasic-pentu-2-jucatori","status":"publish","type":"product","link":"https:\/\/business.roovi.com\/ro\/fotbal-cu-nasturi-d-toys-joc-de-societate-clasic-pentu-2-jucatori\/p\/","title":{"rendered":"Fotbal cu Nasturi D-TOYS &#8211; Joc de societate clasic pentu 2 juc\u0103tori"},"content":{"rendered":"<p><strong>E\u0219ti gata s\u0103 devii un mare campion? Preg\u0103te\u0219te terenul, \u0219uteaz\u0103 \u0219i \u00eenscrie goluri spectaculoase cu Fotbal cu nasturi!<\/strong><\/p>\n<p><strong>Fotbal cu nasturi<\/strong> este un joc clasic \u0219i ingenios care aduce \u00een intimitatea casei tale atmosfera meciurilor de alt\u0103dat\u0103, \u00eentr-un format accesibil \u0219i prietenos.<\/p>\n<p>Inspirat de farmecul jocurilor de odinioar\u0103, <strong>Fotbal cu nasturi<\/strong> creeaz\u0103 experien\u021ba unui meci real \u00eentr-un mod simplu, dar captivant, folosind jetoane-juc\u0103tori, presori minge \u00een miniatur\u0103 \u0219i mult\u0103 imagina\u021bie.<\/p>\n<p>Fotbal cu nasturi se joac\u0103 \u00een doi, iar fiecare juc\u0103tor \u00ee\u0219i controleaz\u0103 echipa prin mi\u0219c\u0103ri tactice ale jetoanelor-juc\u0103tori cu ajutorul jetonului-presor, \u00eemping\u00e2nd mingea spre poarta advers\u0103 cu precizie \u0219i strategie.<\/p>\n<p>De\u0219i are reguli simple, jocul ofer\u0103 o profunzime surprinz\u0103toare, fiind o combina\u021bie unic\u0103 de \u00eendem\u00e2nare, g\u00e2ndire anticipativ\u0103 \u0219i spirit competitiv.<\/p>\n<p><strong>De ce s\u0103 alegi jocul Fotbal cu nasturi<\/strong><\/p>\n<ul>\n<li>Antreneaz\u0103 coordonarea m\u00e2n\u0103\u2013ochi, r\u0103bdarea \u0219i abilit\u0103\u021bile motorii fine.<\/li>\n<li>Presupune planificare, anticiparea mi\u0219c\u0103rilor adversarului \u0219i luarea rapid\u0103 a deciziilor, ceea ce dezvolt\u0103 g\u00e2ndirea strategic\u0103.<\/li>\n<li>Este un joc accesibil care poate fi jucat oriunde, f\u0103r\u0103 accesorii costisitoare sau o preg\u0103tire anterioar\u0103 laborioas\u0103.<\/li>\n<li>Creeaz\u0103 un cadru relaxant, dar \u0219i plin de provoc\u0103ri, fiind perfect pentru conectarea genera\u021biilor tinere cu cele mature.<\/li>\n<li>Versatil \u0219i ingenios, Fotbal cu nasturi poate transforma masa din sufragerie \u00eentr-un mini-stadion pe care pot juca fotbali\u0219ti de toate v\u00e2rstele!<\/li>\n<\/ul>\n<p><strong>Jocul con\u021bine:<\/strong><\/p>\n<ul>\n<li>1x plan\u0219\u0103 de joc (teren)<\/li>\n<li>2x por\u021bi<\/li>\n<li>2x seturi de jetoane \u201ejuc\u0103tori\u201d + c\u00e2te o rezerv\u0103 din fiecare culoare<\/li>\n<li>2x jetoane \u201eportar\u201d<\/li>\n<li>2x jetoane \u201epresor\u201d (c\u00e2te unul pentru fiecare juc\u0103tor) + 1x rezerv\u0103<\/li>\n<li>1x jeton \u201eminge\u201d + 1x rezerv\u0103<\/li>\n<li>1x regulament de joc<\/li>\n<\/ul>\n","protected":false},"excerpt":{"rendered":"<p>E\u0219ti gata s\u0103 devii un mare campion? Preg\u0103te\u0219te terenul, \u0219uteaz\u0103 \u0219i \u00eenscrie goluri spectaculoase cu Fotbal cu nasturi! Fotbal cu<\/p>\n","protected":false},"featured_media":78657,"template":"","meta":[],"product_brand":[],"product_cat":[1513,1467],"product_tag":[],"class_list":{"0":"post-78656","1":"product","2":"type-product","3":"status-publish","4":"has-post-thumbnail","6":"product_cat-jocuri-clasice","7":"product_cat-jocuri-de-societate","9":"first","10":"instock","11":"taxable","12":"shipping-taxable","13":"product-type-simple"},"yoast_head":"<!-- This site is optimized with the Yoast SEO plugin v20.1 - https:\/\/yoast.com\/wordpress\/plugins\/seo\/ -->\n<title>Fotbal cu Nasturi D-TOYS - Joc de societate clasic pentu 2 juc\u0103tori - Roovi B2B<\/title>\n<meta name=\"robots\" content=\"index, follow, max-snippet:-1, max-image-preview:large, max-video-preview:-1\" \/>\n<link rel=\"canonical\" href=\"https:\/\/business.roovi.com\/ro\/fotbal-cu-nasturi-d-toys-joc-de-societate-clasic-pentu-2-jucatori\/p\/\" \/>\n<meta property=\"og:locale\" content=\"ro_RO\" \/>\n<meta property=\"og:type\" content=\"article\" \/>\n<meta property=\"og:title\" content=\"Fotbal cu Nasturi D-TOYS - Joc de societate clasic pentu 2 juc\u0103tori - Roovi B2B\" \/>\n<meta property=\"og:description\" content=\"E\u0219ti gata s\u0103 devii un mare campion? Preg\u0103te\u0219te terenul, \u0219uteaz\u0103 \u0219i \u00eenscrie goluri spectaculoase cu Fotbal cu nasturi! Fotbal cu\" \/>\n<meta property=\"og:url\" content=\"https:\/\/business.roovi.com\/ro\/fotbal-cu-nasturi-d-toys-joc-de-societate-clasic-pentu-2-jucatori\/p\/\" \/>\n<meta property=\"og:site_name\" content=\"Roovi B2B\" \/>\n<meta property=\"article:publisher\" content=\"https:\/\/www.facebook.com\/wwwjucariero\" \/>\n<meta property=\"article:modified_time\" content=\"2025-07-02T06:31:09+00:00\" \/>\n<meta property=\"og:image\" content=\"https:\/\/business.roovi.com\/wp-content\/uploads\/2025\/06\/Fotbal-cu-nasturi.jpg\" \/>\n\t<meta property=\"og:image:width\" content=\"1200\" \/>\n\t<meta property=\"og:image:height\" content=\"1200\" \/>\n\t<meta property=\"og:image:type\" content=\"image\/jpeg\" \/>\n<meta name=\"twitter:label1\" content=\"Timp estimat pentru citire\" \/>\n\t<meta name=\"twitter:data1\" content=\"2 minute\" \/>\n<script type=\"application\/ld+json\" class=\"yoast-schema-graph\">{\"@context\":\"https:\/\/schema.org\",\"@graph\":[{\"@type\":\"WebPage\",\"@id\":\"https:\/\/business.roovi.com\/ro\/fotbal-cu-nasturi-d-toys-joc-de-societate-clasic-pentu-2-jucatori\/p\/\",\"url\":\"https:\/\/business.roovi.com\/ro\/fotbal-cu-nasturi-d-toys-joc-de-societate-clasic-pentu-2-jucatori\/p\/\",\"name\":\"Fotbal cu Nasturi D-TOYS - Joc de societate clasic pentu 2 juc\u0103tori - Roovi B2B\",\"isPartOf\":{\"@id\":\"https:\/\/business.roovi.com\/ro\/#website\"},\"datePublished\":\"2025-06-16T05:58:01+00:00\",\"dateModified\":\"2025-07-02T06:31:09+00:00\",\"breadcrumb\":{\"@id\":\"https:\/\/business.roovi.com\/ro\/fotbal-cu-nasturi-d-toys-joc-de-societate-clasic-pentu-2-jucatori\/p\/#breadcrumb\"},\"inLanguage\":\"ro-RO\",\"potentialAction\":[{\"@type\":\"ReadAction\",\"target\":[\"https:\/\/business.roovi.com\/ro\/fotbal-cu-nasturi-d-toys-joc-de-societate-clasic-pentu-2-jucatori\/p\/\"]}]},{\"@type\":\"BreadcrumbList\",\"@id\":\"https:\/\/business.roovi.com\/ro\/fotbal-cu-nasturi-d-toys-joc-de-societate-clasic-pentu-2-jucatori\/p\/#breadcrumb\",\"itemListElement\":[{\"@type\":\"ListItem\",\"position\":1,\"name\":\"Home\",\"item\":\"https:\/\/business.roovi.com\/ro\/\"},{\"@type\":\"ListItem\",\"position\":2,\"name\":\"Magazin\",\"item\":\"https:\/\/business.roovi.com\/ro\/magazin\/\"},{\"@type\":\"ListItem\",\"position\":3,\"name\":\"Fotbal cu Nasturi D-TOYS &#8211; Joc de societate clasic pentu 2 juc\u0103tori\"}]},{\"@type\":\"WebSite\",\"@id\":\"https:\/\/business.roovi.com\/ro\/#website\",\"url\":\"https:\/\/business.roovi.com\/ro\/\",\"name\":\"Roovi B2B\",\"description\":\"Roovi Business Website\",\"potentialAction\":[{\"@type\":\"SearchAction\",\"target\":{\"@type\":\"EntryPoint\",\"urlTemplate\":\"https:\/\/business.roovi.com\/ro\/?s={search_term_string}\"},\"query-input\":\"required name=search_term_string\"}],\"inLanguage\":\"ro-RO\"}]}<\/script>\n<!-- \/ Yoast SEO plugin. -->","yoast_head_json":{"title":"Fotbal cu Nasturi D-TOYS - Joc de societate clasic pentu 2 juc\u0103tori - Roovi B2B","robots":{"index":"index","follow":"follow","max-snippet":"max-snippet:-1","max-image-preview":"max-image-preview:large","max-video-preview":"max-video-preview:-1"},"canonical":"https:\/\/business.roovi.com\/ro\/fotbal-cu-nasturi-d-toys-joc-de-societate-clasic-pentu-2-jucatori\/p\/","og_locale":"ro_RO","og_type":"article","og_title":"Fotbal cu Nasturi D-TOYS - Joc de societate clasic pentu 2 juc\u0103tori - Roovi B2B","og_description":"E\u0219ti gata s\u0103 devii un mare campion? Preg\u0103te\u0219te terenul, \u0219uteaz\u0103 \u0219i \u00eenscrie goluri spectaculoase cu Fotbal cu nasturi! Fotbal cu","og_url":"https:\/\/business.roovi.com\/ro\/fotbal-cu-nasturi-d-toys-joc-de-societate-clasic-pentu-2-jucatori\/p\/","og_site_name":"Roovi B2B","article_publisher":"https:\/\/www.facebook.com\/wwwjucariero","article_modified_time":"2025-07-02T06:31:09+00:00","og_image":[{"width":1200,"height":1200,"url":"https:\/\/business.roovi.com\/wp-content\/uploads\/2025\/06\/Fotbal-cu-nasturi.jpg","type":"image\/jpeg"}],"twitter_misc":{"Timp estimat pentru citire":"2 minute"},"schema":{"@context":"https:\/\/schema.org","@graph":[{"@type":"WebPage","@id":"https:\/\/business.roovi.com\/ro\/fotbal-cu-nasturi-d-toys-joc-de-societate-clasic-pentu-2-jucatori\/p\/","url":"https:\/\/business.roovi.com\/ro\/fotbal-cu-nasturi-d-toys-joc-de-societate-clasic-pentu-2-jucatori\/p\/","name":"Fotbal cu Nasturi D-TOYS - Joc de societate clasic pentu 2 juc\u0103tori - Roovi B2B","isPartOf":{"@id":"https:\/\/business.roovi.com\/ro\/#website"},"datePublished":"2025-06-16T05:58:01+00:00","dateModified":"2025-07-02T06:31:09+00:00","breadcrumb":{"@id":"https:\/\/business.roovi.com\/ro\/fotbal-cu-nasturi-d-toys-joc-de-societate-clasic-pentu-2-jucatori\/p\/#breadcrumb"},"inLanguage":"ro-RO","potentialAction":[{"@type":"ReadAction","target":["https:\/\/business.roovi.com\/ro\/fotbal-cu-nasturi-d-toys-joc-de-societate-clasic-pentu-2-jucatori\/p\/"]}]},{"@type":"BreadcrumbList","@id":"https:\/\/business.roovi.com\/ro\/fotbal-cu-nasturi-d-toys-joc-de-societate-clasic-pentu-2-jucatori\/p\/#breadcrumb","itemListElement":[{"@type":"ListItem","position":1,"name":"Home","item":"https:\/\/business.roovi.com\/ro\/"},{"@type":"ListItem","position":2,"name":"Magazin","item":"https:\/\/business.roovi.com\/ro\/magazin\/"},{"@type":"ListItem","position":3,"name":"Fotbal cu Nasturi D-TOYS &#8211; Joc de societate clasic pentu 2 juc\u0103tori"}]},{"@type":"WebSite","@id":"https:\/\/business.roovi.com\/ro\/#website","url":"https:\/\/business.roovi.com\/ro\/","name":"Roovi B2B","description":"Roovi Business Website","potentialAction":[{"@type":"SearchAction","target":{"@type":"EntryPoint","urlTemplate":"https:\/\/business.roovi.com\/ro\/?s={search_term_string}"},"query-input":"required name=search_term_string"}],"inLanguage":"ro-RO"}]}},"_links":{"self":[{"href":"https:\/\/business.roovi.com\/ro\/wp-json\/wp\/v2\/product\/78656","targetHints":{"allow":["GET"]}}],"collection":[{"href":"https:\/\/business.roovi.com\/ro\/wp-json\/wp\/v2\/product"}],"about":[{"href":"https:\/\/business.roovi.com\/ro\/wp-json\/wp\/v2\/types\/product"}],"version-history":[{"count":0,"href":"https:\/\/business.roovi.com\/ro\/wp-json\/wp\/v2\/product\/78656\/revisions"}],"wp:featuredmedia":[{"embeddable":true,"href":"https:\/\/business.roovi.com\/ro\/wp-json\/wp\/v2\/media\/78657"}],"wp:attachment":[{"href":"https:\/\/business.roovi.com\/ro\/wp-json\/wp\/v2\/media?parent=78656"}],"wp:term":[{"taxonomy":"product_brand","embeddable":true,"href":"https:\/\/business.roovi.com\/ro\/wp-json\/wp\/v2\/product_brand?post=78656"},{"taxonomy":"product_cat","embeddable":true,"href":"https:\/\/business.roovi.com\/ro\/wp-json\/wp\/v2\/product_cat?post=78656"},{"taxonomy":"product_tag","embeddable":true,"href":"https:\/\/business.roovi.com\/ro\/wp-json\/wp\/v2\/product_tag?post=78656"}],"curies":[{"name":"wp","href":"https:\/\/api.w.org\/{rel}","templated":true}]}}