{"id":51904,"date":"2020-04-22T12:21:02","date_gmt":"2020-04-22T12:21:02","guid":{"rendered":"https:\/\/business.roovi.com\/puzzle-adulti-1000-piese-royal-collection-field-of-the-cloth-of-gold\/p\/"},"modified":"2022-07-13T10:14:39","modified_gmt":"2022-07-13T10:14:39","slug":"collection-royale-puzzle-adulte-de-1000-pieces-champ-de-la-toile-dor","status":"publish","type":"product","link":"https:\/\/business.roovi.com\/fr\/collection-royale-puzzle-adulte-de-1000-pieces-champ-de-la-toile-dor\/p\/","title":{"rendered":"Collection royale Puzzle adulte de 1000 pi\u00e8ces &#8211; Champ de la toile d&rsquo;or"},"content":{"rendered":"<p><span style=\"font-weight: 400;\">Tu aimes les d\u00e9fis de casse-t\u00eate de 1000 pi\u00e8ces ? Nous avons des centaines de mod\u00e8les de puzzle d&rsquo;art pour toi avec des images des peintures les plus c\u00e9l\u00e8bres du monde. Ose t&rsquo;aventurer dans le monde de l&rsquo;art et reconstitue des tableaux uniques \u00e0 partir de puzzles de 1000 pi\u00e8ces.<\/span><\/p>\n<p><span style=\"font-weight: 400;\">Royal Collection &#8211; Field of the Cloth of Gold puzzle 1000 pieces est notre recommandation pour toi si tu es un amateur d&rsquo;\u0153uvres d&rsquo;art pr\u00e9cieuses. La multitude de personnages minutieusement r\u00e9alis\u00e9s, ainsi que les d\u00e9tails qui font ressortir l&rsquo;abondance mettront \u00e0 l&rsquo;\u00e9preuve ta patience et tes comp\u00e9tences d&rsquo;assemblage.<\/span><\/p>\n<p><span style=\"font-weight: 400;\">Image<\/span><em><span style=\"font-weight: 400;\"> Champ de la toile d&rsquo;or <\/span><\/em><span style=\"font-weight: 400;\">d\u00e9peint la rencontre de haut niveau qui a eu lieu en 1520 entre le roi Henri VIII d&rsquo;Angleterre et le roi Fran\u00e7ois Ier de France. Tu trouveras des d\u00e9tails \u00e9tonnants d&rsquo;un sommet du 16\u00e8me si\u00e8cle dans cette peinture.<\/span><\/p>\n<p><span style=\"font-weight: 400;\">Pour assembler le tableau <\/span><em><span style=\"font-weight: 400;\">Champ de la toile d&rsquo;or <\/span><\/em><span style=\"font-weight: 400;\">du puzzle de 1000 pi\u00e8ces te donne l&rsquo;impression de reconstituer une page de l&rsquo;histoire mondiale. Alors installe-toi confortablement et mets-toi au travail sur cette fabuleuse \u0153uvre d&rsquo;art. Tu peux utiliser une table basse ordinaire pour soutenir les pi\u00e8ces. Tu obtiendras une photo de 50 x 70 cm que tu pourras encadrer et afficher sur l&rsquo;un de tes murs.<\/span><\/p>\n<p><span style=\"font-weight: 400;\">Caract\u00e9ristiques du puzzle artistique Field of the Cloth of Gold :<\/span><\/p>\n<p><strong>Mat\u00e9riau du puzzle <\/strong><\/p>\n<p><strong>carton bleu de haute qualit\u00e9<\/strong><\/p>\n<p><strong>des mat\u00e9riaux durables et recyclables<\/strong><\/p>\n<p><strong>finition semi-brillante, couleurs vives<\/strong><\/p>\n<p><strong>Nombre de pi\u00e8ces de puzzle : 1000<\/strong><\/p>\n<p><strong>\u00c2ge recommand\u00e9 : 14+<\/strong><\/p>\n<p><span style=\"font-weight: 400;\">Assembler des puzzles d&rsquo;art te procure de multiples avantages, comme par exemple :<\/span><\/p>\n<p><span style=\"font-weight: 400;\">Il cultive ton go\u00fbt esth\u00e9tique.<\/span><\/p>\n<p><span style=\"font-weight: 400;\">Il d\u00e9veloppe ta cr\u00e9ativit\u00e9.<\/span><\/p>\n<p><span style=\"font-weight: 400;\">Ils te rendent plus curieux et te font d\u00e9couvrir davantage l&rsquo;artiste et son travail.<\/span><\/p>\n<p><span style=\"font-weight: 400;\">Il t&rsquo;aide \u00e0 devenir plus patient et pers\u00e9v\u00e9rant pour obtenir ce que tu veux.<\/span><\/p>\n<p><span style=\"font-weight: 400;\">Elle te d\u00e9tend et te lib\u00e8re du stress quotidien.<\/span><\/p>\n<p><strong>\u00c0 propos de <\/strong><strong><em>Champ de la toile d&rsquo;or <\/em><\/strong><strong>savais-tu que&#8230;<\/strong><\/p>\n<p><span style=\"font-weight: 400;\">La peinture a \u00e9t\u00e9 r\u00e9alis\u00e9e au XVIe si\u00e8cle par plusieurs artistes de la r\u00e9gion de la capitale nationale <\/span><span style=\"font-weight: 400;\">\u00c9cole britannique.<\/span><\/p>\n<p><span style=\"font-weight: 400;\">Le nom vient de la somptuosit\u00e9 des mat\u00e9riaux utilis\u00e9s pour les tentes, les pavillons et autres meubles.<\/span><\/p>\n<p><span style=\"font-weight: 400;\">Les peintres qui ont r\u00e9alis\u00e9 l&rsquo;\u0153uvre ont cr\u00e9\u00e9 un r\u00e9sum\u00e9 visuel exceptionnel des nombreuses activit\u00e9s qui ont eu lieu pendant la rencontre des deux rois.<\/span><\/p>\n<p><span style=\"font-weight: 400;\">La riche tente au centre de l&rsquo;arri\u00e8re-plan est l&rsquo;endroit o\u00f9 a eu lieu la rencontre entre les deux souverains.<\/span><\/p>\n<p><span style=\"font-weight: 400;\">Cette r\u00e9union somptueuse n&rsquo;a pas eu d&rsquo;impact politique significatif. Au contraire, les relations entre les deux pays se sont ensuite d\u00e9t\u00e9rior\u00e9es lorsque le cardinal Wolsey a conclu une alliance avec Charles V, qui a d\u00e9clar\u00e9 la guerre \u00e0 la France.<\/span><\/p>\n<p><strong>Puzzle 1000 pi\u00e8ces<\/strong> <strong>Champ de la toile d&rsquo;or &#8211; une occasion de m\u00e9diter et de se reconnecter<\/strong><\/p>\n<p><span style=\"font-weight: 400;\">Pour les moments o\u00f9 tu veux \u00eatre seule avec tes pens\u00e9es, puzzle d&rsquo;art <\/span><span style=\"font-weight: 400;\">Field of the Cloth of Gold est un excellent outil de m\u00e9ditation. De plus, cela t&rsquo;aidera \u00e0 \u00e9vacuer la pression et le stress quotidiens <\/span><\/p>\n<p><span style=\"font-weight: 400;\">Lorsque tu te concentres plus longtemps sur une image particuli\u00e8re, toutes les pens\u00e9es qui te troublent se dissolvent et plus rien ne vient troubler ton esprit. C&rsquo;est pourquoi les puzzles \u00e0 assembler sont en fait des sessions <\/span><span style=\"font-weight: 400;\">\u00a0\u00bb<\/span><span style=\"font-weight: 400;\">sinon<\/span><span style=\"font-weight: 400;\">\u00a0\u00bb<\/span><span style=\"font-weight: 400;\"> de m\u00e9ditation. L&rsquo;effet que tu ressens est incroyable, tu sens un sentiment de paix et de satisfaction t&rsquo;envahir, et \u00e0 la fin de la s\u00e9ance, tu es repos\u00e9 et tu regardes la vie d&rsquo;une mani\u00e8re optimiste.<\/span><\/p>\n<p><span style=\"font-weight: 400;\">Tu aimes les tableaux c\u00e9l\u00e8bres et tu aimerais une \u0153uvre d&rsquo;art pour embellir ta maison ? Ach\u00e8te maintenant le puzzle d&rsquo;art de Royal Collection &#8211; Champ de la toile d&rsquo;or et ton r\u00eave deviendra r\u00e9alit\u00e9 <\/span><\/p>\n<p><span style=\"font-weight: 400;\">Ce puzzle de 1000 pi\u00e8ces de la collection d&rsquo;art peut \u00eatre le cadeau parfait pour diverses occasions d&rsquo;anniversaire ou de vacances.<\/span><\/p><\/p>\n","protected":false},"excerpt":{"rendered":"<p>Tu aimes les d\u00e9fis de casse-t\u00eate de 1000 pi\u00e8ces ? Nous avons des centaines de mod\u00e8les de puzzle d&rsquo;art pour<\/p>\n","protected":false},"featured_media":51911,"template":"","meta":[],"product_brand":[],"product_cat":[2314,2316,2315],"product_tag":[],"class_list":{"0":"post-51904","1":"product","2":"type-product","3":"status-publish","4":"has-post-thumbnail","6":"product_cat-puzzles-fr","7":"product_cat-puzzles-de-1000-pieces","8":"product_cat-puzzles-pour-adultes","9":"pa_brand-deico-fr","10":"pa_country_of_manufacture-ro-fr","11":"pa_filter_age-14-fr","12":"pa_tip_ambalaj-boite","13":"pa_tip_puzzle-classique","15":"first","16":"instock","17":"taxable","18":"shipping-taxable","19":"product-type-simple"},"yoast_head":"<!-- This site is optimized with the Yoast SEO plugin v20.1 - https:\/\/yoast.com\/wordpress\/plugins\/seo\/ -->\n<title>Collection royale Puzzle adulte de 1000 pi\u00e8ces - Champ de la toile d&#039;or<\/title>\n<meta name=\"description\" content=\"Collection royale Puzzle adulte de 1000 pi\u00e8ces - Champ de la toile d&#039;or\" \/>\n<meta name=\"robots\" content=\"index, follow, max-snippet:-1, max-image-preview:large, max-video-preview:-1\" \/>\n<link rel=\"canonical\" href=\"https:\/\/business.roovi.com\/fr\/collection-royale-puzzle-adulte-de-1000-pieces-champ-de-la-toile-dor\/p\/\" \/>\n<meta property=\"og:locale\" content=\"fr_FR\" \/>\n<meta property=\"og:type\" content=\"article\" \/>\n<meta property=\"og:title\" content=\"Collection royale Puzzle adulte de 1000 pi\u00e8ces - Champ de la toile d&#039;or\" \/>\n<meta property=\"og:description\" content=\"Collection royale Puzzle adulte de 1000 pi\u00e8ces - Champ de la toile d&#039;or\" \/>\n<meta property=\"og:url\" content=\"https:\/\/business.roovi.com\/fr\/collection-royale-puzzle-adulte-de-1000-pieces-champ-de-la-toile-dor\/p\/\" \/>\n<meta property=\"og:site_name\" content=\"Roovi B2B\" \/>\n<meta property=\"article:publisher\" content=\"https:\/\/www.facebook.com\/wwwjucariero\" \/>\n<meta property=\"article:modified_time\" content=\"2022-07-13T10:14:39+00:00\" \/>\n<meta property=\"og:image\" content=\"https:\/\/business.roovi.com\/wp-content\/uploads\/2020\/04\/royal_collection-field_of_the_cloth_of_gold_copy.jpg\" \/>\n\t<meta property=\"og:image:width\" content=\"1200\" \/>\n\t<meta property=\"og:image:height\" content=\"1200\" \/>\n\t<meta property=\"og:image:type\" content=\"image\/jpeg\" \/>\n<meta name=\"twitter:label1\" content=\"Dur\u00e9e de lecture estim\u00e9e\" \/>\n\t<meta name=\"twitter:data1\" content=\"3 minutes\" \/>\n<script type=\"application\/ld+json\" class=\"yoast-schema-graph\">{\"@context\":\"https:\/\/schema.org\",\"@graph\":[{\"@type\":\"WebPage\",\"@id\":\"https:\/\/business.roovi.com\/fr\/collection-royale-puzzle-adulte-de-1000-pieces-champ-de-la-toile-dor\/p\/\",\"url\":\"https:\/\/business.roovi.com\/fr\/collection-royale-puzzle-adulte-de-1000-pieces-champ-de-la-toile-dor\/p\/\",\"name\":\"Collection royale Puzzle adulte de 1000 pi\u00e8ces - Champ de la toile d'or\",\"isPartOf\":{\"@id\":\"https:\/\/business.roovi.com\/fr\/#website\"},\"datePublished\":\"2020-04-22T12:21:02+00:00\",\"dateModified\":\"2022-07-13T10:14:39+00:00\",\"description\":\"Collection royale Puzzle adulte de 1000 pi\u00e8ces - Champ de la toile d'or\",\"breadcrumb\":{\"@id\":\"https:\/\/business.roovi.com\/fr\/collection-royale-puzzle-adulte-de-1000-pieces-champ-de-la-toile-dor\/p\/#breadcrumb\"},\"inLanguage\":\"fr-FR\",\"potentialAction\":[{\"@type\":\"ReadAction\",\"target\":[\"https:\/\/business.roovi.com\/fr\/collection-royale-puzzle-adulte-de-1000-pieces-champ-de-la-toile-dor\/p\/\"]}]},{\"@type\":\"BreadcrumbList\",\"@id\":\"https:\/\/business.roovi.com\/fr\/collection-royale-puzzle-adulte-de-1000-pieces-champ-de-la-toile-dor\/p\/#breadcrumb\",\"itemListElement\":[{\"@type\":\"ListItem\",\"position\":1,\"name\":\"Home\",\"item\":\"https:\/\/business.roovi.com\/fr\/\"},{\"@type\":\"ListItem\",\"position\":2,\"name\":\"Boutique\",\"item\":\"https:\/\/business.roovi.com\/fr\/boutique\/\"},{\"@type\":\"ListItem\",\"position\":3,\"name\":\"Collection royale Puzzle adulte de 1000 pi\u00e8ces &#8211; Champ de la toile d&#8217;or\"}]},{\"@type\":\"WebSite\",\"@id\":\"https:\/\/business.roovi.com\/fr\/#website\",\"url\":\"https:\/\/business.roovi.com\/fr\/\",\"name\":\"Roovi B2B\",\"description\":\"Roovi Business Website\",\"potentialAction\":[{\"@type\":\"SearchAction\",\"target\":{\"@type\":\"EntryPoint\",\"urlTemplate\":\"https:\/\/business.roovi.com\/fr\/?s={search_term_string}\"},\"query-input\":\"required name=search_term_string\"}],\"inLanguage\":\"fr-FR\"}]}<\/script>\n<!-- \/ Yoast SEO plugin. -->","yoast_head_json":{"title":"Collection royale Puzzle adulte de 1000 pi\u00e8ces - Champ de la toile d'or","description":"Collection royale Puzzle adulte de 1000 pi\u00e8ces - Champ de la toile d'or","robots":{"index":"index","follow":"follow","max-snippet":"max-snippet:-1","max-image-preview":"max-image-preview:large","max-video-preview":"max-video-preview:-1"},"canonical":"https:\/\/business.roovi.com\/fr\/collection-royale-puzzle-adulte-de-1000-pieces-champ-de-la-toile-dor\/p\/","og_locale":"fr_FR","og_type":"article","og_title":"Collection royale Puzzle adulte de 1000 pi\u00e8ces - Champ de la toile d'or","og_description":"Collection royale Puzzle adulte de 1000 pi\u00e8ces - Champ de la toile d'or","og_url":"https:\/\/business.roovi.com\/fr\/collection-royale-puzzle-adulte-de-1000-pieces-champ-de-la-toile-dor\/p\/","og_site_name":"Roovi B2B","article_publisher":"https:\/\/www.facebook.com\/wwwjucariero","article_modified_time":"2022-07-13T10:14:39+00:00","og_image":[{"width":1200,"height":1200,"url":"https:\/\/business.roovi.com\/wp-content\/uploads\/2020\/04\/royal_collection-field_of_the_cloth_of_gold_copy.jpg","type":"image\/jpeg"}],"twitter_misc":{"Dur\u00e9e de lecture estim\u00e9e":"3 minutes"},"schema":{"@context":"https:\/\/schema.org","@graph":[{"@type":"WebPage","@id":"https:\/\/business.roovi.com\/fr\/collection-royale-puzzle-adulte-de-1000-pieces-champ-de-la-toile-dor\/p\/","url":"https:\/\/business.roovi.com\/fr\/collection-royale-puzzle-adulte-de-1000-pieces-champ-de-la-toile-dor\/p\/","name":"Collection royale Puzzle adulte de 1000 pi\u00e8ces - Champ de la toile d'or","isPartOf":{"@id":"https:\/\/business.roovi.com\/fr\/#website"},"datePublished":"2020-04-22T12:21:02+00:00","dateModified":"2022-07-13T10:14:39+00:00","description":"Collection royale Puzzle adulte de 1000 pi\u00e8ces - Champ de la toile d'or","breadcrumb":{"@id":"https:\/\/business.roovi.com\/fr\/collection-royale-puzzle-adulte-de-1000-pieces-champ-de-la-toile-dor\/p\/#breadcrumb"},"inLanguage":"fr-FR","potentialAction":[{"@type":"ReadAction","target":["https:\/\/business.roovi.com\/fr\/collection-royale-puzzle-adulte-de-1000-pieces-champ-de-la-toile-dor\/p\/"]}]},{"@type":"BreadcrumbList","@id":"https:\/\/business.roovi.com\/fr\/collection-royale-puzzle-adulte-de-1000-pieces-champ-de-la-toile-dor\/p\/#breadcrumb","itemListElement":[{"@type":"ListItem","position":1,"name":"Home","item":"https:\/\/business.roovi.com\/fr\/"},{"@type":"ListItem","position":2,"name":"Boutique","item":"https:\/\/business.roovi.com\/fr\/boutique\/"},{"@type":"ListItem","position":3,"name":"Collection royale Puzzle adulte de 1000 pi\u00e8ces &#8211; Champ de la toile d&#8217;or"}]},{"@type":"WebSite","@id":"https:\/\/business.roovi.com\/fr\/#website","url":"https:\/\/business.roovi.com\/fr\/","name":"Roovi B2B","description":"Roovi Business Website","potentialAction":[{"@type":"SearchAction","target":{"@type":"EntryPoint","urlTemplate":"https:\/\/business.roovi.com\/fr\/?s={search_term_string}"},"query-input":"required name=search_term_string"}],"inLanguage":"fr-FR"}]}},"_links":{"self":[{"href":"https:\/\/business.roovi.com\/fr\/wp-json\/wp\/v2\/product\/51904","targetHints":{"allow":["GET"]}}],"collection":[{"href":"https:\/\/business.roovi.com\/fr\/wp-json\/wp\/v2\/product"}],"about":[{"href":"https:\/\/business.roovi.com\/fr\/wp-json\/wp\/v2\/types\/product"}],"version-history":[{"count":0,"href":"https:\/\/business.roovi.com\/fr\/wp-json\/wp\/v2\/product\/51904\/revisions"}],"wp:featuredmedia":[{"embeddable":true,"href":"https:\/\/business.roovi.com\/fr\/wp-json\/wp\/v2\/media\/51911"}],"wp:attachment":[{"href":"https:\/\/business.roovi.com\/fr\/wp-json\/wp\/v2\/media?parent=51904"}],"wp:term":[{"taxonomy":"product_brand","embeddable":true,"href":"https:\/\/business.roovi.com\/fr\/wp-json\/wp\/v2\/product_brand?post=51904"},{"taxonomy":"product_cat","embeddable":true,"href":"https:\/\/business.roovi.com\/fr\/wp-json\/wp\/v2\/product_cat?post=51904"},{"taxonomy":"product_tag","embeddable":true,"href":"https:\/\/business.roovi.com\/fr\/wp-json\/wp\/v2\/product_tag?post=51904"}],"curies":[{"name":"wp","href":"https:\/\/api.w.org\/{rel}","templated":true}]}}