{"id":53784,"date":"2018-04-16T10:56:07","date_gmt":"2018-04-16T10:56:07","guid":{"rendered":"https:\/\/business.roovi.com\/tolo-primii-prieteni-postas\/p\/"},"modified":"2022-07-13T10:48:51","modified_gmt":"2022-07-13T10:48:51","slug":"figurine-de-facteur-tolo-jouets-pour-bebes","status":"publish","type":"product","link":"https:\/\/business.roovi.com\/fr\/figurine-de-facteur-tolo-jouets-pour-bebes\/p\/","title":{"rendered":"Figurine de facteur &#8211; Tolo &#8211; Jouets pour b\u00e9b\u00e9s"},"content":{"rendered":"<p>Fais connaissance avec le facteur farceur de la gamme Tolo de jouets pour les premiers amis ! Les bras, les jambes, le chapeau et le sac du petit bonhomme sont mobiles, ils cliquent quand tu les d\u00e9places. Les jouets de la collection First Friends d\u00e9veloppent la perception des couleurs, la sensibilit\u00e9 auditive et tactile, et l&rsquo;imagination par le biais du jeu imaginatif.<\/p>\n","protected":false},"excerpt":{"rendered":"<p>Fais connaissance avec le facteur farceur de la gamme Tolo de jouets pour les premiers amis ! Les bras, les<\/p>\n","protected":false},"featured_media":45265,"template":"","meta":[],"product_brand":[],"product_cat":[2382,2354,2336],"product_tag":[],"class_list":{"0":"post-53784","1":"product","2":"type-product","3":"status-publish","4":"has-post-thumbnail","6":"product_cat-jouets-en-peluche-pour-bebes","7":"product_cat-jouets-pour-bebes","8":"product_cat-plus-de-categories","9":"pa_bax-12-fr","10":"pa_brand-tolo-fr","11":"pa_filter_age-0_3-fr","12":"pa_filter_age-3_5-fr","13":"pa_tip_ambalaj-boite","15":"first","16":"instock","17":"taxable","18":"shipping-taxable","19":"product-type-simple"},"yoast_head":"<!-- This site is optimized with the Yoast SEO plugin v20.1 - https:\/\/yoast.com\/wordpress\/plugins\/seo\/ -->\n<title>Figurine de facteur - Tolo - Jouets pour b\u00e9b\u00e9s<\/title>\n<meta name=\"description\" content=\"Figurine de facteur - Tolo - Jouets pour b\u00e9b\u00e9s\" \/>\n<meta name=\"robots\" content=\"index, follow, max-snippet:-1, max-image-preview:large, max-video-preview:-1\" \/>\n<link rel=\"canonical\" href=\"https:\/\/business.roovi.com\/fr\/figurine-de-facteur-tolo-jouets-pour-bebes\/p\/\" \/>\n<meta property=\"og:locale\" content=\"fr_FR\" \/>\n<meta property=\"og:type\" content=\"article\" \/>\n<meta property=\"og:title\" content=\"Figurine de facteur - Tolo - Jouets pour b\u00e9b\u00e9s\" \/>\n<meta property=\"og:description\" content=\"Figurine de facteur - Tolo - Jouets pour b\u00e9b\u00e9s\" \/>\n<meta property=\"og:url\" content=\"https:\/\/business.roovi.com\/fr\/figurine-de-facteur-tolo-jouets-pour-bebes\/p\/\" \/>\n<meta property=\"og:site_name\" content=\"Roovi B2B\" \/>\n<meta property=\"article:publisher\" content=\"https:\/\/www.facebook.com\/wwwjucariero\" \/>\n<meta property=\"article:modified_time\" content=\"2022-07-13T10:48:51+00:00\" \/>\n<meta property=\"og:image\" content=\"https:\/\/business.roovi.com\/wp-content\/uploads\/2018\/04\/89980.jpg\" \/>\n\t<meta property=\"og:image:width\" content=\"700\" \/>\n\t<meta property=\"og:image:height\" content=\"514\" \/>\n\t<meta property=\"og:image:type\" content=\"image\/jpeg\" \/>\n<script type=\"application\/ld+json\" class=\"yoast-schema-graph\">{\"@context\":\"https:\/\/schema.org\",\"@graph\":[{\"@type\":\"WebPage\",\"@id\":\"https:\/\/business.roovi.com\/fr\/figurine-de-facteur-tolo-jouets-pour-bebes\/p\/\",\"url\":\"https:\/\/business.roovi.com\/fr\/figurine-de-facteur-tolo-jouets-pour-bebes\/p\/\",\"name\":\"Figurine de facteur - Tolo - Jouets pour b\u00e9b\u00e9s\",\"isPartOf\":{\"@id\":\"https:\/\/business.roovi.com\/fr\/#website\"},\"datePublished\":\"2018-04-16T10:56:07+00:00\",\"dateModified\":\"2022-07-13T10:48:51+00:00\",\"description\":\"Figurine de facteur - Tolo - Jouets pour b\u00e9b\u00e9s\",\"breadcrumb\":{\"@id\":\"https:\/\/business.roovi.com\/fr\/figurine-de-facteur-tolo-jouets-pour-bebes\/p\/#breadcrumb\"},\"inLanguage\":\"fr-FR\",\"potentialAction\":[{\"@type\":\"ReadAction\",\"target\":[\"https:\/\/business.roovi.com\/fr\/figurine-de-facteur-tolo-jouets-pour-bebes\/p\/\"]}]},{\"@type\":\"BreadcrumbList\",\"@id\":\"https:\/\/business.roovi.com\/fr\/figurine-de-facteur-tolo-jouets-pour-bebes\/p\/#breadcrumb\",\"itemListElement\":[{\"@type\":\"ListItem\",\"position\":1,\"name\":\"Home\",\"item\":\"https:\/\/business.roovi.com\/fr\/\"},{\"@type\":\"ListItem\",\"position\":2,\"name\":\"Boutique\",\"item\":\"https:\/\/business.roovi.com\/fr\/boutique\/\"},{\"@type\":\"ListItem\",\"position\":3,\"name\":\"Figurine de facteur &#8211; Tolo &#8211; Jouets pour b\u00e9b\u00e9s\"}]},{\"@type\":\"WebSite\",\"@id\":\"https:\/\/business.roovi.com\/fr\/#website\",\"url\":\"https:\/\/business.roovi.com\/fr\/\",\"name\":\"Roovi B2B\",\"description\":\"Roovi Business Website\",\"potentialAction\":[{\"@type\":\"SearchAction\",\"target\":{\"@type\":\"EntryPoint\",\"urlTemplate\":\"https:\/\/business.roovi.com\/fr\/?s={search_term_string}\"},\"query-input\":\"required name=search_term_string\"}],\"inLanguage\":\"fr-FR\"}]}<\/script>\n<!-- \/ Yoast SEO plugin. -->","yoast_head_json":{"title":"Figurine de facteur - Tolo - Jouets pour b\u00e9b\u00e9s","description":"Figurine de facteur - Tolo - Jouets pour b\u00e9b\u00e9s","robots":{"index":"index","follow":"follow","max-snippet":"max-snippet:-1","max-image-preview":"max-image-preview:large","max-video-preview":"max-video-preview:-1"},"canonical":"https:\/\/business.roovi.com\/fr\/figurine-de-facteur-tolo-jouets-pour-bebes\/p\/","og_locale":"fr_FR","og_type":"article","og_title":"Figurine de facteur - Tolo - Jouets pour b\u00e9b\u00e9s","og_description":"Figurine de facteur - Tolo - Jouets pour b\u00e9b\u00e9s","og_url":"https:\/\/business.roovi.com\/fr\/figurine-de-facteur-tolo-jouets-pour-bebes\/p\/","og_site_name":"Roovi B2B","article_publisher":"https:\/\/www.facebook.com\/wwwjucariero","article_modified_time":"2022-07-13T10:48:51+00:00","og_image":[{"width":700,"height":514,"url":"https:\/\/business.roovi.com\/wp-content\/uploads\/2018\/04\/89980.jpg","type":"image\/jpeg"}],"schema":{"@context":"https:\/\/schema.org","@graph":[{"@type":"WebPage","@id":"https:\/\/business.roovi.com\/fr\/figurine-de-facteur-tolo-jouets-pour-bebes\/p\/","url":"https:\/\/business.roovi.com\/fr\/figurine-de-facteur-tolo-jouets-pour-bebes\/p\/","name":"Figurine de facteur - Tolo - Jouets pour b\u00e9b\u00e9s","isPartOf":{"@id":"https:\/\/business.roovi.com\/fr\/#website"},"datePublished":"2018-04-16T10:56:07+00:00","dateModified":"2022-07-13T10:48:51+00:00","description":"Figurine de facteur - Tolo - Jouets pour b\u00e9b\u00e9s","breadcrumb":{"@id":"https:\/\/business.roovi.com\/fr\/figurine-de-facteur-tolo-jouets-pour-bebes\/p\/#breadcrumb"},"inLanguage":"fr-FR","potentialAction":[{"@type":"ReadAction","target":["https:\/\/business.roovi.com\/fr\/figurine-de-facteur-tolo-jouets-pour-bebes\/p\/"]}]},{"@type":"BreadcrumbList","@id":"https:\/\/business.roovi.com\/fr\/figurine-de-facteur-tolo-jouets-pour-bebes\/p\/#breadcrumb","itemListElement":[{"@type":"ListItem","position":1,"name":"Home","item":"https:\/\/business.roovi.com\/fr\/"},{"@type":"ListItem","position":2,"name":"Boutique","item":"https:\/\/business.roovi.com\/fr\/boutique\/"},{"@type":"ListItem","position":3,"name":"Figurine de facteur &#8211; Tolo &#8211; Jouets pour b\u00e9b\u00e9s"}]},{"@type":"WebSite","@id":"https:\/\/business.roovi.com\/fr\/#website","url":"https:\/\/business.roovi.com\/fr\/","name":"Roovi B2B","description":"Roovi Business Website","potentialAction":[{"@type":"SearchAction","target":{"@type":"EntryPoint","urlTemplate":"https:\/\/business.roovi.com\/fr\/?s={search_term_string}"},"query-input":"required name=search_term_string"}],"inLanguage":"fr-FR"}]}},"_links":{"self":[{"href":"https:\/\/business.roovi.com\/fr\/wp-json\/wp\/v2\/product\/53784","targetHints":{"allow":["GET"]}}],"collection":[{"href":"https:\/\/business.roovi.com\/fr\/wp-json\/wp\/v2\/product"}],"about":[{"href":"https:\/\/business.roovi.com\/fr\/wp-json\/wp\/v2\/types\/product"}],"version-history":[{"count":0,"href":"https:\/\/business.roovi.com\/fr\/wp-json\/wp\/v2\/product\/53784\/revisions"}],"wp:featuredmedia":[{"embeddable":true,"href":"https:\/\/business.roovi.com\/fr\/wp-json\/wp\/v2\/media\/45265"}],"wp:attachment":[{"href":"https:\/\/business.roovi.com\/fr\/wp-json\/wp\/v2\/media?parent=53784"}],"wp:term":[{"taxonomy":"product_brand","embeddable":true,"href":"https:\/\/business.roovi.com\/fr\/wp-json\/wp\/v2\/product_brand?post=53784"},{"taxonomy":"product_cat","embeddable":true,"href":"https:\/\/business.roovi.com\/fr\/wp-json\/wp\/v2\/product_cat?post=53784"},{"taxonomy":"product_tag","embeddable":true,"href":"https:\/\/business.roovi.com\/fr\/wp-json\/wp\/v2\/product_tag?post=53784"}],"curies":[{"name":"wp","href":"https:\/\/api.w.org\/{rel}","templated":true}]}}