{"id":19966,"date":"2021-03-05T09:37:21","date_gmt":"2021-03-05T09:37:21","guid":{"rendered":"https:\/\/business.roovi.com\/product\/puzzle-1000-pattern-d-toys-owls\/"},"modified":"2023-03-20T21:22:38","modified_gmt":"2023-03-20T21:22:38","slug":"puzzle-adulti-1000-piese-pattern-owls-bufnite","status":"publish","type":"product","link":"https:\/\/business.roovi.com\/ro\/puzzle-adulti-1000-piese-pattern-owls-bufnite\/p\/","title":{"rendered":"Puzzle adul\u021bi 1000 piese &#8211; Pattern Owls \/ Bufni\u021be"},"content":{"rendered":"<p><span style=\"font-weight: 400;\">E\u0219ti pasionat de puzzle adul\u021bi \u0219i vrei o provocare uimitoare pentru a-\u021bi petrece timpul \u00een mod constructiv? Alege jocuri puzzle de dificultate ridicat\u0103 \u0219i distreaz\u0103-te ore \u00eentregi alc\u0103tuind imagini fascinante din puzzle 1000 piese.<\/span><\/p>\n<p><span style=\"font-weight: 400;\">Dac\u0103 p\u00e2n\u0103 acum nu ai \u00eencercat unul dintre puzzle-urile noastre dificile, este timpul s\u0103 o faci! \u00cen gama noastr\u0103 de puzzle pentru adul\u021bi g\u0103se\u0219ti imagini uimitoare care \u00ee\u021bi vor pune la \u00eencercare abilit\u0103\u021bile de asamblare.<\/span><\/p>\n<p><span style=\"font-weight: 400;\">Puzzle 1000 piese &#8211; bufni\u021be este un joc puzzle fascinant, perfect pentru iubitorii de natur\u0103 \u0219i pentru cei c\u0103rora le plac aceste animale incredibile. Artista David\u00a0 Katai Eszter a conceput o multitudine de variante cu bufni\u021be colorate pe care le-a reunit \u00een acest puzzle adul\u021bi minunat.\u00a0<\/span><\/p>\n<p><span style=\"font-weight: 400;\">Coloristica asem\u0103n\u0103toare a unora dintre modele, \u00ee\u021bi va da multe b\u0103t\u0103i de cap. Dar fiecare pies\u0103 de puzzle 1000 potrivit\u0103 corespunz\u0103tor, \u00ee\u021bi va da un sentiment de satisfac\u021bie uimitoare. Iar c\u00e2nd tabloul este gata \u0219i pui ultima pies\u0103, bucuria de a fi creat cel mai dificil puzzle 1000 piese de p\u00e2n\u0103 acum este fantastic\u0103.<\/span><\/p>\n<p><strong>De ce s\u0103 alegi puzzle 1000 piese &#8211; Bufni\u021be?<\/strong><\/p>\n<p><span style=\"font-weight: 400;\">Vei ob\u021bine un tablou uimitor cu dimensiunile de 50 x 70 cm. Pentru asamblare, po\u021bi utiliza o m\u0103su\u021b\u0103 standard de cafea.<\/span><\/p>\n<p><span style=\"font-weight: 400;\">Este un puzzle adul\u021bi produs din materiale de calitate, carton albastru premium, ceea ce \u00eel face cadoul perfect pentru iubitorii de puzzle 1000 piese.<\/span><\/p>\n<p><span style=\"font-weight: 400;\">Este prietenos cu natura \u0219i rezistent \u00een timp, fiind realizat din materiale sustenabile, reciclabile \u0219i durabile.<\/span><\/p>\n<p><span style=\"font-weight: 400;\">Are finisaje semi-lucioase \u0219i culori vii, foarte pl\u0103cute.<\/span><\/p>\n<p><span style=\"font-weight: 400;\">Este potrivit persoanelor cu v\u00e2rsta 14+ \u0219i este ideal pentru a-i antrena \u0219i pe adolescen\u021bi \u00eentr-o activitate creativ\u0103.<\/span><\/p>\n<p><strong>5 beneficii pe care \u021bi le ofer\u0103 acest puzzle 1000 cu bufni\u021be colorate<\/strong><\/p>\n<p><span style=\"font-weight: 400;\">1. Te ajut\u0103 s\u0103 te concentrezi intens pe o singur\u0103 sarcin\u0103.<\/span><\/p>\n<p><span style=\"font-weight: 400;\">2. \u00ce\u021bi ofer\u0103 prilejul de a petrece timp de calitate \u00eempreun\u0103 cu copiii t\u0103i adolescen\u021bi.<\/span><\/p>\n<p><span style=\"font-weight: 400;\">3. Este un excelent exerci\u021biu de r\u0103bdare.<\/span><\/p>\n<p><span style=\"font-weight: 400;\">4. \u00ce\u021bi \u00eembun\u0103t\u0103\u021be\u0219te aten\u021bia la detalii \u0219i perseveren\u021ba.<\/span><\/p>\n<p><span style=\"font-weight: 400;\">5. Este oportunitatea ideal\u0103 de a crea cu m\u00e2inile tale un tablou uimitor pe care \u00eel po\u021bi \u00eenr\u0103ma \u0219i expune \u00een casa ta.<\/span><\/p>\n<p><strong>\u0218tiai c\u0103\u2026?<\/strong><\/p>\n<p><span style=\"font-weight: 400;\">\u00cen lume, exist\u0103 peste 200 de specii de bufni\u021be. La noi \u00een \u021bar\u0103 tr\u0103iesc 10 dintre aceste specii.<\/span><\/p>\n<p><span style=\"font-weight: 400;\">Bufni\u021bele nu au globi oculari. Au \u00een schimb tuburi oculare care p\u0103trund p\u00e2n\u0103 \u00een spatele craniului. Aceast\u0103 particularitate le face s\u0103 fie ni\u0219te pr\u0103d\u0103tori des\u0103v\u00e2r\u0219i\u021bi.<\/span><\/p>\n<p><span style=\"font-weight: 400;\">Sunetele pe care le scot bufni\u021bele \u0219i care la noi sunt asociate ve\u0219tilor rele, sunt, de fapt, sunete de avertizare pe care le emit pentru a-\u0219i marca teritoriul.<\/span><\/p>\n<p><span style=\"font-weight: 400;\">\u00cen unele culturi, simbolizeaz\u0103 prosperitatea \u0219i se consider\u0103 c\u0103 obiectele \u00een form\u0103 de bufni\u021b\u0103 aduc noroc.<\/span><\/p>\n<p><span style=\"font-weight: 400;\">\u00cen Grecia Antic\u0103, dac\u0103 un soldat z\u0103rea o bufni\u021b\u0103 \u00een timpul luptei, se credea c\u0103 va ie\u0219i victorios.<\/span><\/p>\n<p><strong>Puzzle 1000 piese &#8211; Bufni\u021be creeaz\u0103 amintiri de neuitat al\u0103turi de cei dragi<\/strong><\/p>\n<p><span style=\"font-weight: 400;\">Vrei s\u0103 petreci ore de neuitat al\u0103turi de oamenii dragi din via\u021ba ta? Provoac\u0103-i la o sesiune de puzzle 1000 piese. Lucra\u021bi \u00een echip\u0103 \u0219i descoperi\u021bi imaginile simpaticelor bufni\u021be colorate.<\/span><\/p>\n<p><span style=\"font-weight: 400;\">Preg\u0103te\u0219te cel mai aromat ceai \u0219i fi\u021bi gata pentru multe ore de distrac\u021bie creativ\u0103. S-ar putea s\u0103 v\u0103 ia mai mult timp dec\u00e2t a\u021bi estimat pentru a \u00eentregi imaginea, dar ve\u021bi r\u0103m\u00e2ne cu amintiri memorabile \u00een urma acestei experien\u021be.<\/span><\/p>\n<p><span style=\"font-weight: 400;\">\u00cem plus, v\u0103 ve\u021bi putea exersa abilit\u0103\u021bile de asamblare a puzzle-urilor pentru adul\u021bi \u0219i v\u0103 ve\u021bi bucura \u00eempreun\u0103 de toate avantajele pe care le ofer\u0103 jocurile puzzle.<\/span><\/p>\n<p><span style=\"font-weight: 400;\">Alege puzzle 1000 piese &#8211; Bufni\u021be \u0219i accept\u0103 provocarea uimitoare pe care \u021bi-o d\u0103 un puzzle cu grad mai mare de dificultate. Acest joc puzzle poate fi \u0219i un cadou deosebit pentru cei pasiona\u021bi de puzzle 1000 piese.\u00a0<\/span><\/p>\n<p>\u00a0<\/p>\n","protected":false},"excerpt":{"rendered":"<p>E\u0219ti pasionat de puzzle adul\u021bi \u0219i vrei o provocare uimitoare pentru a-\u021bi petrece timpul \u00een mod constructiv? Alege jocuri puzzle<\/p>\n","protected":false},"featured_media":10141,"template":"","meta":[],"product_brand":[],"product_cat":[1454,1488,1560],"product_tag":[],"class_list":{"0":"post-19966","1":"product","2":"type-product","3":"status-publish","4":"has-post-thumbnail","6":"product_cat-puzzle","7":"product_cat-puzzle-adulti","8":"product_cat-puzzle-adulti-1000","9":"pa_brand-d_toys","10":"pa_country_of_manufacture-ro","11":"pa_filter_age-1315","12":"pa_tip_ambalaj-cutie","13":"pa_tip_puzzle-clasic","15":"first","16":"instock","17":"taxable","18":"shipping-taxable","19":"product-type-simple"},"yoast_head":"<!-- This site is optimized with the Yoast SEO plugin v20.1 - https:\/\/yoast.com\/wordpress\/plugins\/seo\/ -->\n<title>Puzzle adul\u021bi 1000 piese - Pattern Owls \/ Bufni\u021be - Roovi B2B<\/title>\n<meta name=\"robots\" content=\"index, follow, max-snippet:-1, max-image-preview:large, max-video-preview:-1\" \/>\n<link rel=\"canonical\" href=\"https:\/\/www.roovi.ro\/puzzle-adulti-1000-piese-pattern-owls-bufnite\/p\/\" \/>\n<meta property=\"og:locale\" content=\"ro_RO\" \/>\n<meta property=\"og:type\" content=\"article\" \/>\n<meta property=\"og:title\" content=\"Puzzle adul\u021bi 1000 piese - Pattern Owls \/ Bufni\u021be - Roovi B2B\" \/>\n<meta property=\"og:description\" content=\"E\u0219ti pasionat de puzzle adul\u021bi \u0219i vrei o provocare uimitoare pentru a-\u021bi petrece timpul \u00een mod constructiv? Alege jocuri puzzle\" \/>\n<meta property=\"og:url\" content=\"https:\/\/www.roovi.ro\/puzzle-adulti-1000-piese-pattern-owls-bufnite\/p\/\" \/>\n<meta property=\"og:site_name\" content=\"Roovi B2B\" \/>\n<meta property=\"article:publisher\" content=\"https:\/\/www.facebook.com\/wwwjucariero\" \/>\n<meta property=\"article:modified_time\" content=\"2023-03-20T21:22:38+00:00\" \/>\n<meta property=\"og:image\" content=\"https:\/\/business.roovi.com\/wp-content\/uploads\/2021\/03\/77530_ansamblu_dimensiuni_cutie_cm_orizontal_1200x1200.png\" \/>\n\t<meta property=\"og:image:width\" content=\"1200\" \/>\n\t<meta property=\"og:image:height\" content=\"1200\" \/>\n\t<meta property=\"og:image:type\" content=\"image\/png\" \/>\n<meta name=\"twitter:label1\" content=\"Timp estimat pentru citire\" \/>\n\t<meta name=\"twitter:data1\" content=\"3 minute\" \/>\n<script type=\"application\/ld+json\" class=\"yoast-schema-graph\">{\"@context\":\"https:\/\/schema.org\",\"@graph\":[{\"@type\":\"WebPage\",\"@id\":\"https:\/\/business.roovi.com\/ro\/puzzle-adulti-1000-piese-pattern-owls-bufnite\/p\/\",\"url\":\"https:\/\/www.roovi.ro\/puzzle-adulti-1000-piese-pattern-owls-bufnite\/p\/\",\"name\":\"Puzzle adul\u021bi 1000 piese - Pattern Owls \/ Bufni\u021be - Roovi B2B\",\"isPartOf\":{\"@id\":\"https:\/\/business.roovi.com\/ro\/#website\"},\"datePublished\":\"2021-03-05T09:37:21+00:00\",\"dateModified\":\"2023-03-20T21:22:38+00:00\",\"breadcrumb\":{\"@id\":\"https:\/\/www.roovi.ro\/puzzle-adulti-1000-piese-pattern-owls-bufnite\/p\/#breadcrumb\"},\"inLanguage\":\"ro-RO\",\"potentialAction\":[{\"@type\":\"ReadAction\",\"target\":[\"https:\/\/www.roovi.ro\/puzzle-adulti-1000-piese-pattern-owls-bufnite\/p\/\"]}]},{\"@type\":\"BreadcrumbList\",\"@id\":\"https:\/\/www.roovi.ro\/puzzle-adulti-1000-piese-pattern-owls-bufnite\/p\/#breadcrumb\",\"itemListElement\":[{\"@type\":\"ListItem\",\"position\":1,\"name\":\"Home\",\"item\":\"https:\/\/business.roovi.com\/ro\/\"},{\"@type\":\"ListItem\",\"position\":2,\"name\":\"Magazin\",\"item\":\"https:\/\/business.roovi.com\/ro\/magazin\/\"},{\"@type\":\"ListItem\",\"position\":3,\"name\":\"Puzzle adul\u021bi 1000 piese &#8211; Pattern Owls \/ Bufni\u021be\"}]},{\"@type\":\"WebSite\",\"@id\":\"https:\/\/business.roovi.com\/ro\/#website\",\"url\":\"https:\/\/business.roovi.com\/ro\/\",\"name\":\"Roovi B2B\",\"description\":\"Roovi Business Website\",\"potentialAction\":[{\"@type\":\"SearchAction\",\"target\":{\"@type\":\"EntryPoint\",\"urlTemplate\":\"https:\/\/business.roovi.com\/ro\/?s={search_term_string}\"},\"query-input\":\"required name=search_term_string\"}],\"inLanguage\":\"ro-RO\"}]}<\/script>\n<!-- \/ Yoast SEO plugin. -->","yoast_head_json":{"title":"Puzzle adul\u021bi 1000 piese - Pattern Owls \/ Bufni\u021be - Roovi B2B","robots":{"index":"index","follow":"follow","max-snippet":"max-snippet:-1","max-image-preview":"max-image-preview:large","max-video-preview":"max-video-preview:-1"},"canonical":"https:\/\/www.roovi.ro\/puzzle-adulti-1000-piese-pattern-owls-bufnite\/p\/","og_locale":"ro_RO","og_type":"article","og_title":"Puzzle adul\u021bi 1000 piese - Pattern Owls \/ Bufni\u021be - Roovi B2B","og_description":"E\u0219ti pasionat de puzzle adul\u021bi \u0219i vrei o provocare uimitoare pentru a-\u021bi petrece timpul \u00een mod constructiv? Alege jocuri puzzle","og_url":"https:\/\/www.roovi.ro\/puzzle-adulti-1000-piese-pattern-owls-bufnite\/p\/","og_site_name":"Roovi B2B","article_publisher":"https:\/\/www.facebook.com\/wwwjucariero","article_modified_time":"2023-03-20T21:22:38+00:00","og_image":[{"width":1200,"height":1200,"url":"https:\/\/business.roovi.com\/wp-content\/uploads\/2021\/03\/77530_ansamblu_dimensiuni_cutie_cm_orizontal_1200x1200.png","type":"image\/png"}],"twitter_misc":{"Timp estimat pentru citire":"3 minute"},"schema":{"@context":"https:\/\/schema.org","@graph":[{"@type":"WebPage","@id":"https:\/\/business.roovi.com\/ro\/puzzle-adulti-1000-piese-pattern-owls-bufnite\/p\/","url":"https:\/\/www.roovi.ro\/puzzle-adulti-1000-piese-pattern-owls-bufnite\/p\/","name":"Puzzle adul\u021bi 1000 piese - Pattern Owls \/ Bufni\u021be - Roovi B2B","isPartOf":{"@id":"https:\/\/business.roovi.com\/ro\/#website"},"datePublished":"2021-03-05T09:37:21+00:00","dateModified":"2023-03-20T21:22:38+00:00","breadcrumb":{"@id":"https:\/\/www.roovi.ro\/puzzle-adulti-1000-piese-pattern-owls-bufnite\/p\/#breadcrumb"},"inLanguage":"ro-RO","potentialAction":[{"@type":"ReadAction","target":["https:\/\/www.roovi.ro\/puzzle-adulti-1000-piese-pattern-owls-bufnite\/p\/"]}]},{"@type":"BreadcrumbList","@id":"https:\/\/www.roovi.ro\/puzzle-adulti-1000-piese-pattern-owls-bufnite\/p\/#breadcrumb","itemListElement":[{"@type":"ListItem","position":1,"name":"Home","item":"https:\/\/business.roovi.com\/ro\/"},{"@type":"ListItem","position":2,"name":"Magazin","item":"https:\/\/business.roovi.com\/ro\/magazin\/"},{"@type":"ListItem","position":3,"name":"Puzzle adul\u021bi 1000 piese &#8211; Pattern Owls \/ Bufni\u021be"}]},{"@type":"WebSite","@id":"https:\/\/business.roovi.com\/ro\/#website","url":"https:\/\/business.roovi.com\/ro\/","name":"Roovi B2B","description":"Roovi Business Website","potentialAction":[{"@type":"SearchAction","target":{"@type":"EntryPoint","urlTemplate":"https:\/\/business.roovi.com\/ro\/?s={search_term_string}"},"query-input":"required name=search_term_string"}],"inLanguage":"ro-RO"}]}},"_links":{"self":[{"href":"https:\/\/business.roovi.com\/ro\/wp-json\/wp\/v2\/product\/19966","targetHints":{"allow":["GET"]}}],"collection":[{"href":"https:\/\/business.roovi.com\/ro\/wp-json\/wp\/v2\/product"}],"about":[{"href":"https:\/\/business.roovi.com\/ro\/wp-json\/wp\/v2\/types\/product"}],"version-history":[{"count":0,"href":"https:\/\/business.roovi.com\/ro\/wp-json\/wp\/v2\/product\/19966\/revisions"}],"wp:featuredmedia":[{"embeddable":true,"href":"https:\/\/business.roovi.com\/ro\/wp-json\/wp\/v2\/media\/10141"}],"wp:attachment":[{"href":"https:\/\/business.roovi.com\/ro\/wp-json\/wp\/v2\/media?parent=19966"}],"wp:term":[{"taxonomy":"product_brand","embeddable":true,"href":"https:\/\/business.roovi.com\/ro\/wp-json\/wp\/v2\/product_brand?post=19966"},{"taxonomy":"product_cat","embeddable":true,"href":"https:\/\/business.roovi.com\/ro\/wp-json\/wp\/v2\/product_cat?post=19966"},{"taxonomy":"product_tag","embeddable":true,"href":"https:\/\/business.roovi.com\/ro\/wp-json\/wp\/v2\/product_tag?post=19966"}],"curies":[{"name":"wp","href":"https:\/\/api.w.org\/{rel}","templated":true}]}}